{"id":1727,"date":"2023-10-24T09:26:58","date_gmt":"2023-10-24T07:26:58","guid":{"rendered":"https:\/\/wp.unil.ch\/digitalskills\/?page_id=1727"},"modified":"2023-10-25T13:18:58","modified_gmt":"2023-10-25T11:18:58","slug":"enseignants","status":"publish","type":"page","link":"https:\/\/wp.unil.ch\/digitalskills\/en\/enseignants\/","title":{"rendered":"Teaching teams"},"content":{"rendered":"<p>The project for teachers is entitled : <br><strong>Reinforcing digital skills for teaching. <\/strong><\/p>\n\n\n<div class=\"wp-block-image\">\n<figure class=\"aligncenter size-large is-resized\"><img loading=\"lazy\" decoding=\"async\" width=\"1024\" height=\"341\" src=\"https:\/\/wp.unil.ch\/digitalskills\/files\/2022\/04\/chris-montgomery-smgTvepind4-unsplash_b-1024x341.png\" alt=\"reunion zoom avec tasse de cafe au premier plan\" class=\"wp-image-272\" style=\"aspect-ratio:3.002932551319648;width:556px;height:auto\" srcset=\"https:\/\/wp.unil.ch\/digitalskills\/files\/2022\/04\/chris-montgomery-smgTvepind4-unsplash_b-1024x341.png 1024w, https:\/\/wp.unil.ch\/digitalskills\/files\/2022\/04\/chris-montgomery-smgTvepind4-unsplash_b-300x100.png 300w, https:\/\/wp.unil.ch\/digitalskills\/files\/2022\/04\/chris-montgomery-smgTvepind4-unsplash_b-768x256.png 768w, https:\/\/wp.unil.ch\/digitalskills\/files\/2022\/04\/chris-montgomery-smgTvepind4-unsplash_b-540x180.png 540w, https:\/\/wp.unil.ch\/digitalskills\/files\/2022\/04\/chris-montgomery-smgTvepind4-unsplash_b-1080x360.png 1080w, https:\/\/wp.unil.ch\/digitalskills\/files\/2022\/04\/chris-montgomery-smgTvepind4-unsplash_b.png 1500w\" sizes=\"auto, (max-width: 1024px) 100vw, 1024px\" \/><\/figure>\n<\/div>\n\n\n<p class=\"translation-block\">This area aims to empower teachers in the production of digital resources and in the design and delivery of hybrid or fully distance learning courses that support high-quality learning.<\/p>\n\n\n\n<p>A number of actions are taken to achieve this objective. <\/p>\n\n\n\n<ol class=\"wp-block-list\">\n<li><strong><a href=\"https:\/\/wp.unil.ch\/digitalskills\/en\/enseignants\/referentiel\/\">Framework for teaching<\/a><\/strong><br>A reference tool for teachers is being developed by members of the team: inspired by DigComp, and updated in line with new needs.<\/li>\n\n\n\n<li><strong><a href=\"https:\/\/wp.unil.ch\/digitalskills\/en\/enseignants\/auto-positionnement\/\">Auto-positionnement sur les comp\u00e9tences num\u00e9riques<\/a><\/strong><br>This tool has been developed to assess teachers' abilities in relation to the teaching reference framework. It also provides resources by level.<\/li>\n\n\n\n<li><strong><a href=\"https:\/\/wp.unil.ch\/digitalskills\/en\/enseignants\/conferences-ateliers\/\">Conferences and workshops<\/a><\/strong><br>The conferences and workshops offer the views of international experts on specific issues relating to digital education.<\/li>\n\n\n\n<li><strong><a href=\"https:\/\/wp.unil.ch\/digitalskills\/en\/enseignants\/numeri-labs\/\">Num\u00e9ri-Labs<\/a><\/strong><br>Training in the use of digital tools for educational purposes is provided.<\/li>\n\n\n\n<li><strong><a href=\"https:\/\/wp.unil.ch\/digitalskills\/en\/enseignants\/pad\/\">PAD<\/a><\/strong><br>The Agile Development Paths offer an innovative training method.<\/li>\n<\/ol>","protected":false},"excerpt":{"rendered":"<p>L&rsquo;axe du projet \u00e0 destination des enseignantes et enseignants s&rsquo;intitule : Renforcer les comp\u00e9tences num\u00e9riques pour enseigner. Cet axe vise \u00e0 rendre les enseignantes et enseignants autonomes dans&hellip;<\/p>","protected":false},"author":1002683,"featured_media":0,"parent":0,"menu_order":0,"comment_status":"closed","ping_status":"closed","template":"template-full-width.php","meta":{"_seopress_robots_primary_cat":"","_seopress_titles_title":"","_seopress_titles_desc":"","_seopress_robots_index":"","footnotes":""},"class_list":["post-1727","page","type-page","status-publish","has-post-thumbnail"],"_links":{"self":[{"href":"https:\/\/wp.unil.ch\/digitalskills\/en\/wp-json\/wp\/v2\/pages\/1727","targetHints":{"allow":["GET"]}}],"collection":[{"href":"https:\/\/wp.unil.ch\/digitalskills\/en\/wp-json\/wp\/v2\/pages"}],"about":[{"href":"https:\/\/wp.unil.ch\/digitalskills\/en\/wp-json\/wp\/v2\/types\/page"}],"author":[{"embeddable":true,"href":"https:\/\/wp.unil.ch\/digitalskills\/en\/wp-json\/wp\/v2\/users\/1002683"}],"replies":[{"embeddable":true,"href":"https:\/\/wp.unil.ch\/digitalskills\/en\/wp-json\/wp\/v2\/comments?post=1727"}],"version-history":[{"count":5,"href":"https:\/\/wp.unil.ch\/digitalskills\/en\/wp-json\/wp\/v2\/pages\/1727\/revisions"}],"predecessor-version":[{"id":2077,"href":"https:\/\/wp.unil.ch\/digitalskills\/en\/wp-json\/wp\/v2\/pages\/1727\/revisions\/2077"}],"wp:attachment":[{"href":"https:\/\/wp.unil.ch\/digitalskills\/en\/wp-json\/wp\/v2\/media?parent=1727"}],"curies":[{"name":"wp","href":"https:\/\/api.w.org\/{rel}","templated":true}]}}