{"id":1041,"date":"2023-01-10T15:14:16","date_gmt":"2023-01-10T14:14:16","guid":{"rendered":"https:\/\/wp.unil.ch\/digitalskills\/?page_id=1041"},"modified":"2023-10-09T14:00:23","modified_gmt":"2023-10-09T12:00:23","slug":"newsletter","status":"publish","type":"page","link":"https:\/\/wp.unil.ch\/digitalskills\/en\/newsletter\/","title":{"rendered":"Newsletter"},"content":{"rendered":"\n<p class=\"has-text-align-center\">Toutes les informations de la Newsletter sont et seront d\u00e9sormais accessibles et communiqu\u00e9es via Linkedin.<\/p>\n\n\n\n<p class=\"has-text-align-center\">Retrouvez-nous sur notre page en cliquant sur l&rsquo;ic\u00f4ne ci-dessous.<\/p>\n\n\n\n<ul class=\"wp-block-social-links is-content-justification-center is-nowrap is-layout-flex wp-container-core-social-links-is-layout-94bc23d7 wp-block-social-links-is-layout-flex\"><li class=\"wp-social-link wp-social-link-linkedin  wp-block-social-link\"><a href=\"https:\/\/www.linkedin.com\/company\/digital-skills-edu\" class=\"wp-block-social-link-anchor\"><svg width=\"24\" height=\"24\" viewBox=\"0 0 24 24\" version=\"1.1\" xmlns=\"http:\/\/www.w3.org\/2000\/svg\" aria-hidden=\"true\" focusable=\"false\"><path d=\"M19.7,3H4.3C3.582,3,3,3.582,3,4.3v15.4C3,20.418,3.582,21,4.3,21h15.4c0.718,0,1.3-0.582,1.3-1.3V4.3 C21,3.582,20.418,3,19.7,3z M8.339,18.338H5.667v-8.59h2.672V18.338z M7.004,8.574c-0.857,0-1.549-0.694-1.549-1.548 c0-0.855,0.691-1.548,1.549-1.548c0.854,0,1.547,0.694,1.547,1.548C8.551,7.881,7.858,8.574,7.004,8.574z M18.339,18.338h-2.669 v-4.177c0-0.996-0.017-2.278-1.387-2.278c-1.389,0-1.601,1.086-1.601,2.206v4.249h-2.667v-8.59h2.559v1.174h0.037 c0.356-0.675,1.227-1.387,2.526-1.387c2.703,0,3.203,1.779,3.203,4.092V18.338z\"><\/path><\/svg><span class=\"wp-block-social-link-label screen-reader-text\">LinkedIn<\/span><\/a><\/li><\/ul>\n\n\n\n<h3 class=\"wp-block-heading\">Nos derni\u00e8res newsletters<\/h3>\n\n\n<p>[mailpoet_archive]<\/p>\n","protected":false},"excerpt":{"rendered":"<p>Toutes les informations de la Newsletter sont et seront d\u00e9sormais accessibles et communiqu\u00e9es via Linkedin. Retrouvez-nous sur notre page en cliquant sur l&rsquo;ic\u00f4ne ci-dessous. Nos derni\u00e8res newsletters<\/p>","protected":false},"author":1002683,"featured_media":282,"parent":0,"menu_order":0,"comment_status":"closed","ping_status":"closed","template":"template-full-width.php","meta":{"_seopress_robots_primary_cat":"","_seopress_titles_title":"","_seopress_titles_desc":"","_seopress_robots_index":"","footnotes":""},"class_list":["post-1041","page","type-page","status-publish","has-post-thumbnail"],"_links":{"self":[{"href":"https:\/\/wp.unil.ch\/digitalskills\/en\/wp-json\/wp\/v2\/pages\/1041","targetHints":{"allow":["GET"]}}],"collection":[{"href":"https:\/\/wp.unil.ch\/digitalskills\/en\/wp-json\/wp\/v2\/pages"}],"about":[{"href":"https:\/\/wp.unil.ch\/digitalskills\/en\/wp-json\/wp\/v2\/types\/page"}],"author":[{"embeddable":true,"href":"https:\/\/wp.unil.ch\/digitalskills\/en\/wp-json\/wp\/v2\/users\/1002683"}],"replies":[{"embeddable":true,"href":"https:\/\/wp.unil.ch\/digitalskills\/en\/wp-json\/wp\/v2\/comments?post=1041"}],"version-history":[{"count":0,"href":"https:\/\/wp.unil.ch\/digitalskills\/en\/wp-json\/wp\/v2\/pages\/1041\/revisions"}],"wp:featuredmedia":[{"embeddable":true,"href":"https:\/\/wp.unil.ch\/digitalskills\/en\/wp-json\/wp\/v2\/media\/282"}],"wp:attachment":[{"href":"https:\/\/wp.unil.ch\/digitalskills\/en\/wp-json\/wp\/v2\/media?parent=1041"}],"curies":[{"name":"wp","href":"https:\/\/api.w.org\/{rel}","templated":true}]}}