{"id":6,"date":"2025-03-20T16:00:00","date_gmt":"2025-03-20T15:00:00","guid":{"rendered":"http:\/\/wp.unil.ch\/diesacademicus\/?page_id=6"},"modified":"2026-04-07T17:03:14","modified_gmt":"2026-04-07T15:03:14","slug":"home","status":"publish","type":"page","link":"https:\/\/wp.unil.ch\/diesacademicus\/","title":{"rendered":"Dies Academicus 2026"},"content":{"rendered":"\n<div class=\"wp-block-cover alignwide has-parallax has-custom-content-position is-position-bottom-left\" style=\"border-radius:0px;margin-top:0;margin-bottom:0;padding-top:0;padding-right:var(--wp--preset--spacing--50);padding-bottom:0;padding-left:var(--wp--preset--spacing--50);min-height:1500px;aspect-ratio:unset;\"><div class=\"wp-block-cover__image-background wp-image-2339 size-full has-parallax\" style=\"background-position:31% 4%;background-image:url(https:\/\/wp.unil.ch\/diesacademicus\/files\/2026\/04\/dies26.jpg)\"><\/div><span aria-hidden=\"true\" class=\"wp-block-cover__background has-background-dim-0 has-background-dim\"><\/span><div class=\"wp-block-cover__inner-container is-layout-flow wp-block-cover-is-layout-flow\">\n<div style=\"height:152px\" aria-hidden=\"true\" class=\"wp-block-spacer\"><\/div>\n\n\n\n<div class=\"wp-block-group has-global-padding is-content-justification-left is-layout-constrained wp-container-core-group-is-layout-5b3d42a2 wp-block-group-is-layout-constrained\">\n<h1 class=\"wp-block-heading has-unil-sans-font-family\" style=\"margin-top:0;margin-bottom:0\">Dies<\/h1>\n\n\n\n<h1 class=\"wp-block-heading\" style=\"margin-top:0;margin-bottom:0\">Academicus<\/h1>\n\n\n\n<h3 class=\"wp-block-heading\" style=\"margin-top:var(--wp--preset--spacing--30);margin-right:0;margin-bottom:var(--wp--preset--spacing--60)\">Pr\u00e9parer demain<\/h3>\n\n\n\n<p class=\"has-large-font-size\">Le Professeur Fr\u00e9d\u00e9ric Herman, Recteur de l\u2019Universit\u00e9 de Lausanne, a le plaisir de vous convier \u00e0 la c\u00e9r\u00e9monie du Dies academicus 2026. Cette \u00e9dition marquera un temps fort : celui du bilan des cinq ann\u00e9es de mandat durant lesquelles la Direction a \u0153uvr\u00e9 \u00e0 la concr\u00e9tisation de son plan d\u2019intentions \u00ab\u00a0Pr\u00e9parer demain\u00a0\u00bb.<\/p>\n\n\n\n<p class=\"has-large-font-size\">L\u2019\u00e9v\u00e9nement aura lieu le vendredi <strong>29 mai 2026 de 10h \u00e0 12h<\/strong> \u00e0 l\u2019auditoire Erna Hamburger, dans le b\u00e2timent <a href=\"https:\/\/www.unil.ch\/unil\/fr\/home\/menuinst\/campus\/acces-et-transports\/campus-dorigny\/amphimax.html\" target=\"_blank\" rel=\"noreferrer noopener\">Amphimax<\/a> (M\u00e9tro m1 \u2013 UNIL-Sorge).<\/p>\n\n\n\n<p class=\"has-text-align-left has-buttons-text-color has-text-color has-large-font-size\">Un buffet sera servi \u00e0 l\u2019issue de la c\u00e9r\u00e9monie.<\/p>\n\n\n\n<p class=\"has-base-color has-text-color has-small-font-size uag-hide-desktop uag-hide-tab uag-hide-mob\">Les inscriptions \u00e0 la c\u00e9r\u00e9monie du Dies academicus 2025 de l\u2019Universit\u00e9 de Lausanne sont d\u00e9sormais ferm\u00e9es. Si vous souhaitez annoncer votre pr\u00e9sence, merci de contacter <strong><a href=\"mailto:info.unicom@unil.ch\">info.unicom@unil.ch<\/a><\/strong><\/p>\n\n\n\n<p class=\"has-text-align-left has-base-color has-text-color has-small-font-size\"><em>Cet \u00e9v\u00e9nement sera traduit en anglais et interpr\u00e9t\u00e9 en langue des signes<\/em>.<\/p>\n<\/div>\n\n\n\n<div style=\"height:20px\" aria-hidden=\"true\" class=\"wp-block-spacer\"><\/div>\n\n\n\n<div class=\"wp-block-buttons is-layout-flex wp-block-buttons-is-layout-flex\">\n<div class=\"wp-block-button\"><a class=\"wp-block-button__link has-accent-1-background-color has-background wp-element-button\" href=\"https:\/\/cloud.info-unil.ch\/inscription-dies-academicus-2026\" style=\"padding-top:var(--wp--preset--spacing--30);padding-right:var(--wp--preset--spacing--40);padding-bottom:var(--wp--preset--spacing--30);padding-left:var(--wp--preset--spacing--40)\"><strong>Inscription au Dies<\/strong><\/a><\/div>\n<\/div>\n\n\n\n<div style=\"height:101px\" aria-hidden=\"true\" class=\"wp-block-spacer\"><\/div>\n\n\n\n<h2 class=\"wp-block-heading alignwide\" style=\"border-radius:0px;margin-top:0;margin-right:0;margin-bottom:0;margin-left:0;padding-top:0;padding-right:0;padding-bottom:0;padding-left:0\">Programme<\/h2>\n\n\n\n<div class=\"wp-block-group alignwide uag-hide-mob is-layout-grid wp-container-core-group-is-layout-6b01e841 wp-block-group-is-layout-grid\" style=\"margin-top:0;margin-bottom:0;padding-top:0;padding-right:0;padding-bottom:0;padding-left:0\">\n<div class=\"wp-block-group alignwide has-global-padding is-layout-constrained wp-container-core-group-is-layout-efeb5a9d wp-block-group-is-layout-constrained\" style=\"padding-top:var(--wp--preset--spacing--50);padding-right:0;padding-bottom:var(--wp--preset--spacing--50);padding-left:0\">\n<h3 class=\"wp-block-heading is-style-default\">Allocutions<\/h3>\n\n\n\n<p>Madame Anne-Christel ZEITER-GRAU<br>Pr\u00e9sidente du Conseil de l\u2019Universit\u00e9<\/p>\n\n\n\n<p>Madame Isabelle BIRKHA\u00dcSER<br>Copr\u00e9sidente de la F\u00e9d\u00e9ration des Associations<br>d\u2019\u00c9tudiant\u00b7e\u00b7x\u00b7s (FAE)<\/p>\n\n\n\n<p>Monsieur Fr\u00e9d\u00e9ric BORLOZ<br>Conseiller d\u2019\u00c9tat, Chef du D\u00e9partement de l&rsquo;enseignement et de la formation professionnelle du Canton de Vaud (DEF)<\/p>\n\n\n\n<p>Professeur Fr\u00e9d\u00e9ric HERMAN<br>Recteur de l&rsquo;Universit\u00e9 de Lausanne<\/p>\n<\/div>\n\n\n\n<div class=\"wp-block-group alignfull is-style-default has-global-padding is-layout-constrained wp-container-core-group-is-layout-88e01626 wp-block-group-is-layout-constrained\" style=\"margin-top:0;margin-bottom:0;padding-top:var(--wp--preset--spacing--50);padding-right:0;padding-bottom:var(--wp--preset--spacing--50);padding-left:0\">\n<h3 class=\"wp-block-heading is-style-default\">Doctorats honoris causa<\/h3>\n\n\n\n<p>Facult\u00e9 de th\u00e9ologie et de sciences des religions<br>Madame Francine CARRILLO<\/p>\n\n\n\n<p>Facult\u00e9 de droit, des sciences criminelles et d\u2019administration publique<br>Professeur Andreas HEINEMANN<br>Universit\u00e9 de Zurich<\/p>\n\n\n\n<p>Facult\u00e9 des sciences sociales et politiques<br>Professeure Laura NOTA<br>Universit\u00e9 de Padoue<\/p>\n\n\n\n<p>Facult\u00e9 de biologie et de m\u00e9decine<br>Professeure Marie GAILLE<br>\u00c9cole normale sup\u00e9rieure<\/p>\n<\/div>\n\n\n\n<div class=\"wp-block-group alignfull is-style-default has-global-padding is-layout-constrained wp-container-core-group-is-layout-88e01626 wp-block-group-is-layout-constrained\" style=\"margin-top:0;margin-bottom:0;padding-top:var(--wp--preset--spacing--50);padding-right:0;padding-bottom:var(--wp--preset--spacing--50);padding-left:0\">\n<h3 class=\"wp-block-heading is-style-default\">Remise des prix<\/h3>\n\n\n\n<p>Prix de l\u2019Universit\u00e9 de Lausanne<br>Professeur Fabien OHL<br>Facult\u00e9 des sciences sociales et politiques<\/p>\n\n\n\n<p>Prix de l\u2019engagement en faveur de la communaut\u00e9 Unil<br>Domaine Espaces verts, Unibat<\/p>\n\n\n\n<p>Prix de la Ville de Lausanne<br>Madame Emilia GIANOLA<\/p>\n\n\n\n<p>Prix de la Soci\u00e9t\u00e9 acad\u00e9mique vaudoise<br>Madame Nataliia Molchanova<\/p>\n<\/div>\n<\/div>\n\n\n\n<div class=\"wp-block-group alignwide uag-hide-desktop uag-hide-tab is-vertical is-layout-flex wp-container-core-group-is-layout-6d0fdb69 wp-block-group-is-layout-flex\" style=\"margin-top:0;margin-bottom:0;padding-top:0;padding-right:0;padding-bottom:0;padding-left:0\">\n<div class=\"wp-block-group alignwide has-global-padding is-layout-constrained wp-container-core-group-is-layout-efeb5a9d wp-block-group-is-layout-constrained\" style=\"padding-top:var(--wp--preset--spacing--50);padding-right:0;padding-bottom:var(--wp--preset--spacing--50);padding-left:0\">\n<h3 class=\"wp-block-heading is-style-default\">Allocutions<\/h3>\n\n\n\n<p>Madame Anne-Christel ZEITER-GRAU<br>Pr\u00e9sidente du Conseil de l\u2019Universit\u00e9<\/p>\n\n\n\n<p>Madame Isabelle BIRKHA\u00dcSER<br>Copr\u00e9sidente de la F\u00e9d\u00e9ration des Associations<br>d\u2019\u00c9tudiant\u00b7e\u00b7x\u00b7s (FAE)<\/p>\n\n\n\n<p>Monsieur Fr\u00e9d\u00e9ric BORLOZ<br>Conseiller d\u2019\u00c9tat, Chef du D\u00e9partement de l&rsquo;enseignement et de la formation professionnelle du Canton de Vaud (DEF)<\/p>\n\n\n\n<p>Professeur Fr\u00e9d\u00e9ric HERMAN<br>Recteur de l&rsquo;Universit\u00e9 de Lausanne<\/p>\n<\/div>\n\n\n\n<div class=\"wp-block-group alignfull is-style-default has-global-padding is-layout-constrained wp-container-core-group-is-layout-88e01626 wp-block-group-is-layout-constrained\" style=\"margin-top:0;margin-bottom:0;padding-top:var(--wp--preset--spacing--50);padding-right:0;padding-bottom:var(--wp--preset--spacing--50);padding-left:0\">\n<h3 class=\"wp-block-heading is-style-default\">Doctorats honoris causa<\/h3>\n\n\n\n<p>Facult\u00e9 de th\u00e9ologie et de sciences des religions<br>Madame Francine CARRILLO<\/p>\n\n\n\n<p>Facult\u00e9 de droit, des sciences criminelles et d\u2019administration publique<br>Professeur Andreas HEINEMANN<br>Universit\u00e9 de Zurich<\/p>\n\n\n\n<p>Facult\u00e9 des sciences sociales et politiques<br>Professeure Laura NOTA<br>Universit\u00e9 de Padoue<\/p>\n\n\n\n<p>Facult\u00e9 de biologie et de m\u00e9decine<br>Professeure Marie GAILLE<br>\u00c9cole normale sup\u00e9rieure<\/p>\n<\/div>\n\n\n\n<div class=\"wp-block-group alignfull is-style-default has-global-padding is-layout-constrained wp-container-core-group-is-layout-88e01626 wp-block-group-is-layout-constrained\" style=\"margin-top:0;margin-bottom:0;padding-top:var(--wp--preset--spacing--50);padding-right:0;padding-bottom:var(--wp--preset--spacing--50);padding-left:0\">\n<h3 class=\"wp-block-heading is-style-default\">Remise des prix<\/h3>\n\n\n\n<p>Prix de l\u2019Universit\u00e9 de Lausanne<br>Professeur Fabien OHL<br>Facult\u00e9 des sciences sociales et politiques<\/p>\n\n\n\n<p>Prix de l\u2019engagement en faveur de la communaut\u00e9 Unil<br>Domaine Espaces verts, Unibat<\/p>\n\n\n\n<p>Prix de la Ville de Lausanne<br>Madame Emilia GIANOLA<\/p>\n\n\n\n<p>Prix de la Soci\u00e9t\u00e9 acad\u00e9mique vaudoise<br>Madame Nataliia Molchanova<\/p>\n<\/div>\n<\/div>\n\n\n\n<div style=\"height:100px\" aria-hidden=\"true\" class=\"wp-block-spacer\"><\/div>\n\n\n\n<div class=\"wp-block-group alignfull has-background-color has-global-padding is-content-justification-left is-layout-constrained wp-container-core-group-is-layout-54cb3672 wp-block-group-is-layout-constrained\" style=\"margin-top:0;margin-bottom:0;padding-top:0;padding-right:0;padding-bottom:0;padding-left:0\">\n<div style=\"height:var(--wp--preset--spacing--30)\" aria-hidden=\"true\" class=\"wp-block-spacer\"><\/div>\n\n\n\n<figure class=\"wp-block-image size-full is-resized\"><img loading=\"lazy\" decoding=\"async\" width=\"205\" height=\"72\" src=\"https:\/\/wp.unil.ch\/diesacademicus\/files\/2025\/03\/unil-logo-blanc.svg\" alt=\"unil logo blanc\" class=\"wp-image-2191\" style=\"width:141px;height:auto\" \/><\/figure>\n\n\n\n<p class=\"has-text-align-left has-small-font-size\"><strong>UNIL | Universit\u00e9 de Lausanne<\/strong><br>Secr\u00e9tariat g\u00e9n\u00e9ral\u00a0<br>B\u00e2timent Unicentre | CH-1015 Lausanne\u00a0<br>T\u00e9l. +41 21 692 20 50 | <a href=\"https:\/\/www.unil.ch\/\" target=\"_blank\" rel=\"noreferrer noopener\">www.unil.ch<\/a><\/p>\n\n\n\n<div style=\"height:20px\" aria-hidden=\"true\" class=\"wp-block-spacer\"><\/div>\n<\/div>\n<\/div><\/div>\n\n\n\n<div class=\"wp-block-group alignfull has-contrast-background-color has-background uag-hide-desktop uag-hide-tab uag-hide-mob is-layout-flow wp-block-group-is-layout-flow\" style=\"margin-top:0;margin-bottom:0;padding-top:0;padding-bottom:0\">\n<h2 class=\"wp-block-heading has-text-align-center has-base-color has-text-color has-link-color wp-elements-d0731aacfe3afd5b1d4f47e6d3c15cd3\">La c\u00e9r\u00e9monie en direct<\/h2>\n\n\n\n<div class=\"wp-block-columns is-layout-flex wp-container-core-columns-is-layout-28f84493 wp-block-columns-is-layout-flex\">\n<div class=\"wp-block-column uag-hide-mob is-layout-flow wp-block-column-is-layout-flow\" style=\"flex-basis:10%\"><\/div>\n\n\n\n<div class=\"wp-block-column is-layout-flow wp-block-column-is-layout-flow\" style=\"flex-basis:80%\">\n<figure class=\"wp-block-embed aligncenter is-type-video is-provider-youtube wp-block-embed-youtube wp-embed-aspect-4-3 wp-has-aspect-ratio\" style=\"margin-right:var(--wp--preset--spacing--70);margin-left:var(--wp--preset--spacing--70)\"><div class=\"wp-block-embed__wrapper\">\nhttps:\/\/www.youtube.com\/live\/MyCl3pqzSBY?si=YZ3_OTg2yXrw3igA\n<\/div><\/figure>\n<\/div>\n\n\n\n<div class=\"wp-block-column uag-hide-mob is-layout-flow wp-block-column-is-layout-flow\" style=\"flex-basis:10%\"><\/div>\n<\/div>\n<\/div>\n\n\n\n<div class=\"wp-block-group alignfull has-background uag-hide-desktop uag-hide-tab uag-hide-mob has-global-padding is-layout-constrained wp-block-group-is-layout-constrained\" style=\"background-color:#000000;margin-top:0;margin-bottom:0\">\n<div class=\"wp-block-group alignwide has-base-color has-text-color has-link-color wp-elements-6cfe53ee9a5bbc2b3746a5c89dba3965 has-global-padding is-content-justification-left is-layout-constrained wp-container-core-group-is-layout-12dd3699 wp-block-group-is-layout-constrained\">\n\n\n<h2 class=\"wp-block-heading\" style=\"font-size:clamp(19.481px, 1.218rem + ((1vw - 3.2px) * 1.129), 31px);\">Vendredi 23 mai 2025 de 10h \u00e0 12h<\/h2>\n\n\n\n<p>Fr\u00e9d\u00e9ric Herman, Recteur de l\u2019Universit\u00e9 de Lausanne, a le plaisir de vous convier \u00e0 la c\u00e9r\u00e9monie du&nbsp;<strong>Dies academicus 2025<\/strong> qui aura lieu le&nbsp;<strong>vendredi 23 mai 2025 de 10h \u00e0 12h&nbsp;<\/strong>\u00e0 l\u2019auditoire Erna Hamburger, dans le <a href=\"https:\/\/www.unil.ch\/acces\/fr\/home\/menuguid\/batiments\/site-unil---dorigny\/unil-sorge\/amphimax.html\" target=\"_blank\" rel=\"noreferrer noopener\">b\u00e2timent Amphimax<\/a> (m\u00e9tro m1 \u2013 UNIL-Sorge).<\/p>\n\n\n\n<p>Cette \u00e9dition sera consacr\u00e9e \u00e0 la sant\u00e9, domaine dans lequel l\u2019UNIL s\u2019affirme comme un p\u00f4le d\u2019excellence international.<\/p>\n\n\n\n<p class=\"has-text-align-left has-buttons-text-color has-text-color\">Un buffet sera servi \u00e0 l\u2019issue de la c\u00e9r\u00e9monie.<\/p>\n\n\n\n<p class=\"has-base-color has-text-color has-link-color has-small-font-size wp-elements-b4460977b806805fc552289e7f0d8ff1\">Les inscriptions \u00e0 la c\u00e9r\u00e9monie du Dies academicus 2025 de l\u2019Universit\u00e9 de Lausanne sont d\u00e9sormais ferm\u00e9es. Si vous souhaitez annoncer votre pr\u00e9sence, merci de contacter <strong><a href=\"mailto:info.unicom@unil.ch\">info.unicom@unil.ch<\/a><\/strong><\/p>\n\n\n\n<p class=\"has-text-align-left has-base-color has-text-color has-small-font-size\"><em>Cet \u00e9v\u00e9nement sera traduit en anglais et interpr\u00e9t\u00e9 en langue des signes<\/em>.<\/p>\n<\/div>\n\n\n\n<div class=\"wp-block-group alignfull is-style-default inscription has-background is-vertical is-content-justification-center is-layout-flex wp-container-core-group-is-layout-582cdc1d wp-block-group-is-layout-flex\" style=\"background-color:#000000;margin-top:0;margin-bottom:0\">\n<div style=\"height:0px\" aria-hidden=\"true\" class=\"wp-block-spacer wp-container-content-16d1eb73\"><\/div>\n\n\n\n<div style=\"height:0px\" aria-hidden=\"true\" class=\"wp-block-spacer wp-container-content-16d1eb73\"><\/div>\n<\/div>\n<\/div>\n","protected":false},"excerpt":{"rendered":"<p>La c\u00e9r\u00e9monie en direct Vendredi 23 mai 2025 de 10h \u00e0 12h Fr\u00e9d\u00e9ric Herman, Recteur de l\u2019Universit\u00e9 de Lausanne, a le plaisir de vous convier \u00e0 la c\u00e9r\u00e9monie du&nbsp;Dies academicus 2025 qui aura lieu le&nbsp;vendredi 23 mai 2025 de 10h \u00e0 12h&nbsp;\u00e0 l\u2019auditoire Erna Hamburger, dans le b\u00e2timent Amphimax (m\u00e9tro m1 \u2013 UNIL-Sorge). Cette \u00e9dition [&hellip;]<\/p>\n","protected":false},"author":108,"featured_media":0,"parent":0,"menu_order":0,"comment_status":"closed","ping_status":"closed","template":"page-no-title","meta":{"_seopress_robots_primary_cat":"","_seopress_titles_title":"","_seopress_titles_desc":"","_seopress_robots_index":"","_uag_custom_page_level_css":"","footnotes":""},"class_list":["post-6","page","type-page","status-publish"],"uagb_featured_image_src":{"full":false,"thumbnail":false,"medium":false,"medium_large":false,"large":false,"1536x1536":false,"2048x2048":false,"gform-image-choice-sm":false,"gform-image-choice-md":false,"gform-image-choice-lg":false,"bdpp-medium":false,"mailpoet_newsletter_max":false},"uagb_author_info":{"display_name":"centre informatique","author_link":"https:\/\/wp.unil.ch\/diesacademicus\/author\/ci-unil\/"},"uagb_comment_info":0,"uagb_excerpt":"La c\u00e9r\u00e9monie en direct Vendredi 23 mai 2025 de 10h \u00e0 12h Fr\u00e9d\u00e9ric Herman, Recteur de l\u2019Universit\u00e9 de Lausanne, a le plaisir de vous convier \u00e0 la c\u00e9r\u00e9monie du&nbsp;Dies academicus 2025 qui aura lieu le&nbsp;vendredi 23 mai 2025 de 10h \u00e0 12h&nbsp;\u00e0 l\u2019auditoire Erna Hamburger, dans le b\u00e2timent Amphimax (m\u00e9tro m1 \u2013 UNIL-Sorge). Cette \u00e9dition\u2026","_links":{"self":[{"href":"https:\/\/wp.unil.ch\/diesacademicus\/wp-json\/wp\/v2\/pages\/6","targetHints":{"allow":["GET"]}}],"collection":[{"href":"https:\/\/wp.unil.ch\/diesacademicus\/wp-json\/wp\/v2\/pages"}],"about":[{"href":"https:\/\/wp.unil.ch\/diesacademicus\/wp-json\/wp\/v2\/types\/page"}],"author":[{"embeddable":true,"href":"https:\/\/wp.unil.ch\/diesacademicus\/wp-json\/wp\/v2\/users\/108"}],"replies":[{"embeddable":true,"href":"https:\/\/wp.unil.ch\/diesacademicus\/wp-json\/wp\/v2\/comments?post=6"}],"version-history":[{"count":5,"href":"https:\/\/wp.unil.ch\/diesacademicus\/wp-json\/wp\/v2\/pages\/6\/revisions"}],"predecessor-version":[{"id":2380,"href":"https:\/\/wp.unil.ch\/diesacademicus\/wp-json\/wp\/v2\/pages\/6\/revisions\/2380"}],"wp:attachment":[{"href":"https:\/\/wp.unil.ch\/diesacademicus\/wp-json\/wp\/v2\/media?parent=6"}],"curies":[{"name":"wp","href":"https:\/\/api.w.org\/{rel}","templated":true}]}}