{"id":421,"date":"2020-11-13T17:04:00","date_gmt":"2020-11-13T16:04:00","guid":{"rendered":"http:\/\/wp.unil.ch\/decouverte\/?page_id=421"},"modified":"2024-10-01T09:28:17","modified_gmt":"2024-10-01T07:28:17","slug":"universite-de-lausanne-unil","status":"publish","type":"page","link":"https:\/\/wp.unil.ch\/decouverte\/universite-de-lausanne-unil\/","title":{"rendered":"Etudier \u00e0 l&rsquo;UNIL, vivre \u00e0 Lausanne"},"content":{"rendered":"\n<div style=\"height:20px\" aria-hidden=\"true\" class=\"wp-block-spacer\"><\/div>\n\n\n\n<h3 class=\"wp-block-heading has-text-color\" style=\"color:#da4b7b\">Etudier \u00e0 l&rsquo;UNIL, vivre \u00e0 Lausanne<\/h3>\n\n\n\n<p><strong>Mercredi 6 d\u00e9cembre et jeudi 7 d\u00e9cembre<br>9h-10h<br>Amphimax, <a href=\"https:\/\/planete.unil.ch\/?local=MAX-350\">auditoires 350-351<\/a><\/strong><\/p>\n\n\n\n<p>Toutes les infos n\u00e9cessaires pour vous familiariser avec l&rsquo;UNIL et bien pr\u00e9parer votre future vie \u00e0 Lausanne:<\/p>\n\n\n\n<ul class=\"wp-block-list\">\n<li>Les formations propos\u00e9es \u00e0 l&rsquo;UNIL<\/li>\n\n\n\n<li>Conditions d&rsquo;admission<\/li>\n\n\n\n<li>Comment bien faire son choix?<\/li>\n\n\n\n<li>Logement<\/li>\n\n\n\n<li>Budget<\/li>\n\n\n\n<li>S&rsquo;installer en Suisse<\/li>\n<\/ul>\n\n\n\n<div class=\"wp-block-group\"><div class=\"wp-block-group__inner-container is-layout-constrained wp-block-group-is-layout-constrained\">\n<p><strong>Revoir en vid\u00e9o<\/strong><br>Privil\u00e9giez Firefox ou Google Chrome pour visionner la pr\u00e9sentation.<\/p>\n\n\n\n<ul class=\"wp-block-list\">\n<li><a href=\"https:\/\/rec.unil.ch\/videos\/etudier-a-lunil-vivre-a-lausanne-6-decembre-final\/\">Pr\u00e9sentation du 6 d\u00e9cembre (public hors canton de Vaud)<\/a><\/li>\n\n\n\n<li><a href=\"https:\/\/rec.unil.ch\/videos\/etudier-a-lunil-sinstaller-a-lausanne-7-decembre\/\">Pr\u00e9sentation du 7 d\u00e9cembre (public du canton de Vaud)<\/a><\/li>\n<\/ul>\n<\/div><\/div>\n","protected":false},"excerpt":{"rendered":"<p>Etudier \u00e0 l&rsquo;UNIL, vivre \u00e0 Lausanne Mercredi 6 d\u00e9cembre et jeudi 7 d\u00e9cembre9h-10hAmphimax, auditoires 350-351 Toutes les infos n\u00e9cessaires pour vous familiariser avec l&rsquo;UNIL et bien pr\u00e9parer votre&hellip;<\/p>\n","protected":false},"author":1002120,"featured_media":0,"parent":0,"menu_order":20,"comment_status":"closed","ping_status":"closed","template":"template-full-width.php","meta":{"_seopress_robots_primary_cat":"","_seopress_titles_title":"","_seopress_titles_desc":"","_seopress_robots_index":"","_uag_custom_page_level_css":"","footnotes":""},"class_list":["post-421","page","type-page","status-publish","has-post-thumbnail"],"uagb_featured_image_src":{"full":false,"thumbnail":false,"medium":false,"medium_large":false,"large":false,"1536x1536":false,"2048x2048":false,"post-thumbnail":false,"chaplin_preview_image_low_resolution":false,"chaplin_preview_image_high_resolution":false,"chaplin_fullscreen":false,"gform-image-choice-sm":false,"gform-image-choice-md":false,"gform-image-choice-lg":false,"mailpoet_newsletter_max":false},"uagb_author_info":{"display_name":"Magali Monnier","author_link":"https:\/\/wp.unil.ch\/decouverte\/author\/mmonnier\/"},"uagb_comment_info":0,"uagb_excerpt":"Etudier \u00e0 l&rsquo;UNIL, vivre \u00e0 Lausanne Mercredi 6 d\u00e9cembre et jeudi 7 d\u00e9cembre9h-10hAmphimax, auditoires 350-351 Toutes les infos n\u00e9cessaires pour vous familiariser avec l&rsquo;UNIL et bien pr\u00e9parer votre&hellip;","_links":{"self":[{"href":"https:\/\/wp.unil.ch\/decouverte\/wp-json\/wp\/v2\/pages\/421","targetHints":{"allow":["GET"]}}],"collection":[{"href":"https:\/\/wp.unil.ch\/decouverte\/wp-json\/wp\/v2\/pages"}],"about":[{"href":"https:\/\/wp.unil.ch\/decouverte\/wp-json\/wp\/v2\/types\/page"}],"author":[{"embeddable":true,"href":"https:\/\/wp.unil.ch\/decouverte\/wp-json\/wp\/v2\/users\/1002120"}],"replies":[{"embeddable":true,"href":"https:\/\/wp.unil.ch\/decouverte\/wp-json\/wp\/v2\/comments?post=421"}],"version-history":[{"count":4,"href":"https:\/\/wp.unil.ch\/decouverte\/wp-json\/wp\/v2\/pages\/421\/revisions"}],"predecessor-version":[{"id":2950,"href":"https:\/\/wp.unil.ch\/decouverte\/wp-json\/wp\/v2\/pages\/421\/revisions\/2950"}],"wp:attachment":[{"href":"https:\/\/wp.unil.ch\/decouverte\/wp-json\/wp\/v2\/media?parent=421"}],"curies":[{"name":"wp","href":"https:\/\/api.w.org\/{rel}","templated":true}]}}