{"id":417,"date":"2020-11-12T09:04:12","date_gmt":"2020-11-12T08:04:12","guid":{"rendered":"http:\/\/wp.unil.ch\/decouverte\/?page_id=417"},"modified":"2023-12-18T15:47:06","modified_gmt":"2023-12-18T14:47:06","slug":"programme","status":"publish","type":"page","link":"https:\/\/wp.unil.ch\/decouverte\/programme\/","title":{"rendered":"Programme des Journ\u00e9es D\u00e9couverte"},"content":{"rendered":"\n<div style=\"height:20px\" aria-hidden=\"true\" class=\"wp-block-spacer\"><\/div>\n\n\n\n<div style=\"height:20px\" aria-hidden=\"true\" class=\"wp-block-spacer\"><\/div>\n\n\n\n<p>Le programme des Journ\u00e9es D\u00e9couverte est complet. Consultez les infos d\u00e9taill\u00e9es ci-dessous! En cas de changement de derni\u00e8re minute, nous avertirons les personnes inscrites par mail.<\/p>\n\n\n\n<p class=\"has-text-align-center\"><a href=\"#programme\">Le programme en un coup d&rsquo;oeil<\/a> | <a href=\"#unil\" data-type=\"internal\" data-id=\"#unil\">D\u00e9couvrir l&rsquo;UNIL<\/a> | <a href=\"#bachelors\" data-type=\"internal\" data-id=\"#bachelors\">D\u00e9couvrir les Bachelors<\/a> | <a href=\"#orientation\" data-type=\"internal\" data-id=\"#orientation\">Choix d&rsquo;orientation<\/a> | <\/p>\n\n\n\n<h3 class=\"wp-block-heading has-text-color\" id=\"programme\" style=\"color:#da4b7b\">Le programme en un coup d&rsquo;oeil<\/h3>\n\n\n<div class=\"su-service\"><div class=\"su-service-title\" style=\"padding-left:46px;min-height:32px;line-height:32px\"><i class=\"sui sui-file-pdf-o\" style=\"font-size:32px;color:#1A1B1F\"><\/i> T\u00e9l\u00e9charger le programme<\/div><div class=\"su-service-content su-u-clearfix su-u-trim\" style=\"padding-left:46px\">\n<a href=\"https:\/\/wp.unil.ch\/decouverte\/files\/2023\/11\/Programme_Journe\u0301e_De\u0301couverte_2023_web.pdf\">Programme des Journ\u00e9es D\u00e9couverte<\/a><\/div><\/div>\n\n\n\n<p><em>Des programmes papier seront disponibles en nombre limit\u00e9 sur le stand d&rsquo;information. Pensez \u00e0 imprimer votre exemplaire!<\/em><\/p>\n\n\n\n<div class=\"wp-block-cover alignfull is-light has-parallax uag-hide-mob\" style=\"min-height:207px;aspect-ratio:unset;\" id=\"unil\"><span aria-hidden=\"true\" class=\"wp-block-cover__background has-background-dim-0 has-background-dim\"><\/span><div role=\"img\" class=\"wp-block-cover__image-background wp-image-2575 has-parallax\" style=\"background-position:50% 50%;background-image:url(https:\/\/wp.unil.ch\/decouverte\/files\/2023\/10\/journees-decouverte-unil-2023.jpg)\"><\/div><div class=\"wp-block-cover__inner-container is-layout-flow wp-block-cover-is-layout-flow\">\n<h2 class=\"wp-block-heading has-text-align-center has-buttons-text-color has-text-color\">D\u00e9couvrir l&rsquo;UNIL<\/h2>\n<\/div><\/div>\n\n\n\n<h3 class=\"wp-block-heading has-text-color\" id=\"unil\" style=\"color:#da4b7b\">Etudier \u00e0 l&rsquo;UNIL, vivre \u00e0 Lausanne<\/h3>\n\n\n\n<p><strong>Mercredi 6 et jeudi 7 d\u00e9cembre<\/strong><br><strong>9h-10h<br>Amphimax, <a href=\"https:\/\/planete.unil.ch\/?local=MAX-350\">auditoire 350-351<\/a><\/strong><\/p>\n\n\n\n<p>Toutes les informations pour vous familiariser avec l&rsquo;UNIL et bien pr\u00e9parer votre future vie \u00e0 Lausanne.<\/p>\n\n\n\n<div class=\"wp-block-buttons is-layout-flex wp-block-buttons-is-layout-flex\">\n<div class=\"wp-block-button is-style-outline is-style-outline--1\"><a class=\"wp-block-button__link has-text-color wp-element-button\" href=\"https:\/\/wp.unil.ch\/decouverte\/universite-de-lausanne-unil\/\" style=\"border-radius:0px;color:#da4b7b\" target=\"_blank\" rel=\"noreferrer noopener\">Plus d&rsquo;infos<\/a><\/div>\n<\/div>\n\n\n\n<h3 class=\"wp-block-heading has-text-color\" style=\"color:#da4b7b\">Stands des services et associations<\/h3>\n\n\n\n<p><strong>Mercredi 6 et jeudi 7 d\u00e9cembre<br>10h-13h\/15h30<br>Amphip\u00f4le, Hall<\/strong><\/p>\n\n\n\n<p>Inscriptions, logement, mais aussi sport ou culture: faites connaissance avec les services qui g\u00e8rent les multiples aspects de la vie \u00e9tudiante \u00e0 l&rsquo;UNIL, ainsi qu&rsquo;avec les associations d&rsquo;\u00e9tudiant\u00b7e\u00b7s repr\u00e9sentant chaque fili\u00e8re.<\/p>\n\n\n\n<div class=\"wp-block-buttons is-layout-flex wp-block-buttons-is-layout-flex\">\n<div class=\"wp-block-button is-style-outline is-style-outline--2\"><a class=\"wp-block-button__link has-text-color wp-element-button\" href=\"https:\/\/wp.unil.ch\/decouverte\/liste-stands\/\" style=\"border-radius:0px;color:#da4b7b\">Voir la liste<\/a><\/div>\n<\/div>\n\n\n\n<div class=\"wp-block-cover alignfull is-light has-parallax uag-hide-mob\" style=\"min-height:207px;aspect-ratio:unset;\"><span aria-hidden=\"true\" class=\"wp-block-cover__background has-background-dim-0 has-background-dim\"><\/span><div role=\"img\" class=\"wp-block-cover__image-background wp-image-2575 has-parallax\" style=\"background-position:50% 50%;background-image:url(https:\/\/wp.unil.ch\/decouverte\/files\/2023\/10\/journees-decouverte-unil-2023.jpg)\"><\/div><div class=\"wp-block-cover__inner-container is-layout-flow wp-block-cover-is-layout-flow\">\n<h2 class=\"wp-block-heading has-text-align-center has-buttons-text-color has-text-color\" id=\"bachelors\">D\u00e9couvrir les Bachelors<\/h2>\n<\/div><\/div>\n\n\n\n<h3 class=\"wp-block-heading has-text-color\" id=\"bachelors\" style=\"color:#da4b7b\">D\u00e9couvrir les Bachelors<\/h3>\n\n\n\n<p>De nombreuses possibilit\u00e9s de vous informer sur les Bachelors vous sont offertes:<\/p>\n\n\n\n<ul class=\"wp-block-list\">\n<li>Pr\u00e9sentation approfondie du Bachelor <\/li>\n\n\n\n<li>Rencontre avec les \u00e9tudiant\u00b7e\u00b7s de l&rsquo;association repr\u00e9sentant la fili\u00e8re<\/li>\n\n\n\n<li>Participation \u00e0 des cours sp\u00e9cialement s\u00e9lectionn\u00e9s pour vous<\/li>\n\n\n\n<li>Etc.<\/li>\n<\/ul>\n\n\n\n<p>Le d\u00e9tail des activit\u00e9s propos\u00e9es pour chaque Bachelor figure sur la page qui lui est consacr\u00e9e.<\/p>\n\n\n\n<div class=\"wp-block-buttons is-layout-flex wp-block-buttons-is-layout-flex\">\n<div class=\"wp-block-button is-style-outline is-style-outline--3\"><a class=\"wp-block-button__link has-buttons-text-background-color has-text-color has-background wp-element-button\" href=\"https:\/\/wp.unil.ch\/decouverte\/tous-les-bachelors\/\" style=\"border-radius:0px;color:#da4b7b\" target=\"_blank\" rel=\"noreferrer noopener\">Liste des Bachelors<\/a><\/div>\n<\/div>\n\n\n\n<div class=\"wp-block-cover alignfull is-light has-parallax uag-hide-mob\" style=\"min-height:207px;aspect-ratio:unset;\"><span aria-hidden=\"true\" class=\"wp-block-cover__background has-background-dim-0 has-background-dim\"><\/span><div role=\"img\" class=\"wp-block-cover__image-background wp-image-2575 has-parallax\" style=\"background-position:50% 50%;background-image:url(https:\/\/wp.unil.ch\/decouverte\/files\/2023\/10\/journees-decouverte-unil-2023.jpg)\"><\/div><div class=\"wp-block-cover__inner-container is-layout-flow wp-block-cover-is-layout-flow\">\n<h2 class=\"wp-block-heading has-text-align-center has-buttons-text-color has-text-color\" id=\"orientation\">Choix d&rsquo;orientation<\/h2>\n<\/div><\/div>\n\n\n\n<h3 class=\"wp-block-heading has-text-color\" id=\"orientation\" style=\"color:#da4b7b\">Entretiens d&rsquo;orientation<\/h3>\n\n\n\n<p><strong>Mercredi 6 et jeudi 7 d\u00e9cembre<\/strong><br><strong>10h-15h30<\/strong><br><strong>Amphip\u00f4le, <a href=\"https:\/\/planete.unil.ch\/?local=POL-303\">Forum<\/a><\/strong><\/p>\n\n\n\n<p>Venez discuter de votre choix d&rsquo;\u00e9tudes avec une conseill\u00e8re ou un conseiller en orientation, individuellement et sans rendez-vous.<\/p>\n\n\n\n<div class=\"wp-block-buttons is-layout-flex wp-block-buttons-is-layout-flex\">\n<div class=\"wp-block-button is-style-outline is-style-outline--4\"><a class=\"wp-block-button__link has-text-color wp-element-button\" href=\"https:\/\/wp.unil.ch\/decouverte\/comment-choisir-ses-etudes\/\" style=\"border-radius:0px;color:#da4b7b\">Plus d&rsquo;infos<\/a><\/div>\n<\/div>\n\n\n\n<h3 class=\"wp-block-heading has-text-color\" style=\"color:#da4b7b\">Quiz<\/h3>\n\n\n\n<p>Savez-vous vraiment ce qu\u2019est l\u2019universit\u00e9? Quelles sont vos motivations pour \u00e9tudier? Vos m\u00e9thodes et ambiances de travail favorites? Eclaircir ces points peut vous aider \u00e0 faire un choix en toute connaissance de cause. Pour y r\u00e9fl\u00e9chir sans vous prendre la t\u00eate, essayez les quiz que nous vous avons concoct\u00e9s!<\/p>\n\n\n\n<div class=\"wp-block-buttons is-layout-flex wp-block-buttons-is-layout-flex\">\n<div class=\"wp-block-button is-style-outline is-style-outline--5\"><a class=\"wp-block-button__link has-text-color wp-element-button\" href=\"https:\/\/wp.unil.ch\/decouverte\/comment-choisir-ses-etudes\/#quiz\" style=\"border-radius:0px;color:#da4b7b\">Faire les quiz<\/a><\/div>\n<\/div>\n","protected":false},"excerpt":{"rendered":"<p>Le programme des Journ\u00e9es D\u00e9couverte est complet. Consultez les infos d\u00e9taill\u00e9es ci-dessous! En cas de changement de derni\u00e8re minute, nous avertirons les personnes inscrites par mail. Le programme&hellip;<\/p>\n","protected":false},"author":1002120,"featured_media":0,"parent":0,"menu_order":20,"comment_status":"closed","ping_status":"closed","template":"template-full-width.php","meta":{"_seopress_robots_primary_cat":"","_seopress_titles_title":"","_seopress_titles_desc":"","_seopress_robots_index":"","_uag_custom_page_level_css":"","footnotes":""},"class_list":["post-417","page","type-page","status-publish","has-post-thumbnail"],"uagb_featured_image_src":{"full":false,"thumbnail":false,"medium":false,"medium_large":false,"large":false,"1536x1536":false,"2048x2048":false,"post-thumbnail":false,"chaplin_preview_image_low_resolution":false,"chaplin_preview_image_high_resolution":false,"chaplin_fullscreen":false,"gform-image-choice-sm":false,"gform-image-choice-md":false,"gform-image-choice-lg":false,"mailpoet_newsletter_max":false},"uagb_author_info":{"display_name":"Magali Monnier","author_link":"https:\/\/wp.unil.ch\/decouverte\/author\/mmonnier\/"},"uagb_comment_info":0,"uagb_excerpt":"Le programme des Journ\u00e9es D\u00e9couverte est complet. Consultez les infos d\u00e9taill\u00e9es ci-dessous! En cas de changement de derni\u00e8re minute, nous avertirons les personnes inscrites par mail. Le programme&hellip;","_links":{"self":[{"href":"https:\/\/wp.unil.ch\/decouverte\/wp-json\/wp\/v2\/pages\/417","targetHints":{"allow":["GET"]}}],"collection":[{"href":"https:\/\/wp.unil.ch\/decouverte\/wp-json\/wp\/v2\/pages"}],"about":[{"href":"https:\/\/wp.unil.ch\/decouverte\/wp-json\/wp\/v2\/types\/page"}],"author":[{"embeddable":true,"href":"https:\/\/wp.unil.ch\/decouverte\/wp-json\/wp\/v2\/users\/1002120"}],"replies":[{"embeddable":true,"href":"https:\/\/wp.unil.ch\/decouverte\/wp-json\/wp\/v2\/comments?post=417"}],"version-history":[{"count":5,"href":"https:\/\/wp.unil.ch\/decouverte\/wp-json\/wp\/v2\/pages\/417\/revisions"}],"predecessor-version":[{"id":2986,"href":"https:\/\/wp.unil.ch\/decouverte\/wp-json\/wp\/v2\/pages\/417\/revisions\/2986"}],"wp:attachment":[{"href":"https:\/\/wp.unil.ch\/decouverte\/wp-json\/wp\/v2\/media?parent=417"}],"curies":[{"name":"wp","href":"https:\/\/api.w.org\/{rel}","templated":true}]}}