{"id":980,"date":"2022-08-28T16:13:35","date_gmt":"2022-08-28T14:13:35","guid":{"rendered":"https:\/\/wp.unil.ch\/dawn\/?page_id=980"},"modified":"2025-10-08T13:30:02","modified_gmt":"2025-10-08T11:30:02","slug":"ml_ees_projects","status":"publish","type":"page","link":"https:\/\/wp.unil.ch\/dawn\/ml_ees_projects\/","title":{"rendered":"Final Projects \u2013 ML for Earth &amp; Env. Sciences"},"content":{"rendered":"\n<p><\/p>\n\n\n\n<details class=\"wp-block-details alignfull is-layout-flow wp-block-details-is-layout-flow\"><summary>Fall 2024<\/summary>\n<p>Justine Berg: <a href=\"https:\/\/unils-my.sharepoint.com\/:b:\/g\/personal\/tom_beucler_unil_ch\/Ec4iNtaTiItJjmbQcHjPFSUBukgNP5FCThrbHDMG7Lt-ZA?e=Bhzx60\">Combining a Machine Learning model with a global glacier model for predictions of water resources in high mountain catchments<\/a><\/p>\n\n\n\n<p>Baptiste Biscal: <a href=\"https:\/\/unils-my.sharepoint.com\/:b:\/g\/personal\/tom_beucler_unil_ch\/EQ8hiFKl4bpElgf8lB-zU5wBA6cn2gBqTKusvFgNp_o2Og?e=yESQ6R\">Automatic Identification of Fish Profile Based on Deep Learning<\/a><\/p>\n\n\n\n<p>Mathilde Dunand: <a href=\"https:\/\/unils-my.sharepoint.com\/:b:\/g\/personal\/tom_beucler_unil_ch\/EfcY-0UW9NVChU50Lg_X0SMB5wwmpGFTMkdpUqcBeQttlA?e=seXBmI\">Comparing performance of different Machine Learning algorithm for shallow landslides prediction<\/a><\/p>\n\n\n\n<p>Joseph Grob: <a href=\"https:\/\/unils-my.sharepoint.com\/:b:\/g\/personal\/tom_beucler_unil_ch\/EarhTIdc1LZBi5WICsAN30sB-hTh5rlUEu26T5-ZWmZLIQ?e=PdXZEM\">Predicting County-Level Diabetes Prevalence in the United States Using Machine Learning and Geospatial Analysis<\/a><\/p>\n\n\n\n<p>Ayoub Hartaoui: <a href=\"https:\/\/unils-my.sharepoint.com\/:b:\/g\/personal\/tom_beucler_unil_ch\/ERJbgGsqGBhBriMmNHN7DNABuUsJfb3xs3qmx12kxAC5Ig?e=ydGZ4j\">Classifying Amphiprion Ocellaris Using a Custom CNN Architecture: A Comparative Study with a pre-build CNN for Ecological Monitoring<\/a><\/p>\n\n\n\n<p>Cecilia Torres: <a href=\"https:\/\/unils-my.sharepoint.com\/:b:\/g\/personal\/tom_beucler_unil_ch\/EUR721CPDmVCvgk4yD_3YYIBHoJgKVEF0fyteuPXVvmwHA?e=W2pi7O\">Comparing Machine Learning Algorithms for Predicting Biome Type from Soil Microbial Communities<\/a><\/p>\n\n\n\n<p>Louise Estebe: <a href=\"https:\/\/unils-my.sharepoint.com\/:b:\/g\/personal\/tom_beucler_unil_ch\/EXXsMjmgqmZHu__D4p24p20B4TldlQB6QZlXIGamiGBnDg?e=ibvKUX\">Comparing various machine learning algorithms for multiclass Classification of Plant Features in User-Submitted Images<\/a><\/p>\n\n\n\n<p>Jonas Woodtli: <a href=\"https:\/\/unils-my.sharepoint.com\/:b:\/g\/personal\/tom_beucler_unil_ch\/EX1E6trRnzxGmtqKMgr1YIcBlbenhq3uJKH5duesYBpO8w?e=8YVc16\">Filling temporal gaps in chlorophyll-a in-situ measurements using machine learning<\/a><\/p>\n\n\n\n<p>Charlotte Grosjean: <a href=\"https:\/\/unils-my.sharepoint.com\/:b:\/g\/personal\/tom_beucler_unil_ch\/Ee1gNUu_o8xAjzNVl9uKwtoBiWcyz9aYZi_M2Glihuw1qg?e=SgQPiF\">Anomaly detection for precipitation time-series dataset<\/a><\/p>\n\n\n\n<p>Lara Sauser: <a href=\"https:\/\/unils-my.sharepoint.com\/:b:\/g\/personal\/tom_beucler_unil_ch\/ESGTv1SWOrdJqly0url5QO4BBRElficwmgPlrDIhhblftw?e=IQrPgV\">Filling gaps in NDVI images using Convolutional Neural Network<\/a><\/p>\n\n\n\n<p>Samuel Lutz: <a href=\"https:\/\/unils-my.sharepoint.com\/:b:\/g\/personal\/tom_beucler_unil_ch\/ETBs2fHWK95IsqWR0mydyF0BpTtuLxU8QurK09wHOpRdcg?e=4R9wqb\">Predicting the future water surface temperatures of Lake Geneva using classic Machine Learning algorithms<\/a><\/p>\n\n\n\n<p>Th\u00e9ophile Zuber: <a href=\"https:\/\/unils-my.sharepoint.com\/:b:\/g\/personal\/tom_beucler_unil_ch\/EQUSAxlQrVpNsNPpB-XCAi0BUNS297Ya-FQHITnePyjdIQ?e=alHAKB\">Influence of environmental factors on primate behavior during dispersal<\/a><\/p>\n\n\n\n<p>Pierre Hauptmann: <a href=\"https:\/\/unils-my.sharepoint.com\/:b:\/g\/personal\/tom_beucler_unil_ch\/ERtwDyYe2f9LlzW0LPZGeQMBhQZoeKAeGWfrkNEXKy0xiQ?e=eE6bna\">Time Series Analysis and Prediction for Hourly Bike Rentals Using LSTM Networks<\/a><\/p>\n\n\n\n<p>Tanguy Linard de Guertechin: <a href=\"https:\/\/unils-my.sharepoint.com\/:b:\/g\/personal\/tom_beucler_unil_ch\/Ea1WMaMHE7BDpuxhC9ON7yoBL1eCONSu7rorEO_q2sMyMA?e=hZIR6f\">Clustering Of Roads In Vaud, Switzerland<\/a><\/p>\n\n\n\n<p>Sadou Abdelmadjid: <a href=\"https:\/\/unils-my.sharepoint.com\/:b:\/g\/personal\/tom_beucler_unil_ch\/EVKIdj0ziitGnng-pG3idpEByv7Oq6jFk0iF1-x31miRgA?e=aBrXuf\">Predicting Population Flows in the US Using Deep Learning<\/a><\/p>\n<\/details>\n\n\n\n<p><\/p>\n\n\n\n<details class=\"wp-block-details alignfull is-layout-flow wp-block-details-is-layout-flow\"><summary>Fall 2023<\/summary>\n<p>Chongguang Fan: <a href=\"https:\/\/unils-my.sharepoint.com\/:b:\/g\/personal\/tom_beucler_unil_ch\/ESQ-Y_3aDDZGv5tm86d9PrIBIjQlSJxFsZIzRmp6ee5-ZA?e=ZY2UZF\">Large area forest aboveground biomass mapping by integrating GEDI and Sentinel-2<\/a><\/p>\n\n\n\n<p>Ayoub Fatihi: <a href=\"https:\/\/unils-my.sharepoint.com\/:b:\/g\/personal\/tom_beucler_unil_ch\/EfmJnpSTAIBGgmeONfzyCtABUw0D6SUIkiyiXT6sgJmJXA?e=l5VW4o\">Mapping of Geological Structures: A CNN Approach<\/a><\/p>\n\n\n\n<p>Michail Henry: <a href=\"https:\/\/unils-my.sharepoint.com\/:b:\/g\/personal\/tom_beucler_unil_ch\/EavVGZf0GAtAjV6Z3tk3QGgBUlFP_TtSUnvttcZ2mbeXDQ?e=aDym0G\">Convolutional neural network for seismic wave classification<\/a><\/p>\n\n\n\n<p>Yvan Martinet: <a href=\"https:\/\/unils-my.sharepoint.com\/:b:\/g\/personal\/tom_beucler_unil_ch\/ETBa7A2JVydOvlFOk8tjQcYB7mbgDjVTEzdxJe6MyCm6VA?e=9R9giU\">Classifying fossil tracks with neural networks<\/a><\/p>\n\n\n\n<p>Missilene Stolf: <a href=\"https:\/\/unils-my.sharepoint.com\/:b:\/g\/personal\/tom_beucler_unil_ch\/EZ8L3QLl3VlPpKhGrFQd6vABKAiyzMLNsE7c1FkX1s0Ieg?e=CJ1Vuy\">Predicting tornadoes\u2019 fatalities in the USA: A combined approach using both classification and regression<\/a><\/p>\n\n\n\n<p>Diksha Acharya: <a href=\"https:\/\/unils-my.sharepoint.com\/:b:\/g\/personal\/tom_beucler_unil_ch\/EbIg2TnpD6pMmSDn3-HkIIUBwrVkabCFo645ymW54oQkoA?e=0FSjdX\">Anomaly detection of extreme temperatures and precipitation in India using ERA5 Land dataset<\/a><\/p>\n\n\n\n<p>Sarah Borotau Fons: <a href=\"https:\/\/unils-my.sharepoint.com\/:b:\/g\/personal\/tom_beucler_unil_ch\/EXG6y6zeeL5AvAYK1qO6gAABolCqJtj18AZqDaETtv2EqA?e=KqbbMH\">Machine Learning for Earthquake Prediction from Earthquake Catalogues &#8211; Comparison of 3 different methods<\/a><\/p>\n\n\n\n<p>Mojan Marghoub Shadkar: <a href=\"https:\/\/unils-my.sharepoint.com\/:b:\/g\/personal\/tom_beucler_unil_ch\/EZP6d1_67QNNtx3RUtCjuRIBS8tRTH2_3J0z2TZicpQZDQ?e=1VCqOF\">Classifying water safety through machine learning algorithms<\/a><\/p>\n\n\n\n<p>Petra Tomurad: <a href=\"https:\/\/unils-my.sharepoint.com\/:b:\/g\/personal\/tom_beucler_unil_ch\/EaYfJUSQYiRJmbmcU58uy8YBCqESbI5Ba4BS4iLmzipW-w?e=ZDqeVN\">Water quality prediction<\/a><\/p>\n<\/details>\n\n\n\n<details class=\"wp-block-details alignfull is-layout-flow wp-block-details-is-layout-flow\"><summary>Fall 2022<\/summary>\n<div class=\"wp-block-group alignfull\"><div class=\"wp-block-group__inner-container is-layout-constrained wp-block-group-is-layout-constrained\">\n<p>Marc O&#8217;Callaghan: <a href=\"https:\/\/wp.unil.ch\/dawn\/files\/2023\/02\/OCallaghanM_report.pdf\">Comparison of YOLOv4-tiny and YOLOv7-tiny for instream wood detection<\/a><\/p>\n\n\n\n<p>Julia Walker: <a href=\"https:\/\/wp.unil.ch\/dawn\/files\/2023\/02\/Walker_Final_ML_Project.pdf\">Comparing Machine Learning Algorithms for Land Cover Classification for Vallon de Nant, Switzerland<\/a><\/p>\n\n\n\n<p>Fabien Augsburger: <a href=\"https:\/\/wp.unil.ch\/dawn\/files\/2023\/02\/MLEE_Project_Augsburger_Fabien.pdf\">Machine Learning Prediction of Moderate and Extreme Wind Bursts in Europe<\/a><\/p>\n\n\n\n<p>\u00c9tienne Delaloye: <a href=\"https:\/\/wp.unil.ch\/dawn\/files\/2023\/02\/MLEE_final_project_Delaloye_Etienne.pdf\">Using a Random Forest Classifier and Logistic Regression for Binary Classification of Water Potability<\/a><\/p>\n\n\n\n<p>Axelle Bersier: <a href=\"https:\/\/wp.unil.ch\/dawn\/files\/2023\/02\/AB_fin.pdf\">Exploratory analysis of clustering Swiss population using Self-Organizing Maps<\/a><\/p>\n\n\n\n<p>Margaux Hofmann: <a href=\"https:\/\/wp.unil.ch\/dawn\/files\/2023\/02\/ML_FinalProjet_MargauxHofmann.pdf\">Predicting Snow Line Elevation and Glacier Activity using Machine Learning<\/a><\/p>\n\n\n\n<p>Elias Al Alam: <a href=\"https:\/\/wp.unil.ch\/dawn\/files\/2023\/02\/Elias_Al_Alam_ML_Project.pdf\">Detection of Oil Spills Using Machine Learning<\/a><\/p>\n\n\n\n<p>Doruntina Bekolli: <a href=\"https:\/\/wp.unil.ch\/dawn\/files\/2023\/02\/Doruntina_Bekolli_MLEE.pdf\">Prediction of Rainfall in Australia Using Logistic Regression and Random Forest Algorithms<\/a><\/p>\n\n\n\n<p>Douglas Stumpp: <a href=\"https:\/\/wp.unil.ch\/dawn\/files\/2023\/02\/ML_project_DouglasStumpp.pdf\">Extracting road networks from satellite images with neural networks to contribute to risk mitigation<\/a><\/p>\n\n\n\n<p>Haakon Vikesaa: <a href=\"https:\/\/wp.unil.ch\/dawn\/files\/2023\/02\/Vikesa_Hakon_Machine_learning.pdf\">Comparing Logistic Regression and Random Forest Classifiers for Landslide Hazard Assessment in Vaud, Switzerland<\/a><\/p>\n\n\n\n<p>Melinda Femminis: <a href=\"https:\/\/wp.unil.ch\/dawn\/files\/2023\/02\/ML2022_melindafemminis.pdf\">Quantitative estimation of the area affected by the 2022 Jagersfontain tailings dam\u2019s collapse<\/a><\/p>\n\n\n\n<p>Emmanuel Emezina: <a href=\"https:\/\/wp.unil.ch\/dawn\/files\/2023\/02\/Emmanuel-Emezina.pdf\">Assessment of the EuroSAT Dataset by applying Deep Learning Techniques<\/a><\/p>\n\n\n\n<p>Florent Rouge: <a href=\"https:\/\/wp.unil.ch\/dawn\/files\/2023\/02\/ML_project_FROUGE_2022.pdf\">Instream wood detection using the YOLOv4 algorithm on aerial images of the Sp\u00f6l river<\/a><\/p>\n\n\n\n<p>Max Henking: <a href=\"https:\/\/wp.unil.ch\/dawn\/files\/2023\/02\/ML_rapport.pdf\">Classifying train delays based on environmental variables<\/a><\/p>\n\n\n\n<p>J\u00e9r\u00e9mie Fragni\u00e8re: <a href=\"https:\/\/wp.unil.ch\/dawn\/files\/2023\/02\/Jeremie_Fragniere_final_report.pdf\">Clustering Tropical Cyclogenesis Events Based on Environmental Predictors and Oceanic Basins<\/a><\/p>\n\n\n\n<p>Christophe Reymond: <a href=\"https:\/\/wp.unil.ch\/dawn\/files\/2023\/02\/final_report_christophe_reymond.pdf\">Instream wood detection using the YOLOv4 object detection algorithm<\/a><\/p>\n\n\n\n<p>Faye Perchanok: <a href=\"https:\/\/wp.unil.ch\/dawn\/files\/2023\/02\/FAYE_P1.pdf\">Predicting proglacial lake discharge using machine learning algorithms<\/a><\/p>\n\n\n\n<p>Jonathan Cotasson: <a href=\"https:\/\/wp.unil.ch\/dawn\/files\/2023\/02\/Jonathan-Cotasson-final-project.pdf\">Comparing algorithms for storm cluster detection<\/a><\/p>\n\n\n\n<p>Janbiro Ntamushobora: <a href=\"https:\/\/wp.unil.ch\/dawn\/files\/2023\/02\/ml_project_jabiro_ntamushobobra.pdf\">Tracking the evolution of gentrification in the neighborhoods of Paris<\/a><\/p>\n\n\n\n<p>Baptiste Poffet: <a href=\"https:\/\/wp.unil.ch\/dawn\/files\/2023\/02\/ML_final_report_Poffet.pdf\">Quantifying deforestation in the Amazon forest using machine learning<\/a><\/p>\n\n\n\n<p>Thomas Krieger: <a href=\"https:\/\/wp.unil.ch\/dawn\/files\/2023\/02\/Machine_Learning_Project.pdf\">Predicting extreme events with Random Forest and K-Nearest Neighbors<\/a><\/p>\n<\/div><\/div>\n<\/details>\n\n\n\n<details class=\"wp-block-details alignfull is-layout-flow wp-block-details-is-layout-flow\"><summary>Spring 2022<\/summary>\n<div class=\"wp-block-group\"><div class=\"wp-block-group__inner-container is-layout-constrained wp-block-group-is-layout-constrained\">\n<p>Isabel Nicholson Thomas: <a href=\"https:\/\/wp.unil.ch\/dawn\/files\/2022\/08\/NicholsonThomas_Isabel_ML_FinalProject.pdf\">Can machine learning be used to generate accurate and regular Land Cover data for Switzerland from satellite imagery?<\/a><\/p>\n\n\n\n<p>Christophe Reis: <a href=\"https:\/\/wp.unil.ch\/dawn\/files\/2022\/08\/Christophe_Reis_ML_project_finalVersion.pdf\">Predicting the exposure concentration of a pollutant on tadpoles based on their behavior and physical traits<\/a> <\/p>\n\n\n\n<p>Alessio Poloni: <a href=\"https:\/\/wp.unil.ch\/dawn\/files\/2022\/08\/A_Poloni_ML_final_project.pdf\">Ranking Features for Landslide Prediction<\/a><\/p>\n\n\n\n<p>Tabea Cache: <a href=\"https:\/\/wp.unil.ch\/dawn\/files\/2022\/08\/ML_Report_Tabea.pdf\">Coupling stochastic rainfall images and data-driven flood emulation for fast urban flood mapping<\/a><\/p>\n\n\n\n<p>Yasmin Ghadyani: <a href=\"https:\/\/wp.unil.ch\/dawn\/files\/2022\/08\/YasminGhadyani_Project.pdf\">Deriving Lake Urmia water depth using Landsat 8 imagery and field measurements<\/a><\/p>\n\n\n\n<p>Jo\u00ebl Davila Estevez: <a href=\"https:\/\/wp.unil.ch\/dawn\/files\/2022\/08\/Machine_Learning_Project_Joel_DavilaEstevez.pdf\">Estimating the Hazardousness of Urban Waters from the Pollutant Concentrations<\/a><\/p>\n\n\n\n<p>Luca Eiholzer: <a href=\"https:\/\/wp.unil.ch\/dawn\/files\/2022\/08\/ML_eiholzer_project.pdf\">Comparing performance of Random Forest and SVM for shallow landslides identification<\/a><\/p>\n\n\n\n<p>Gabriel Juri A.: <a href=\"https:\/\/wp.unil.ch\/dawn\/files\/2022\/08\/Gabriel_Juri_ML_Project.pdf\">Benchmarking imputation methods on the implementation of GRU to forecast Mendota lake\u2019s epilimnetic phosphorus<\/a><\/p>\n\n\n\n<p>Jeremy Keller: <a href=\"https:\/\/wp.unil.ch\/dawn\/files\/2022\/08\/JKeller_ML_FinalProject.pdf\">Zooplankton images classification using machine learning<\/a><\/p>\n\n\n\n<p>Josephine S. Kramer: <a href=\"https:\/\/wp.unil.ch\/dawn\/files\/2022\/08\/Final_report_project_radon_Josephine_S._Kramer.pdf\">Trace and evaluation of the dependencies of Radon222 on air pressure and temperature using machine learning tools<\/a><\/p>\n\n\n\n<p>Renaud Nasch: <a href=\"https:\/\/wp.unil.ch\/dawn\/files\/2022\/08\/Final_report_Renaud.pdf\">Micropollutants assessment of Vidy Bay backed by machine learning algorithms<\/a><\/p>\n\n\n\n<p>Aldo Fornari: <a href=\"https:\/\/wp.unil.ch\/dawn\/files\/2022\/08\/ML_project_Aldo_FORNARI.pdf\">Instream LargeWood detection trough YOLOV4<\/a><\/p>\n\n\n\n<p>Vincenzo Guzzardi: <a href=\"https:\/\/wp.unil.ch\/dawn\/files\/2022\/08\/ProjectML_Vincenzo_Guzzardi.pdf\">Prediction of Ammonium concentration in a river using unsupervised Machine Learning<\/a><\/p>\n\n\n\n<p>Alessandro Giovanardi: <a href=\"https:\/\/wp.unil.ch\/dawn\/files\/2022\/08\/Final_Project_Alessandro_Giovanardi.pdf\">Suspended bedload in a proglacial river<\/a><\/p>\n\n\n\n<p>Keyvan Diba: <a href=\"https:\/\/wp.unil.ch\/dawn\/files\/2022\/08\/Final_Project_KeyvanDiba.pdf\">Using machine learning regarding suspended sediment concentration in a proglacial river<\/a><\/p>\n<\/div><\/div>\n<\/details>\n","protected":false},"excerpt":{"rendered":"","protected":false},"author":1002254,"featured_media":1044,"parent":0,"menu_order":0,"comment_status":"closed","ping_status":"closed","template":"templates\/template-cover.php","meta":{"_seopress_robots_primary_cat":"","_seopress_titles_title":"","_seopress_titles_desc":"","_seopress_robots_index":"","footnotes":""},"class_list":["post-980","page","type-page","status-publish","has-post-thumbnail"],"_links":{"self":[{"href":"https:\/\/wp.unil.ch\/dawn\/wp-json\/wp\/v2\/pages\/980","targetHints":{"allow":["GET"]}}],"collection":[{"href":"https:\/\/wp.unil.ch\/dawn\/wp-json\/wp\/v2\/pages"}],"about":[{"href":"https:\/\/wp.unil.ch\/dawn\/wp-json\/wp\/v2\/types\/page"}],"author":[{"embeddable":true,"href":"https:\/\/wp.unil.ch\/dawn\/wp-json\/wp\/v2\/users\/1002254"}],"replies":[{"embeddable":true,"href":"https:\/\/wp.unil.ch\/dawn\/wp-json\/wp\/v2\/comments?post=980"}],"version-history":[{"count":5,"href":"https:\/\/wp.unil.ch\/dawn\/wp-json\/wp\/v2\/pages\/980\/revisions"}],"predecessor-version":[{"id":3788,"href":"https:\/\/wp.unil.ch\/dawn\/wp-json\/wp\/v2\/pages\/980\/revisions\/3788"}],"wp:featuredmedia":[{"embeddable":true,"href":"https:\/\/wp.unil.ch\/dawn\/wp-json\/wp\/v2\/media\/1044"}],"wp:attachment":[{"href":"https:\/\/wp.unil.ch\/dawn\/wp-json\/wp\/v2\/media?parent=980"}],"curies":[{"name":"wp","href":"https:\/\/api.w.org\/{rel}","templated":true}]}}