{"id":1349,"date":"2022-09-13T14:03:57","date_gmt":"2022-09-13T12:03:57","guid":{"rendered":"https:\/\/wp.unil.ch\/dawn\/?page_id=1349"},"modified":"2025-11-18T16:40:58","modified_gmt":"2025-11-18T15:40:58","slug":"sig_tp9","status":"publish","type":"page","link":"https:\/\/wp.unil.ch\/dawn\/sig_tp9\/","title":{"rendered":"TP9 &#8211; ModelBuilder"},"content":{"rendered":"\n<details class=\"wp-block-details is-layout-flow wp-block-details-is-layout-flow\"><summary>Introduction<\/summary>\n<div class=\"wp-block-group\"><div class=\"wp-block-group__inner-container is-layout-constrained wp-block-group-is-layout-constrained\">\n<p>L&#8217;objectif de ce TP est de se familiariser avec la fonctionnalit\u00e9 \u201c<a href=\"https:\/\/pro.arcgis.com\/fr\/pro-app\/latest\/help\/analysis\/geoprocessing\/modelbuilder\/modelbuilder-quick-tour.htm\">ModelBuilder<\/a>\u201d d&#8217;ArcGIS. Ce langage de mod\u00e9lisation visuel permet de cr\u00e9er, modifier et g\u00e9rer des mod\u00e8les d\u2019analyse spatiale. Ces mod\u00e8les peuvent regrouper les cha\u00eenes d\u2019op\u00e9rations de g\u00e9otraitement.<\/p>\n\n\n\n<p>Puisque ModelBuilder est tr\u00e8s utile pour la cr\u00e9ation, l\u2019ex\u00e9cution et le partage de mod\u00e8les personnalis\u00e9s ArcGIS, nous te le recommandons tout particuli\u00e8rement pour le projet individuel que tu devras faire dans le cadre de ce cours ! Disposer d&#8217;un mod\u00e8le regroupant les op\u00e9rations de g\u00e9otraitement facilite \u00e9galement l&#8217;identification et la correction d&#8217;\u00e9ventuelles erreurs.<\/p>\n\n\n\n<p>Ce TP n\u2019aurait pas \u00e9t\u00e9 possible sans les ressources list\u00e9es ci-dessous :<\/p>\n\n\n\n<ul class=\"wp-block-list\">\n<li><em>TP8 du cours \u201cG\u00e9omatique et SIG\u201d de Privat-docent Dr. Marj Tonini<\/em><\/li>\n\n\n\n<li><em>(Image de couverture) \u201cLes for\u00eats du Jorat\u201d du site <\/em>du <em><a href=\"https:\/\/jorat.org\/jorat\/les-forets-du-jorat\/\">Parc Naturel du Jorat<\/a><\/em><\/li>\n<\/ul>\n<\/div><\/div>\n<\/details>\n\n\n\n<details class=\"wp-block-details is-layout-flow wp-block-details-is-layout-flow\"><summary>1. Cas d&#8217;\u00e9tude et t\u00e9l\u00e9chargement des donn\u00e9es<\/summary>\n<div class=\"wp-block-group\"><div class=\"wp-block-group__inner-container is-layout-constrained wp-block-group-is-layout-constrained\">\n<p>Tu viens de recevoir un mandat du Canton de Vaud pour effectuer un \u00e9tude sur les zones les plus sensibles aux feux de for\u00eat dans les districts de Lausanne et de l\u2019Ouest lausannois. Tu dois donc r\u00e9aliser une carte de la <em>Wildland Urban Interface<\/em> (WUI), comme c\u2019\u00e9tait le cas dans le TP5, mais cette fois-ci tu vas cr\u00e9er et ex\u00e9cuter une s\u00e9quence d\u2019outils pour automatiser les processus de g\u00e9otraitement \u00e0 l\u2019aide du ModelBuilder.<br>Les donn\u00e9es sont les m\u00eames que celles du TP5 mais avec quelques modifications, donc nous t\u2019invitons \u00e0 les re-t\u00e9l\u00e9charger depuis le nouveau dossier<em> <\/em><a href=\"https:\/\/unils-my.sharepoint.com\/:f:\/g\/personal\/tom_beucler_unil_ch\/Eghz_mnJG_5Ir6JLexRXozwBn-ABMDkV5crr387pIi4u6Q\" data-type=\"URL\" data-id=\"https:\/\/unils-my.sharepoint.com\/:f:\/g\/personal\/tom_beucler_unil_ch\/Eghz_mnJG_5Ir6JLexRXozwBn-ABMDkV5crr387pIi4u6Q\">TP9<\/a> situ\u00e9 dans le r\u00e9pertoire OneDrive du cours.<\/p>\n\n\n\n<p>Le dossier contient les donn\u00e9es suivantes :<\/p>\n\n\n\n<ul class=\"wp-block-list\">\n<li><em>limites administratives des communes : \u00ab Communes.shp \u00bb<\/em><\/li>\n\n\n\n<li><em>limites administratives des districts : \u00ab Districts.shp \u00bb<\/em><\/li>\n\n\n\n<li><em>couverture du sol : \u00ab LandCover.shp \u00bb<\/em><\/li>\n\n\n\n<li><em>b\u00e2timents : \u00ab Buildings.shp \u00bb<\/em><\/li>\n\n\n\n<li><em>routes : \u00ab Roads.shp \u00bb<\/em><\/li>\n\n\n\n<li><em>lacs : \u00ab Lakes.shp \u00bb<\/em><\/li>\n<\/ul>\n\n\n\n<p><em>Source des g\u00e9odonn\u00e9es : Vector200 (Swisstopo, 2017).<\/em><\/p>\n\n\n\n<p>N&#8217;oublie pas de d\u00e9compresser le dossier avant d&#8217;utiliser les g\u00e9odonn\u00e9es ! Concernant l&#8217;organisation de la g\u00e9odatabase, ce sera expliqu\u00e9 dans la prochaine section.<\/p>\n<\/div><\/div>\n<\/details>\n\n\n\n<details class=\"wp-block-details is-layout-flow wp-block-details-is-layout-flow\"><summary>2. Cr\u00e9ation d&#8217;une boite \u00e0 outils et d&#8217;un mod\u00e8le<\/summary>\n<div class=\"wp-block-group\"><div class=\"wp-block-group__inner-container is-layout-constrained wp-block-group-is-layout-constrained\">\n<p>2a) Tout d\u2019abord, cr\u00e9es un nouveau projet et nomme-le <strong><em>nom_prenom<\/em><\/strong><em><strong>_TP<\/strong><\/em><strong><em>9<\/em><\/strong><strong><em>.aprx<\/em>. <\/strong>Ensuite, importe les donn\u00e9es contenues dans le dossier<em> <\/em>TP9 dans la g\u00e9odatabase par d\u00e9faut (<strong><em>nom_prenom<\/em><\/strong><em><strong>_TP<\/strong><\/em><strong><em>9<\/em><\/strong><strong><em>.gdb<\/em><\/strong>).<\/p>\n\n\n\n<p>\u26a0\ufe0f  V\u00e9rifie dans les propri\u00e9t\u00e9s de la carte que le&nbsp;<a href=\"https:\/\/pro.arcgis.com\/fr\/pro-app\/latest\/help\/mapping\/properties\/specify-a-coordinate-system.htm\">syst\u00e8me de r\u00e9f\u00e9rence<\/a>&nbsp;est bien CH1903+ LV95. <\/p>\n\n\n\n<details class=\"wp-block-details is-layout-flow wp-block-details-is-layout-flow\"><summary>Solution<\/summary>\n<p>&#8211; Ouvre ArcGis Pro, puis dans &#8220;New Project&#8221;<br>&#8211; S\u00e9lectionne &#8220;Map&#8221;. <br>Une fen\u00eatre devrait s&#8217;ouvrir, et tu peux nommer ton projet comme bon te semble (comme TP9, ce sera le nom de ton dossier !), <br>&#8211; Puis, dans &#8220;Location&#8221;, change l&#8217;emplacement par d\u00e9faut (comme dans Desktop ou dans ton dossier OneDrive).<br>Attention, il te demande de s\u00e9lectionner un dossier ! Donc si tu veux mettre sur ton bureau, clique sur Desktop une fois, puis sur Ok, et une 2\u00e8me fois Ok dans la fen\u00eatre &#8220;New Project&#8221;. <br>&#8211; Une fois le projet ouvert, tu peux renommer ta g\u00e9odatabase (qui devrait avoir le m\u00eame nom que ton projet) avec F2 ou clique droit.<\/p>\n<\/details>\n\n\n\n<p>2b) Clic droit sur ta Geodatabase &gt; New &gt; Toolbox pour cr\u00e9er une Legacy Toolbox (.tbx). Puis, clic droit sur la Toolbox que tu viens de cr\u00e9er &gt; New &gt; Model. <\/p>\n\n\n\n<details class=\"wp-block-details is-layout-flow wp-block-details-is-layout-flow\"><summary>Solution<\/summary>\n<p><em>Clic droit sur Toolbox &gt; New &gt; Model<\/em>.<\/p>\n\n\n\n<div class=\"wp-block-group\"><div class=\"wp-block-group__inner-container is-layout-constrained wp-block-group-is-layout-constrained\">\n<figure class=\"wp-block-image size-full\"><img alt=\"\" loading=\"lazy\" decoding=\"async\" width=\"1900\" height=\"968\" src=\"https:\/\/wp.unil.ch\/dawn\/files\/2022\/11\/model.gif\" alt=\"\" class=\"wp-image-2050\" \/><\/figure>\n<\/div><\/div>\n<\/details>\n\n\n\n<p>2c) Dans les propri\u00e9t\u00e9s du mod\u00e8le, renomme-le <strong>&#8220;Model80&#8221;<\/strong> et v\u00e9rifie bien que l\u2019option \u00ab <em>Store tool with relative path<\/em> \u00bb soit coch\u00e9e.<\/p>\n\n\n\n<p>Maintenant tu peux commencer \u00e0 travailler avec les outils de g\u00e9otraitement pour calculer la WUI. <\/p>\n\n\n\n<p>2d) Lorsque tu cr\u00e9es un mod\u00e8le, il s\u2019ouvre automatiquement en mode de mise \u00e0 jour dans ModelBuilder. Si la fen\u00eatre n&#8217;est pas ouverte, <strong>pour \u00e9diter ton mod\u00e8le, clique sur &#8220;<em>Edit<\/em>&#8221; <\/strong>(pas &#8220;<em>Open<\/em>&#8220;). <\/p>\n\n\n\n<p>Tout d&#8217;abord, s\u00e9lectionnons les districts d&#8217;int\u00e9r\u00eats (i.e., Lausanne et Ouest lausannois) \u00e0 l\u2019aide de l\u2019outil <a href=\"https:\/\/pro.arcgis.com\/fr\/pro-app\/latest\/tool-reference\/analysis\/select.htm\">Select<\/a>. <\/p>\n\n\n\n<p>2e) Pour cela, glisse la couche <em>Districts<\/em> depuis la g\u00e9odatabase au sein du mod\u00e8le &#8220;<strong>Model80<\/strong>&#8220;, et cherche ensuite l\u2019outil S\u00e9lectionner<em> (Select<\/em>) dans l&#8217;onglet <em>Tools<\/em>.<\/p>\n\n\n\n<p>2f) Une fois que l&#8217;outil <em>Select<\/em> appara\u00eet dans le mod\u00e8le &#8220;<strong>Model80<\/strong>&#8220;, double clique sur ce dernier, de mani\u00e8re \u00e0 pouvoir modifier les param\u00e8tres d&#8217;entr\u00e9e et de sortie.<\/p>\n\n\n\n<p>2g) Entre la bonne requ\u00eate pour s\u00e9lectionner &#8220;Lausanne&#8221; et &#8220;Ouest lausannois&#8221;.<\/p>\n\n\n\n<p>Une br\u00e8ve explication de comment travailler sur Model Builder est donn\u00e9e dans la GIF ci-dessous :<\/p>\n\n\n\n<details class=\"wp-block-details is-layout-flow wp-block-details-is-layout-flow\"><summary>Solution<\/summary>\n<div class=\"wp-block-group\"><div class=\"wp-block-group__inner-container is-layout-constrained wp-block-group-is-layout-constrained\">\n<figure class=\"wp-block-image size-full\"><img alt=\"\" loading=\"lazy\" decoding=\"async\" width=\"1900\" height=\"968\" src=\"https:\/\/wp.unil.ch\/dawn\/files\/2022\/11\/Select.gif\" alt=\"\" class=\"wp-image-2053\" \/><figcaption class=\"wp-element-caption\">Astuce: En cliquant droit sur &#8220;<em>Auto Layout<\/em>&#8220;, les bo\u00eetes et les fl\u00e8ches se rangeront automatiquement, tandis que le bouton &#8220;<em>Fit to Window<\/em>&#8221; optimise le zoom pour mieux visualiser ton mod\u00e8le.<\/figcaption><\/figure>\n<\/div><\/div>\n<\/details>\n\n\n\n<p>Pour les prochaines \u00e9tapes, r\u00e9p\u00e9tons cette proc\u00e9dure (glisser et modifier les param\u00e8tres) en utilisant les autres outils de g\u00e9otraitement.<\/p>\n\n\n\n<p>2h) \u00c0 l&#8217;aide de l&#8217;outil <a href=\"https:\/\/pro.arcgis.com\/fr\/pro-app\/latest\/tool-reference\/data-management\/dissolve.htm\">Dissolve<\/a>, combine les deux districts en une seule entit\u00e9.<\/p>\n\n\n\n<p>2i) Ajoute la couche <em>LandCover<\/em> en la glissant dans ton mod\u00e8le. Avec <em>Select<\/em>, selectionne la classe de sol &#8220;for\u00eat&#8221; (dans ta requ\u00eate, demande \u00e0 ce que <em>OBJVAL = Wald<\/em>).<\/p>\n\n\n\n<p>2j) Maintenant, d\u00e9coupe les couches <em>For\u00eat<\/em>, <em>Buildings<\/em>, <em>Roads<\/em>, <em>Communes<\/em> dans la r\u00e9gion d&#8217;\u00e9tude en utilisant l&#8217;outil <a href=\"https:\/\/pro.arcgis.com\/fr\/pro-app\/latest\/tool-reference\/analysis\/clip.htm\">Clip<\/a> plusieurs fois et <a href=\"https:\/\/pro.arcgis.com\/fr\/pro-app\/latest\/help\/analysis\/geoprocessing\/modelbuilder\/run-a-model.htm\" data-type=\"link\" data-id=\"https:\/\/pro.arcgis.com\/fr\/pro-app\/latest\/help\/analysis\/geoprocessing\/modelbuilder\/run-a-model.htm\">ex\u00e9cute le mod\u00e8le<\/a> en cliquant sur &#8220;Run&#8221; ou <em>clic droit &gt; Run<\/em>.<\/p>\n\n\n\n<p>Dans la GIF ci-dessous, nous te montrons ce que tu devrais obtenir en fin d&#8217;\u00e9tape 2j :<\/p>\n\n\n\n<details class=\"wp-block-details is-layout-flow wp-block-details-is-layout-flow\"><summary>Solution<\/summary>\n<div class=\"wp-block-group\"><div class=\"wp-block-group__inner-container is-layout-constrained wp-block-group-is-layout-constrained\">\n<p>Pour obtenir une jolie mise en page du mod\u00e8le <em>clic droit &gt; Auto Layout Diagram<\/em>.<\/p>\n\n\n\n<p>Pour afficher les couches calcul\u00e9es dans le mod\u00e8le, clique droit sur la bo\u00eete que tu souhaites visualiser et coche l&#8217;option &#8220;<em>Add to Display<\/em>&#8220;. La couche sera affich\u00e9e dans <a href=\"https:\/\/pro.arcgis.com\/fr\/pro-app\/latest\/help\/mapping\/map-authoring\/maps.htm\" data-type=\"link\" data-id=\"https:\/\/pro.arcgis.com\/fr\/pro-app\/latest\/help\/mapping\/map-authoring\/maps.htm\">Map<\/a>.<\/p>\n\n\n\n<figure class=\"wp-block-image size-full\"><img alt=\"\" loading=\"lazy\" decoding=\"async\" width=\"1900\" height=\"968\" src=\"https:\/\/wp.unil.ch\/dawn\/files\/2022\/11\/Clip.gif\" alt=\"\" class=\"wp-image-2055\" \/><\/figure>\n<\/div><\/div>\n<\/details>\n\n\n\n<p>Dans les prochaines \u00e9tapes tu vas calculer un <a href=\"https:\/\/pro.arcgis.com\/fr\/pro-app\/latest\/tool-reference\/analysis\/buffer.htm\">Buffer<\/a> (Zone tampon) pour les b\u00e2timents.<\/p>\n\n\n\n<p>2k) Glisse l&#8217;outil <em>Buffer<\/em> dans le mod\u00e8le. Pour d\u00e9finir l\u2019espace de 150 m\u00e8tres autour des b\u00e2timents, utilise une <em>Distance<\/em> de <strong>+ 75 m\u00e8tres <\/strong>dans les options et dans le menu <em>Dissolve Type<\/em> choisis <em>Dissolve all output features into a single feature<\/em>.<\/p>\n\n\n\n<p>2l) Pour \u00e9liminer le polygone qui d\u00e9finit la surface \u00e0 l\u2019ext\u00e9rieur de la zone dens\u00e9ment b\u00e2tie, il nous faut cr\u00e9er une deuxi\u00e8me zone tampon \u00e0 partir de la premi\u00e8re, en saisissant cette fois la valeur n\u00e9gative de<strong> \u2013 75 m\u00e8tres<\/strong> dans l\u2019option<em> Distance<\/em>. <\/p>\n\n\n\n<p>Le r\u00e9sultat te donnera une couche repr\u00e9sentant uniquement la <em>Zone urbaine Dens\u00e9ment B\u00e2tie (ZDB<\/em>).<\/p>\n\n\n\n<p>2m) Calcule maintenant une zone tampon pour les routes. Puisque 12 m\u00e8tres correspondent \u00e0 la largeur totale de chaque route, utilise une distance de <strong>6 m\u00e8tres<\/strong> (i.e., la moiti\u00e9 de la largeur).<\/p>\n\n\n\n<p>2n) Pour d\u00e9finir l\u2019ensemble de la <strong>Zone Urbaine (ZU)<\/strong>, agr\u00e8ge les couches correspondants aux infrastructures urbaines avec l\u2019outil <a href=\"https:\/\/pro.arcgis.com\/fr\/pro-app\/latest\/tool-reference\/analysis\/union.htm\">Union<\/a> (i.e., il faut agr\u00e9ger la ZDB avec les routes apr\u00e8s l\u2019op\u00e9ration buffer effectu\u00e9e dans le point pr\u00e9c\u00e9dent).<\/p>\n\n\n\n<p>2o) Pour d\u00e9finir l\u2019ensemble de la <strong>Zone P\u00e9riurbaine (ZP)<\/strong>, construis une zone tampon de <strong>80 m\u00e8tres<\/strong> autour de la Zone Urbaine. Cette fois, dans l\u2019option <em>Side Type<\/em> choisis <em>Exclude the input polygon from buffer,<\/em> tandis que tu peux garder les autres options identiques que pour la zone urbaine dens\u00e9ment b\u00e2tie (ZDB).<\/p>\n\n\n\n<p>2p) Enfin, <strong>pour cr\u00e9er la WUI<\/strong>, utilise l\u2019outil <a href=\"https:\/\/pro.arcgis.com\/fr\/pro-app\/latest\/tool-reference\/analysis\/intersect.htm\">Intersect<\/a> pour croiser la zone p\u00e9riurbaine avec la couche de la surface foresti\u00e8re et nomme la couche de sortie <strong>&#8220;WUI80&#8221;<\/strong>.<\/p>\n\n\n\n<p>F\u00e9licitations, ton mod\u00e8le est pr\u00eat !<\/p>\n\n\n\n<p>2q) Maintenant, contr\u00f4le que tout est correct (<em>clic droit &gt; Validate<\/em>) et ex\u00e9cute le mod\u00e8le. <\/p>\n\n\n\n<p>2r) Une fois le mod\u00e8le ex\u00e9cut\u00e9, pour visualiser les couches r\u00e9sultantes, clique droit sur une couche et ajoute la \u00e0 la visualisation (&#8220;<em>Add to display<\/em>&#8220;).<\/p>\n\n\n\n<p>\u00c0 la fin de cet exercice, tu devrais avoir un r\u00e9sultat proche de l&#8217;example donn\u00e9 ci-dessous :<\/p>\n\n\n\n<details class=\"wp-block-details is-layout-flow wp-block-details-is-layout-flow\"><summary>Exemple<\/summary>\n<div class=\"wp-block-group\"><div class=\"wp-block-group__inner-container is-layout-constrained wp-block-group-is-layout-constrained\">\n<figure class=\"wp-block-image size-full\"><img alt=\"\" loading=\"lazy\" decoding=\"async\" width=\"1900\" height=\"968\" src=\"https:\/\/wp.unil.ch\/dawn\/files\/2022\/11\/finale.gif\" alt=\"\" class=\"wp-image-2057\" \/><\/figure>\n<\/div><\/div>\n<\/details>\n<\/div><\/div>\n<\/details>\n\n\n\n<details class=\"wp-block-details is-layout-flow wp-block-details-is-layout-flow\"><summary>3. Modification des param\u00e8tres d&#8217;un mod\u00e8le<\/summary>\n<div class=\"wp-block-group\"><div class=\"wp-block-group__inner-container is-layout-constrained wp-block-group-is-layout-constrained\">\n<p>Apr\u00e8s avoir notifi\u00e9 au Canton de Vaud de ton \u00e9tude, on te demande aussi de d\u00e9finir une nouvelle zone d\u2019interface pour la WUI, mais cette fois-ci en tenant compte d\u2019une distance de <strong>60 m\u00e8tres<\/strong> autour de la zone urbaine. <\/p>\n\n\n\n<p>L&#8217;avantage d\u2019utiliser le Model Builder est qu\u2019il permet d\u2019enregistrer les op\u00e9rations effectu\u00e9es pr\u00e9cedemment et de pouvoir les modifier apr\u00e8s, ou encore de les adapter \u00e0 d\u2019autres situations selon les objectifs de ton projet. Tu peux ainsi reprendre ton mod\u00e8le et le modifier sans avoir \u00e0 tout recommencer.<\/p>\n\n\n\n<p>3a) Copie le mod\u00e8le de d\u00e9part (&#8220;Model80&#8221;) dans la bo\u00eete \u00e0 outils et renomme-le <strong>&#8220;Model60&#8221;<\/strong> (afin d\u2019\u00e9viter la modification du mod\u00e8le original).<\/p>\n\n\n\n<p>3b) Clique sur &#8220;<em>Edit<\/em>&#8221; et re-calcule la zone p\u00e9riurbaine (ZP), mais cette fois-ci en utilisant une zone tampon de <strong>60 m\u00e8tres<\/strong> autour de la zone urbaine (ZU). Il te faudra donc changer la valeur de la distance utilis\u00e9e dans l\u2019outil <em>Buffer<\/em> entre la ZU et la ZP. <\/p>\n\n\n\n<p>3c) Renomme la couche de sortie &#8220;<strong>ZP60<\/strong>&#8221; et la sortie finale du mod\u00e8le &#8220;<strong>WUI60<\/strong>&#8220;.<\/p>\n\n\n\n<p>3d) Sauvegarde les modifications. Il n\u2019est pas n\u00e9cessaire d\u2019ex\u00e9cuter enti\u00e8rement le mod\u00e8le \u00e0 nouveau. Il suffit d&#8217;effectuer un clic droit sur <em>Run<\/em> seulement pour les outils modifi\u00e9s (<em>Buffer<\/em> et <em>Intersect<\/em>).<\/p>\n\n\n\n<details class=\"wp-block-details is-layout-flow wp-block-details-is-layout-flow\"><summary>Solution<\/summary>\n<div class=\"wp-block-group\"><div class=\"wp-block-group__inner-container is-layout-constrained wp-block-group-is-layout-constrained\">\n<figure class=\"wp-block-image size-full\"><img alt=\"\" loading=\"lazy\" decoding=\"async\" width=\"1900\" height=\"968\" src=\"https:\/\/wp.unil.ch\/dawn\/files\/2022\/11\/finale60.gif\" alt=\"\" class=\"wp-image-2063\" \/><\/figure>\n<\/div><\/div>\n<\/details>\n\n\n\n<p><strong>BRAVO ! Tu as ainsi r\u00e9alis\u00e9 ton premier projet \u00e0 l&#8217;aide du ModelBuilder<\/strong>. <\/p>\n<\/div><\/div>\n<\/details>\n\n\n\n<details class=\"wp-block-details is-layout-flow wp-block-details-is-layout-flow\"><summary>4. Carte finale<\/summary>\n<div class=\"wp-block-group\"><div class=\"wp-block-group__inner-container is-layout-constrained wp-block-group-is-layout-constrained\">\n<p>Pr\u00e9sente la <strong>WUI60<\/strong> de ce TP dans une carte habill\u00e9e. Passe dans la <em>Layout view<\/em> et fais une jolie mise en page de ta carte comme le TP 7. Ta carte devra satisfaire les crit\u00e8res suivants :<\/p>\n\n\n\n<ul class=\"wp-block-list\">\n<li>page size : A4 (en mode landscape)<\/li>\n\n\n\n<li>la police sans s\u00e9rif (<a href=\"https:\/\/www.adobe.com\/ch_fr\/creativecloud\/design\/discover\/serif-vs-sans-serif.html\">qu&#8217;est-ce qu&#8217;une police sans s\u00e9rif ?<\/a>)<\/li>\n\n\n\n<li>marges d&#8217;1 cm (haut-bas et gauche-droite)<\/li>\n\n\n\n<li>\u00e9chelle fixe : 1:75&#8217;000<\/li>\n<\/ul>\n\n\n\n<p>Ta carte doit aussi contenir les \u00e9l\u00e9ments suivants :<\/p>\n\n\n\n<ul class=\"wp-block-list\">\n<li>titre (<strong>en haut<\/strong>)<\/li>\n\n\n\n<li>aire de la WUI60 (<strong>en haut \u00e0 gauche, dans le Map Frame<\/strong>)<\/li>\n\n\n\n<li>l\u00e9gende (<strong>\u00e0 droite<\/strong>, et ne doit pas \u00eatre appel\u00e9e &#8216;L\u00e9gende&#8217;)<\/li>\n\n\n\n<li>\u00e9chelle (<strong>en bas \u00e0 droite<\/strong> <strong>fix\u00e9e au crit\u00e8re ci-dessus<\/strong>)<\/li>\n\n\n\n<li>fl\u00e8che du nord (<strong><strong>en bas \u00e0 droite<\/strong><\/strong>)<\/li>\n\n\n\n<li>nom de l&#8217;auteur-e, source, date (<strong>en bas, en dehors du Map Frame<\/strong>)<\/li>\n\n\n\n<li>autre, optionnel (par exemple: descriptif, sous-titre)<strong> o\u00f9 bon te semble<\/strong><\/li>\n<\/ul>\n\n\n\n<p>De plus, tu dois montrer la situation compl\u00e8te dans la zone d\u2019\u00e9tude (i.e., l&#8217;\u00e9tendue de la for\u00eat et de la zone urbaine, la WUI, les routes).<\/p>\n\n\n\n<p>Rappel : la source des g\u00e9odonn\u00e9es est <strong>Vector200 (Swisstopo, 2017)<\/strong>.<\/p>\n<\/div><\/div>\n<\/details>\n\n\n\n<details class=\"wp-block-details is-layout-flow wp-block-details-is-layout-flow\"><summary>5. Rendus et paquetage du projet<\/summary>\n<p>Le rendu de la carte se compose d&#8217;<strong>un seul fichier<\/strong> .pdf contenant sur la premi\u00e8re page la carte et sur la deuxi\u00e8me page la <strong>capture d\u2019\u00e9cran<\/strong> <strong>du ModelBuilder<\/strong>. Donc en bref  :<\/p>\n\n\n\n<p><strong>1\u00e8re page :<\/strong><\/p>\n\n\n\n<ul class=\"wp-block-list\">\n<li>la carte finale de la WUI60 habill\u00e9e<\/li>\n\n\n\n<li>l&#8217;aire (en km2) de la WUI60.<\/li>\n<\/ul>\n\n\n\n<p><strong>2\u00e8me page :<\/strong><\/p>\n\n\n\n<ul class=\"wp-block-list\">\n<li>la capture d&#8217;\u00e9cran (comment faire une capture d&#8217;\u00e9cran <a href=\"https:\/\/support.microsoft.com\/fr-fr\/windows\/utiliser-l-outil-capture-d-%C3%A9cran-pour-effectuer-des-captures-d-%C3%A9cran-00246869-1843-655f-f220-97299b865f6b#:~:text=Appuyez%20sur%20la%20touche%20de%20logo%20Windows%20%2B%20Maj%20%2B%20S.\">sur Windows<\/a>, <a href=\"https:\/\/support.apple.com\/fr-fr\/102646#:~:text=de%20votre%20%C3%A9cran-,Appuyez%20simultan%C3%A9ment%20sur%20ces%20trois%20touches%20et%20maintenez%2Dles,%3A%20Maj%2C%20Commande%20et%204.&amp;text=afin%20de%20s%C3%A9lectionner%20la%20zone,appuyez%20sur%20la%20touche%20%C3%89chap.\">sur Mac<\/a>) de la fen\u00eatre d\u2019\u00e9dition de ton mod\u00e8le<\/li>\n<\/ul>\n\n\n\n<p id=\"block-4de45000-3855-4bac-a2c1-9f32a5bf2d60\">5a) Tu peux d&#8217;ores et d\u00e9j\u00e0 soumettre ta carte au format .pdf sur Moodle: <a href=\"https:\/\/moodle.unil.ch\/mod\/assign\/view.php?id=1736973\">Rendu_PDF_TP9<\/a>. N&#8217;oublie pas le format du rendu : <strong><em>nom_prenom_PDF_TP9.pdf<\/em><\/strong> (tu peux consulter la grille d&#8217;\u00e9valuation sur Moodle).<\/p>\n\n\n\n<p id=\"block-6c012dc6-3e03-4132-bb20-3fc4b96cc686\">5b) Cr\u00e9e un paquetage de projet \u00e0 partager en suivant les instructions <a href=\"https:\/\/pro.arcgis.com\/fr\/pro-app\/latest\/help\/sharing\/overview\/project-package.htm\">\u00e0 ce lien<\/a>.<\/p>\n\n\n\n<p id=\"block-3b00a9da-fdf0-40bb-a26c-7bd0cae0dbbc\">N\u2019oublie pas d\u2019inclure un <strong>r\u00e9sum\u00e9 <\/strong>(<em>summary<\/em>) et des <strong>balises <\/strong>ou mots-cl\u00e9s (<em>tags<\/em>) contenant les m\u00e9tadonn\u00e9es identifi\u00e9es pr\u00e9c\u00e9demment. Tu peux cliquer la case \u201c<em>Share outside of organization<\/em>\u201d et le bouton \u201c<em>Analyze<\/em>\u201d pour optimiser ton paquetage pour un partage public.<\/p>\n\n\n\n<p id=\"block-c5a7fdbf-7bab-42a1-869b-90944f306570\">Il se peut que l&#8217;historique (Historic Items) de ton projet cr\u00e9e une erreur \u00e0 l&#8217;analyse ou pendant le paquetage ; tu peux d\u00e9s\u00e9lectionner cette option si c&#8217;est le cas.<\/p>\n\n\n\n<p id=\"block-395a1533-4b2c-45db-974e-366926d1c8c9\">5c) Une fois le projet paquet\u00e9, v\u00e9rifie que le fichier <em>.ppkx<\/em> que tu viens de cr\u00e9er te permet bien de r\u00e9ouvrir le projet avec la g\u00e9odatabase compl\u00e8te (par exemple en double-cliquant dessus).<\/p>\n\n\n\n<p id=\"block-2d30a80f-0518-43d7-b2e8-08b63b8ce39d\">5d)&nbsp; Copie le fichier <em>.ppkx<\/em> de la machine virtuelle sur ton OneDrive et cr\u00e9e un lien de partage.<\/p>\n\n\n\n<p id=\"block-5f281546-c301-457e-8549-781af6c451cf\">5e) Tu peux maintenant te rendre \u00e0 nouveau sur Moodle pour soumettre ce lien : <a href=\"https:\/\/moodle.unil.ch\/mod\/assign\/view.php?id=1736974\">Rendus_projet_TP9<\/a>. N&#8217;oublie pas le format du rendu : <strong><em>nom_prenom_TP9.ppkx<\/em><\/strong><\/p>\n\n\n\n<details class=\"wp-block-details is-layout-flow wp-block-details-is-layout-flow\"><summary>Solution<\/summary>\n<p>Voir le point 6 du <a href=\"https:\/\/wp.unil.ch\/dawn\/sig_tp7\/\">TP 7<\/a> pour les solutions.<\/p>\n<\/details>\n\n\n\n<p>Tu as fini tous les TPs de ce semestre, f\u00e9licitations ! La semaine prochaine sera consacr\u00e9e \u00e0 ton projet \ud83d\ude04<\/p>\n\n\n\n<figure class=\"wp-block-image size-full is-resized\"><img alt=\"\" loading=\"lazy\" decoding=\"async\" width=\"390\" height=\"220\" src=\"https:\/\/wp.unil.ch\/dawn\/files\/2023\/11\/giphy.gif\" alt=\"\" class=\"wp-image-2905\" style=\"width:606px;height:auto\" \/><\/figure>\n\n\n\n<p>&#8220;<a href=\"https:\/\/giphy.com\/gifs\/dance-crazy-gru-14qb1Uhf40ndw4\">Gru dancing<\/a>&#8221; par giphy.com<\/p>\n<\/details>\n","protected":false},"excerpt":{"rendered":"","protected":false},"author":1002254,"featured_media":2082,"parent":0,"menu_order":0,"comment_status":"closed","ping_status":"closed","template":"templates\/template-cover.php","meta":{"_seopress_robots_primary_cat":"","_seopress_titles_title":"","_seopress_titles_desc":"","_seopress_robots_index":"","footnotes":""},"class_list":["post-1349","page","type-page","status-publish","has-post-thumbnail"],"_links":{"self":[{"href":"https:\/\/wp.unil.ch\/dawn\/wp-json\/wp\/v2\/pages\/1349","targetHints":{"allow":["GET"]}}],"collection":[{"href":"https:\/\/wp.unil.ch\/dawn\/wp-json\/wp\/v2\/pages"}],"about":[{"href":"https:\/\/wp.unil.ch\/dawn\/wp-json\/wp\/v2\/types\/page"}],"author":[{"embeddable":true,"href":"https:\/\/wp.unil.ch\/dawn\/wp-json\/wp\/v2\/users\/1002254"}],"replies":[{"embeddable":true,"href":"https:\/\/wp.unil.ch\/dawn\/wp-json\/wp\/v2\/comments?post=1349"}],"version-history":[{"count":5,"href":"https:\/\/wp.unil.ch\/dawn\/wp-json\/wp\/v2\/pages\/1349\/revisions"}],"predecessor-version":[{"id":3819,"href":"https:\/\/wp.unil.ch\/dawn\/wp-json\/wp\/v2\/pages\/1349\/revisions\/3819"}],"wp:featuredmedia":[{"embeddable":true,"href":"https:\/\/wp.unil.ch\/dawn\/wp-json\/wp\/v2\/media\/2082"}],"wp:attachment":[{"href":"https:\/\/wp.unil.ch\/dawn\/wp-json\/wp\/v2\/media?parent=1349"}],"curies":[{"name":"wp","href":"https:\/\/api.w.org\/{rel}","templated":true}]}}