{"id":1339,"date":"2022-09-13T13:10:55","date_gmt":"2022-09-13T11:10:55","guid":{"rendered":"https:\/\/wp.unil.ch\/dawn\/?page_id=1339"},"modified":"2023-09-12T15:31:11","modified_gmt":"2023-09-12T13:31:11","slug":"sig_etape4","status":"publish","type":"page","link":"https:\/\/wp.unil.ch\/dawn\/sig_etape4\/","title":{"rendered":"\u00c9tape IV : R\u00e9daction du rapport final"},"content":{"rendered":"\n<details class=\"wp-block-details is-layout-flow wp-block-details-is-layout-flow\"><summary>Introduction<\/summary>\n<div class=\"wp-block-group\"><div class=\"wp-block-group__inner-container is-layout-constrained wp-block-group-is-layout-constrained\">\n<p>\u2603\ufe0f Bienvenue \u2603\ufe0f dans la derni\u00e8re \u00e9tape de ton projet individuel, \u00e0 savoir la r\u00e9daction du rapport final et le rendu du fichier <em>.pdf<\/em> qui sera partag\u00e9 sur <a href=\"https:\/\/wp.unil.ch\/dawn\/teaching\/#SIG\">le site du cours<\/a>.  Nous sommes conscients que tu est en milieu de p\u00e9riode d&#8217;examens (bon courage!) et avons organis\u00e9 cette \u00e9tape pour que ton travail soit court et satisfaisant. Il te faudra simplement combiner les r\u00e9sultats des \u00e9tapes <a href=\"https:\/\/wp.unil.ch\/dawn\/sig_etape1\/\">I<\/a>, <a href=\"https:\/\/unil.ch\/dawn\/teaching\/sig_etape2\">II<\/a>, et <a href=\"https:\/\/wp.unil.ch\/dawn\/sig_etape3\/\">III<\/a>.<\/p>\n\n\n\n<p><em>(Image de couverture) By <a href=\"https:\/\/stock.adobe.com\/ch_de\/contributor\/207665588\/jd8?load_type=author&amp;prev_url=detail\">JD8<\/a><\/em><\/p>\n<\/div><\/div>\n<\/details>\n\n\n\n<details class=\"wp-block-details is-layout-flow wp-block-details-is-layout-flow\"><summary>1. R\u00e9daction du rapport final<\/summary>\n<div class=\"wp-block-group\"><div class=\"wp-block-group__inner-container is-layout-constrained wp-block-group-is-layout-constrained\">\n<p>Ouvre un fichier texte au format de ton choix (<a href=\"https:\/\/docs.fileformat.com\/word-processing\/docx\/\">.docx dans Word<\/a>, <a href=\"https:\/\/support.microsoft.com\/fr-fr\/windows\/aide-de-bloc-notes-windows-4d68c388-2ff2-0e7f-b706-35fb2ab88a8c\">.txt dans le Bloc-Notes Windows<\/a>, <a href=\"https:\/\/www.overleaf.com\/\">TeX dans Overleaf<\/a>, etc.) et inclus dans ton rapport final :<\/p>\n\n\n\n<p>1a) <strong>Le titre de ton projet<\/strong>, court mais suffisament pr\u00e9cis pour l&#8217;identifier de mani\u00e8re unique par rapport aux projets de tes coll\u00e8gues de cette ann\u00e9e et des ann\u00e9es \u00e0 venir.<\/p>\n\n\n\n<p>1b) Ton <strong>nom et pr\u00e9nom<\/strong>.<\/p>\n\n\n\n<p>1c) <strong>Le contexte et l&#8217;objectif de ton travail<\/strong> <strong>:<\/strong> <\/p>\n\n\n\n<p><em>(Section &#8220;Contexte et objectif&#8221;)<\/em> Mets \u00e0 jour le plan d&#8217;\u00e9tude d\u00e9velopp\u00e9 en <a href=\"https:\/\/unil.ch\/dawn\/teaching\/sig_etape2\">\u00e9tape II<\/a> pour qu&#8217;il refl\u00e8te la carte finalis\u00e9e en <a href=\"https:\/\/wp.unil.ch\/dawn\/sig_etape3\/\">\u00e9tape III<\/a>, et ajoute les hypoth\u00e8ses formul\u00e9es suite \u00e0 l&#8217;analyse de tes g\u00e9odonn\u00e9es. <\/p>\n\n\n\n<p>1d) <strong>Une description de la m\u00e9thodologie employ\u00e9e :<\/strong> <br><br><em>(Section &#8220;G\u00e9odonn\u00e9es&#8221;)<\/em> Une description courte et pr\u00e9cise de tes g\u00e9odonn\u00e9es d&#8217;origine, suivie de la quantification de l&#8217;incertitude de mesure en utilisant les unit\u00e9s des g\u00e9odonn\u00e9es d&#8217;origine. Inclus le lien de t\u00e9l\u00e9chargement de tes g\u00e9odonn\u00e9es d&#8217;origine (celles que tu as t\u00e9l\u00e9charg\u00e9es pour r\u00e9aliser l&#8217;<a href=\"https:\/\/wp.unil.ch\/dawn\/sig_etape1\/\">\u00e9tape I<\/a>) et leurs sources.<\/p>\n\n\n\n<p><br><em>(Section &#8220;Description du mod\u00e8le&#8221;)<\/em> Une description courte du mod\u00e8le d\u00e9ploy\u00e9 mais suffisante pour que quelqu&#8217;un puisse recr\u00e9er le mod\u00e8le \u00e0 partir des informations que tu donnes dans cette section. Ajoute ici la description (et un sch\u00e9ma propre en annexe) de ta cha\u00eene de g\u00e9otraitement<\/p>\n\n\n\n<p>1e) <strong>Les r\u00e9sultats obtenus<\/strong> : <\/p>\n\n\n\n<p><em>(Section &#8220;R\u00e9sultats&#8221;)<\/em> Les r\u00e9sultats de ton projet, en lien avec les objectifs d\u00e9crits et les hypoth\u00e8se(s) formul\u00e9e(s) en 1c. N&#8217;oublie pas d&#8217;inclure une estimation quantitative des incertitudes de tes r\u00e9sultats, en pr\u00e9cisant la valeur de chaque incertitude (mesure, estimation, visualisation) suivie de l&#8217;unit\u00e9 appropri\u00e9e (en g\u00e9n\u00e9ral celle des r\u00e9sultats, ce qui peux n\u00e9cessiter des conversions). Si les r\u00e9sultats obtenus ne correspondent pas \u00e0 tes attentes, n&#8217;h\u00e9site pas \u00e0 \u00e9crire 1\/2 phrases sur les limites des g\u00e9odonn\u00e9es et les probl\u00e8mes techniques qui t&#8217;ont emp\u00each\u00e9.e d&#8217;accomplir l&#8217;objectif que tu t&#8217;\u00e9tais initialement fix\u00e9.  <\/p>\n\n\n\n<p>1f) N&#8217;oublie pas d&#8217;ajouter une <em>(Section &#8220;Donn\u00e9es ouvertes&#8221;)<\/em> avec l&#8217;<strong>hyperlien de la g\u00e9odatabase<\/strong> paquet\u00e9e en fin d&#8217;<a href=\"https:\/\/unil.ch\/dawn\/teaching\/sig_etape2\">\u00e9tape II<\/a> et la confirmation que la g\u00e9odatabase de ton projet adh\u00e8re aux&nbsp;<a href=\"https:\/\/fr.wikipedia.org\/wiki\/Fair_data\">principes FAIR<\/a>. <\/p>\n<\/div><\/div>\n<\/details>\n\n\n\n<details class=\"wp-block-details is-layout-flow wp-block-details-is-layout-flow\"><summary>2. Rendu de l&#8217;\u00e9tape IV<\/summary>\n<div class=\"wp-block-group\"><div class=\"wp-block-group__inner-container is-layout-constrained wp-block-group-is-layout-constrained\">\n<p>2a) V\u00e9rifie que tu es satisfait.e de ce document compte tenu des crit\u00e8res d&#8217;\u00e9valuation de l&#8217;\u00e9tape IV list\u00e9s ci-dessous : <\/p>\n\n\n\n<p>(10% de la note) Clart\u00e9 de l&#8217;objectif principal du projet et de ses hypoth\u00e8ses dans la section &#8220;Contexte et objectif&#8221;. L&#8217;objectif doit \u00eatre suffisamment bien pr\u00e9cis\u00e9 pour qu&#8217;il soit strictement diff\u00e9rent de celui de tes coll\u00e8gues. <\/p>\n\n\n\n<p>(20% de la note) La carte th\u00e9matique r\u00e9pond \u00e0 l&#8217;objectif principal du projet.<\/p>\n\n\n\n<p>(10% de la note) Description, lien, et source(s) des g\u00e9odonn\u00e9es d&#8217;origine dans la section &#8220;G\u00e9odonn\u00e9es&#8221;. <\/p>\n\n\n\n<p>(10% de la note) Une description du mod\u00e8le utilis\u00e9 qui permet la reproduction exacte de la cha\u00eene de g\u00e9otraitement \u00e0 partir du texte dans la section &#8220;Description du mod\u00e8le&#8221;. <\/p>\n\n\n\n<p>(10% de la note) R\u00e9sultats d\u00e9crits de mani\u00e8re accessible (compr\u00e9hensible pour un.e \u00e9tudiant.e en premi\u00e8re ann\u00e9e de Bachelor) et incertitudes quantifi\u00e9es de mani\u00e8re transparente dans la section &#8220;R\u00e9sultats&#8221;.<\/p>\n\n\n\n<p>(10% de la note) Les r\u00e9sultats sont affich\u00e9s de mani\u00e8re coh\u00e9rente sur la carte. <\/p>\n\n\n\n<p>(10% de la note) G\u00e9odatabase paquet\u00e9e et partag\u00e9e avec un lien publiquement accessible dans la section &#8220;Donn\u00e9es ouvertes&#8221;.<\/p>\n\n\n\n<p>(20% de la note) Pr\u00e9sentation g\u00e9n\u00e9rale du projet, ce qui inclut la structure, l&#8217;orthographe, et la grammaire du rapport et la facilit\u00e9 de lecture de la carte. <\/p>\n\n\n\n<p>(Bonus de 20% de la note) Originalit\u00e9 du sujet et des outils de g\u00e9otraitement utilis\u00e9s.<\/p>\n\n\n\n<p>2b) <a href=\"https:\/\/moodle.unil.ch\/mod\/assign\/view.php?id=1375624\">Sur Moodle<\/a>, rends un fichier au format <em>.pdf<\/em> nomm\u00e9 <strong>[Titre_Pr\u00e9nom_Nom]<\/strong> de trois pages regroupant ton rapport final (page 1), ta carte finale (page 2) et les annexes (page 3). <\/p>\n<\/div><\/div>\n<\/details>\n","protected":false},"excerpt":{"rendered":"","protected":false},"author":1002254,"featured_media":2201,"parent":0,"menu_order":0,"comment_status":"closed","ping_status":"closed","template":"templates\/template-cover.php","meta":{"_seopress_robots_primary_cat":"","_seopress_titles_title":"","_seopress_titles_desc":"","_seopress_robots_index":"","footnotes":""},"class_list":["post-1339","page","type-page","status-publish","has-post-thumbnail"],"_links":{"self":[{"href":"https:\/\/wp.unil.ch\/dawn\/wp-json\/wp\/v2\/pages\/1339","targetHints":{"allow":["GET"]}}],"collection":[{"href":"https:\/\/wp.unil.ch\/dawn\/wp-json\/wp\/v2\/pages"}],"about":[{"href":"https:\/\/wp.unil.ch\/dawn\/wp-json\/wp\/v2\/types\/page"}],"author":[{"embeddable":true,"href":"https:\/\/wp.unil.ch\/dawn\/wp-json\/wp\/v2\/users\/1002254"}],"replies":[{"embeddable":true,"href":"https:\/\/wp.unil.ch\/dawn\/wp-json\/wp\/v2\/comments?post=1339"}],"version-history":[{"count":0,"href":"https:\/\/wp.unil.ch\/dawn\/wp-json\/wp\/v2\/pages\/1339\/revisions"}],"wp:featuredmedia":[{"embeddable":true,"href":"https:\/\/wp.unil.ch\/dawn\/wp-json\/wp\/v2\/media\/2201"}],"wp:attachment":[{"href":"https:\/\/wp.unil.ch\/dawn\/wp-json\/wp\/v2\/media?parent=1339"}],"curies":[{"name":"wp","href":"https:\/\/api.w.org\/{rel}","templated":true}]}}