{"id":1322,"date":"2022-09-13T13:07:47","date_gmt":"2022-09-13T11:07:47","guid":{"rendered":"https:\/\/wp.unil.ch\/dawn\/?page_id=1322"},"modified":"2024-10-15T14:48:59","modified_gmt":"2024-10-15T12:48:59","slug":"sig_tp4","status":"publish","type":"page","link":"https:\/\/wp.unil.ch\/dawn\/sig_tp4\/","title":{"rendered":"TP4: S\u00e9lection, jointures et relations"},"content":{"rendered":"\n<details class=\"wp-block-details is-layout-flow wp-block-details-is-layout-flow\"><summary>Introduction<\/summary>\n<div class=\"wp-block-group\"><div class=\"wp-block-group__inner-container is-layout-constrained wp-block-group-is-layout-constrained\">\n<p>Ce TP n\u2019aurait pas \u00e9t\u00e9 possible sans les ressources list\u00e9es ci-dessous:<\/p>\n\n\n\n<ul class=\"wp-block-list\">\n<li><em>TP4 du cours \u201cG\u00e9omatique et SIG\u201d du Privat-docent Dr. Marj Tonini<\/em><\/li>\n\n\n\n<li><em>(Image de couverture) \u201cCastle of Aigle in Switzerland&#8221; by Von gelettro<\/em><\/li>\n<\/ul>\n<\/div><\/div>\n<\/details>\n\n\n\n<details class=\"wp-block-details is-layout-flow wp-block-details-is-layout-flow\"><summary>Pour les utilisateurs de MacOS<\/summary>\n<div class=\"wp-block-group\"><div class=\"wp-block-group__inner-container is-layout-constrained wp-block-group-is-layout-constrained\">\n<p>Un protocole de s\u00e9curit\u00e9 emp\u00eache la visualisation correcte des vid\u00e9os. Pour visualiser le site correctement, rends-toi sur les machines virtuelles, ou utilise Google Chrome. Sinon, pour Safari et Firefox, les vid\u00e9os apparaissent lorsque tu actives\/d\u00e9sactives le mode plein \u00e9cran ou quand tu modifies la taille de la fen\u00eatre du navigateur.<\/p>\n<\/div><\/div>\n<\/details>\n\n\n\n<details class=\"wp-block-details is-layout-flow wp-block-details-is-layout-flow\"><summary>Pour les utilisateurs de iOS \/ iPadOS<\/summary>\n<div class=\"wp-block-group\"><div class=\"wp-block-group__inner-container is-layout-constrained wp-block-group-is-layout-constrained\">\n<p>Comme pour MacOS, un protocole de s\u00e9curit\u00e9 emp\u00eache la visualisation correcte des vid\u00e9os. Pour les visualiser, il suffit de tourner l&#8217;orientation du dispositif en passant de portrait \u00e0 paysage et vice-versa. Cela suffit pour montrer les vid\u00e9os.<\/p>\n<\/div><\/div>\n<\/details>\n\n\n\n<details class=\"wp-block-details is-layout-flow wp-block-details-is-layout-flow\"><summary>1. T\u00e9l\u00e9charger les donn\u00e9es du TP<\/summary>\n<div class=\"wp-block-group\"><div class=\"wp-block-group__inner-container is-layout-constrained wp-block-group-is-layout-constrained\">\n<p>Pour la partie suivante, t\u00e9l\u00e9charge les donn\u00e9es du TP depuis OneDrive sur ta machine virtuelle en utilisant <a href=\"https:\/\/unils-my.sharepoint.com\/:f:\/g\/personal\/tom_beucler_unil_ch\/Ett_32gi9rBEq6Sq0OPY5VIB0n5U2Y_3cpc-uX05fA3DtA?e=gm2gkF\">cet hyperlien<\/a>. Enregistre le dossier sur le bureau (desktop) et n\u2019oublie pas de le <a href=\"https:\/\/support.microsoft.com\/fr-fr\/windows\/compresser-et-d%C3%A9compresser-des-fichiers-f6dde0a7-0fec-8294-e1d3-703ed85e7ebc#:~:text=To%20unzip%20files,folder%20to%20a%20new%20location.\">d\u00e9compresser<\/a>.<\/p>\n<\/div><\/div>\n<\/details>\n\n\n\n<details class=\"wp-block-details is-layout-flow wp-block-details-is-layout-flow\"><summary>2. Requ\u00eates attributaires et requ\u00eates spatiales<\/summary>\n<div class=\"wp-block-group\"><div class=\"wp-block-group__inner-container is-layout-constrained wp-block-group-is-layout-constrained\">\n<p>Lorsque l&#8217;on travaille avec des fichiers de donn\u00e9es volumineux, il est indispensable de pouvoir s\u00e9lectionner les informations qui nous int\u00e9ressent. Cela est possible en interrogeant les fichiers avec des <a href=\"https:\/\/pro.arcgis.com\/en\/pro-app\/latest\/help\/mapping\/navigation\/write-a-query-in-the-query-builder.htm\">requ\u00eates SQL<\/a>. Elles peuvent \u00eatre de nature <a href=\"https:\/\/pro.arcgis.com\/fr\/pro-app\/latest\/help\/mapping\/navigation\/select-features-using-attributes.htm\">attributaire<\/a> \u2013 e.g., s\u00e9lectionne les b\u00e2timents qui ont au moins cinq \u00e9tages &#8211; ou <a href=\"https:\/\/pro.arcgis.com\/fr\/pro-app\/latest\/help\/mapping\/navigation\/select-features-by-location.htm\">spatiale<\/a> \u2013 e.g., s\u00e9lectionne les b\u00e2timents qui se trouve dans la r\u00e9gion m\u00e9tropolitaine de Montr\u00e9al. Dans cette partie du TP, tu vas te familiariser avec les requ\u00eates SQL, qui sont particuli\u00e8rement utiles pour extraire ces informations. Dans l&#8217;exercice suivant, on va effectuer \u00e0 nouveau quelques t\u00e2ches sur les requ\u00eates (cf. <a href=\"https:\/\/wp.unil.ch\/dawn\/sig_tp3\/\">TP3<\/a>).<\/p>\n\n\n\n<p>Ouvre un nouveau projet et nomme-le \u00e0 ta discr\u00e9tion. Ensuite, charge la g\u00e9odatabase &nbsp;\u00ab geology_VD.gdb \u00bb dans ton projet et importe toutes les couches pr\u00e9sentes. \u00c0 l\u2019aide de l\u2019outil <a href=\"https:\/\/pro.arcgis.com\/fr\/pro-app\/latest\/help\/mapping\/navigation\/select-features-using-attributes.htm\">Select By Attributes<\/a>, dans la couche \u00ab&nbsp;geology_VD&nbsp;\u00bb, s\u00e9lectionne la \u00ab Nappe de Morcles (Cha\u00eene des Aravis incl.) \u00bb<\/p>\n\n\n\n<details class=\"wp-block-details is-layout-flow wp-block-details-is-layout-flow\"><summary>Astuce<\/summary>\n<div class=\"wp-block-group\"><div class=\"wp-block-group__inner-container is-layout-constrained wp-block-group-is-layout-constrained\">\n<p>Explore d\u2019abord la table attributaire pour comprendre le champ qui contient la description tectonique du polygone repr\u00e9sent\u00e9 (dans ce cas d\u2019ordre 3).<\/p>\n<\/div><\/div>\n<\/details>\n\n\n\n<details class=\"wp-block-details is-layout-flow wp-block-details-is-layout-flow\"><summary>Solution<\/summary>\n<div class=\"wp-block-group\"><div class=\"wp-block-group__inner-container is-layout-constrained wp-block-group-is-layout-constrained\">\n<figure class=\"wp-block-video\"><video height=\"360\" style=\"aspect-ratio: 480 \/ 360;\" width=\"480\" controls muted src=\"https:\/\/wp.unil.ch\/dawn\/files\/2022\/10\/nappe_morclessss.mp4\" playsinline><\/video><\/figure>\n<\/div><\/div>\n<\/details>\n\n\n\n<p>Tu peux maintenant r\u00e9pondre aux 5 premi\u00e8res questions du quiz moodle (premi\u00e8re page).<\/p>\n\n\n\n<p>Bienvenu.e \u00e0 nouveau! Maintenant, tu apprendras \u00e0 effectuer une requ\u00eate bas\u00e9e sur les caract\u00e9ristiques spatiales d\u2019une entit\u00e9. Charge dans ton projet le fichier \u00ab Communes \u00bb. Tu as d\u00e9j\u00e0 s\u00e9lectionn\u00e9 les accidents tectoniques de type \u00ab Chevauchement principal alpin (certain) \u00bb ou \u00ab (probable) \u00bb. Pour terminer, effectue requ\u00eate spatiale pour ne retenir, parmi les accidents tectoniques s\u00e9lectionn\u00e9s, seulement ceux qui se trouvent sur le territoire vaudois (repr\u00e9sent\u00e9 par la couche \u00ab Communes \u00bb). Pour ce-faire, d\u00e9couvre \u00e0 travers la documentation en ligne comment utiliser l&#8217;outil <a href=\"https:\/\/pro.arcgis.com\/fr\/pro-app\/latest\/help\/mapping\/navigation\/select-features-by-location.htm\">Select By Location<\/a>.<\/p>\n\n\n\n<details class=\"wp-block-details is-layout-flow wp-block-details-is-layout-flow\"><summary>Astuce<\/summary>\n<div class=\"wp-block-group\"><div class=\"wp-block-group__inner-container is-layout-constrained wp-block-group-is-layout-constrained\">\n<p>Utilise le Selection Type \u00ab&nbsp;Select subset from the current selection&nbsp;\u00bb<\/p>\n<\/div><\/div>\n<\/details>\n\n\n\n<details class=\"wp-block-details is-layout-flow wp-block-details-is-layout-flow\"><summary>Solution<\/summary>\n<div class=\"wp-block-group\"><div class=\"wp-block-group__inner-container is-layout-constrained wp-block-group-is-layout-constrained\">\n<figure class=\"wp-block-video\"><video height=\"360\" style=\"aspect-ratio: 480 \/ 360;\" width=\"480\" controls muted src=\"https:\/\/wp.unil.ch\/dawn\/files\/2022\/10\/nappes_vaud.mp4\" playsinline><\/video><\/figure>\n<\/div><\/div>\n<\/details>\n<\/div><\/div>\n<\/details>\n\n\n\n<details class=\"wp-block-details is-layout-flow wp-block-details-is-layout-flow\"><summary>3. Jointures et Relations<\/summary>\n<div class=\"wp-block-group\"><div class=\"wp-block-group__inner-container is-layout-constrained wp-block-group-is-layout-constrained\">\n<p>F\u00e9licitations, maintenant que tu es un.e expert.e en requ\u00eates attributaires et spatiales dans ArcGIS Pro, c\u2019est le moment de passer <a href=\"https:\/\/pro.arcgis.com\/fr\/pro-app\/latest\/help\/data\/tables\/joins-and-relates.htm\">aux jointures et aux relations<\/a>.<\/p>\n\n\n\n<p>Les donn\u00e9es que nous utilisons peuvent provenir de sources diff\u00e9rentes. Il est possible de les afficher sur une carte unique, m\u00eame si ces donn\u00e9es proviennent de diff\u00e9rentes tables, \u00e0 une condition : qu&#8217;il y ait une relation entre les tables. G\u00e9n\u00e9ralement, les donn\u00e9es statistiques sont disponibles sous forme de tableaux ou de donn\u00e9es textuelles. Il va falloir joindre ces donn\u00e9es \u00e0 celles g\u00e9ographiques pour pouvoir les repr\u00e9senter dans une carte. Les jointures de tables attributaires (relation entre \u00e9l\u00e9ments un-\u00e0-un et\/ou plusieurs-\u00e0-un), les jointures spatiales et les relations (relation entre \u00e9l\u00e9ments plusieurs-\u00e0-plusieurs) sont des op\u00e9rations qui r\u00e9pondent \u00e0 cette probl\u00e9matique en structurant l\u2019information.<\/p>\n\n\n\n<details class=\"wp-block-details is-layout-flow wp-block-details-is-layout-flow\"><summary>3.1 Jointures de tables attributaires<\/summary>\n<div class=\"wp-block-group\"><div class=\"wp-block-group__inner-container is-layout-constrained wp-block-group-is-layout-constrained\">\n<p>Ce type de jointure est le plus utilis\u00e9. Une <a href=\"https:\/\/pro.arcgis.com\/fr\/pro-app\/latest\/tool-reference\/data-management\/add-join.htm\">jointure attributaire<\/a> ajoute des donn\u00e9es d\u2019une table \u00e0 une autre table, \u00e0 la suite des colonnes existantes. L\u2019op\u00e9ration se base sur un champ (ou attribut) commun aux deux tables appel\u00e9 cl\u00e9 ou identifiant. Le nom ou la valeur de chaque entit\u00e9 du champ cl\u00e9 doit \u00eatre le m\u00eame d\u2019une table \u00e0 l\u2019autre. En revanche, on peut joindre indiff\u00e9remment des tables d\u2019attributs appartenant \u00e0 des couches de nature diff\u00e9rente (couches g\u00e9ographiques, table Excel (*.xls), table au format DBF (*.dbf), texte ASCII en colonnes (*.txt), Microsoft Access (*.accdb), etc.<\/p>\n\n\n\n<p>Pour apprendre \u00e0 effectuer une jointure spatiale, on te propose une table comportant le nombre de v\u00e9hicules pour 1\u2019000 habitants par commune en 2010. L\u2019objectif de l\u2019exercice est de joindre cette table \u00e0 la couche des communes pour pouvoir visualiser spatialement l\u2019ensemble des donn\u00e9es.<\/p>\n\n\n\n<p>Pour cet exercice, charge la g\u00e9odatabase \u00ab VoituresTourisme_VD.gdb \u00bb dans ton projet et importe toutes les couches pr\u00e9sentes. \u00c0 l&#8217;aide de <a href=\"https:\/\/pro.arcgis.com\/en\/pro-app\/latest\/tool-reference\/data-management\/add-join.htm\"><\/a><a href=\"https:\/\/pro.arcgis.com\/en\/pro-app\/latest\/tool-reference\/data-management\/add-join.htm\">Add Join<\/a>, effectue la jointure attributaire entre la couche \u00ab Communes_VD \u00bb et la table \u00ab VoituresPlus \u00bb en utilisant les champs \u00ab GEMNAME \u00bb et \u00ab Communes \u00bb comme constituants de la cl\u00e9 primaire.<\/p>\n\n\n\n<details class=\"wp-block-details is-layout-flow wp-block-details-is-layout-flow\"><summary>Astuce<\/summary>\n<div class=\"wp-block-group\"><div class=\"wp-block-group__inner-container is-layout-constrained wp-block-group-is-layout-constrained\">\n<p>En modifiant la langue de la documentation en ligne depuis le fran\u00e7ais \u00e0 l\u2019anglais (https:\/\/pro.arcgis.com\/fr\/[&#8230;] &gt; https:\/\/pro.arcgis.com\/en\/[&#8230;]) on d\u00e9couvre le nom de l\u2019outil pour cette op\u00e9ration, c\u2019est-\u00e0-dire <a href=\"https:\/\/pro.arcgis.com\/en\/pro-app\/latest\/tool-reference\/data-management\/add-join.htm\">Add Join<\/a>.<\/p>\n<\/div><\/div>\n<\/details>\n\n\n\n<details class=\"wp-block-details is-layout-flow wp-block-details-is-layout-flow\"><summary>Solution<\/summary>\n<div class=\"wp-block-group\"><div class=\"wp-block-group__inner-container is-layout-constrained wp-block-group-is-layout-constrained\">\n<figure class=\"wp-block-video\"><video height=\"360\" style=\"aspect-ratio: 480 \/ 360;\" width=\"480\" controls muted src=\"https:\/\/wp.unil.ch\/dawn\/files\/2022\/10\/join-1.mp4\" playsinline><\/video><\/figure>\n<\/div><\/div>\n<\/details>\n\n\n\n<p>Tu peux maintenant r\u00e9pondre \u00e0 la question 7 (deuxi\u00e8me page du quiz).<\/p>\n<\/div><\/div>\n<\/details>\n\n\n\n<details class=\"wp-block-details is-layout-flow wp-block-details-is-layout-flow\"><summary>3.2 Jointures spatiales<\/summary>\n<div class=\"wp-block-group\"><div class=\"wp-block-group__inner-container is-layout-constrained wp-block-group-is-layout-constrained\">\n<p>Contrairement aux jointures attributaires, qui peuvent \u00eatre effectu\u00e9es dans tous les syst\u00e8mes de gestion de bases de donn\u00e9es, les <a href=\"https:\/\/pro.arcgis.com\/fr\/pro-app\/latest\/tool-reference\/analysis\/spatial-join.htm\">jointures spatiales<\/a> sont propres aux SIG. Elles permettent de mettre en relation des couches de donn\u00e9es g\u00e9ographiques sur la base de leurs g\u00e9om\u00e9tries et de la localisation des leurs entit\u00e9s spatiales.<\/p>\n\n\n\n<p>Pour illustrer l\u2019utilisation des jointures spatiales, tu vas d\u00e9terminer le nom de la commune sur laquelle se trouve chaque b\u00e2timent du campus de l\u2019UNIL.<\/p>\n\n\n\n<p>Pour cet exercice, charge la g\u00e9odatabase \u00ab Campus.gdb \u00bb dans ton projet et importe toutes les couches pr\u00e9sentes. \u00c0 l&#8217;aide de l&#8217;outil Spatial Join effectue une jointure spatiale sur la couche des b\u00e2timents de l\u2019UNIL en choisissant comme couche \u00e0 joindre (contenant l\u2019information spatiale) la couche \u00ab Communes_VD \u00bb.<\/p>\n\n\n\n<details class=\"wp-block-details is-layout-flow wp-block-details-is-layout-flow\"><summary>Solution<\/summary>\n<div class=\"wp-block-group\"><div class=\"wp-block-group__inner-container is-layout-constrained wp-block-group-is-layout-constrained\">\n<figure class=\"wp-block-video\"><video height=\"360\" style=\"aspect-ratio: 480 \/ 360;\" width=\"480\" controls muted src=\"https:\/\/wp.unil.ch\/dawn\/files\/2022\/10\/spatial_join.mp4\" playsinline><\/video><\/figure>\n<\/div><\/div>\n<\/details>\n\n\n\n<p>Bravo! Tu peux maintenant continuer sur le quiz moodle (question 8).<\/p>\n<\/div><\/div>\n<\/details>\n\n\n\n<details class=\"wp-block-details is-layout-flow wp-block-details-is-layout-flow\"><summary>3.3 Relations<\/summary>\n<div class=\"wp-block-group\"><div class=\"wp-block-group__inner-container is-layout-constrained wp-block-group-is-layout-constrained\">\n<p>Les <a href=\"https:\/\/pro.arcgis.com\/fr\/pro-app\/latest\/help\/data\/tables\/joins-and-relates.htm\">relations<\/a> reposent \u00e9galement sur l\u2019existence d\u2019un champ commun aux tables \u00e0 lier, mais, cette fois-ci, aucune donn\u00e9e n\u2019est annex\u00e9e dans la table de la couche de base. Les relations permettent des liens de type \u00ab plusieurs \u00e0 plusieurs \u00bb (souvent symbolis\u00e9 \u00ab n \u00e0 n\u00bb).<\/p>\n\n\n\n<p>Par exemple, imaginez que vous disposiez d\u2019une couche de parcelles et d\u2019une table de leur(s) propri\u00e9taire(s) : plusieurs propri\u00e9taires pouvant poss\u00e9der conjointement des parcelles. Avec une relation, la s\u00e9lection d\u2019une des parcelles dans la couche des parcelles entrainerait automatiquement la s\u00e9lection de tous les propri\u00e9taires se partageant ladite parcelle. Une simple jointure attributaire ne retiendrait qu\u2019un seul propri\u00e9taire par b\u00e2timent. N\u00e9anmoins, les relations n\u00e9cessitent g\u00e9n\u00e9ralement l\u2019utilisation d\u2019une table interm\u00e9diaire qui stocke des \u00ab cl\u00e9s \u00e9trang\u00e8res \u00bb, c&#8217;est-\u00e0-dire l\u2019information permettant de r\u00e9pondre \u00e0 une question du type : quelle(s) parcelle(s) appartien(nen)t \u00e0 quel(s) propri\u00e9taire(s)&nbsp;?<\/p>\n\n\n\n<p>Le but de cet exercice est de visualiser, pour une parcelle appartenant \u00e0 plusieurs propri\u00e9taires, la liste des propri\u00e9taires. Pour ce-faire, il est n\u00e9cessaire de <a href=\"https:\/\/pro.arcgis.com\/fr\/pro-app\/latest\/tool-reference\/data-management\/add-relate.htm\">cr\u00e9er une relation<\/a> entre les donn\u00e9es des bases (\u00ab Parcelles \u00bb et \u00ab Propri\u00e9taires \u00bb) et la table interm\u00e9diaire. Pour ce faire, charge la g\u00e9odatabase \u00ab Cadastres \u00bb, ouvre la table \u00ab Proprietaire_Parcelle \u00bb, clic le menu lat\u00e9ral en haut \u00e0 droite et cr\u00e9e deux relations (\u00ab Joins and Relates \u00bb &gt; \u00ab <a href=\"https:\/\/pro.arcgis.com\/en\/pro-app\/2.9\/tool-reference\/data-management\/add-relate.htm\">Add Relate<\/a>\u2026 \u00bb).<\/p>\n\n\n\n<p>La premi\u00e8re relation, que tu peux appeler \u00ab RelationParcelle \u00bb, doit relier la couche \u00ab Parcelles \u00bb \u00e0 la table \u00ab Propri\u00e9taire_Parcelle \u00bb sur la base du champ \u00ab NO_IMM \u00bb.<\/p>\n\n\n\n<p>La deuxi\u00e8me, que tu peux appeler \u00ab RelationProprietaire \u00bb, doit relier la table des propri\u00e9taires \u00e0 la table \u00ab Propri\u00e9taire_Parcelle \u00bb sur la base du champ \u00ab NO_PROPRI \u00bb.<\/p>\n\n\n\n<p>Depuis la couche \u00ab Parcelles \u00bb, il est d\u00e9sormais possible d\u2019avoir acc\u00e8s aux informations li\u00e9es \u00e0 ces relation en cliquant une parcelle et en explorant le pop-up qui s\u2019ouvre. Pour <a href=\"https:\/\/pro.arcgis.com\/fr\/pro-app\/latest\/help\/data\/tables\/view-related-data.htm\">afficher les donn\u00e9es associ\u00e9es<\/a>, il suffit de s\u00e9lectionner une entit\u00e9 dans un tableaux et \u2013 depuis le menu lat\u00e9ral &#8211; cliquer sur \u00ab&nbsp;Related Data&nbsp;\u00bb.<\/p>\n\n\n\n<details class=\"wp-block-details is-layout-flow wp-block-details-is-layout-flow\"><summary>Solution<\/summary>\n<div class=\"wp-block-group\"><div class=\"wp-block-group__inner-container is-layout-constrained wp-block-group-is-layout-constrained\">\n<figure class=\"wp-block-video\"><video height=\"360\" style=\"aspect-ratio: 480 \/ 360;\" width=\"480\" controls muted src=\"https:\/\/wp.unil.ch\/dawn\/files\/2022\/10\/relations.mp4\" playsinline><\/video><\/figure>\n<\/div><\/div>\n<\/details>\n\n\n\n<p>Youhou! Tu peux maintenant finir le quiz moodle.<\/p>\n\n\n\n<p>F\u00e9licitations, le TP est termin\u00e9 ! Tu es d\u00e9sormais pr\u00eat.e \u00e0 cr\u00e9er un projet \u00e0 partir de z\u00e9ro. C\u2019est ce que tu feras la semaine prochaine lors du TP5, c\u2019est-\u00e0-dire&nbsp;:<\/p>\n\n\n\n<figure class=\"wp-block-image size-full\"><img alt=\"\" loading=\"lazy\" decoding=\"async\" width=\"800\" height=\"450\" src=\"https:\/\/wp.unil.ch\/dawn\/files\/2022\/10\/showtime.jpg\" alt=\"\" class=\"wp-image-1783\" srcset=\"https:\/\/wp.unil.ch\/dawn\/files\/2022\/10\/showtime.jpg 800w, https:\/\/wp.unil.ch\/dawn\/files\/2022\/10\/showtime-300x169.jpg 300w, https:\/\/wp.unil.ch\/dawn\/files\/2022\/10\/showtime-768x432.jpg 768w\" sizes=\"auto, (max-width: 800px) 100vw, 800px\" \/><\/figure>\n\n\n\n<p><em>&#8220;<a href=\"https:\/\/knowyourmeme.com\/memes\/its-showtime\">It&#8217;s Showtime<\/a>&#8221; par shevyrolet<\/em><\/p>\n<\/div><\/div>\n<\/details>\n<\/div><\/div>\n<\/details>\n","protected":false},"excerpt":{"rendered":"","protected":false},"author":1002254,"featured_media":1786,"parent":0,"menu_order":0,"comment_status":"closed","ping_status":"closed","template":"templates\/template-cover.php","meta":{"_seopress_robots_primary_cat":"","_seopress_titles_title":"","_seopress_titles_desc":"","_seopress_robots_index":"","footnotes":""},"class_list":["post-1322","page","type-page","status-publish","has-post-thumbnail"],"_links":{"self":[{"href":"https:\/\/wp.unil.ch\/dawn\/wp-json\/wp\/v2\/pages\/1322","targetHints":{"allow":["GET"]}}],"collection":[{"href":"https:\/\/wp.unil.ch\/dawn\/wp-json\/wp\/v2\/pages"}],"about":[{"href":"https:\/\/wp.unil.ch\/dawn\/wp-json\/wp\/v2\/types\/page"}],"author":[{"embeddable":true,"href":"https:\/\/wp.unil.ch\/dawn\/wp-json\/wp\/v2\/users\/1002254"}],"replies":[{"embeddable":true,"href":"https:\/\/wp.unil.ch\/dawn\/wp-json\/wp\/v2\/comments?post=1322"}],"version-history":[{"count":1,"href":"https:\/\/wp.unil.ch\/dawn\/wp-json\/wp\/v2\/pages\/1322\/revisions"}],"predecessor-version":[{"id":3370,"href":"https:\/\/wp.unil.ch\/dawn\/wp-json\/wp\/v2\/pages\/1322\/revisions\/3370"}],"wp:featuredmedia":[{"embeddable":true,"href":"https:\/\/wp.unil.ch\/dawn\/wp-json\/wp\/v2\/media\/1786"}],"wp:attachment":[{"href":"https:\/\/wp.unil.ch\/dawn\/wp-json\/wp\/v2\/media?parent=1322"}],"curies":[{"name":"wp","href":"https:\/\/api.w.org\/{rel}","templated":true}]}}