{"id":1312,"date":"2022-09-12T14:36:01","date_gmt":"2022-09-12T12:36:01","guid":{"rendered":"https:\/\/wp.unil.ch\/dawn\/?page_id=1312"},"modified":"2024-10-01T15:28:38","modified_gmt":"2024-10-01T13:28:38","slug":"sig_tp3","status":"publish","type":"page","link":"https:\/\/wp.unil.ch\/dawn\/sig_tp3\/","title":{"rendered":"TP3: G\u00e9odatabase et  requ\u00eates attributaires"},"content":{"rendered":"\n<details class=\"wp-block-details is-layout-flow wp-block-details-is-layout-flow\"><summary>Introduction<\/summary>\n<div class=\"wp-block-group\"><div class=\"wp-block-group__inner-container is-layout-constrained wp-block-group-is-layout-constrained\">\n<p>La mise en \u0153uvre d&#8217;un projet SIG demande des donn\u00e9es d\u00e9finies dans un syst\u00e8me de coordonn\u00e9es. Le recueil de donn\u00e9es est l&#8217;une des t\u00e2ches les plus fondamentales (et laborieuses) dans un projet SIG, donc il est particuli\u00e8rement important de savoir d\u2019o\u00f9 t\u00e9l\u00e9charger les g\u00e9odonn\u00e9es et comment les organiser de mani\u00e8re logique au sein d\u2019un logiciel SIG.<\/p>\n\n\n\n<p>Dans ce TP, nous allons apprendre comment :<\/p>\n\n\n\n<ol class=\"wp-block-list\">\n<li>Chercher et t\u00e9l\u00e9charger des g\u00e9odonn\u00e9es<\/li>\n\n\n\n<li>Cr\u00e9er une G\u00e9odatabase o\u00f9 stocker et organiser les g\u00e9odonn\u00e9es<\/li>\n\n\n\n<li>\u00c9diter les g\u00e9odonn\u00e9es et faire des requ\u00eates attributaires<\/li>\n<\/ol>\n\n\n\n<p>Ce TP n\u2019aurait pas \u00e9t\u00e9 possible sans les ressources list\u00e9es ci-dessous:<\/p>\n\n\n\n<ul class=\"wp-block-list\">\n<li><em>TP3 du cours \u201cG\u00e9omatique et SIG\u201d de Privat-docent Dr. Marj Tonini<\/em><\/li>\n\n\n\n<li><em>(Image de couverture) &#8220;Container storage&#8221; par pixabay.com<\/em><\/li>\n<\/ul>\n<\/div><\/div>\n<\/details>\n\n\n\n<details class=\"wp-block-details is-layout-flow wp-block-details-is-layout-flow\"><summary>1. Recherche et t\u00e9l\u00e9chargement de g\u00e9odonn\u00e9es<\/summary>\n<div class=\"wp-block-group\"><div class=\"wp-block-group__inner-container is-layout-constrained wp-block-group-is-layout-constrained\">\n<p>Dans ce premier exercice, tu verras comment rechercher des g\u00e9odonn\u00e9es pour la Suisse, tels que les \u00e9l\u00e9ments du paysage, les limites administratives des cantons\/communes (g\u00e9ometries), les images a\u00e9riennes et diff\u00e9rents types de carte.<\/p>\n\n\n\n<p>Dans le programme du cours, nous avons regroup\u00e9 quelques ressources utiles pour la recherche de g\u00e9odonn\u00e9es (voir &#8220;3.2 Sources de g\u00e9odonn\u00e9es&#8221;).<\/p>\n\n\n\n<figure class=\"wp-block-image size-full\"><img alt=\"\" loading=\"lazy\" decoding=\"async\" width=\"800\" height=\"420\" src=\"https:\/\/wp.unil.ch\/dawn\/files\/2022\/09\/Geodata-Feature-1.png\" alt=\"\" class=\"wp-image-1569\" srcset=\"https:\/\/wp.unil.ch\/dawn\/files\/2022\/09\/Geodata-Feature-1.png 800w, https:\/\/wp.unil.ch\/dawn\/files\/2022\/09\/Geodata-Feature-1-300x158.png 300w, https:\/\/wp.unil.ch\/dawn\/files\/2022\/09\/Geodata-Feature-1-768x403.png 768w\" sizes=\"auto, (max-width: 800px) 100vw, 800px\" \/><figcaption class=\"wp-element-caption\"><a href=\"https:\/\/gisgeography.com\/what-is-geodata-geospatial-data\/\">Source<\/a><\/figcaption><\/figure>\n\n\n\n<p>1a) Les g\u00e9om\u00e9tries de base peuvent constituer ton fond de carte. Pour la Suisse, le service ThemaKart de l&#8217;Office f\u00e9d\u00e9ral de statistique est une excellente source de g\u00e9odonn\u00e9es gratuites. Explore donc <a href=\"https:\/\/www.bfs.admin.ch\/bfs\/fr\/home\/statistiques\/statistique-regions\/fonds-cartes\/geometries-base.assetdetail.24025646.html\">cet hyperlien<\/a>.<\/p>\n\n\n\n<p>1b) De plus, tu pourrais avoir besoin de donn\u00e9es sur les \u00e9l\u00e9ments du paysage (par exemple les routes, les infrastructures, etc.). Geofabrik est une excellente source de g\u00e9odonn\u00e9es open source, y compris pour la Suisse. <a href=\"https:\/\/download.geofabrik.de\/europe\/switzerland.html\">Cet hyperlien<\/a> permet de visualiser les donn\u00e9es OpenStreetMap qu&#8217;on utilisera plus tard dans le TP.<\/p>\n\n\n\n<p>1c) Enfin, tu pourrais avoir besoin de certaines images raster ou d&#8217;un fond de carte d\u00e9taill\u00e9. Sur le site d\u00e9di\u00e9 de Swisstopo, il est possible de s\u00e9lectionner les images ou les cartes dont tu auras besoin, en choisissant aussi l&#8217;\u00e9chelle et la r\u00e9solution la plus appropri\u00e9e. Utilise <a href=\"https:\/\/www.swisstopo.admin.ch\/fr\/geodata.html\">cet hyperlien<\/a> pour trouver toutes les g\u00e9odonn\u00e9es accessibles.<\/p>\n\n\n\n<p>1d) \u00c0 toi maintenant de r\u00e9pondre aux 5 premi\u00e8res questions du quiz moodle (premi\u00e8re page), en allant sur le site de <a href=\"https:\/\/www.swisstopo.admin.ch\/fr\/geodata.html\">swisstopo<\/a> qui permet de chercher et t\u00e9l\u00e9charger beaucoup de g\u00e9odonn\u00e9es gratuites.<\/p>\n\n\n\n<details class=\"wp-block-details is-layout-flow wp-block-details-is-layout-flow\"><summary>Solution<\/summary>\n<div class=\"wp-block-group\"><div class=\"wp-block-group__inner-container is-layout-constrained wp-block-group-is-layout-constrained\">\n<figure class=\"wp-block-image size-full\"><img alt=\"\" loading=\"lazy\" decoding=\"async\" width=\"1900\" height=\"968\" src=\"https:\/\/wp.unil.ch\/dawn\/files\/2022\/09\/Swisstopo-4.gif\" alt=\"\" class=\"wp-image-1539\" \/><\/figure>\n<\/div><\/div>\n<\/details>\n<\/div><\/div>\n<\/details>\n\n\n\n<details class=\"wp-block-details is-layout-flow wp-block-details-is-layout-flow\"><summary>2. Organisation d&#8217;une g\u00e9odatabase<\/summary>\n<div class=\"wp-block-group\"><div class=\"wp-block-group__inner-container is-layout-constrained wp-block-group-is-layout-constrained\">\n<p>Tu connais maintenant les sources depuis lesquelles t\u00e9l\u00e9charger les donn\u00e9es n\u00e9cessaires pour ce TP! Pour te rendre la vie plus facile, nous avons d\u00e9j\u00e0 t\u00e9l\u00e9charg\u00e9 et nettoy\u00e9 les donn\u00e9es pour toi.<\/p>\n\n\n\n<p>Pour la partie suivante, au lieu de t\u00e9l\u00e9charger tes donn\u00e9es depuis les sites pr\u00e9sent\u00e9s pr\u00e9c\u00e9demment, nous t&#8217;invitons donc \u00e0 les t\u00e9l\u00e9charger depuis OneDrive \u00e0 <a href=\"https:\/\/unils-my.sharepoint.com\/:f:\/g\/personal\/tom_beucler_unil_ch\/EkENuQLSm6hAtcXdcNY0sV4Btqj9QVN5lkOVwX3_TReGMQ?e=evsSfM\">cet hyperlien<\/a>. Enregistre le dossier sur le bureau (desktop) et n&#8217;oublie pas de le <a href=\"https:\/\/support.microsoft.com\/fr-fr\/windows\/compresser-et-d%C3%A9compresser-des-fichiers-f6dde0a7-0fec-8294-e1d3-703ed85e7ebc#:~:text=To%20unzip%20files,folder%20to%20a%20new%20location.\">d\u00e9compresser<\/a>.<\/p>\n\n\n\n<p>2a) Maintenant que tu as import\u00e9 sur le bureau les couches dont t\u2019auras besoin, ouvre <em>ArcGIS Pro<\/em> et <a href=\"https:\/\/pro.arcgis.com\/fr\/pro-app\/latest\/help\/projects\/create-a-new-project.htm\">cr\u00e9e un nouveau projet &#8220;Carte&#8221; (Map)<\/a><\/p>\n\n\n\n<p>2b) Tout d&#8217;abord, connecte le dossier contenant les couches avec le logiciel <em>ArcGIS Pro<\/em>. Comme d&#8217;habitude, nous t&#8217;encourageons \u00e0 lire la documentation, cette fois-ci au lien suivant: <a href=\"https:\/\/pro.arcgis.com\/fr\/pro-app\/2.8\/help\/projects\/connect-to-a-folder.htm\">Add Folder Connection<\/a>. <\/p>\n\n\n\n<details class=\"wp-block-details is-layout-flow wp-block-details-is-layout-flow\"><summary>Solution<\/summary>\n<div class=\"wp-block-group\"><div class=\"wp-block-group__inner-container is-layout-constrained wp-block-group-is-layout-constrained\">\n<figure class=\"wp-block-image size-full\"><img alt=\"\" loading=\"lazy\" decoding=\"async\" width=\"1900\" height=\"968\" src=\"https:\/\/wp.unil.ch\/dawn\/files\/2022\/09\/Folder_connection-1.gif\" alt=\"\" class=\"wp-image-1544\" \/><\/figure>\n<\/div><\/div>\n<\/details>\n\n\n\n<p>2c) Il est maintenant possible de stocker les diff\u00e9rents types de donn\u00e9es relatives \u00e0 un projet dans une base de donn\u00e9es sp\u00e9cialement con\u00e7ue pour le stockage des donn\u00e9es spatiales et attributaires. Un tel conteneur est appel\u00e9 <strong><a href=\"https:\/\/en.wikipedia.org\/wiki\/Spatial_database#Geodatabase\">G\u00e9odatabase<\/a><\/strong>. La g\u00e9odatabase offre la possibilit\u00e9 de stocker efficacement diff\u00e9rents types de donn\u00e9es aussi bien spatiales (shapefiles et images recouvrant le m\u00eame espace g\u00e9ographique) que non-spatiales (tables attributaires).<\/p>\n\n\n\n<p>Dans ArcGIS Pro, une g\u00e9odatabase est cr\u00e9\u00e9e automatiquement lorsqu&#8217;un nouveau projet est cr\u00e9\u00e9. Dans ce TP, nous allons voir comment en cr\u00e9er une nouvelle manuellement.<\/p>\n\n\n\n<p><a href=\"https:\/\/pro.arcgis.com\/fr\/pro-app\/latest\/help\/data\/geodatabases\/manage-file-gdb\/create-file-geodatabase.htm\">Cr\u00e9e donc un File G\u00e9odatabase<\/a> dans le dossier connect\u00e9, d\u00e9finis-la comme celle par d\u00e9faut et renomme-la <em>Data_CH<\/em>.<\/p>\n\n\n\n<details class=\"wp-block-details is-layout-flow wp-block-details-is-layout-flow\"><summary>Solution<\/summary>\n<div class=\"wp-block-group\"><div class=\"wp-block-group__inner-container is-layout-constrained wp-block-group-is-layout-constrained\">\n<figure class=\"wp-block-image size-full\"><img alt=\"\" loading=\"lazy\" decoding=\"async\" width=\"1900\" height=\"968\" src=\"https:\/\/wp.unil.ch\/dawn\/files\/2022\/09\/Geodatabase_connection.gif\" alt=\"\" class=\"wp-image-1546\" \/><figcaption class=\"wp-element-caption\">NB: Il est important de mettre la G\u00e9odatabase que tu viens de cr\u00e9er comme G\u00e9odatabase par default afin d&#8217;enregistrer automatiquement toutes les couches de ton projet futur \u00e0 cet endroit!<\/figcaption><\/figure>\n<\/div><\/div>\n<\/details>\n\n\n\n<p>2d) <strong>Bravo ! <\/strong><strong>Tu viens tout juste de cr\u00e9er ta premi\u00e8re G\u00e9odatabase dans ArcGIS Pro.<\/strong> Avant d\u2019importer les g\u00e9odonn\u00e9es, r\u00e9fl\u00e9chissons d&#8217;abord \u00e0 comment les organiser.<\/p>\n\n\n\n<p>Pour l&#8217;exercice, cr\u00e9e \u00e0 l&#8217;int\u00e9rieur soit les 3 Datasets conseill\u00e9s (SOURCE, TEMP, RESULTS), soit les Datasets th\u00e9matiques de ton choix. Par exemple, tu peux cr\u00e9er un  pour les couches relatives aux eaux (lacs, rivi\u00e8res, etc.) et un autre pour les g\u00e9om\u00e9tries de base (cantons, districts, villes, etc.). Tu peux aussi ajouter les couches vectorielles sous-forme de <a href=\"https:\/\/pro.arcgis.com\/fr\/pro-app\/latest\/help\/data\/geodatabases\/overview\/feature-class-basics.htm\">classe d&#8217;entit\u00e9s<\/a> (<em><a href=\"https:\/\/pro.arcgis.com\/en\/pro-app\/latest\/help\/data\/geodatabases\/overview\/feature-class-basics.htm\">Feature Class<\/a>).<\/em><\/p>\n\n\n\n<p>Organise ta G\u00e9odatabase de mani\u00e8re logique!<\/p>\n\n\n\n<p><strong>Attention \u00e0 suivre toujours les bonnes pratiques pour nommer tes couches de donn\u00e9es (voir Cours 3).<\/strong><\/p>\n\n\n\n<details class=\"wp-block-details is-layout-flow wp-block-details-is-layout-flow\"><summary>Solution<\/summary>\n<div class=\"wp-block-group\"><div class=\"wp-block-group__inner-container is-layout-constrained wp-block-group-is-layout-constrained\">\n<figure class=\"wp-block-image size-full\"><img alt=\"\" loading=\"lazy\" decoding=\"async\" width=\"1900\" height=\"968\" src=\"https:\/\/wp.unil.ch\/dawn\/files\/2022\/09\/Organisation_geodatabase.gif\" alt=\"\" class=\"wp-image-1549\" \/><\/figure>\n<\/div><\/div>\n<\/details>\n\n\n\n<p>2e) Tu as peut-\u00eatre remarqu\u00e9 que la seule couche raster (Image_1) n\u2019a pas pu \u00eatre plac\u00e9e directement dans la G\u00e9odatabase. Pour ce faire, il faut utiliser la fonction de conversion <em><a href=\"https:\/\/pro.arcgis.com\/fr\/pro-app\/latest\/tool-reference\/conversion\/raster-to-geodatabase-multiple-.htm\">Raster vers Geodatabase<\/a><\/em>.<\/p>\n\n\n\n<details class=\"wp-block-details is-layout-flow wp-block-details-is-layout-flow\"><summary>Solution<\/summary>\n<div class=\"wp-block-group\"><div class=\"wp-block-group__inner-container is-layout-constrained wp-block-group-is-layout-constrained\">\n<figure class=\"wp-block-image size-full\"><img alt=\"\" loading=\"lazy\" decoding=\"async\" width=\"1900\" height=\"968\" src=\"https:\/\/wp.unil.ch\/dawn\/files\/2022\/09\/Raster_geodatabase.gif\" alt=\"\" class=\"wp-image-1552\" \/><\/figure>\n<\/div><\/div>\n<\/details>\n\n\n\n<p>Tu peux d\u00e9sormais r\u00e9pondre aux questions du quiz Moodle sur la partie 2 (deuxi\u00e8me page sur Moodle).<\/p>\n\n\n\n<p>2f) Il nous reste encore une chose importante \u00e0 apprendre. \u00c0 ton avis, pourquoi avions-nous mis notre G\u00e9odatabase comme base de donn\u00e9es par d\u00e9faut ?<\/p>\n\n\n\n<details class=\"wp-block-details is-layout-flow wp-block-details-is-layout-flow\"><summary>Solution<\/summary>\n<div class=\"wp-block-group\"><div class=\"wp-block-group__inner-container is-layout-constrained wp-block-group-is-layout-constrained\">\n<p>Afin d&#8217;y stocker les sorties d&#8217;un g\u00e9otraitement des donn\u00e9es.<\/p>\n<\/div><\/div>\n<\/details>\n\n\n\n<p>Comme exemple, tu vas maintenant extraire de la couche <em>Cantons<\/em> un canton de ton choix et l&#8217;enregistrer dans la G\u00e9odatabase. De cette mani\u00e8re, nous allons cr\u00e9er un nouveau &#8220;shapefile&#8221; qui contiendra un canton suisse. Pour cela, utilise l&#8217;outil de g\u00e9otraitement permettant d&#8217;<a href=\"https:\/\/pro.arcgis.com\/fr\/pro-app\/latest\/help\/data\/geodatabases\/overview\/export-data.htm#:~:text=To%20export%20a%20feature%20class,access%20the%20drop-down%20menu.\">exporter des donn\u00e9es<\/a>, nomm\u00e9 <em><a href=\"https:\/\/pro.arcgis.com\/en\/pro-app\/latest\/help\/data\/geodatabases\/overview\/export-data.htm#:~:text=To%20export%20a%20feature%20class,access%20the%20drop%2Ddown%20menu.\">Export Data<\/a>.<\/em><\/p>\n\n\n\n<p>Place le r\u00e9sultat dans le Dataset RESULTS.<\/p>\n\n\n\n<details class=\"wp-block-details is-layout-flow wp-block-details-is-layout-flow\"><summary>Solution<\/summary>\n<div class=\"wp-block-group\"><div class=\"wp-block-group__inner-container is-layout-constrained wp-block-group-is-layout-constrained\">\n<figure class=\"wp-block-image size-full\"><img alt=\"\" loading=\"lazy\" decoding=\"async\" width=\"1900\" height=\"968\" src=\"https:\/\/wp.unil.ch\/dawn\/files\/2022\/09\/extract.gif\" alt=\"\" class=\"wp-image-1555\" \/><\/figure>\n<\/div><\/div>\n<\/details>\n\n\n\n<p>N&#8217;oublie surtout pas d&#8217;enregistrer le projet!<\/p>\n<\/div><\/div>\n<\/details>\n\n\n\n<details class=\"wp-block-details is-layout-flow wp-block-details-is-layout-flow\"><summary>3. \u00c9dition des g\u00e9odonn\u00e9es et requ\u00eates attributaires<\/summary>\n<div class=\"wp-block-group\"><div class=\"wp-block-group__inner-container is-layout-constrained wp-block-group-is-layout-constrained\">\n<p id=\"GUID-722B90BC-4A13-4F5C-B28E-26E6319E2BE6\">Dans cette derni\u00e8re partie tu vas apprendre comment selectionner les entit\u00e9s en fonction des informations qu&#8217;elles contiennent (i.e., les attributs). <\/p>\n\n\n\n<p id=\"GUID-722B90BC-4A13-4F5C-B28E-26E6319E2BE6\">Tu peux s\u00e9lectionner des entit\u00e9s dans une carte interactive, ou les s\u00e9lectionner en fonction de leurs attributs. Lors de la s\u00e9lection par attribut, il faut choisir la m\u00e9thode de s\u00e9lection et \u00e9crire une expression pour s\u00e9lectionner un sous-ensemble d\u2019entit\u00e9s bien d\u00e9fini.<\/p>\n\n\n\n<p id=\"GUID-02647117-3ED2-4969-8DD4-C6B8CD0AF1AF\">Pour s\u00e9lectionner un sous-ensemble d\u2019entit\u00e9s dans une carte en \u00e9crivant une expression, utilise l&#8217;outil&nbsp;de g\u00e9otraitement <strong>Select By Attributes (<a href=\"https:\/\/pro.arcgis.com\/fr\/pro-app\/2.8\/tool-reference\/data-management\/select-layer-by-attribute.htm\">S\u00e9lectionner par attributs<\/a>)<\/strong>. \u00c0 l\u2019aide de cet outil, cr\u00e9e une <a href=\"https:\/\/pro.arcgis.com\/fr\/pro-app\/latest\/help\/mapping\/navigation\/write-a-query-in-the-query-builder.htm\">requ\u00eate<\/a> (<a href=\"https:\/\/fr.wikipedia.org\/wiki\/Structured_Query_Language\">SQL<\/a>) pour s\u00e9lectionner les entit\u00e9s qui correspondent aux crit\u00e8res de s\u00e9lection dans une couche ou une table.<\/p>\n\n\n\n<p>Par exemple : Depuis la couche <em>Railways, <\/em>s\u00e9lectionne les tron\u00e7ons ferroviaires avec un tunnel.<\/p>\n\n\n\n<p>NB: Une fois la s\u00e9lection r\u00e9alis\u00e9e, le nombre d&#8217;\u00e9l\u00e9ments avec ces attributs est affich\u00e9 en bas de la <a href=\"https:\/\/pro.arcgis.com\/fr\/pro-app\/latest\/help\/analysis\/raster-functions\/attribute-table-function.htm\">table attributaire<\/a>.<\/p>\n\n\n\n<details class=\"wp-block-details is-layout-flow wp-block-details-is-layout-flow\"><summary>Solution<\/summary>\n<div class=\"wp-block-group\"><div class=\"wp-block-group__inner-container is-layout-constrained wp-block-group-is-layout-constrained\">\n<figure class=\"wp-block-image size-full\"><img alt=\"\" loading=\"lazy\" decoding=\"async\" width=\"1900\" height=\"968\" src=\"https:\/\/wp.unil.ch\/dawn\/files\/2022\/09\/attributs.gif\" alt=\"\" class=\"wp-image-1558\" \/><\/figure>\n<\/div><\/div>\n<\/details>\n\n\n\n<p>3a) Tu peux maintenant cr\u00e9er les requ\u00eates n\u00e9cessaires pour terminer le quiz sur Moodle (troisi\u00e8me page).<\/p>\n\n\n\n<p>3b) Soumets ton projet au format <em>.aprx<\/em> et ta g\u00e9odatabase au format <em>.gdb<\/em> en suivant les conseils ci-dessous. Pour faciliter la soumission Moodle, tu peux comprimer la G\u00e9odatabase, par exemple dans un dossier <em>.zip<\/em>. Si la version comprim\u00e9e de ta g\u00e9odatabase p\u00e8se toujours plus de 100MB, soumets un lien de partage OneDrive vers ta g\u00e9odatabase sur Moodle.<\/p>\n\n\n\n<p>\u26a0\ufe0f Le projet doit \u00eatre enregistr\u00e9 <strong>au m\u00eame emplacement que le dossier de la G\u00e9odatabase<\/strong> (Data_TP3 dans l&#8217;exemple), sinon tu n&#8217;auras plus acc\u00e8s \u00e0 la visualisation des couches modifi\u00e9es et des points d&#8217;exclamation rouges vont appara\u00eetre \u00e0 c\u00f4t\u00e9 des couches si tu r\u00e9ouvre le projet ! <\/p>\n\n\n\n<p>Une fois la g\u00e9odatabase et le projet enregistr\u00e9s au bon emplacement, efface tous les \u00e9l\u00e9ments contenus dans le dossier du projet, en gardant juste le fichier <em>ArcGIS Pro Project (.aprx) <\/em>et le dossier contenant la <em>g\u00e9odatabase<\/em> <em>(.gdb)<\/em>. <\/p>\n\n\n\n<p><strong>N&#8217;ai pas peur de supprimer les autres fichiers car la g\u00e9odatabase contient toutes les couches import\u00e9es <strong>pr\u00e9c\u00e9demment<\/strong><\/strong> <strong>si tu as bien suivi les instructions du TP.<\/strong><\/p>\n\n\n\n<details class=\"wp-block-details is-layout-flow wp-block-details-is-layout-flow\"><summary>Solution<\/summary>\n<div class=\"wp-block-group\"><div class=\"wp-block-group__inner-container is-layout-constrained wp-block-group-is-layout-constrained\">\n<figure class=\"wp-block-image size-full\"><img alt=\"\" loading=\"lazy\" decoding=\"async\" width=\"1900\" height=\"968\" src=\"https:\/\/wp.unil.ch\/dawn\/files\/2022\/09\/save.gif\" alt=\"\" class=\"wp-image-1564\" \/><\/figure>\n<\/div><\/div>\n<\/details>\n\n\n\n<p><strong>BIEN JOU\u00c9 !!!<\/strong><\/p>\n\n\n\n<figure class=\"wp-block-image size-full\"><img alt=\"\" loading=\"lazy\" decoding=\"async\" width=\"306\" height=\"438\" src=\"https:\/\/wp.unil.ch\/dawn\/files\/2022\/09\/raccoon.gif\" alt=\"\" class=\"wp-image-1573\" \/><\/figure>\n<\/div><\/div>\n<\/details>\n","protected":false},"excerpt":{"rendered":"","protected":false},"author":1002490,"featured_media":1592,"parent":0,"menu_order":0,"comment_status":"closed","ping_status":"closed","template":"templates\/template-cover.php","meta":{"_seopress_robots_primary_cat":"","_seopress_titles_title":"","_seopress_titles_desc":"","_seopress_robots_index":"","footnotes":""},"class_list":["post-1312","page","type-page","status-publish","has-post-thumbnail"],"_links":{"self":[{"href":"https:\/\/wp.unil.ch\/dawn\/wp-json\/wp\/v2\/pages\/1312","targetHints":{"allow":["GET"]}}],"collection":[{"href":"https:\/\/wp.unil.ch\/dawn\/wp-json\/wp\/v2\/pages"}],"about":[{"href":"https:\/\/wp.unil.ch\/dawn\/wp-json\/wp\/v2\/types\/page"}],"author":[{"embeddable":true,"href":"https:\/\/wp.unil.ch\/dawn\/wp-json\/wp\/v2\/users\/1002490"}],"replies":[{"embeddable":true,"href":"https:\/\/wp.unil.ch\/dawn\/wp-json\/wp\/v2\/comments?post=1312"}],"version-history":[{"count":2,"href":"https:\/\/wp.unil.ch\/dawn\/wp-json\/wp\/v2\/pages\/1312\/revisions"}],"predecessor-version":[{"id":3326,"href":"https:\/\/wp.unil.ch\/dawn\/wp-json\/wp\/v2\/pages\/1312\/revisions\/3326"}],"wp:featuredmedia":[{"embeddable":true,"href":"https:\/\/wp.unil.ch\/dawn\/wp-json\/wp\/v2\/media\/1592"}],"wp:attachment":[{"href":"https:\/\/wp.unil.ch\/dawn\/wp-json\/wp\/v2\/media?parent=1312"}],"curies":[{"name":"wp","href":"https:\/\/api.w.org\/{rel}","templated":true}]}}