{"id":1247,"date":"2022-09-09T11:24:37","date_gmt":"2022-09-09T09:24:37","guid":{"rendered":"https:\/\/wp.unil.ch\/dawn\/?page_id=1247"},"modified":"2023-09-13T16:56:00","modified_gmt":"2023-09-13T14:56:00","slug":"sig_tp2","status":"publish","type":"page","link":"https:\/\/wp.unil.ch\/dawn\/sig_tp2\/","title":{"rendered":"TP2: Fondamentaux de l&#8217;information g\u00e9ographique"},"content":{"rendered":"\n<details class=\"wp-block-details is-layout-flow wp-block-details-is-layout-flow\"><summary>Introduction<\/summary>\n<div class=\"wp-block-group\"><div class=\"wp-block-group__inner-container is-layout-constrained wp-block-group-is-layout-constrained\">\n<p>Bienvenue au deuxi\u00e8me TP du cours de G\u00e9omatique et SIG ! Dans ce travail pratique nous allons explorer les fondements de l\u2019information g\u00e9ographique et des SIG. La particularit\u00e9 des SIG est de permettre la visualisation et la manipulation de donn\u00e9es spatialis\u00e9es et associ\u00e9es \u00e0 des attributs. La localisation spatiale des objets est exprim\u00e9 en fonction d\u2019une <em>g\u00e9or\u00e9f\u00e9rence<\/em>, c\u2019est-\u00e0-dire un syst\u00e8me de r\u00e9f\u00e9rence dans l\u2019espace. Cette derni\u00e8re utilise des syst\u00e8mes de coordonn\u00e9es pour exprimer la position des objets dans l\u2019espace. Chaque projet ouvert dans le logiciel SIG poss\u00e8de \u2014 qu&#8217;il soit pr\u00e9d\u00e9fini ou pas \u2014 un syst\u00e8me de coordonn\u00e9es g\u00e9ographiques ou projet\u00e9es. Chaque couche ajout\u00e9e dans le projet sera reprojet\u00e9e par le logiciel SIG dans le syst\u00e8me de r\u00e9f\u00e9rence utilis\u00e9.<\/p>\n\n\n\n<details class=\"wp-block-details is-layout-flow wp-block-details-is-layout-flow\"><summary>Pour plus d&#8217;information sur les projections<\/summary>\n<div class=\"wp-block-group\"><div class=\"wp-block-group__inner-container is-layout-constrained wp-block-group-is-layout-constrained\">\n<p>Syst\u00e8me coordonn\u00e9es projet\u00e9es (en degr\u00e9s d\u00e9cimaux) : <a href=\"https:\/\/desktop.arcgis.com\/fr\/arcmap\/10.6\/map\/projections\/about-projected-coordinate-systems.htm\">https:\/\/desktop.arcgis.com\/fr\/arcmap\/10.6\/map\/projections\/about-projected-coordinate-systems.htm<\/a><\/p>\n\n\n\n<p>Syst\u00e8mes coordonn\u00e9es g\u00e9ographiques (en m\u00e8tres) :&nbsp;<a href=\"https:\/\/desktop.arcgis.com\/fr\/arcmap\/10.6\/map\/projections\/about-geographic-coordinate-systems.htm\">https:\/\/desktop.arcgis.com\/fr\/arcmap\/10.6\/map\/projections\/about-geographic-coordinate-systems.htm<\/a><\/p>\n<\/div><\/div>\n<\/details>\n\n\n\n<p>Nos objectifs p\u00e9dagogiques sont les suivants:<\/p>\n\n\n\n<ol class=\"wp-block-list\">\n<li>Comprendre les principes du g\u00e9or\u00e9f\u00e9rencement et des informations g\u00e9ographiques<\/li>\n\n\n\n<li>Comprendre les diff\u00e9rences et les caract\u00e9ristiques propres aux syst\u00e8mes de coordonn\u00e9es g\u00e9ographiques et projet\u00e9es<\/li>\n\n\n\n<li>Savoir ce qu&#8217;est le DATUM (syst\u00e8me g\u00e9od\u00e9sique) et savoir le manipuler<\/li>\n\n\n\n<li>Conna\u00eetre les propri\u00e9t\u00e9s des diff\u00e9rentes projections<\/li>\n\n\n\n<li>Utiliser les indicateurs de Tissot pour diff\u00e9rencier et comprendre les projections<\/li>\n\n\n\n<li>Mesurer des distances<\/li>\n<\/ol>\n\n\n\n<p>Ce TP n\u2019aurait pas \u00e9t\u00e9 possible sans les ressources list\u00e9es ci-dessous:<\/p>\n\n\n\n<ul class=\"wp-block-list\">\n<li><em>TP2 du cours \u201cG\u00e9omatique et SIG\u201d de Privat-docent Dr. Marj Tonini<\/em><\/li>\n\n\n\n<li><em>(Image de couverture)<\/em> <em><em>\u201c<\/em>Orange peel.\u201d par John_M_Nelson (ESRI)<\/em><\/li>\n<\/ul>\n<\/div><\/div>\n<\/details>\n\n\n\n<details class=\"wp-block-details is-layout-flow wp-block-details-is-layout-flow\"><summary>1. T\u00e9l\u00e9charger les donn\u00e9es du TP<\/summary>\n<div class=\"wp-block-group\"><div class=\"wp-block-group__inner-container is-layout-constrained wp-block-group-is-layout-constrained\">\n<p>T\u00e9l\u00e9charge les donn\u00e9es du TP sur ta machine virtuelle en utilisant <a href=\"https:\/\/unils-my.sharepoint.com\/:f:\/g\/personal\/tom_beucler_unil_ch\/EuOSlnxO7jtHkHZ3n39vNmUBjE3l0lH06CEC151o1bGFxg?e=3fdwtU\">cet hyperlien<\/a>. D\u00e9place le fichier dans un dossier de la machine virtuelle. <\/p>\n<\/div><\/div>\n<\/details>\n\n\n\n<details class=\"wp-block-details is-layout-flow wp-block-details-is-layout-flow\"><summary>2. Les syst\u00e8mes de coordonn\u00e9es<\/summary>\n<div class=\"wp-block-group\"><div class=\"wp-block-group__inner-container is-layout-constrained wp-block-group-is-layout-constrained\">\n<p>Dans cet exercice, tu vas afficher et explorer diff\u00e9rentes projections cartographiques afin d\u2019\u00e9tudier les distorsions induites au niveau de la direction, des surfaces et des distances.<\/p>\n\n\n\n<p>Ouvre le projet nomm\u00e9 TP2 (<a href=\"https:\/\/pro.arcgis.com\/fr\/pro-app\/2.8\/help\/projects\/what-is-a-project.htm\">filetype : ArcGIS Project File<\/a>) situ\u00e9 dans le dossier. ArcGIS devrait s&#8217;ouvrir automatiquement et te proposer une carte du monde depuis l&#8217;espace avec des cercles roses (<a href=\"https:\/\/en.wikipedia.org\/wiki\/Tissot%27s_indicatrix\">les ellipses de Tissot<\/a>). <\/p>\n\n\n\n<p>Maintenant, r\u00e9ponds aux questions de la premi\u00e8re page du \u201cQuiz_TP2\u201d sur Moodle.  Tu peux reprendre le test autant de fois que tu le souhaites.<\/p>\n\n\n\n<p>Pour changer le syst\u00e8me de projection de la carte initiale, suis les instructions <a href=\"https:\/\/pro.arcgis.com\/fr\/pro-app\/latest\/help\/mapping\/properties\/specify-a-coordinate-system.htm\">de la documentation<\/a> pour acc\u00e9der aux syst\u00e8mes de coordonn\u00e9es (<em>Coordinate system<\/em>), tape<em> <\/em>le nom ou le code EPSG de la projection souhait\u00e9e dans la barre de recherche ou cherche manuellement la projection souhait\u00e9e depuis la liste. <\/p>\n\n\n\n<details class=\"wp-block-details is-layout-flow wp-block-details-is-layout-flow\"><summary>Solution<\/summary>\n<div class=\"wp-block-group\"><div class=\"wp-block-group__inner-container is-layout-constrained wp-block-group-is-layout-constrained\">\n<figure class=\"wp-block-image size-full\"><img alt=\"\" loading=\"lazy\" decoding=\"async\" width=\"1280\" height=\"720\" src=\"https:\/\/wp.unil.ch\/dawn\/files\/2022\/09\/TP2_new_projection-7.gif\" alt=\"\" class=\"wp-image-1483\" \/><\/figure>\n<\/div><\/div>\n<\/details>\n<\/div><\/div>\n<\/details>\n\n\n\n<details class=\"wp-block-details is-layout-flow wp-block-details-is-layout-flow\"><summary>3. Error 404 coordinates not found<\/summary>\n<div class=\"wp-block-group\"><div class=\"wp-block-group__inner-container is-layout-constrained wp-block-group-is-layout-constrained\">\n<p>Un groupe en train de faire une randonn\u00e9e au parc national suisse s\u2019est perdu \u00e0 cause du mauvais temps ! Le groupe doit absolument se rendre dans un endroit prot\u00e9g\u00e9 le plus vite possible, mais n\u2019a \u00e0 disposition que la carte <em>Partie_2<\/em>. Aide-les \u00e0 retrouver leur chemin! <\/p>\n\n\n\n<figure class=\"wp-block-image size-large\"><img alt=\"\" loading=\"lazy\" decoding=\"async\" width=\"1024\" height=\"683\" src=\"https:\/\/wp.unil.ch\/dawn\/files\/2022\/09\/AdobeStock_305863981-1-1024x683.jpeg\" alt=\"\" class=\"wp-image-1511\" srcset=\"https:\/\/wp.unil.ch\/dawn\/files\/2022\/09\/AdobeStock_305863981-1-1024x683.jpeg 1024w, https:\/\/wp.unil.ch\/dawn\/files\/2022\/09\/AdobeStock_305863981-1-300x200.jpeg 300w, https:\/\/wp.unil.ch\/dawn\/files\/2022\/09\/AdobeStock_305863981-1-768x513.jpeg 768w, https:\/\/wp.unil.ch\/dawn\/files\/2022\/09\/AdobeStock_305863981-1-1536x1025.jpeg 1536w, https:\/\/wp.unil.ch\/dawn\/files\/2022\/09\/AdobeStock_305863981-1-1200x801.jpeg 1200w, https:\/\/wp.unil.ch\/dawn\/files\/2022\/09\/AdobeStock_305863981-1.jpeg 1798w\" sizes=\"auto, (max-width: 1024px) 100vw, 1024px\" \/><figcaption class=\"wp-element-caption\">Aideras-tu le groupe \u00e0 temps?<\/figcaption><\/figure>\n\n\n\n<p>Il est temps de r\u00e9pondre aux questions de la deuxi\u00e8me page du \u201cQuiz_TP2\u201d sur Moodle. La carte <em>Partie_2<\/em> contient deux points : le point orange correspondant \u00e0 la position du groupe, et le point bleu correspondant \u00e0 la position de la cabane <em>Chamanna Cluozza<\/em>.<\/p>\n\n\n\n<p>Mesure la distance entre les deux points (double-clique pour terminer la mesure) et prends-en note. Maintenant, <a href=\"https:\/\/pro.arcgis.com\/fr\/pro-app\/latest\/help\/mapping\/properties\/specify-a-coordinate-system.htm\">change le syst\u00e8me de coordonn\u00e9es<\/a> vers celui d&#8217;origine (utilis\u00e9 pendant la cr\u00e9ation des g\u00e9odonn\u00e9es), \u00e0 savoir : <a href=\"https:\/\/en.wikipedia.org\/wiki\/Swiss_coordinate_system\">CH1903+ LV95<\/a>. Mesure \u00e0 nouveau la distance entre les deux points. Quelle est la <strong>diff\u00e9rence<\/strong>&nbsp;entre les deux distances calcul\u00e9es (avant et apr\u00e8s la re-projection)? Astuce : Utilise <a href=\"https:\/\/pro.arcgis.com\/fr\/pro-app\/2.8\/help\/editing\/enable-snapping.htm\">l\u2019outil Capture<\/a> (<em>Snapping)<\/em> qui se trouve en bas de l&#8217;\u00e9cran.<\/p>\n\n\n\n<details class=\"wp-block-details is-layout-flow wp-block-details-is-layout-flow\"><summary>Solution<\/summary>\n<div class=\"wp-block-group\"><div class=\"wp-block-group__inner-container is-layout-constrained wp-block-group-is-layout-constrained\">\n<figure class=\"wp-block-image size-full\"><img alt=\"\" loading=\"lazy\" decoding=\"async\" width=\"1280\" height=\"720\" src=\"https:\/\/wp.unil.ch\/dawn\/files\/2022\/09\/TP2_snapping.gif\" alt=\"\" class=\"wp-image-1492\" \/><\/figure>\n<\/div><\/div>\n<\/details>\n\n\n\n<p>Le groupe poss\u00e8de d\u00e9sormais une carte qu\u2019il pourrait utiliser. Malheureusement, la nuit est tomb\u00e9e et il est impossible de se rep\u00e9rer avec uniquement une carte et une boussole. Heureusement, un membre du groupe s&#8217;aper\u00e7oit qu\u2019il a apport\u00e9 un vieux GPS standard (fonctionnant en WGS 84).&nbsp;<\/p>\n\n\n\n<p>Quelles sont les coordonn\u00e9es de la cabane en degr\u00e9s, minutes et secondes? Astuce : utilise l\u2019outil <em>X, Y coordinate <\/em>qui se trouve en bas de l&#8217;\u00e9cran.<\/p>\n\n\n\n<details class=\"wp-block-details is-layout-flow wp-block-details-is-layout-flow\"><summary>Solution<\/summary>\n<div class=\"wp-block-group\"><div class=\"wp-block-group__inner-container is-layout-constrained wp-block-group-is-layout-constrained\">\n<figure class=\"wp-block-image size-full\"><img alt=\"\" loading=\"lazy\" decoding=\"async\" width=\"1280\" height=\"720\" src=\"https:\/\/wp.unil.ch\/dawn\/files\/2022\/09\/TP2_coord.gif\" alt=\"\" class=\"wp-image-1487\" \/><\/figure>\n<\/div><\/div>\n<\/details>\n\n\n\n<p>Quelle est la diff\u00e9rence d\u2019altitude entre le groupe et la cabane? &nbsp;Pour r\u00e9pondre \u00e0 cette question, utilise les informations relatives \u00e0 couche <em>MNT_25<\/em>.<\/p>\n\n\n\n<details class=\"wp-block-details is-layout-flow wp-block-details-is-layout-flow\"><summary>Solution<\/summary>\n<div class=\"wp-block-group\"><div class=\"wp-block-group__inner-container is-layout-constrained wp-block-group-is-layout-constrained\">\n<figure class=\"wp-block-image size-full\"><img alt=\"\" loading=\"lazy\" decoding=\"async\" width=\"1280\" height=\"720\" src=\"https:\/\/wp.unil.ch\/dawn\/files\/2022\/09\/TP2_elevation.gif\" alt=\"\" class=\"wp-image-1488\" \/><\/figure>\n<\/div><\/div>\n<\/details>\n<\/div><\/div>\n<\/details>\n","protected":false},"excerpt":{"rendered":"","protected":false},"author":1002489,"featured_media":1510,"parent":0,"menu_order":0,"comment_status":"closed","ping_status":"closed","template":"templates\/template-cover.php","meta":{"_seopress_robots_primary_cat":"","_seopress_titles_title":"","_seopress_titles_desc":"","_seopress_robots_index":"","footnotes":""},"class_list":["post-1247","page","type-page","status-publish","has-post-thumbnail"],"_links":{"self":[{"href":"https:\/\/wp.unil.ch\/dawn\/wp-json\/wp\/v2\/pages\/1247","targetHints":{"allow":["GET"]}}],"collection":[{"href":"https:\/\/wp.unil.ch\/dawn\/wp-json\/wp\/v2\/pages"}],"about":[{"href":"https:\/\/wp.unil.ch\/dawn\/wp-json\/wp\/v2\/types\/page"}],"author":[{"embeddable":true,"href":"https:\/\/wp.unil.ch\/dawn\/wp-json\/wp\/v2\/users\/1002489"}],"replies":[{"embeddable":true,"href":"https:\/\/wp.unil.ch\/dawn\/wp-json\/wp\/v2\/comments?post=1247"}],"version-history":[{"count":0,"href":"https:\/\/wp.unil.ch\/dawn\/wp-json\/wp\/v2\/pages\/1247\/revisions"}],"wp:featuredmedia":[{"embeddable":true,"href":"https:\/\/wp.unil.ch\/dawn\/wp-json\/wp\/v2\/media\/1510"}],"wp:attachment":[{"href":"https:\/\/wp.unil.ch\/dawn\/wp-json\/wp\/v2\/media?parent=1247"}],"curies":[{"name":"wp","href":"https:\/\/api.w.org\/{rel}","templated":true}]}}