{"id":6,"date":"2019-11-28T16:00:19","date_gmt":"2019-11-28T15:00:19","guid":{"rendered":"http:\/\/wp.unil.ch\/modele\/?page_id=6"},"modified":"2023-01-23T22:57:55","modified_gmt":"2023-01-23T21:57:55","slug":"home","status":"publish","type":"page","link":"https:\/\/wp.unil.ch\/davel2023\/","title":{"rendered":"Davel ou la vocation citoyennne"},"content":{"rendered":"\n<p class=\"has-large-font-size\">Bienvenue sur le site de l\u2019exposition \u00ab&nbsp;Davel ou la vocation citoyenne&nbsp;\u00bb pr\u00e9sent\u00e9e aux Archives cantonales vaudoises \u00e0 partir du 24 janvier et dans les gymnases vaudois au printemps 2023 \u00e0&nbsp;l\u2019occasion du 300<sup class=\"\">e<\/sup> anniversaire de la mort du Major Davel.<\/p>\n\n\n\n<p class=\"has-large-font-size\">Cette exposition participative, produite par plusieurs services de l\u2019Etat de Vaud et livr\u00e9e sous forme de kits avec des panneaux \u00e0 compl\u00e9ter et organiser au sein d\u2019ateliers de r\u00e9flexions entre enseignant\u00b7e\u00b7s et \u00e9l\u00e8ves, est compl\u00e9t\u00e9e par des contenus \u00e0 t\u00e9l\u00e9charger sur ce site. Ce mat\u00e9riel est \u00e0 disposition de toutes et tous, permettant ainsi \u00e0 d\u2019autres \u00e9tablissements de tous niveaux de traiter du th\u00e8me de Davel dans le cadre d\u2019enseignements, de conf\u00e9rences ou d\u2019expos\u00e9s.<\/p>\n\n\n\n<p class=\"has-large-font-size\">Que chacun\u00b7e se sente libre de piocher dans ce site les \u00e9l\u00e9ments dont il a besoin pour mieux conna\u00eetre le contexte historique dans lequel a agi Davel et les enjeux pass\u00e9s et pr\u00e9sents autour de ses actes et de leurs cons\u00e9quences&nbsp;!<\/p>\n\n\n\n<p class=\"has-text-align-right has-large-font-size\"><em>Bonne visite.<\/em><\/p>\n","protected":false},"excerpt":{"rendered":"<p>Une exposition participative aux Archives cantonales vaudoises et dans les gymnases vaudois.<\/p>\n","protected":false},"author":108,"featured_media":394,"parent":0,"menu_order":0,"comment_status":"closed","ping_status":"closed","template":"template-full-width-cover.php","meta":{"_seopress_robots_primary_cat":"","_seopress_titles_title":"","_seopress_titles_desc":"","_seopress_robots_index":"","ngg_post_thumbnail":0,"footnotes":""},"class_list":["post-6","page","type-page","status-publish","has-post-thumbnail"],"_links":{"self":[{"href":"https:\/\/wp.unil.ch\/davel2023\/wp-json\/wp\/v2\/pages\/6","targetHints":{"allow":["GET"]}}],"collection":[{"href":"https:\/\/wp.unil.ch\/davel2023\/wp-json\/wp\/v2\/pages"}],"about":[{"href":"https:\/\/wp.unil.ch\/davel2023\/wp-json\/wp\/v2\/types\/page"}],"author":[{"embeddable":true,"href":"https:\/\/wp.unil.ch\/davel2023\/wp-json\/wp\/v2\/users\/108"}],"replies":[{"embeddable":true,"href":"https:\/\/wp.unil.ch\/davel2023\/wp-json\/wp\/v2\/comments?post=6"}],"version-history":[{"count":0,"href":"https:\/\/wp.unil.ch\/davel2023\/wp-json\/wp\/v2\/pages\/6\/revisions"}],"wp:featuredmedia":[{"embeddable":true,"href":"https:\/\/wp.unil.ch\/davel2023\/wp-json\/wp\/v2\/media\/394"}],"wp:attachment":[{"href":"https:\/\/wp.unil.ch\/davel2023\/wp-json\/wp\/v2\/media?parent=6"}],"curies":[{"name":"wp","href":"https:\/\/api.w.org\/{rel}","templated":true}]}}