{"id":371,"date":"2023-01-23T15:24:37","date_gmt":"2023-01-23T14:24:37","guid":{"rendered":"https:\/\/wp.unil.ch\/davel2023\/?page_id=371"},"modified":"2023-01-23T17:37:55","modified_gmt":"2023-01-23T16:37:55","slug":"impressum","status":"publish","type":"page","link":"https:\/\/wp.unil.ch\/davel2023\/impressum\/","title":{"rendered":"Impressum complet"},"content":{"rendered":"\n<p><strong>Comit\u00e9 de pilotage de l\u2019exposition<\/strong>&nbsp;: Dominique Dirlewanger, professeur d\u2019histoire au gymnase de Provence et pr\u00e9sident de la&nbsp;Conf\u00e9rence cantonale des chefs&nbsp;de file&nbsp;d\u2019histoire, direction g\u00e9n\u00e9rale de l\u2019enseignement post-obligatoire (DGEP)&nbsp;; Fran\u00e7ois Falconet, directeur adjoint, Archives cantonales vaudoises (ACV)&nbsp;; Lionel Pernet, directeur du Mus\u00e9e cantonal d\u2019arch\u00e9ologie et d\u2019histoire (MCAH) et pr\u00e9sident du groupe d\u2019exploitation du Palais de Rumine.<\/p>\n\n\n\n<p><strong>Commissariat d\u2019exposition&nbsp;: <\/strong>Angela Benza, historienne de l\u2019art et charg\u00e9e de projet DGEP&nbsp;; Vincent Jaton, mus\u00e9ographe et concepteur de projet ind\u00e9pendant.<\/p>\n\n\n\n<p><strong>Graphisme et sc\u00e9nographie&nbsp;: <\/strong>OXYDE, Lausanne, sous la direction de Laurent Cl\u00e9ment, sc\u00e9nographe.<\/p>\n\n\n\n<p><strong>Comit\u00e9 scientifique et sp\u00e9cialistes consult\u00e9s&nbsp;: <\/strong>Corinne Chuard, journaliste et sp\u00e9cialiste d\u2019histoire vaudoise, L\u2019atelier texte&nbsp;; Gilbert Coutaz, ancien directeur des ACV et sp\u00e9cialiste du Major Davel&nbsp;; Vincent Fontana, historien et directeur du Mus\u00e9e d\u2019Yverdon et r\u00e9gion&nbsp;; \u00c9lisabeth Salvi, historienne et professeure d\u2019histoire au gymnase de la Cit\u00e9.<\/p>\n\n\n\n<p><strong>Professeurs de gymnases consult\u00e9s pendant toute la dur\u00e9e du projet et en charge des expositions dans les gymnases vaudois (DGEP)\u00a0:<\/strong> Fr\u00e9d\u00e9ric Vassaux, gymnase Auguste Piccard\u00a0; J\u00e9r\u00f4me Gygax, gymnase de Beaulieu\u00a0; S\u00e9verine Graff, gymnase du Bugnon site de l\u2019Ours\u00a0; Brigitte Rochat, gymnase du Bugnon site de S\u00e9velin\u00a0; Florian Kissling, gymnase de Burier ; Matthieu Cl\u00e9ment, gymnase de Bussigny ; Fr\u00e9d\u00e9ric Steputat, gymnase de Chamblandes\u00a0; Elisabeth Salvi, gymnase de la Cit\u00e9 ; Michel Pahud, gymnase de Morges; Ludivine De Dompierre, gymnase de Nyon\u00a0; Jasmine Menamkat, gymnase de Nyon La C\u00f4te\u00a0; Dominique Dirlewanger, gymnase de Provence\u00a0; Fabien Ruf, gymnase de Renens\u00a0; J\u00e9r\u00e9mie Rufener, gymnase d&rsquo;Yverdon.<\/p>\n\n\n\n<p><strong>Illustration&nbsp;:<\/strong> Delphine Meier<\/p>\n\n\n\n<p><strong>R\u00e9alisation du site internet\u00a0: <\/strong>Florian Rieder pour L\u2019\u00e9prouvette, Laboratoire \/ Sciences et Soci\u00e9t\u00e9 \/ UNIL<\/p>\n","protected":false},"excerpt":{"rendered":"<p>Comit\u00e9 de pilotage de l\u2019exposition&nbsp;: Dominique Dirlewanger, professeur d\u2019histoire au gymnase de Provence et pr\u00e9sident de la&nbsp;Conf\u00e9rence cantonale des chefs&nbsp;de file&nbsp;d\u2019histoire, direction g\u00e9n\u00e9rale de l\u2019enseignement post-obligatoire (DGEP)&nbsp;; Fran\u00e7ois&hellip;<\/p>\n","protected":false},"author":1002227,"featured_media":0,"parent":0,"menu_order":0,"comment_status":"closed","ping_status":"closed","template":"template-full-width.php","meta":{"_seopress_robots_primary_cat":"","_seopress_titles_title":"","_seopress_titles_desc":"","_seopress_robots_index":"","ngg_post_thumbnail":0,"footnotes":""},"class_list":["post-371","page","type-page","status-publish","has-post-thumbnail"],"_links":{"self":[{"href":"https:\/\/wp.unil.ch\/davel2023\/wp-json\/wp\/v2\/pages\/371","targetHints":{"allow":["GET"]}}],"collection":[{"href":"https:\/\/wp.unil.ch\/davel2023\/wp-json\/wp\/v2\/pages"}],"about":[{"href":"https:\/\/wp.unil.ch\/davel2023\/wp-json\/wp\/v2\/types\/page"}],"author":[{"embeddable":true,"href":"https:\/\/wp.unil.ch\/davel2023\/wp-json\/wp\/v2\/users\/1002227"}],"replies":[{"embeddable":true,"href":"https:\/\/wp.unil.ch\/davel2023\/wp-json\/wp\/v2\/comments?post=371"}],"version-history":[{"count":0,"href":"https:\/\/wp.unil.ch\/davel2023\/wp-json\/wp\/v2\/pages\/371\/revisions"}],"wp:attachment":[{"href":"https:\/\/wp.unil.ch\/davel2023\/wp-json\/wp\/v2\/media?parent=371"}],"curies":[{"name":"wp","href":"https:\/\/api.w.org\/{rel}","templated":true}]}}