{"id":314,"date":"2023-01-18T14:04:42","date_gmt":"2023-01-18T13:04:42","guid":{"rendered":"https:\/\/wp.unil.ch\/davel2023\/?page_id=314"},"modified":"2023-01-23T23:26:05","modified_gmt":"2023-01-23T22:26:05","slug":"credits","status":"publish","type":"page","link":"https:\/\/wp.unil.ch\/davel2023\/credits\/","title":{"rendered":"Cr\u00e9dits des illustrations utilis\u00e9es sur les panneaux d\u2019exposition"},"content":{"rendered":"\n<h2 class=\"wp-block-heading\"><strong>Panneau D <\/strong><\/h2>\n\n\n\n<ul class=\"wp-block-list\">\n<li>Jakob St\u00f6rcklein d\u2019apr\u00e8s un dessin de Louis Francosi Boizot, <em>Nova Ditionis Bernensis Tabula Geographica Ursi Effigie Delineata \/ Ursus Nuithonicus<\/em>, vers 1690 \u00a9 Collection priv\u00e9e.&nbsp;<\/li>\n\n\n\n<li><em>La premi\u00e8re s\u00e9ance du Grand Conseil vaudois, le 14 avril 1803 \u00e0 l&rsquo;H\u00f4tel de Ville de Lausanne (alors appel\u00e9 \u00ab\u00a0Maison de Commune\u00a0\u00bb) <\/em>\u00a9 vd.ch<\/li>\n\n\n\n<li>L<em>a salle de l\u2019Assembl\u00e9e constituante au d\u00e9but de l\u2019ann\u00e9e 1831<\/em>, estampe anonyme lithographi\u00e9e par Spengler &amp; Cie \u00e0 Lausanne et publi\u00e9e dans le Bon Messager de 1832 \u00a9 Mus\u00e9e Historique Lausanne.<\/li>\n\n\n\n<li>Firmin Massot, <em>Le bailli bernois Ludwig von B\u00fcren devant le ch\u00e2teau Saint-Maire de Lausanne en 1796<\/em>, Mus\u00e9e d\u2019Histoire de Berne \u00a9 Photographie Biblioth\u00e8que de la Bourgeoisie de Berne.<\/li>\n\n\n\n<li>Salle du Grand Conseil vaudois pendant une d\u00e9lib\u00e9ration (Images d\u2019archives) \u00a9 KEYSTONE \/ Laurent Gilli\u00e9ron.<\/li>\n\n\n\n<li><em>Le Conseil d\u2019\u00c9tat vaudois, De gauche \u00e0 droite : Aur\u00e9lien Buffat (chancelier d&rsquo;Etat), Vassilis Venizelos, Isabelle Moret, Rebecca Ruiz, Christelle Luisier Brodard (pr\u00e9sidente), Nuria Gorrite, Fr\u00e9d\u00e9ric Borloz et Val\u00e9rie Dittli, <\/em>2022 \u00a9 vd.ch.<\/li>\n<\/ul>\n\n\n\n<h2 class=\"wp-block-heading\"><strong>Panneau F <\/strong><\/h2>\n\n\n\n<p>Charles Gleyre, <em>L\u2019Ex\u00e9cution du Major Davel, <\/em>huile sur toile, 300 x 270 cm, Inv. 1387, \u00a9 Mus\u00e9e cantonal des Beaux-Arts, Lausanne.<\/p>\n\n\n\n<ol class=\"wp-block-list\" type=\"1\" start=\"1\">\n<li>Rapha\u00ebl, <em>R\u00e9surrection du Christ, <\/em>vers 1501-1502, huile sur bois \u00a9 Mus\u00e9e d\u2019Art de S\u00e3o Paulo, S\u00e3o Paulo.<\/li>\n\n\n\n<li>Titien, <em>La R\u00e9surrection du Christ, <\/em>vers 1512-1514, huile sur toile, 163 x 104 cm \u00a9 Galleria nazionale delle Marche, Urbino.<\/li>\n\n\n\n<li>Charles Gleyre, <em>La C\u00e8ne<\/em>, 1847-1848, Lausanne \u00a9 Mus\u00e9e cantonal des Beaux-Arts, Lausanne.<\/li>\n\n\n\n<li>Eustache Le Sueur, <em>La Pr\u00e9dication de Saint Paul \u00e0 <\/em>\u00c9ph\u00e8se, 1649, huile sur toile, 394 x 328 cm \u00a9 Mus\u00e9e du Louvre, Paris.<\/li>\n\n\n\n<li>Rapha\u00ebl, <em>Saint Paul pr\u00eachant \u00e0 Ath\u00e8nes, <\/em>vers 1515-1516, tempera sur papier mont\u00e9 sur toile (carton de tapisserie), 343 x 443 cm \u00a9 Victoria &amp; Albert Museum, Londres.<\/li>\n\n\n\n<li>Jean-Auguste-Dominique Ingres, <em>Jeanne d\u2019Arc au sacre du roi Charles VII<\/em>, 1854, huile sur toile, 234 x 163 cm \u00a9 Mus\u00e9e du Louvre, Paris.<\/li>\n\n\n\n<li>Dominique Papety, <em>Jeanne d&rsquo;Arc devant le roi Charles VII \u00e0 Chinon, r\u00e9pond aux pr\u00e9lats qui l&rsquo;interrogent, f\u00e9vrier 1429<\/em>, 1837, huile sur toile, 93 x 105 cm \u00a9 Mus\u00e9e et Ch\u00e2teau de Versailles, Versailles.<\/li>\n\n\n\n<li>Eug\u00e8ne Delacroix, <em>La Libert\u00e9 guidant le peuple, <\/em>1830, huile sur toile, 260 x 325 cm \u00a9 Mus\u00e9e du Louvre, Paris.<\/li>\n\n\n\n<li>Paul Delaroche, <em>Les Vainqueurs de la Bastille devant l&rsquo;h\u00f4tel de Ville,<\/em> 1835, 400 x 435 \u00a9 Mus\u00e9e du Petit-Palais, Paris.<\/li>\n\n\n\n<li>Jean-Auguste-Dominique Ingres, <em>Achilles recevant dans sa tente les \u00e9missaires d\u2019Agammenon, <\/em>1801, huile sur bois, 25 x 32.5 cm \u00a9 Nationalmuseum, Stockholm.<\/li>\n\n\n\n<li><em>Apollon du Belv\u00e9d\u00e8re, <\/em>copie romaine d\u2019une statue grecque en bronze du IVe si\u00e8cle av. J.-C. et attribu\u00e9e \u00e0 L\u00e9ochar\u00e8s \u00a9Mus\u00e9e Pio-Clementino, Vatican.<\/li>\n\n\n\n<li>Jacques-Louis David, <em>La Mort de Socrate, <\/em>1787, huile sur toile, 130 x 196 cm \u00a9 Metropolitan Museum of Art, New-York.<em>&nbsp;<\/em><\/li>\n\n\n\n<li>Jacques-Louis David, <em>Le Serment du Jeu de Paume, <\/em>1791, 66 x 101.2 cm \u00a9 Ch\u00e2teau de Versailles, Dist. RMN \/ \u00a9 Jean-Marc Mana\u00ef.<\/li>\n\n\n\n<li>Charles Gleyre, <em>\u00c9tude pour le Major Davel<\/em>, 1847-1848, huile sur toile, 40 x 32 cm \u00a9 Collection particuli\u00e8re, Rubi (Barcelone).<\/li>\n\n\n\n<li>Rembrandt, <em>J\u00e9sus pr\u00e9sent\u00e9 au peuple ou Ecce Homo, <\/em>1655, eau-forte, 36 x 45.5 cm \u00a9 Rijksmuseum, Amsterdam.<\/li>\n\n\n\n<li>Paul Delaroche, <em>H\u00e9micycle des Beaux-Arts (d\u00e9tail), <\/em>1837-1841, peinture murale, \u00a9 \u00c9cole nationale sup\u00e9rieure des beaux-arts, Paris.<\/li>\n\n\n\n<li>Jean-Auguste-Dominique Ingres, <em>Apoth\u00e9ose d\u2019Hom\u00e8re, <\/em>1827, huile sur toile, 386 x 512 cm \u00a9 Mus\u00e9e du Louvre, Paris.<\/li>\n\n\n\n<li>Charles Gleyre, <em>\u00c9tude pour le Major Davel<\/em>, 1848-1850, huile sur toile, 46 x 38 cm, Lausanne \u00a9 Mus\u00e9e cantonal des beaux-arts, Lausanne.<\/li>\n\n\n\n<li>Artiste suisse anonyme, <em>L\u2019Ex\u00e9cution du Major Davel, <\/em>huile sur toile, apr\u00e8s 1850, 27.3 x 21.5 cm \u00a9 Victoria &amp; Albert Museum, Londres \/ Bequeathed by Rev. Chauncey Hare Townshend.<\/li>\n\n\n\n<li>Maurice Reymond, <em>Monument Davel<\/em>, 1898, Lausanne, Ch\u00e2teau Saint-Maire.<\/li>\n\n\n\n<li>Anonyme, <em>Davel (tableau vivant<\/em>), tir\u00e9 de l&rsquo;Illustr\u00e9, 14 avril 1923, p. 170.<\/li>\n<\/ol>\n","protected":false},"excerpt":{"rendered":"<p>Panneau D Panneau F Charles Gleyre, L\u2019Ex\u00e9cution du Major Davel, huile sur toile, 300 x 270 cm, Inv. 1387, \u00a9 Mus\u00e9e cantonal des Beaux-Arts, Lausanne.<\/p>\n","protected":false},"author":1002227,"featured_media":0,"parent":0,"menu_order":0,"comment_status":"closed","ping_status":"closed","template":"template-full-width.php","meta":{"_seopress_robots_primary_cat":"","_seopress_titles_title":"","_seopress_titles_desc":"","_seopress_robots_index":"","ngg_post_thumbnail":0,"footnotes":""},"class_list":["post-314","page","type-page","status-publish","has-post-thumbnail"],"_links":{"self":[{"href":"https:\/\/wp.unil.ch\/davel2023\/wp-json\/wp\/v2\/pages\/314","targetHints":{"allow":["GET"]}}],"collection":[{"href":"https:\/\/wp.unil.ch\/davel2023\/wp-json\/wp\/v2\/pages"}],"about":[{"href":"https:\/\/wp.unil.ch\/davel2023\/wp-json\/wp\/v2\/types\/page"}],"author":[{"embeddable":true,"href":"https:\/\/wp.unil.ch\/davel2023\/wp-json\/wp\/v2\/users\/1002227"}],"replies":[{"embeddable":true,"href":"https:\/\/wp.unil.ch\/davel2023\/wp-json\/wp\/v2\/comments?post=314"}],"version-history":[{"count":0,"href":"https:\/\/wp.unil.ch\/davel2023\/wp-json\/wp\/v2\/pages\/314\/revisions"}],"wp:attachment":[{"href":"https:\/\/wp.unil.ch\/davel2023\/wp-json\/wp\/v2\/media?parent=314"}],"curies":[{"name":"wp","href":"https:\/\/api.w.org\/{rel}","templated":true}]}}