{"id":311,"date":"2023-01-18T13:58:25","date_gmt":"2023-01-18T12:58:25","guid":{"rendered":"https:\/\/wp.unil.ch\/davel2023\/?page_id=311"},"modified":"2023-01-30T13:55:04","modified_gmt":"2023-01-30T12:55:04","slug":"revue-de-presse","status":"publish","type":"page","link":"https:\/\/wp.unil.ch\/davel2023\/revue-de-presse\/","title":{"rendered":"Revue de presse"},"content":{"rendered":"\n<p><a href=\"https:\/\/www.24heures.ch\/un-davel-contemporain-part-a-la-rencontre-du-public-et-des-gymnases-883313464584\">Un Davel contemporain part \u00e0 la rencontre du public et des gymnases<\/a>, 24 Heures, 25.01.2023.<\/p>\n\n\n\n<p><a href=\"https:\/\/www.24heures.ch\/sommes-nous-dignes-du-major-173338210030\">Sommes-nous dignes du major?<\/a>, 24 Heures, 25.01.2023.<\/p>\n\n\n\n<p><a href=\"https:\/\/www.24heures.ch\/le-major-davel-chante-la-liberte-621971484894\">Le major Davel chante la libert\u00e9<\/a>, 24 Heures, 25.01.2023.<\/p>\n\n\n\n<p><a href=\"https:\/\/www.laliberte.ch\/news\/regions\/vaud\/pas-de-rehabilitation-du-major-davel-675349\">Pas de r\u00e9habilitation du major Davel<\/a>, La Libert\u00e9, 25.01.2023.<\/p>\n\n\n\n<p><a href=\"https:\/\/www.rts.ch\/play\/tv\/19h30\/video\/le-major-davel-source-dinspiration-de-la-classe-politique-vaudoise-depuis-300-ans?urn=urn:rts:video:13729116\">Major Davel ne sera pas r\u00e9habilit\u00e9. Le Grand Conseil vaudois l&rsquo;a rejet\u00e9 mardi<\/a>, RTS, 24.01.2023.<\/p>\n\n\n\n<p><a href=\"https:\/\/www.24heures.ch\/la-rehabilitation-du-major-davel-une-affaire-bernoise-358959753217\">La r\u00e9habilitation du major Davel, une affaire bernoise<\/a>, 24 Heures, 15.01.2023.<\/p>\n\n\n\n<p><a href=\"https:\/\/www.24heures.ch\/le-major-davel-998272392502\">1000 vies: Le major Davel<\/a>, 24 Heures, 08.01.2023.<\/p>\n\n\n\n<p><a href=\"https:\/\/www.24heures.ch\/ca-sest-passe-en-1923-dans-le-canton-918372876269\">\u00c7a s\u2019est pass\u00e9 en 1923 dans le canton<\/a>, 24 Heures, 08.01.2023.<\/p>\n\n\n\n<p><a href=\"https:\/\/www.24heures.ch\/historiens-et-artistes-sont-convoques-pour-lannee-davel-952938662021\">Historiens et artistes sont convoqu\u00e9s pour l\u2019ann\u00e9e Davel<\/a>, 24 Heures, 06.01.2023.<\/p>\n\n\n\n<p><a href=\"https:\/\/www.letemps.ch\/opinions\/davel-vaut-bien-mieux-quune-recuperation\">Davel vaut (bien) mieux qu\u2019une r\u00e9cup\u00e9ration<\/a>, Le Temps, 03.01.2023.<\/p>\n\n\n\n<p><a href=\"https:\/\/www.letemps.ch\/suisse\/trahi-execute-lausanne-major-davel-sapprete-vivre-une-enieme-vie\">Trahi et ex\u00e9cut\u00e9 \u00e0 Lausanne, le major Davel s\u2019appr\u00eate \u00e0 vivre une \u00e9ni\u00e8me vie<\/a>, Le Temps, 03.01.2023.<\/p>\n\n\n\n<p><a href=\"https:\/\/www.ligue-vaudoise.ch\/nation\/articles\/4986\">Le fant\u00f4me de Vidy<\/a>, La Nation, 02.04.2022.<\/p>\n","protected":false},"excerpt":{"rendered":"<p>Un Davel contemporain part \u00e0 la rencontre du public et des gymnases, 24 Heures, 25.01.2023. Sommes-nous dignes du major?, 24 Heures, 25.01.2023. Le major Davel chante la libert\u00e9,&hellip;<\/p>\n","protected":false},"author":1002227,"featured_media":0,"parent":0,"menu_order":0,"comment_status":"closed","ping_status":"closed","template":"template-full-width.php","meta":{"_seopress_robots_primary_cat":"","_seopress_titles_title":"","_seopress_titles_desc":"","_seopress_robots_index":"","ngg_post_thumbnail":0,"footnotes":""},"class_list":["post-311","page","type-page","status-publish","has-post-thumbnail"],"_links":{"self":[{"href":"https:\/\/wp.unil.ch\/davel2023\/wp-json\/wp\/v2\/pages\/311","targetHints":{"allow":["GET"]}}],"collection":[{"href":"https:\/\/wp.unil.ch\/davel2023\/wp-json\/wp\/v2\/pages"}],"about":[{"href":"https:\/\/wp.unil.ch\/davel2023\/wp-json\/wp\/v2\/types\/page"}],"author":[{"embeddable":true,"href":"https:\/\/wp.unil.ch\/davel2023\/wp-json\/wp\/v2\/users\/1002227"}],"replies":[{"embeddable":true,"href":"https:\/\/wp.unil.ch\/davel2023\/wp-json\/wp\/v2\/comments?post=311"}],"version-history":[{"count":0,"href":"https:\/\/wp.unil.ch\/davel2023\/wp-json\/wp\/v2\/pages\/311\/revisions"}],"wp:attachment":[{"href":"https:\/\/wp.unil.ch\/davel2023\/wp-json\/wp\/v2\/media?parent=311"}],"curies":[{"name":"wp","href":"https:\/\/api.w.org\/{rel}","templated":true}]}}