{"id":182,"date":"2022-12-21T18:53:51","date_gmt":"2022-12-21T17:53:51","guid":{"rendered":"https:\/\/wp.unil.ch\/davel2023\/?page_id=182"},"modified":"2023-01-25T09:22:53","modified_gmt":"2023-01-25T08:22:53","slug":"pour-aller-plus-loin","status":"publish","type":"page","link":"https:\/\/wp.unil.ch\/davel2023\/pour-aller-plus-loin\/","title":{"rendered":"Pour aller plus loin"},"content":{"rendered":"\n<p>Les liens et ressources propos\u00e9s ci-dessous, v\u00e9rifi\u00e9s par les commissaires de l\u2019exposition et les institutions l\u2019ayant produite, permettent d\u2019approfondir les recherches.<\/p>\n\n\n\n<h2 class=\"wp-block-heading\">Sources primaires<\/h2>\n\n\n\n<div class=\"wp-block-group\"><div class=\"wp-block-group__inner-container is-layout-constrained wp-block-group-is-layout-constrained\">\n<h3 class=\"wp-block-heading\">Proc\u00e9dure criminelle<\/h3>\n\n\n\nngg_shortcode_0_placeholder\n\n\n\n<div class=\"wp-block-buttons has-custom-font-size has-large-font-size is-content-justification-center is-layout-flex wp-container-core-buttons-is-layout-16018d1d wp-block-buttons-is-layout-flex\">\n<div class=\"wp-block-button\"><a class=\"wp-block-button__link has-accent-background-color has-background wp-element-button\" href=\"https:\/\/drive.switch.ch\/index.php\/s\/EqKdxayVE6v9VHz\" style=\"border-radius:100px\" target=\"_blank\" rel=\"noreferrer noopener\">T\u00e9l\u00e9charger les scans en haute r\u00e9solution<\/a><\/div>\n\n\n\n<div class=\"wp-block-button\"><a class=\"wp-block-button__link has-accent-background-color has-background wp-element-button\" href=\"https:\/\/drive.switch.ch\/index.php\/s\/ZMT4oMU4bggW2jj\" style=\"border-radius:100px\" target=\"_blank\" rel=\"noreferrer noopener\">T\u00e9l\u00e9charger les scans au format PDF<\/a><\/div>\n<\/div>\n<\/div><\/div>\n\n\n\n<h3 class=\"wp-block-heading\">Manifeste<\/h3>\n\n\n<a href=\"https:\/\/wp.unil.ch\/davel2023\/files\/2023\/01\/Davel_Manifeste.pdf\" class=\"pdfemb-viewer\" style=\"height: 600px; \" data-width=\"max\" data-height=\"600\" data-mobile-width=\"500\"  data-scrollbar=\"none\" data-download=\"on\" data-tracking=\"on\" data-newwindow=\"on\" data-pagetextbox=\"off\" data-scrolltotop=\"off\" data-startzoom=\"100\" data-startfpzoom=\"100\" data-toolbar=\"bottom\" data-toolbar-fixed=\"off\">Davel_Manifeste<br\/><\/a>\n<p class=\"wp-block-pdfemb-pdf-embedder-viewer\"><\/p>\n\n\n\n<h3 class=\"wp-block-heading\">Discours au Conseil des 24 de Lausanne<\/h3>\n\n\n<a href=\"https:\/\/wp.unil.ch\/davel2023\/files\/2023\/01\/Davel_Discours-Conseil-des-24-de-Lausanne-31-mars-1723.pdf\" class=\"pdfemb-viewer\" style=\"height: 600px; \" data-width=\"max\" data-height=\"600\" data-mobile-width=\"500\"  data-scrollbar=\"none\" data-download=\"on\" data-tracking=\"on\" data-newwindow=\"on\" data-pagetextbox=\"off\" data-scrolltotop=\"off\" data-startzoom=\"100\" data-startfpzoom=\"100\" data-toolbar=\"bottom\" data-toolbar-fixed=\"off\">Davel_Discours-Conseil-des-24-de-Lausanne-31-mars-1723<br\/><\/a>\n<p class=\"wp-block-pdfemb-pdf-embedder-viewer\"><\/p>\n\n\n\n<h3 class=\"wp-block-heading\">Discours sur l&rsquo;\u00e9chafaud<\/h3>\n\n\n<a href=\"https:\/\/wp.unil.ch\/davel2023\/files\/2023\/01\/Davel_Discours-sur-lechaffaud-24-avril-1723.pdf\" class=\"pdfemb-viewer\" style=\"height: 600px; \" data-width=\"max\" data-height=\"600\" data-mobile-width=\"500\"  data-scrollbar=\"none\" data-download=\"on\" data-tracking=\"on\" data-newwindow=\"on\" data-pagetextbox=\"off\" data-scrolltotop=\"off\" data-startzoom=\"100\" data-startfpzoom=\"100\" data-toolbar=\"bottom\" data-toolbar-fixed=\"off\">Davel_Discours-sur-lechaffaud-24-avril-1723<br\/><\/a>\n<p class=\"wp-block-pdfemb-pdf-embedder-viewer\"><\/p>\n\n\n\n<h2 class=\"wp-block-heading\">Sur le web<\/h2>\n\n\n\n<p>Biographie succincte de Davel: dans le <a href=\"https:\/\/hls-dhs-dss.ch\/fr\/articles\/017814\/2005-08-22\/\" data-type=\"URL\" data-id=\"https:\/\/hls-dhs-dss.ch\/fr\/articles\/017814\/2005-08-22\/\">Dictionnaire Historique Suisse<\/a> ainsi que sur le <a href=\"https:\/\/www.vd.ch\/index.php?id=2021215\">site de l&rsquo;\u00c9tat de Vaud<\/a>.<br><a href=\"https:\/\/lumieres.unil.ch\/fiches\/bio\/53\/\">Biographie de Davel avec une bibliographie<\/a><br><a href=\"https:\/\/hls-dhs-dss.ch\/fr\/articles\/002370\/2009-01-13\/\">Morrens<\/a><br><a href=\"https:\/\/hls-dhs-dss.ch\/fr\/articles\/002416\/2017-05-04\/\">Cully<\/a><br><a href=\"https:\/\/hls-dhs-dss.ch\/fr\/articles\/007576\/2007-03-02\/\">Lausanne (baillage, district)<\/a><br><a href=\"https:\/\/hls-dhs-dss.ch\/fr\/articles\/007383\/2018-01-18\/\">Berne (canton)<\/a><br><a href=\"https:\/\/hls-dhs-dss.ch\/fr\/articles\/024227\/2011-02-10\/\">Jean de Sacconay<\/a><br><a href=\"https:\/\/hls-dhs-dss.ch\/fr\/articles\/007642\/2017-03-16\/\">Toggenburg<\/a><br><a href=\"https:\/\/hls-dhs-dss.ch\/fr\/articles\/008394\/2017-03-16\/\">Saint-Gall (principaut\u00e9 abbatiale)<\/a><br><a href=\"https:\/\/hls-dhs-dss.ch\/fr\/articles\/008911\/2013-02-28\/\">Seconde guerre de Villmergen<\/a><br><a href=\"https:\/\/hls-dhs-dss.ch\/fr\/articles\/017786\/2005-08-17\/\">Jean Daniel de Crousaz<\/a><br><a href=\"https:\/\/hls-dhs-dss.ch\/fr\/articles\/017296\/2012-04-11\/\">Ludwig von Wattenwil<\/a><br><a href=\"https:\/\/hls-dhs-dss.ch\/fr\/articles\/017813\/2006-08-08\/\">Isaac Loys de Bochat<\/a><br><a href=\"https:\/\/hls-dhs-dss.ch\/fr\/articles\/012290\/2009-03-31\/\">Vidy (Lousonna)<\/a><br><a href=\"https:\/\/www.vd.ch\/themes\/territoire-et-construction\/monuments-et-sites\/monuments-cantonaux\/le-chateau-saint-maire\/le-contexte-historique\/\">Le ch\u00e2teau Saint-Maire o\u00f9 a \u00e9t\u00e9 emprisonn\u00e9 Davel<\/a><\/p>\n\n\n\n<div class=\"wp-block-group\"><div class=\"wp-block-group__inner-container is-layout-constrained wp-block-group-is-layout-constrained\">\n<h2 class=\"wp-block-heading\">Bibliographie<\/h2>\n\n\n\n<p class=\"has-secondary-color has-text-color has-small-font-size\">(En gras trois titres r\u00e9cents recommand\u00e9s)<\/p>\n\n\n\n<p><strong>Chuard, Corinne, 2022. <em>Davel, h\u00e9ros vaudois<\/em>&nbsp;: Ed. Infolio.<\/strong><\/p>\n\n\n\n<p><strong>Chuard, Corinne (dir.), Dossier Davel&nbsp;: <em>Le Major Davel 1670-1723<\/em>, Revue Pass\u00e9 Simple, n. 77, septembre 2022.<\/strong><\/p>\n\n\n\n<p>Fabre, C\u00f4me, Perrin, Paul, <em>Charles Gleyre (1806-1874)&nbsp;: le romantique repenti<\/em>, <em>Mus\u00e9e d&rsquo;Orsay (Paris)<\/em>, Vanves&nbsp;:&nbsp;Hazan, 2016.<\/p>\n\n\n\n<p><strong>Coutaz, Gilbert, 2022. <em>Le Major Davel, naissance du premier patriote vaudois<\/em>&nbsp;: Ed. Ch\u00e2teau &amp; Attinger.<\/strong><\/p>\n\n\n\n<p>Donzel, Olivier et Jacques, 2009. <em>Le mercenaire<\/em>&nbsp;: Ed. Georg.<\/p>\n\n\n\n<p>Hauptman, William, <em>Charles Gleyre et la Suisse romande, <\/em>cat. exp., Mus\u00e9e historique de Lausanne du 23 septembre au 31 d\u00e9cembre 1994, Lausanne&nbsp;: Mus\u00e9e historique de Lausanne, 1994.<\/p>\n\n\n\n<p>Hubler, Lucienne, 1991. <em>Histoire du Pays de Vaud<\/em>&nbsp;: Ed. L.E.P Loisirs et p\u00e9dagogie.<\/p>\n\n\n\n<p><em>Encyclop\u00e9die illustr\u00e9e du Pays de Vaud<\/em>, 1973. L\u2019histoire vaudoise&nbsp;: Ed. 24Heures.<\/p>\n\n\n\n<p>Etude historique, 1923<em>. Le Major Davel. 1670 &#8211; 1723 \u00e9tude historique \u00e9crite \u00e0 l&rsquo;occasion du deuxi\u00e8me centenaire de la mort de Davel<\/em>&nbsp;: Ed. Librairie F. Rouge &#8211; G. Bridel &#8211; Payot Lausanne.<\/p>\n\n\n\n<p>Landry, Charles-Fran\u00e7ois, 2012. <em>Jean-Daniel-Abraham Davel, le patriote sans patrie<\/em>&nbsp;: Ed. Bernard Campiche.<\/p>\n\n\n\n<p>Lepdor, Catherine (dir.), <em>Charles Gleyre&nbsp;: le g\u00e9nie de l&rsquo;invention<\/em>, cat. exp. Mus\u00e9e cantonal des beaux-arts (Lausanne)<em>, <\/em>Lausanne&nbsp;: Mus\u00e9e cantonal des Beaux-Arts&nbsp;; Milan&nbsp;: 5 Continents, 2006.<\/p>\n\n\n\n<p>Mercier-Campiche, Marianne, 1970. <em>L\u2019affaire Davel<\/em>&nbsp;: Ed. Ovaphil.<\/p>\n\n\n\n<p>Olivier, Juste, 1842. <em>Etudes d\u2019histoire nationale&nbsp;: le Major Davel (1723)<\/em> : Ed. Imprimerie et Librairie Marc Ducloux.<\/p>\n\n\n\n<p>Scherrer, Antonin, 2020. <em>Davel, des brumes de l\u2019oubli \u00e0 l\u2019op\u00e9ra<\/em>&nbsp;: Ed. Favre.<\/p>\n\n\n\n<p>Th\u00e9voz, Michel, <em>L&rsquo;acad\u00e9misme et ses fantasmes&nbsp;: le r\u00e9alisme imaginaire de Charles Gleyre<\/em>, Paris&nbsp;: Ed. de Minuit, 1980.<\/p>\n\n\n\n<p>Th\u00e9voz, Michel, <em>Le syndrome vaudois, <\/em>Lausanne\u00a0: Favre, 2002.<\/p>\n\n\n\n<p>Tornare, Alain-Jacques, 2010. <em>Du major Davel au g\u00e9n\u00e9ral Guisan<\/em>\u00a0: Ed. Cab\u00e9dita.<br><\/p>\n<\/div><\/div>\n","protected":false},"excerpt":{"rendered":"<p>Les liens et ressources propos\u00e9s ci-dessous, v\u00e9rifi\u00e9s par les commissaires de l\u2019exposition et les institutions l\u2019ayant produite, permettent d\u2019approfondir les recherches. Sources primaires Proc\u00e9dure criminelle Manifeste Discours au&hellip;<\/p>\n","protected":false},"author":1002227,"featured_media":0,"parent":0,"menu_order":0,"comment_status":"closed","ping_status":"closed","template":"template-full-width.php","meta":{"_seopress_robots_primary_cat":"","_seopress_titles_title":"","_seopress_titles_desc":"","_seopress_robots_index":"","ngg_post_thumbnail":0,"footnotes":""},"class_list":["post-182","page","type-page","status-publish","has-post-thumbnail"],"_links":{"self":[{"href":"https:\/\/wp.unil.ch\/davel2023\/wp-json\/wp\/v2\/pages\/182","targetHints":{"allow":["GET"]}}],"collection":[{"href":"https:\/\/wp.unil.ch\/davel2023\/wp-json\/wp\/v2\/pages"}],"about":[{"href":"https:\/\/wp.unil.ch\/davel2023\/wp-json\/wp\/v2\/types\/page"}],"author":[{"embeddable":true,"href":"https:\/\/wp.unil.ch\/davel2023\/wp-json\/wp\/v2\/users\/1002227"}],"replies":[{"embeddable":true,"href":"https:\/\/wp.unil.ch\/davel2023\/wp-json\/wp\/v2\/comments?post=182"}],"version-history":[{"count":0,"href":"https:\/\/wp.unil.ch\/davel2023\/wp-json\/wp\/v2\/pages\/182\/revisions"}],"wp:attachment":[{"href":"https:\/\/wp.unil.ch\/davel2023\/wp-json\/wp\/v2\/media?parent=182"}],"curies":[{"name":"wp","href":"https:\/\/api.w.org\/{rel}","templated":true}]}}