{"id":179,"date":"2022-12-21T18:53:28","date_gmt":"2022-12-21T17:53:28","guid":{"rendered":"https:\/\/wp.unil.ch\/davel2023\/?page_id=179"},"modified":"2023-01-30T14:19:23","modified_gmt":"2023-01-30T13:19:23","slug":"activites","status":"publish","type":"page","link":"https:\/\/wp.unil.ch\/davel2023\/activites\/","title":{"rendered":"Les activit\u00e9s"},"content":{"rendered":"\n<p>Les documents pr\u00e9sents dans cette section permettent d\u2019organiser trois activit\u00e9s autour de la th\u00e9matique de la citoyennet\u00e9.<\/p>\n\n\n\n<p>La premi\u00e8re se fonde sur plusieurs t\u00e9moignages de la vie et des actions de Davel produits entre le XVIIIe et le XXIe si\u00e8cle. L\u2019activit\u00e9 permet de sensibiliser les \u00e9l\u00e8ves aux questions d\u2019historiographie afin de r\u00e9fl\u00e9chir \u00e0 la question de savoir qui est vraiment le Major Davel: un tra\u00eetre, un h\u00e9ros national ou juste un citoyen qui voulait changer les choses ?<\/p>\n\n\n\n<p>La deuxi\u00e8me activit\u00e9 consiste \u00e0 travailler en petits groupes et de r\u00e9fl\u00e9chir autour de portraits \u2013 visuels et textuels \u2013 de figures connues \u00e0 travers l\u2019histoire moderne et contemporaine pour leur engagement civique. Entre mots et image, elle permettra aux \u00e9l\u00e8ves de d\u00e9crypter et r\u00e9fl\u00e9chir \u00e0 la fa\u00e7on dont l\u2019image d\u2019une figure citoyenne se construit.<\/p>\n\n\n\n<p>S\u2019appuyant sur le principe de l\u2019improvisation th\u00e9\u00e2trale la troisi\u00e8me activit\u00e9 se concentre sur les \u00e9tapes cl\u00e9s des derniers moments de la vie du Major Davel : de son \u00ab \u00e9piphanie \u00bb citoyenne en Lavaux \u00e0 son dernier discours, en passant par son proc\u00e8s. S\u2019inscrivant dans un sc\u00e9nario pr\u00e9\u00e9tabli et fond\u00e9 sur le d\u00e9roulement des faits historiques, il s\u2019agira pour les participant-es d\u2019interpr\u00e9ter et\/ou de r\u00e9inventer, sur la base de citations ou de situations les rencontres, discours et r\u00e9actions des principaux acteurs de l\u2019affaire Davel. Face \u00e0 plusieurs alternatives, ces derniers prendraient-ils encore les m\u00eames d\u00e9cisions ? Davel serait-il toujours jug\u00e9 coupable ?<\/p>\n\n\n\n<h2 class=\"wp-block-heading\">T\u00e9moignages<\/h2>\n\n\n<a href=\"https:\/\/wp.unil.ch\/davel2023\/files\/2023\/01\/DAVEL_Activite_Temoignage_Fiche_A5.pdf\" class=\"pdfemb-viewer\" style=\"height: 600px; \" data-width=\"max\" data-height=\"600\" data-mobile-width=\"500\"  data-scrollbar=\"none\" data-download=\"on\" data-tracking=\"on\" data-newwindow=\"on\" data-pagetextbox=\"off\" data-scrolltotop=\"off\" data-startzoom=\"100\" data-startfpzoom=\"100\" data-toolbar=\"bottom\" data-toolbar-fixed=\"off\">DAVEL_Activite_Temoignage_Fiche_A5<br\/><\/a>\n<p class=\"wp-block-pdfemb-pdf-embedder-viewer\"><\/p>\n\n\n\n<h2 class=\"wp-block-heading\">Figures du changement<\/h2>\n\n\n<a href=\"https:\/\/wp.unil.ch\/davel2023\/files\/2023\/01\/DAVEL-Activite_Changements_Fiche_V2_A5.pdf\" class=\"pdfemb-viewer\" style=\"height: 600px; \" data-width=\"max\" data-height=\"600\" data-mobile-width=\"500\"  data-scrollbar=\"none\" data-download=\"on\" data-tracking=\"on\" data-newwindow=\"on\" data-pagetextbox=\"off\" data-scrolltotop=\"off\" data-startzoom=\"100\" data-startfpzoom=\"100\" data-toolbar=\"bottom\" data-toolbar-fixed=\"off\">DAVEL-Activite_Changements_Fiche_V2_A5<br\/><\/a>\n<p class=\"wp-block-pdfemb-pdf-embedder-viewer\"><\/p>\n\n\n\n<div class=\"wp-block-buttons is-content-justification-center is-layout-flex wp-container-core-buttons-is-layout-16018d1d wp-block-buttons-is-layout-flex\">\n<div class=\"wp-block-button has-custom-font-size has-large-font-size\"><a class=\"wp-block-button__link has-accent-background-color has-background wp-element-button\" href=\"https:\/\/wp.unil.ch\/davel2023\/files\/2023\/01\/Template_InDesign_Activites.zip\" style=\"border-radius:100px\">T\u00e9l\u00e9charger le mod\u00e8le InDesign<\/a><\/div>\n<\/div>\n\n\n\n<h2 class=\"wp-block-heading\">Jeu de r\u00f4les<\/h2>\n\n\n<a href=\"https:\/\/wp.unil.ch\/davel2023\/files\/2023\/01\/DAVEL_Activite_j-d-roles_Fiche_A5.pdf\" class=\"pdfemb-viewer\" style=\"height: 600px; \" data-width=\"max\" data-height=\"600\" data-mobile-width=\"500\"  data-scrollbar=\"none\" data-download=\"on\" data-tracking=\"on\" data-newwindow=\"on\" data-pagetextbox=\"off\" data-scrolltotop=\"off\" data-startzoom=\"100\" data-startfpzoom=\"100\" data-toolbar=\"bottom\" data-toolbar-fixed=\"off\">DAVEL_Activite_j-d-roles_Fiche_A5<br\/><\/a>\n<p class=\"wp-block-pdfemb-pdf-embedder-viewer\"><\/p>\n\n\n\n<h2 class=\"wp-block-heading\">Sorties culturelles autour de Davel<\/h2>\n\n\n\n<p>Plusieurs institutions du canton vous accueillent pour des visites guid\u00e9es avec les classes ou en groupe, autour des th\u00e9matiques li\u00e9es au Major Davel.<\/p>\n\n\n\n<div style=\"height:20px\" aria-hidden=\"true\" class=\"wp-block-spacer\"><\/div>\n\n\n\n<p>Au <a href=\"https:\/\/www.chateau-morges.ch\">ch\u00e2teau de Morges<\/a> des objets en lien avec le Major seront mis en \u00e9vidence, coordonn\u00e9es pour organiser la visite\u00a0:<\/p>\n\n\n\n<p>Standard\u00a0: <a href=\"tel:+41213160990\">021 316 09 90<\/a><br>M\u00e9diation\u00a0: <a href=\"tel:+41213164715\">021 316 47 15<\/a> ou <a href=\"tel:+41213164460\">021 316 44 60<\/a><br>Courriel\u00a0: <a rel=\"noreferrer noopener\" href=\"mailto:mediation.chateau-morges@vd.ch\" target=\"_blank\">mediation.chateau-morges@vd.ch<\/a><\/p>\n\n\n\n<div style=\"height:20px\" aria-hidden=\"true\" class=\"wp-block-spacer\"><\/div>\n\n\n\n<p>Aux <a href=\"https:\/\/www.vd.ch\/toutes-les-autorites\/archives-cantonales-vaudoises-acv\">archives cantonales vaudoises<\/a>, possibilit\u00e9 de voir des documents originaux autour de Davel. Contact\u00a0:<\/p>\n\n\n\n<p>Tel\u00a0: <a href=\"tel:+41213163711\">021 316 37 11<\/a><br>Courriel\u00a0: <a rel=\"noreferrer noopener\" href=\"mailto:info.acv@vd.ch\" target=\"_blank\">info.acv@vd.ch<\/a><\/p>\n\n\n\n<div style=\"height:20px\" aria-hidden=\"true\" class=\"wp-block-spacer\"><\/div>\n\n\n\n<p>Enfin au ch\u00e2teau d\u2019Yverdon, des visites sur le th\u00e8me du 18<sup>e<\/sup> si\u00e8cle sont possibles. Contact\u00a0:<\/p>\n\n\n\n<p>Fabienne Delisle, administratrice \u00a0<br>Tel\u00a0: <a href=\"tel:+41244236821\">024 423 68 21<\/a><br>Courriel\u00a0: <a rel=\"noreferrer noopener\" href=\"mailto:fabienne.delisle@musee-yverdon-region.ch\" target=\"_blank\">fabienne.delisle@musee-yverdon-region.ch<\/a><\/p>\n","protected":false},"excerpt":{"rendered":"<p>Les documents pr\u00e9sents dans cette section permettent d\u2019organiser trois activit\u00e9s autour de la th\u00e9matique de la citoyennet\u00e9. La premi\u00e8re se fonde sur plusieurs t\u00e9moignages de la vie et&hellip;<\/p>\n","protected":false},"author":1002227,"featured_media":0,"parent":0,"menu_order":0,"comment_status":"closed","ping_status":"closed","template":"template-full-width.php","meta":{"_seopress_robots_primary_cat":"","_seopress_titles_title":"","_seopress_titles_desc":"","_seopress_robots_index":"","ngg_post_thumbnail":0,"footnotes":""},"class_list":["post-179","page","type-page","status-publish","has-post-thumbnail"],"_links":{"self":[{"href":"https:\/\/wp.unil.ch\/davel2023\/wp-json\/wp\/v2\/pages\/179","targetHints":{"allow":["GET"]}}],"collection":[{"href":"https:\/\/wp.unil.ch\/davel2023\/wp-json\/wp\/v2\/pages"}],"about":[{"href":"https:\/\/wp.unil.ch\/davel2023\/wp-json\/wp\/v2\/types\/page"}],"author":[{"embeddable":true,"href":"https:\/\/wp.unil.ch\/davel2023\/wp-json\/wp\/v2\/users\/1002227"}],"replies":[{"embeddable":true,"href":"https:\/\/wp.unil.ch\/davel2023\/wp-json\/wp\/v2\/comments?post=179"}],"version-history":[{"count":0,"href":"https:\/\/wp.unil.ch\/davel2023\/wp-json\/wp\/v2\/pages\/179\/revisions"}],"wp:attachment":[{"href":"https:\/\/wp.unil.ch\/davel2023\/wp-json\/wp\/v2\/media?parent=179"}],"curies":[{"name":"wp","href":"https:\/\/api.w.org\/{rel}","templated":true}]}}