{"id":176,"date":"2022-12-21T18:53:02","date_gmt":"2022-12-21T17:53:02","guid":{"rendered":"https:\/\/wp.unil.ch\/davel2023\/?page_id=176"},"modified":"2023-01-23T15:32:57","modified_gmt":"2023-01-23T14:32:57","slug":"exposition","status":"publish","type":"page","link":"https:\/\/wp.unil.ch\/davel2023\/exposition\/","title":{"rendered":"L&rsquo;exposition"},"content":{"rendered":"\n<p>L&rsquo;id\u00e9e de mettre en place une exposition participative autour de Davel est n\u00e9e en automne 2021, dans le cadre de l&rsquo;\u00e9laboration du projet collectif \u00ab\u00a0Laboratoire Histoire et Cit\u00e9\u00a0\u00bb, dont les acteurs sont aussi les producteurs de cette exposition&nbsp;: la <a href=\"https:\/\/www.vd.ch\/toutes-les-autorites\/departements\/departement-de-lenseignement-et-de-la-formation-professionnelle-def\/direction-generale-de-lenseignement-postobligatoire-dgep\">Direction g\u00e9n\u00e9rale de l\u2019enseignement postobligatoire<\/a>, les <a href=\"https:\/\/www.vd.ch\/toutes-les-autorites\/archives-cantonales-vaudoises-acv\">Archives cantonales vaudoises<\/a>, le <a href=\"https:\/\/www.mcah.ch\">Mus\u00e9e cantonal d\u2019arch\u00e9ologie et d\u2019histoire<\/a> et l&rsquo;<a href=\"https:\/\/www.eprouvette-unil.ch\">Universit\u00e9 de Lausanne<\/a>.<\/p>\n\n\n\n<p>L\u2019exposition a pour but d\u2019explorer l\u2019histoire de Davel sous l\u2019angle de la construction de la figure du citoyen et de la mise en relation de th\u00e9matiques cl\u00e9s d\u00e9fendues par Davel qui ont encore une r\u00e9sonance actuelle : justice sociale, \u00e9ducation, ind\u00e9pendance des autorit\u00e9s cantonales, rapport au f\u00e9d\u00e9ralisme, etc. Elle comprend un set d\u2019activit\u00e9s qui peuvent \u00eatre mises en place par les gymnasien\u00b7nes et leurs enseignant-es dans divers espaces de l\u2019\u00e9tablissement.<\/p>\n\n\n\n<p>L\u2019exposition est constitu\u00e9e d\u2019un set de 6 panneaux proposant de se mettre en situation et d\u2019acqu\u00e9rir facilement et rapidement des rep\u00e8res historiques, visuels et terminologiques. Le kit livr\u00e9 dans les gymnases participants comprend \u00e9galement des sets de cartes pour diff\u00e9rentes activit\u00e9s de dur\u00e9es et formats variables (voir <a href=\"https:\/\/wp.unil.ch\/davel2023\/activites\/\" data-type=\"page\" data-id=\"179\">Les activit\u00e9s<\/a>).<\/p>\n\n\n\n<p>Pour celles et ceux qui travaillent sur cette th\u00e9matique sans le kit, les documents pr\u00e9sents dans cette section et sur le reste du site permettent de t\u00e9l\u00e9charger les panneaux en format imprimable, de r\u00e9cup\u00e9rer des sources historiques (voir <a href=\"https:\/\/wp.unil.ch\/davel2023\/pour-aller-plus-loin\/\" data-type=\"page\" data-id=\"182\">Pour aller plus loin<\/a>) et des fichiers vierges pour r\u00e9aliser ses propres supports d\u2019exposition.<\/p>\n\n\n\n<p>Tous les gymnases vaudois, sur l&rsquo;ensemble des sites, organisent une exposition avec ces kits. Cette unanimit\u00e9 est l\u2019expression du succ\u00e8s de la d\u00e9marche participative et collaborative entre les enseignant\u00b7e\u00b7s d\u2019histoire, les chercheur\u00b7euse\u00b7s et les \u00e9l\u00e8ves, pr\u00e9cis\u00e9ment l&rsquo;un des objectifs du Laboratoire Histoire et Cit\u00e9.<\/p>\n\n\n\n<h2 class=\"wp-block-heading\">Guide, panneaux et fiches de l&rsquo;exposition<\/h2>\n\n\n<a href=\"https:\/\/wp.unil.ch\/davel2023\/files\/2023\/01\/Projet-Davel-2023-Guide-dutilisation-V4_LR.pdf\" class=\"pdfemb-viewer\" style=\"height: 600px; \" data-width=\"max\" data-height=\"600\" data-mobile-width=\"500\"  data-scrollbar=\"none\" data-download=\"on\" data-tracking=\"on\" data-newwindow=\"on\" data-pagetextbox=\"off\" data-scrolltotop=\"off\" data-startzoom=\"100\" data-startfpzoom=\"100\" data-toolbar=\"bottom\" data-toolbar-fixed=\"off\">Projet-Davel-2023-Guide-dutilisation-V4_LR<br\/><\/a>\n<p class=\"wp-block-pdfemb-pdf-embedder-viewer\"><\/p>\n\n\n\n<div class=\"wp-block-buttons has-custom-font-size has-large-font-size is-horizontal is-content-justification-center is-layout-flex wp-container-core-buttons-is-layout-499968f5 wp-block-buttons-is-layout-flex\">\n<div class=\"wp-block-button\"><a class=\"wp-block-button__link has-accent-background-color has-background wp-element-button\" href=\"https:\/\/wp.unil.ch\/davel2023\/files\/2023\/01\/Projet-Davel-2023-Guide-dutilisation-V4_LR.pdf\" style=\"border-radius:100px\" target=\"_blank\" rel=\"noreferrer noopener\">T\u00e9l\u00e9charger le guide<\/a><\/div>\n\n\n\n<div class=\"wp-block-button\"><a class=\"wp-block-button__link has-accent-background-color has-background wp-element-button\" href=\"https:\/\/wp.unil.ch\/davel2023\/files\/2023\/01\/Panneaux_et_fiches_Davel2023.zip\" style=\"border-radius:100px\">T\u00e9l\u00e9charger les panneaux et fiches<\/a><\/div>\n<\/div>\n","protected":false},"excerpt":{"rendered":"<p>L&rsquo;id\u00e9e de mettre en place une exposition participative autour de Davel est n\u00e9e en automne 2021, dans le cadre de l&rsquo;\u00e9laboration du projet collectif \u00ab\u00a0Laboratoire Histoire et Cit\u00e9\u00a0\u00bb,&hellip;<\/p>\n","protected":false},"author":1002227,"featured_media":0,"parent":0,"menu_order":0,"comment_status":"closed","ping_status":"closed","template":"template-full-width.php","meta":{"_seopress_robots_primary_cat":"","_seopress_titles_title":"","_seopress_titles_desc":"","_seopress_robots_index":"","ngg_post_thumbnail":0,"footnotes":""},"class_list":["post-176","page","type-page","status-publish","has-post-thumbnail"],"_links":{"self":[{"href":"https:\/\/wp.unil.ch\/davel2023\/wp-json\/wp\/v2\/pages\/176","targetHints":{"allow":["GET"]}}],"collection":[{"href":"https:\/\/wp.unil.ch\/davel2023\/wp-json\/wp\/v2\/pages"}],"about":[{"href":"https:\/\/wp.unil.ch\/davel2023\/wp-json\/wp\/v2\/types\/page"}],"author":[{"embeddable":true,"href":"https:\/\/wp.unil.ch\/davel2023\/wp-json\/wp\/v2\/users\/1002227"}],"replies":[{"embeddable":true,"href":"https:\/\/wp.unil.ch\/davel2023\/wp-json\/wp\/v2\/comments?post=176"}],"version-history":[{"count":0,"href":"https:\/\/wp.unil.ch\/davel2023\/wp-json\/wp\/v2\/pages\/176\/revisions"}],"wp:attachment":[{"href":"https:\/\/wp.unil.ch\/davel2023\/wp-json\/wp\/v2\/media?parent=176"}],"curies":[{"name":"wp","href":"https:\/\/api.w.org\/{rel}","templated":true}]}}