{"id":13,"date":"2017-10-11T10:33:46","date_gmt":"2017-10-11T08:33:46","guid":{"rendered":"http:\/\/wp.unil.ch\/cwp-blog\/?page_id=13"},"modified":"2019-04-12T17:56:09","modified_gmt":"2019-04-12T15:56:09","slug":"a-propos-about","status":"publish","type":"page","link":"https:\/\/wp.unil.ch\/cwp-blog\/a-propos-about\/","title":{"rendered":"A propos"},"content":{"rendered":"<p><img alt=\"\" loading=\"lazy\" decoding=\"async\" class=\"wp-image-149 size-large\" src=\"https:\/\/wp.unil.ch\/cwp-blog\/files\/2019\/04\/equipe_cwp-1024x341.jpg\" alt=\"\" width=\"1024\" height=\"341\" srcset=\"https:\/\/wp.unil.ch\/cwp-blog\/files\/2019\/04\/equipe_cwp-1024x341.jpg 1024w, https:\/\/wp.unil.ch\/cwp-blog\/files\/2019\/04\/equipe_cwp-300x100.jpg 300w, https:\/\/wp.unil.ch\/cwp-blog\/files\/2019\/04\/equipe_cwp-768x256.jpg 768w, https:\/\/wp.unil.ch\/cwp-blog\/files\/2019\/04\/equipe_cwp.jpg 1200w\" sizes=\"auto, (max-width: 1024px) 100vw, 1024px\" \/><\/p>\n<table style=\"border-collapse: collapse;width: 100%\" border=\"1\">\n<tbody>\n<tr>\n<td style=\"width: 50%\">Bienvenue sur le Blog du <a href=\"https:\/\/www.unil.ch\/cwp\">Centre Walras Pareto<\/a>, <a href=\"https:\/\/wp.unil.ch\/cwp-blog\/2019\/04\/un-blog-dhistoire-de-la-pensee-economique-et-politique\/\">un blog collectif \u00e0 vocation scientifique et p\u00e9dagogique<\/a> sur l&rsquo;histoire de la pens\u00e9e \u00e9conomique et politique, qui n&rsquo;engage que ses contributrices et contributeurs,\u00a0 membres du Centre Walras Pareto de l&rsquo;Universit\u00e9 de Lausanne (pr\u00e9sents, pass\u00e9s, ou associ\u00e9\u00b7e\u00b7s) et leurs invit\u00e9\u00b7e\u00b7s. Chaque billet de blog est relu par deux \u00e9diteurs membres du Centre Walras Pareto.<\/td>\n<td style=\"width: 50%\">Welcome on the Blog of the <a href=\"https:\/\/www.unil.ch\/cwp\">Centre Walras Pareto<\/a>, <a href=\"https:\/\/wp.unil.ch\/cwp-blog\/2019\/04\/a-blog-of-history-of-economic-and-political-thought\/\">a collective blog with scientific and pedagogical purposes<\/a> on the history of economic and political thought, which does engage only its contributors &#8211; current, past and associate members of the Centre Walras-Pareto at the University of Lausanne and its guests. Each post is reviewed by two editors within the Centre Walras Pareto.<\/td>\n<\/tr>\n<\/tbody>\n<\/table>\n<p>&nbsp;<\/p>\n","protected":false},"excerpt":{"rendered":"<p>Bienvenue sur le Blog du Centre Walras Pareto, un blog collectif \u00e0 vocation scientifique et p\u00e9dagogique sur l&rsquo;histoire de la pens\u00e9e \u00e9conomique et politique, qui n&rsquo;engage que ses contributrices et contributeurs,\u00a0 membres du Centre&#46;&#46;&#46;<\/p>\n","protected":false},"author":108,"featured_media":0,"parent":0,"menu_order":0,"comment_status":"closed","ping_status":"closed","template":"","meta":{"_seopress_robots_primary_cat":"","_seopress_titles_title":"","_seopress_titles_desc":"","_seopress_robots_index":"","footnotes":""},"class_list":["post-13","page","type-page","status-publish"],"_links":{"self":[{"href":"https:\/\/wp.unil.ch\/cwp-blog\/wp-json\/wp\/v2\/pages\/13","targetHints":{"allow":["GET"]}}],"collection":[{"href":"https:\/\/wp.unil.ch\/cwp-blog\/wp-json\/wp\/v2\/pages"}],"about":[{"href":"https:\/\/wp.unil.ch\/cwp-blog\/wp-json\/wp\/v2\/types\/page"}],"author":[{"embeddable":true,"href":"https:\/\/wp.unil.ch\/cwp-blog\/wp-json\/wp\/v2\/users\/108"}],"replies":[{"embeddable":true,"href":"https:\/\/wp.unil.ch\/cwp-blog\/wp-json\/wp\/v2\/comments?post=13"}],"version-history":[{"count":0,"href":"https:\/\/wp.unil.ch\/cwp-blog\/wp-json\/wp\/v2\/pages\/13\/revisions"}],"wp:attachment":[{"href":"https:\/\/wp.unil.ch\/cwp-blog\/wp-json\/wp\/v2\/media?parent=13"}],"curies":[{"name":"wp","href":"https:\/\/api.w.org\/{rel}","templated":true}]}}