{"id":56,"date":"2017-04-19T11:39:55","date_gmt":"2017-04-19T09:39:55","guid":{"rendered":"http:\/\/wp.unil.ch\/curml-esc\/?page_id=56"},"modified":"2026-03-17T15:52:09","modified_gmt":"2026-03-17T14:52:09","slug":"plan-du-site-acces-parking-et-restauration","status":"publish","type":"page","link":"https:\/\/wp.unil.ch\/curml-esc\/plan-du-site-acces-parking-et-restauration\/","title":{"rendered":"Plan du site &#8211; Acc\u00e8s, parking et restauration"},"content":{"rendered":"<p>La journ\u00e9e se d\u00e9roulera dans le b\u00e2timent du G\u00e9nopode C. Pour acc\u00e9der au site, nous vous remercions de privil\u00e9gier les transports publics. Vous trouverez, ci-dessous, un plan interactif du site de Dorigny :<\/p>\n<p><a href=\"https:\/\/planete.unil.ch\/?local=ANT-1129\">https:\/\/planete.unil.ch\/<\/a><\/p>\n<p><strong>Acc\u00e8s\u00a0<\/strong><\/p>\n<p>M\u00e9tro : M1 &#8211; Arr\u00eat Unil-Sorge (puis marcher 300 m. direction lac)<\/p>\n<p>Voiture &#8211; depuis l&rsquo;autoroute :\u00a0Direction Lausanne-Sud &gt; Sortie \u00ab\u00a0UNIL-EPFL\u00a0\u00bb &gt; Suivre UNIL<\/p>\n<p>Vous trouverez plusieurs parkings proches du b\u00e2timent (P bleu sur le plan). ll s&rsquo;agit de <strong>zones blanches payantes <\/strong>\u00a0(CHF 1.00 la 1\u00e8re heure, CHF 2.00 chaque heure suivante). Diff\u00e9rents modes de paiement peuvent \u00eatre utilis\u00e9s sur chaque parking. Vous les trouverez ici <a href=\"https:\/\/www.unil.ch\/parking\/fr\/home\/menuinst\/plans-des-parkings.html\">https:\/\/www.unil.ch\/parking.<\/a><\/p>\n<p>Merci de noter que les places de parking sont limit\u00e9es et de favoriser le covoiturage.<\/p>\n<p><strong>Restauration<\/strong><\/p>\n<p>Le repas pourra \u00eatre pris individuellement dans les <a href=\"https:\/\/www.unil.ch\/restos\/fr\/home\/menuinst\/ou-se-restaurer.html\">caf\u00e9t\u00e9rias de l&rsquo;Unil<\/a>.<\/p>\n\n\n<p><\/p>\n","protected":false},"excerpt":{"rendered":"<p>La journ\u00e9e se d\u00e9roulera dans le b\u00e2timent du G\u00e9nopode C. Pour acc\u00e9der au site, nous vous remercions de privil\u00e9gier les transports publics. Vous trouverez, ci-dessous, un plan interactif du site de Dorigny : https:\/\/planete.unil.ch\/ Acc\u00e8s\u00a0 M\u00e9tro : M1 &#8211; Arr\u00eat<\/p>\n","protected":false},"author":1001314,"featured_media":0,"parent":0,"menu_order":0,"comment_status":"closed","ping_status":"closed","template":"","meta":{"_seopress_robots_primary_cat":"","_seopress_titles_title":"","_seopress_titles_desc":"","_seopress_robots_index":"","footnotes":""},"class_list":["post-56","page","type-page","status-publish"],"_links":{"self":[{"href":"https:\/\/wp.unil.ch\/curml-esc\/wp-json\/wp\/v2\/pages\/56","targetHints":{"allow":["GET"]}}],"collection":[{"href":"https:\/\/wp.unil.ch\/curml-esc\/wp-json\/wp\/v2\/pages"}],"about":[{"href":"https:\/\/wp.unil.ch\/curml-esc\/wp-json\/wp\/v2\/types\/page"}],"author":[{"embeddable":true,"href":"https:\/\/wp.unil.ch\/curml-esc\/wp-json\/wp\/v2\/users\/1001314"}],"replies":[{"embeddable":true,"href":"https:\/\/wp.unil.ch\/curml-esc\/wp-json\/wp\/v2\/comments?post=56"}],"version-history":[{"count":5,"href":"https:\/\/wp.unil.ch\/curml-esc\/wp-json\/wp\/v2\/pages\/56\/revisions"}],"predecessor-version":[{"id":380,"href":"https:\/\/wp.unil.ch\/curml-esc\/wp-json\/wp\/v2\/pages\/56\/revisions\/380"}],"wp:attachment":[{"href":"https:\/\/wp.unil.ch\/curml-esc\/wp-json\/wp\/v2\/media?parent=56"}],"curies":[{"name":"wp","href":"https:\/\/api.w.org\/{rel}","templated":true}]}}