{"id":2,"date":"2016-03-24T17:21:26","date_gmt":"2016-03-24T16:21:26","guid":{"rendered":"http:\/\/wp.unil.ch\/curml-esc\/?page_id=2"},"modified":"2026-04-15T13:14:34","modified_gmt":"2026-04-15T11:14:34","slug":"page-d-exemple","status":"publish","type":"page","link":"https:\/\/wp.unil.ch\/curml-esc\/","title":{"rendered":"Bienvenue \u00e0 la Journ\u00e9e romande de m\u00e9decine l\u00e9gale et science forensique !"},"content":{"rendered":"\n<div class=\"wp-block-columns is-layout-flex wp-container-core-columns-is-layout-9d6595d7 wp-block-columns-is-layout-flex\">\n<div class=\"wp-block-column is-vertically-aligned-center is-layout-flow wp-block-column-is-layout-flow\" style=\"flex-basis:100%\">\n<div class=\"wp-block-group\"><div class=\"wp-block-group__inner-container is-layout-flow wp-block-group-is-layout-flow\">\n<p>Nous sommes heureux de vous inviter \u00e0 la Journ\u00e9e curml-esc qui aura lieu le mercredi 3 juin 2026, \u00e0 l&rsquo;UNIL, G\u00e9nopode C.<\/p>\n<p>Votre pr\u00e9sence \u00e0 cette \u00e9dition 2026 est toujours tr\u00e8s appr\u00e9ci\u00e9e. L&rsquo;inscription est obligatoire et doit \u00eatre effectu\u00e9e avant le 24 mai 2026 au moyen de<a href=\"https:\/\/conferences.unil.ch\/curmlesc2026\" target=\"_blank\" rel=\"noopener noreferrer\"> l&rsquo;application d&rsquo;inscription<\/a>.<\/p>\n<p>Une participation financi\u00e8re de CHF 50.00 est requise.<\/p>\n<p>&nbsp;<\/p>\n<\/div><\/div>\n\n\n<\/div>\n<\/div>\n\n\n<div class=\"wp-block-image\">\n<figure class=\"aligncenter size-large\"><img loading=\"lazy\" decoding=\"async\" width=\"668\" height=\"1024\" src=\"https:\/\/wp.unil.ch\/curml-esc\/files\/2026\/04\/flyer-curml-esc-2026-668x1024.png\" alt=\"Flyer curml esc 2026\" class=\"wp-image-407\" srcset=\"https:\/\/wp.unil.ch\/curml-esc\/files\/2026\/04\/flyer-curml-esc-2026-668x1024.png 668w, https:\/\/wp.unil.ch\/curml-esc\/files\/2026\/04\/flyer-curml-esc-2026-196x300.png 196w, https:\/\/wp.unil.ch\/curml-esc\/files\/2026\/04\/flyer-curml-esc-2026-768x1177.png 768w, https:\/\/wp.unil.ch\/curml-esc\/files\/2026\/04\/flyer-curml-esc-2026-1002x1536.png 1002w, https:\/\/wp.unil.ch\/curml-esc\/files\/2026\/04\/flyer-curml-esc-2026-1337x2048.png 1337w, https:\/\/wp.unil.ch\/curml-esc\/files\/2026\/04\/flyer-curml-esc-2026-scaled.png 1671w\" sizes=\"auto, (max-width: 668px) 100vw, 668px\" \/><figcaption class=\"wp-element-caption\">flyer curml esc 2026<\/figcaption><\/figure>\n<\/div>\n\n","protected":false},"excerpt":{"rendered":"<p>Nous sommes heureux de vous inviter \u00e0 la Journ\u00e9e curml-esc qui aura lieu le mercredi 3 juin 2026, \u00e0 l&rsquo;UNIL, G\u00e9nopode C. Votre pr\u00e9sence \u00e0 cette \u00e9dition 2026 est toujours tr\u00e8s appr\u00e9ci\u00e9e. L&rsquo;inscription est obligatoire et doit \u00eatre effectu\u00e9e avant<\/p>\n","protected":false},"author":1001314,"featured_media":0,"parent":0,"menu_order":0,"comment_status":"closed","ping_status":"closed","template":"","meta":{"_seopress_robots_primary_cat":"","_seopress_titles_title":"","_seopress_titles_desc":"","_seopress_robots_index":"","footnotes":""},"class_list":["post-2","page","type-page","status-publish"],"_links":{"self":[{"href":"https:\/\/wp.unil.ch\/curml-esc\/wp-json\/wp\/v2\/pages\/2","targetHints":{"allow":["GET"]}}],"collection":[{"href":"https:\/\/wp.unil.ch\/curml-esc\/wp-json\/wp\/v2\/pages"}],"about":[{"href":"https:\/\/wp.unil.ch\/curml-esc\/wp-json\/wp\/v2\/types\/page"}],"author":[{"embeddable":true,"href":"https:\/\/wp.unil.ch\/curml-esc\/wp-json\/wp\/v2\/users\/1001314"}],"replies":[{"embeddable":true,"href":"https:\/\/wp.unil.ch\/curml-esc\/wp-json\/wp\/v2\/comments?post=2"}],"version-history":[{"count":4,"href":"https:\/\/wp.unil.ch\/curml-esc\/wp-json\/wp\/v2\/pages\/2\/revisions"}],"predecessor-version":[{"id":410,"href":"https:\/\/wp.unil.ch\/curml-esc\/wp-json\/wp\/v2\/pages\/2\/revisions\/410"}],"wp:attachment":[{"href":"https:\/\/wp.unil.ch\/curml-esc\/wp-json\/wp\/v2\/media?parent=2"}],"curies":[{"name":"wp","href":"https:\/\/api.w.org\/{rel}","templated":true}]}}