{"id":653,"date":"2024-03-29T10:07:17","date_gmt":"2024-03-29T09:07:17","guid":{"rendered":"https:\/\/wp.unil.ch\/culture-videoludique\/?page_id=653"},"modified":"2024-05-03T06:22:38","modified_gmt":"2024-05-03T04:22:38","slug":"panel-6","status":"publish","type":"page","link":"https:\/\/wp.unil.ch\/culture-videoludique\/conference-program\/panel-6\/","title":{"rendered":"PANEL 6: Discourses and Paratexts"},"content":{"rendered":"\n<p>Host: Aurelia Brandenburg (Bern Academy of the Arts)<\/p>\n\n\n\n<p class=\"has-medium-font-size\">Michael Wagni\u00e8res (University of Lausanne)<br><strong>Learning to play video games in the emerging home market: A typology of paper manual functions in the 1980s <\/strong><\/p>\n\n\n\n<p>The arcade device seems to have imposed certain codes in the way the player will apprehend the mechanics and the fictional universe of a video game. By encouraging short play sessions (each one must be paid), gameplay has to be basic and the story embryonic. Therefore, ludic and diegetic indications are essentially either printed on the arcade terminal itself or are integrated at the start of the game or on the waiting screen.<\/p>\n\n\n\n<p>The emergence of the domestic market in the 1980s \u2013 particularly the one beginning with the entry of Nintendo and its \u201cinnovative forms of play\u201d (Triclot 2011, 172) \u2013 fundamentally altered this paradigm. Indeed, a great deal of essential information about the game was integrated into a paper manual, sold in the same box as the cartridge. Several studies have already been conducted on this particular object, using diverse approaches: gender (Consalvo 2003), communicational (Grandjean 2020) or linguistic (Halt\u00e9 &amp; Goux 2020).<\/p>\n\n\n\n<p>The game manual can teach to the players the gameplay, give practical advice, provide additional information on the game\u2019s diegesis, and so on. However, it\u2019s worth asking whether a more precise functional typology can be elaborated. Given that the domestic market leads to a modification of ludo-narrative structures of the games, especially the establishment of \u201cricher universes and a unique experience that extends over many hours of play\u201d (Therrien &amp; Julien 2015, \u00a75), it is essential to imagine the paper manual in its functional multitude, since it was able \u2013 if used \u2013 to have a strong impact on video game practices since the 1980s, accompanying the player sometimes before, sometimes during his adventure. In addition, the disappearance of the manual in recent years makes this study valuable from a diachronic perspective.<\/p>\n\n\n\n<p>This research takes as starting point certain observations from my master\u2019s thesis, in which I analyze the figure of the \u201cguiding character\u201d (Barnab\u00e9 2020), a kind of personified tutorial. I identify and study there the four functions that can be attributed to these particular characters: \u201cto instruct\u201d, \u201cto advise\u201d, \u201cto guide spatially\u201d and \u201cto narrate\u201d (Wagni\u00e8res 2021, 11). During this conference, I take up this quadripartition and attempt to apply it to the case of paper manuals, by focusing on the paper manual and on the folding map of the first episode of <em>The Legend of Zelda<\/em> series (Nintendo, 1986). I observe that the manuals of the 1980s had relatively similar functions than those of the guiding character, although we can add others that are specific to them (such as containing terms of use, which the guiding character is never responsible for transmitting).<\/p>\n\n\n\n<p>In this conference, five ludo-narrative functions are identified and analyzed \u2013 \u201cinstructional\u201d (to teach players how to interact with the game system, particularly in terms of controls), \u201cadvisory\u201d (to give hints on the game and on the playful attitude to adopt), \u201corientation\u201d (to help players find his\/her way and move around the playable space), \u201c(extra)diegetic\u201d (to provide with information on the diegesis and the heads-up display) and \u201cnarrative\u201d (to tell the story of the game) \u2013 as well as two others, namely the \u201cindustrial\u201d and \u201clegal\u201d functions. The intertwining of several of these functions is questioned, and a theoretical model is proposed, placing the five ludo-narrative functions on an axis with a \u201chelping pole\u201d and a \u201cstorytelling pole\u201d. A brief comparison is made with the Japanese manual for <em>The Legend of Zelda<\/em> (on the Famicom console), showing a near total structural and functional proximity and attesting to a similar need between geographical contexts in the type of information required by players.<\/p>\n\n\n\n<p>The conference concludes with two openings: one establishing a filiation between paper manuals for video games and those for card, board and role-playing games; the second postulating that the functions of the paper manual remain throughout the history of video games, but with the disappearance of the manual, they shift from this object to cinematics, characters, tutorials, mini-maps and Internet.<\/p>\n\n\n\n<p><strong>References<\/strong><strong><\/strong><\/p>\n\n\n\n<p>Barnab\u00e9, Fanny. \u201cEntre r\u00e8gles et narration: \u00e9tude narratologique des tutoriels de jeu vid\u00e9o et des \u00ab&nbsp;personnages-guides&nbsp;\u00bb\u201d. <em>Cahiers de narratologie<\/em>, no. 38 (year 2020). <a href=\"https:\/\/journals.openedition.org\/narratologie\/11676\">https:\/\/journals.openedition.org\/narratologie\/11676<\/a>.<\/p>\n\n\n\n<p>Consalvo, Mia. \u201cHot Dates and Fairy-Tale Romances: Studying Sexuality in Video Games\u201d. In <em>The Video Game Theory Reader<\/em>, edited by Bernard Perron and Mark J.P. Wolf, 171-194. New York: Routledge, 2003.<\/p>\n\n\n\n<p>Grandjean, Guillaume. <em>Le langage du level design&nbsp;: analyse communicationnelle des structures et instances de m\u00e9diation spatiales dans la s\u00e9rie <\/em>The Legend of Zelda<em> (1986-2017)<\/em>. Doctoral thesis under the supervision of S\u00e9bastien Genvo, Universit\u00e9 de Lorraine, 2020.<\/p>\n\n\n\n<p>Halt\u00e9, Pierre, and Mathieu Goux. \u201cQu\u2019est-ce que programmer par un mode d\u2019emploi de jeu vid\u00e9o&nbsp;?\u201d. <em>Langue fran\u00e7aise<\/em>, no. 206 (June 2020): 111-128.<\/p>\n\n\n\n<p>Therrien, Carl, and Mika\u00ebl Julien. \u201c\u00ab&nbsp;<em>Pour obtenir de l\u2019aide, appuyez sur X<\/em>&nbsp;\u00bb: la mont\u00e9e du paradigme d\u2019assistance dans le <em>design<\/em> du jeu vid\u00e9o\u201d.<em> Sciences du jeu<\/em>, no. 4 (year 2015). <a href=\"https:\/\/journals.openedition.org\/sdj\/508\">https:\/\/journals.openedition.org\/sdj\/508<\/a>.<\/p>\n\n\n\n<p>Triclot, Mathieu. <em>Philosophie des jeux vid\u00e9o<\/em>. Paris: La d\u00e9couverte, 2011.<\/p>\n\n\n\n<p>Wagni\u00e8res, Michael. <em>Le <\/em><em>\u201c<\/em><em>personnage-guide<\/em><em>\u201d<\/em><em> dans les jeux vid\u00e9o. Entre instructeur virtuel et narrateur cin\u00e9matographique<\/em>. Master thesis under the supervision of Valentine Robert and Selim Krichane, Universit\u00e9 de Lausanne, 2021.<\/p>\n\n\n\n<hr class=\"wp-block-separator alignwide has-alpha-channel-opacity\" \/>\n\n\n\n<p class=\"has-medium-font-size\">Robin Bootes (Freelance researcher)<br><strong>User Generated Content as representation and regulation \u2013 reader\u2019s letters, and the early UK gaming magazine<\/strong><\/p>\n\n\n\n<p>User Generated Content (UGC) has a long tradition within pre-digital media, most notably via the popularity of reader\u2019s letters pages in periodicals and magazines, and the study of such archival texts continues to feed into contemporary debates on consumerism and participation. These readers\u2019 letters can be understood as constituting a fan-writing genre, a medium that brings together the individual user and the wider fanbase they constitute, with the publications operating as gate keepers to such interactions. My research examines the role played by readers\u2019 letters within the early UK gaming magazine industry (1982-1992), specifically in relation to the determination of meaning for the new technology of videogaming, and the attempts made to regulate such community led discourse.<br><br>This study contributes to studies on UGC, gaming culture, and a growing body of academic work on early gaming magazines (Kirkpatrick, 2015; 2020; Bootes, 2023; Lima <em>et al.<\/em>, 2023). It examines how the specialist gaming press of the 1980s worked to develop its own \u2018synthetic discourse\u2019 (Fairclough, 1988), in part by appropriating the kudos of both the alternative media and its own youthful readership. Such appropriation enabled the gaming magazine to fulfil one of its three core functions; to distribute what has been termed gaming capital (Consalvo, 2009). The other core functions of the gaming magazine being to ensure the profits for its own controlling interests, and to support the products of the wider gaming industry by acting as \u201cbuyers guides\u201d. The various sections (reviews, UGC, editorial features etc.) of the gaming magazine would work to balance these often competing functions, in an attempt to maintain both critical legitimacy and advertising revenue.<br><br>The mixed-methodology of this research combines content and textual analysis to analyse a sample of 127 letters, all taken from April issues of CVG magazine from 1982-1992. The content analysis had two main propositions: these centred on the type of language being used in the UGC, and the changing genres of the letters. Regarding language, a general assertion can be made that up to 1987 humour is present but occasional within the letters, whereas from 1988 it is a consistent or systematic feature of the letter writing style. Alongside this is a consistent use of slang from 1986 onwards, two years before this comedic turn. Thereby, a general trajectory can sketched out as going from formal\/informal\/comedic. Each of these stages signals an increasing discursive complexity on the part of the letter writers, and can be usefully compared to the growing self-reflexivity of the games reviewer. Together these readers &amp; reviewers will formulate a coherent field of gaming critique by the end of the 1980s.<\/p>\n\n\n\n<p>In terms of the second proposition, around the letters genres, this research identified shifting patterns of request and argumentation across the period 1982 to 1992. To summarise, the earliest readers are making requests for information: How does the new technology function? This evolves into discussion or argumentation around the meanings of the new technology\/activity of gaming eg. What is the best use of the computer\/What makes a good game? By the end of the 1980s, however, there is a shift from information seeking &amp; discussion, towards banter, or synthetic discourse, with the magazine staffers that respond to the letters. This analysis suggests that whilst UGC is one means of establishing meaning for new technologies, it is also a means to reflect such determinations. The potentiality of a path leading from enquiry to reflection is one that is re-directed, and thereby stalled (Kirkpatrick, 2012), by the early gaming press. Instead of critical contemplation the process becomes instead a question of consumer choices, and a broader strengthening of consumerist values.<br><br>Textual analysis on the editorial side of the conversation &#8211; via the initial call-outs for letters, and the responses to those letters &#8211; reveal key dichotomies emerging within 1980s gaming culture, ones that can be summarized as a struggle between the (i)serious\/fun, (ii)adult\/child, and (iii)work\/play. Here there is a dialectic within the UGC between the need for seriousness (and to be taken seriously), and a demand for utility free fun. This tension is between the amateur and the professional; the casual and the hard-core. There is a ongoing embracing and resistance towards both the serious and the fun across the sample, as the new gaming press struggles to locate itself culturally between the two. One response to these tensions by the letters editors is to state that such tensions are illusory; that one form of usage (be it work or play) leads eventually to all others, rather than supplanting them. Furthermore, and centrally, that consumer choice is always already sovereign in any matters of technological determination. The discourse of what technology is for is thereby nullified by the core tenet of commodity logic \u2013 it\u2019s whatever you want (pay for) it to be. Yet, such attempts to reconcile tension as consumer choice is transitory, and unable to provide any lasting form of rhetorical closure.<br><br>This contest around the meaning of the new gaming medium of the 1980s is one adjudicated by the letters page Editor: a set of hyperreal cultural intermediaries (characters such as the Robot \u2018Big Red\u2019, and skinhead rebel \u2018The YOB\u2019). These figures become increasingly detached from any normative sense of the real. Through such characters the reader is encouraged to interact with the magazines via a fantasy roll call in what becomes a precession (Baudrillard, 1983) of simulated authority figures. The unreality of these fabricated avatars is not coincidental, or merely playful, but rather a form of playful labour, where their use of irony and pastiche detaches the rebellious persona of the gaming magazine brand from the utility of their profit margins. Fostering an impression of organic independence from the wider gaming industry. From a Baudrillardian perspective it is the artifice of such caricatures as The YOB that makes the rest of the publication appear authentic.<br><br>One aim of this research has been to recognise the users\u2019 voice, and the collective identity of that voice, whilst locating it within the wider set of power relationships that constituted the gaming magazine as a whole. To try and understand UGC as a tool for both representation and control. The letters from this sample together form a richly textured mosaic of interests, debates, and aspirations, and covered a wide variety of topics. Whilst these letters are tightly framed, and regulated by, the editorial prerogatives of the publications they appear in, it is important (for historians of gaming culture) to recognise the playful inventiveness of their writing, as well as the level of expertise and personal investment they display. In conclusion it is clear that the reader\u2019s letters do produce a valuable textual feedback loop that was at once personal, informed, and critical in its operations, and as such these letters pages provided a vital collective space for the gaming community.<br><strong><br>References<\/strong><\/p>\n\n\n\n<p>Baudrillard, Jean, et al. <em>Simulations<\/em>. New York: Semiotext (e), 1983.<\/p>\n\n\n\n<p>Bootes, R. Adolescent Masculinity and the Geek Aesthetic: A Study of Gaming Magazine Imagery 1982 to 1993, in <em>International Conference on Videogame Sciences and Arts<\/em>. pp. 217\u2013237. Springer, 2023.<\/p>\n\n\n\n<p>Consalvo, Mia. <em>Cheating: Gaining advantage in videogames<\/em>. Mit Press, 2009.<\/p>\n\n\n\n<p>Fairclough, N. <em>Language and power<\/em>. Routledge, 1988.<\/p>\n\n\n\n<p>Kirkpatrick, G. <em>The formation of gaming culture: UK gaming magazines, 1981-1995<\/em>. Springer, 2015.<\/p>\n\n\n\n<p>Lima, L. et al. <em>Home Computing and Digital Game Piracy in the 1980s in Portugal<\/em>, 2023.<\/p>\n\n\n\n<hr class=\"wp-block-separator alignwide has-alpha-channel-opacity\" \/>\n\n\n\n<p class=\"has-medium-font-size\">Francis Lavigne (LUDOV, University of Montr\u00e9al) and Cl\u00e9ment Personnic (LUDOV, University of Montr\u00e9al)<br><strong>Genealogies of 3D games: a conversation around the Sony Playstation<\/strong>\u2009<\/p>\n\n\n\n<p>In this presentation, we will revisit the transition between 2D and 3D games through the launch of the Sony PlayStation in the United States in the video game press. This console is generally viewed as a historical and technical pivot regarding the development of 3D video games for the home console market. Several historians put emphasis on the PlayStation and other consoles launched between 1993 and 1996 as heavily focused on the development and adoption of 3D environment and video game design (Arsenault 2008, p. 180-181; Wolf 2008, p.&nbsp;11; Young 2012, p.&nbsp;592).<\/p>\n\n\n\n<p>But as Carl Therrien demonstrated in a genealogy of the first-person shooter (2015), the emergence of new game design practices is not something linear. His comparison of publicities, reviews and critics shows how the first-person perspective is something that predates <em>Wolfenstein 3D<\/em> (id Software, 1992), <em>Doom <\/em>(id Software, 1993), <em>Quake <\/em>(id Software, 1996) and <em>Half-Life<\/em> (Valve, 1998). Those games are generally celebrated as founding the genre. Thus, Therrien\u2019s study nuance this idea of a sudden apparition of the genre when he reveals \u201chidden\u201d or ignored genealogies. Indeed, his account on techniques to create the illusion of 3D illustrates how historical studies benefit from expanded approaches to grasp the rise of videoludic phenomena. As put in perspective by Dominic Arsenault, video game design and technology are an iteration process rather than a revolutionary one (2009, p.&nbsp;169). The notion of graphical regime proposed by Arsenault, Pierre-Marc C\u00f4t\u00e9 and Audrey Larochelle (2013 and 2015) aims to understand the techniques employed to build video game presentation on screen. Part of their project use the vocabulary of perspective from paintings (Larochelle 2013) to understand how players and critics make sense of video game spaces, more specifically in the transition between 2D and 3D games in the 1990s.&nbsp;<\/p>\n\n\n\n<p>Texts analyzing graphical innovations and gameplay, i.e. borrowing methods from media archeology studies, are sparse. And those who cross those methods with first-hand documents like magazines or publicities are even more uncommon. Yet, as Mia Consalvo (2007) and Graeme Kirkpatrick (2015) defend, video game magazines are both witnesses and actors in the gaming culture. They shape discourses on technological evolutions. In that sense, we believe that technical evolutions of games influenced the kind of expanded paratextual works (\u0160velch 2020) that are video game reviews and <em>vice versa<\/em>. Changes in graphical regimes and the way journalists deal with those transformations can tell us a lot about how video games visual elements are perceived through time.<\/p>\n\n\n\n<p>In this presentation, we will engage in a genealogical perspective to understand the transition from 2D to 3D games. For the first part of this conference, we will revisit proto-interactive devices (Huhtamo 2016, p. 24) as well as arcades to highlight the usage of techniques that create the illusion of depth. For us, such a genealogy opens a wide array of questions regarding the reception of 3D by game reviewers. In the second part, we analyze the launch of the Sony PlayStation in magazines published in the United States in the mid-1990s. We try to understand how magazines frame such innovations, although some of the aspects praised are already effective in past games. Lastly, we will open discussion on how journalists make sense of video game spaces, and the experience they convey through the analysis of reviews of PlayStation classics such as <em>Crash Bandicoot <\/em>(Naughty Dog, 1996), <em>Ridge Racer<\/em> (Namco, 1995) and <em>Final Fantasy VII <\/em>(SquareSoft, 1997).<\/p>\n\n\n\n<p><strong>References<\/strong><\/p>\n\n\n\n<p>Arsenault, D. (2008). \u201cSystem Profil: Sony PlayStation\u201d. In M. J.P. Wolf (dir.), <em>The Video Game Explosion: From Pong to PlayStation and Beyond<\/em>, pp.&nbsp;177-182. Greenwood Press.<\/p>\n\n\n\n<p>Arsenault, D. (2009). \u201cVideo Game Genre, Evolution and Innovation\u201d. <em>Eludamos<\/em>, 3(2), p.&nbsp;149-176. <a href=\"https:\/\/eludamos.org\/index.php\/eludamos\/article\/view\/vol3no2-3\/5894\">https:\/\/eludamos.org\/index.php\/eludamos\/article\/view\/vol3no2-3\/5894<\/a><\/p>\n\n\n\n<p>Arsenault, D., P.-M. C\u00f4t\u00e9 and A. Larochelle. (2015). \u201cThe Game FAVR: A Framework for the Analysis of Visual Representation in Video Games\u201d. <em>LOADING&#8230;<\/em>, 9(14), pp.&nbsp;88-123. <a href=\"https:\/\/journals.sfu.ca\/loading\/index.php\/loading\/article\/view\/155\">https:\/\/journals.sfu.ca\/loading\/index.php\/loading\/article\/view\/155<\/a><\/p>\n\n\n\n<p>Arsenault, D., P.-M. C\u00f4t\u00e9, A. Larochelle and S. Lebel. (2013). \u201cGraphical technologies, innovation and aesthetics in the video game industry: A case study of the shift from 2d to 3d graphics in the 1990s\u201d. <em>G|A|M|E<\/em>, 2, pp.&nbsp;79-99. <a href=\"https:\/\/gamejournal.it\/2_arsenault_cote_larochelle_lebel\/&nbsp;&nbsp;\">https:\/\/gamejournal.it\/2_arsenault_cote_larochelle_lebel\/&nbsp;&nbsp;<\/a><\/p>\n\n\n\n<p>Consalvo, M. (2007). <em>Cheating: Gaining Advantage in Videogames<\/em>. MIT Press.&nbsp;<\/p>\n\n\n\n<p>Kirkpatrick, G. (2015). <em>The Formation of Gaming Culture: UK Magazines, 1981-1995. <\/em>Palgrave Pivot.<\/p>\n\n\n\n<p>Larochelle, A. (2013). \u201cA new angle on parallel languages: The contribution of visual arts to a vocabulary of graphical projection in video games\u201d. <em>G|A|M|E,<\/em> 2, pp.&nbsp;33-40. <a href=\"https:\/\/www.gamejournal.it\/a-new-angle-on-parallel-languages-the-contribution-of-visual-arts-to-a-vocabulary-of-graphical-projection-in-video-games\/\">https:\/\/www.gamejournal.it\/a-new-angle-on-parallel-languages-the-contribution-of-visual-arts-to-a-vocabulary-of-graphical-projection-in-video-games\/<\/a><\/p>\n\n\n\n<p>Huhtamo, E. (2016). \u201cAmusement Arcade\u201d. In H. Lowood and R. Guins (dir.), <em>Debugging Game History: A Critical Lexicon<\/em>, pp.&nbsp;21-28. The MIT Press.<\/p>\n\n\n\n<p>\u0160velch, J. (2020). \u201cParatextuality in Game Studies: A Theoretical Review and Citation Analysis\u201d. <em>Game Studies<\/em>, 20(2). <a href=\"https:\/\/gamestudies.org\/2002\/articles\/jan_svelch\">https:\/\/gamestudies.org\/2002\/articles\/jan_svelch<\/a><\/p>\n\n\n\n<p>Therrien, C. (2015). \u201cInspecting Video Game Historiography Through Critical Lens: Etymology of the First-Person Shooter Genre\u201d. <em>Game Studies<\/em>, 15(2). <a href=\"https:\/\/gamestudies.org\/1502\/articles\/therrien\">https:\/\/gamestudies.org\/1502\/articles\/therrien<\/a><\/p>\n\n\n\n<p>Wolf, M. J.P. (2008). \u201cImaging Technologies\u201d. In M. J.P. Wolf (dir.), <em>The Video Game Explosion: From Pong to PlayStation and Beyond<\/em>, pp.&nbsp;9-12. Greenwood Press.<\/p>\n\n\n\n<p>Young, B.-M. (2012). \u201cSony PlayStation\u201d. In M. J.P. Wolf (dir.), <em>Encyclopedia of Video Games: The Culture, Technology and Art of Gaming<\/em>, pp.&nbsp;590-592. Greenwood.<\/p>\n\n\n\n<p><br><br><br><\/p>\n","protected":false},"excerpt":{"rendered":"<p>Host: Aurelia Brandenburg (Bern Academy of the Arts) Michael Wagni\u00e8res (University of Lausanne)Learning to play video games in the emerging home market: A typology of paper manual functions in the 1980s The arcade device seems to have imposed certain codes<\/p>\n","protected":false},"author":1002762,"featured_media":0,"parent":570,"menu_order":0,"comment_status":"closed","ping_status":"closed","template":"","meta":{"_seopress_robots_primary_cat":"","_seopress_titles_title":"","_seopress_titles_desc":"","_seopress_robots_index":"","footnotes":""},"class_list":["post-653","page","type-page","status-publish"],"_links":{"self":[{"href":"https:\/\/wp.unil.ch\/culture-videoludique\/wp-json\/wp\/v2\/pages\/653","targetHints":{"allow":["GET"]}}],"collection":[{"href":"https:\/\/wp.unil.ch\/culture-videoludique\/wp-json\/wp\/v2\/pages"}],"about":[{"href":"https:\/\/wp.unil.ch\/culture-videoludique\/wp-json\/wp\/v2\/types\/page"}],"author":[{"embeddable":true,"href":"https:\/\/wp.unil.ch\/culture-videoludique\/wp-json\/wp\/v2\/users\/1002762"}],"replies":[{"embeddable":true,"href":"https:\/\/wp.unil.ch\/culture-videoludique\/wp-json\/wp\/v2\/comments?post=653"}],"version-history":[{"count":4,"href":"https:\/\/wp.unil.ch\/culture-videoludique\/wp-json\/wp\/v2\/pages\/653\/revisions"}],"predecessor-version":[{"id":908,"href":"https:\/\/wp.unil.ch\/culture-videoludique\/wp-json\/wp\/v2\/pages\/653\/revisions\/908"}],"up":[{"embeddable":true,"href":"https:\/\/wp.unil.ch\/culture-videoludique\/wp-json\/wp\/v2\/pages\/570"}],"wp:attachment":[{"href":"https:\/\/wp.unil.ch\/culture-videoludique\/wp-json\/wp\/v2\/media?parent=653"}],"curies":[{"name":"wp","href":"https:\/\/api.w.org\/{rel}","templated":true}]}}