{"id":433,"date":"2019-12-10T15:16:59","date_gmt":"2019-12-10T14:16:59","guid":{"rendered":"http:\/\/wp.unil.ch\/culture-videoludique\/?page_id=433"},"modified":"2019-12-17T14:43:27","modified_gmt":"2019-12-17T13:43:27","slug":"organisation-2","status":"publish","type":"page","link":"https:\/\/wp.unil.ch\/culture-videoludique\/anciennes-editions\/penser-avec-la-culture-videoludique\/organisation-2\/","title":{"rendered":"Organisation"},"content":{"rendered":"\n<div class=\"wp-block-columns is-layout-flex wp-container-core-columns-is-layout-9d6595d7 wp-block-columns-is-layout-flex\">\n<div class=\"wp-block-column is-layout-flow wp-block-column-is-layout-flow\">\n<div class=\"wp-block-button is-style-fill\"><a class=\"wp-block-button__link has-text-color has-very-dark-gray-color has-background has-very-light-gray-background-color no-border-radius\" href=\"https:\/\/wp.unil.ch\/culture-videoludique\/anciennes-editions\/penser-avec-la-culture-videoludique\/\">Accueil<\/a><\/div>\n<\/div>\n\n\n\n<div class=\"wp-block-column is-layout-flow wp-block-column-is-layout-flow\">\n<div class=\"wp-block-button is-style-fill\"><a class=\"wp-block-button__link has-text-color has-very-dark-gray-color has-background has-very-light-gray-background-color no-border-radius\" href=\"https:\/\/wp.unil.ch\/culture-videoludique\/anciennes-editions\/penser-avec-la-culture-videoludique\/programme-2\/\">Programme<\/a><\/div>\n<\/div>\n\n\n\n<div class=\"wp-block-column is-layout-flow wp-block-column-is-layout-flow\">\n<div class=\"wp-block-button is-style-fill\"><a class=\"wp-block-button__link has-text-color has-very-dark-gray-color has-background has-very-light-gray-background-color no-border-radius\" href=\"https:\/\/wp.unil.ch\/culture-videoludique\/anciennes-editions\/penser-avec-la-culture-videoludique\/contributions-2\/\">Contributions<\/a><\/div>\n<\/div>\n\n\n\n<div class=\"wp-block-column is-layout-flow wp-block-column-is-layout-flow\">\n<div class=\"wp-block-button is-style-fill\"><a class=\"wp-block-button__link has-text-color has-very-dark-gray-color has-background has-very-light-gray-background-color no-border-radius\" href=\"https:\/\/wp.unil.ch\/culture-videoludique\/anciennes-editions\/penser-avec-la-culture-videoludique\/appel-2\/\">Appel<\/a><\/div>\n<\/div>\n\n\n\n<div class=\"wp-block-column is-layout-flow wp-block-column-is-layout-flow\">\n<div class=\"wp-block-button is-style-fill\"><a class=\"wp-block-button__link has-text-color has-very-dark-gray-color has-background has-very-light-gray-background-color no-border-radius\" href=\"https:\/\/wp.unil.ch\/culture-videoludique\/anciennes-editions\/penser-avec-la-culture-videoludique\/soutiens\/\">Soutiens<\/a><\/div>\n<\/div>\n\n\n\n<div class=\"wp-block-column is-layout-flow wp-block-column-is-layout-flow\">\n<div class=\"wp-block-button is-style-fill\"><a class=\"wp-block-button__link has-text-color has-very-light-gray-color has-background no-border-radius\" href=\"https:\/\/wp.unil.ch\/culture-videoludique\/anciennes-editions\/penser-avec-la-culture-videoludique\/organisation-2\/\" style=\"background-color:#0c5b08\">Organisation<\/a><\/div>\n<\/div>\n<\/div>\n\n\n\n<hr class=\"wp-block-separator has-text-color has-background has-very-dark-gray-background-color has-very-dark-gray-color\" \/>\n\n\n\n<p><a href=\"https:\/\/www.unil.ch\/interface\/fr\/home.html\">Interface sciences-soci\u00e9t\u00e9<\/a>, Universit\u00e9 de Lausanne<\/p>\n\n\n\n<h2 class=\"wp-block-heading\"><strong>Comit\u00e9 scientifique<\/strong><\/h2>\n\n\n\n<figure class=\"wp-block-table is-style-stripes\"><table class=\"\"><tbody><tr><td>Marc Atallah<\/td><td>Ma\u00eetre d\u2019enseignement et de recherche (MER), facult\u00e9 des lettres, section de fran\u00e7ais<\/td><\/tr><tr><td>Marc Dupuis<\/td><td>Assistant dipl\u00f4m\u00e9, institut de psychologie<\/td><\/tr><tr><td>Farinaz Fassa Recrosio<\/td><td>Professeur ordinaire, institut des sciences sociales<\/td><\/tr><tr><td>Olivier Glassey<\/td><td>MER, institut des sciences sociales<\/td><\/tr><tr><td>Michael Groneberg<\/td><td>MER, facult\u00e9 des lettres, section de Philosophie<\/td><\/tr><tr><td>David Javet<\/td><td>Doctorant, facult\u00e9 des lettres, section d\u2019histoire et esth\u00e9tique du cin\u00e9ma<\/td><\/tr><tr><td>Selim Krichane<\/td><td>Doctorant, facult\u00e9 des lettres, section d\u2019histoire et esth\u00e9tique du cin\u00e9ma<\/td><\/tr><tr><td>Nicolas Meylan<\/td><td>MER, facult\u00e9 de th\u00e9ologie et de science des religions<\/td><\/tr><tr><td>Isaac Pante<\/td><td>MER, facult\u00e9 des lettres, section des sciences du langage et de l\u2019information<\/td><\/tr><tr><td>Matthieu Pellet<\/td><td>Premier assistant, facult\u00e9 de th\u00e9ologie et de science des religions<\/td><\/tr><tr><td>Florence Quinche<\/td><td>Professeur formatrice HEP Vaud<\/td><\/tr><tr><td>Yannick Rochat<\/td><td>Premier assistant, facult\u00e9 des lettres, section des sciences du langage et de l\u2019information<\/td><\/tr><tr><td>Nicolas Schaffter<\/td><td>M\u00e9diateur scientifique SHS, Interface sciences-soci\u00e9t\u00e9<\/td><\/tr><tr><td>Dominique Vinck<\/td><td>Professeur ordinaire, institut des sciences sociales, directeur du laboratoire de cultures et humanit\u00e9s digitales (LADHUL)<\/td><\/tr><\/tbody><\/table><\/figure>\n\n\n\n<h2 class=\"wp-block-heading\"><strong>Comit\u00e9 d\u2019organisation<\/strong><\/h2>\n\n\n\n<figure class=\"wp-block-table is-style-stripes\"><table class=\"\"><tbody><tr><td>Fiona Baumann<\/td><td>Association Pixels<\/td><\/tr><tr><td>S\u00e9bastien Bujard<\/td><td>Association Pixels<\/td><\/tr><tr><td>Marc Dupuis<\/td><td>Assistant dipl\u00f4m\u00e9, institut de psychologie<\/td><\/tr><tr><td>Thomas M\u00e9chineau<\/td><td>Association Pixels<\/td><\/tr><tr><td>Florence Quinche<\/td><td>Professeur formatrice HEP Vaud<\/td><\/tr><tr><td>Yannick Rochat<\/td><td>Premier assistant, facult\u00e9 des lettres<\/td><\/tr><tr><td>Nicolas Schaffter<\/td><td>Interface sciences-soci\u00e9t\u00e9<\/td><\/tr><tr><td>Natacha Cattin<\/td><td>Gaming Federation<\/td><\/tr><\/tbody><\/table><\/figure>\n","protected":false},"excerpt":{"rendered":"<p>Interface sciences-soci\u00e9t\u00e9, Universit\u00e9 de Lausanne Comit\u00e9 scientifique Marc Atallah Ma\u00eetre d\u2019enseignement et de recherche (MER), facult\u00e9 des lettres, section de fran\u00e7ais Marc Dupuis Assistant dipl\u00f4m\u00e9, institut de psychologie Farinaz Fassa Recrosio Professeur ordinaire, institut des sciences sociales Olivier Glassey MER,<\/p>\n","protected":false},"author":108,"featured_media":0,"parent":359,"menu_order":0,"comment_status":"closed","ping_status":"closed","template":"","meta":{"_seopress_robots_primary_cat":"","_seopress_titles_title":"","_seopress_titles_desc":"","_seopress_robots_index":"","footnotes":""},"class_list":["post-433","page","type-page","status-publish"],"_links":{"self":[{"href":"https:\/\/wp.unil.ch\/culture-videoludique\/wp-json\/wp\/v2\/pages\/433","targetHints":{"allow":["GET"]}}],"collection":[{"href":"https:\/\/wp.unil.ch\/culture-videoludique\/wp-json\/wp\/v2\/pages"}],"about":[{"href":"https:\/\/wp.unil.ch\/culture-videoludique\/wp-json\/wp\/v2\/types\/page"}],"author":[{"embeddable":true,"href":"https:\/\/wp.unil.ch\/culture-videoludique\/wp-json\/wp\/v2\/users\/108"}],"replies":[{"embeddable":true,"href":"https:\/\/wp.unil.ch\/culture-videoludique\/wp-json\/wp\/v2\/comments?post=433"}],"version-history":[{"count":0,"href":"https:\/\/wp.unil.ch\/culture-videoludique\/wp-json\/wp\/v2\/pages\/433\/revisions"}],"up":[{"embeddable":true,"href":"https:\/\/wp.unil.ch\/culture-videoludique\/wp-json\/wp\/v2\/pages\/359"}],"wp:attachment":[{"href":"https:\/\/wp.unil.ch\/culture-videoludique\/wp-json\/wp\/v2\/media?parent=433"}],"curies":[{"name":"wp","href":"https:\/\/api.w.org\/{rel}","templated":true}]}}