{"id":406,"date":"2019-12-10T15:16:27","date_gmt":"2019-12-10T14:16:27","guid":{"rendered":"http:\/\/wp.unil.ch\/culture-videoludique\/?page_id=406"},"modified":"2019-12-17T14:43:48","modified_gmt":"2019-12-17T13:43:48","slug":"soutiens","status":"publish","type":"page","link":"https:\/\/wp.unil.ch\/culture-videoludique\/anciennes-editions\/penser-avec-la-culture-videoludique\/soutiens\/","title":{"rendered":"Soutiens"},"content":{"rendered":"\n<div class=\"wp-block-columns is-layout-flex wp-container-core-columns-is-layout-9d6595d7 wp-block-columns-is-layout-flex\">\n<div class=\"wp-block-column is-layout-flow wp-block-column-is-layout-flow\">\n<div class=\"wp-block-button is-style-fill\"><a class=\"wp-block-button__link has-text-color has-very-dark-gray-color has-background has-very-light-gray-background-color no-border-radius\" href=\"https:\/\/wp.unil.ch\/culture-videoludique\/anciennes-editions\/penser-avec-la-culture-videoludique\/\">Accueil<\/a><\/div>\n<\/div>\n\n\n\n<div class=\"wp-block-column is-layout-flow wp-block-column-is-layout-flow\">\n<div class=\"wp-block-button is-style-fill\"><a class=\"wp-block-button__link has-text-color has-very-dark-gray-color has-background has-very-light-gray-background-color no-border-radius\" href=\"https:\/\/wp.unil.ch\/culture-videoludique\/anciennes-editions\/penser-avec-la-culture-videoludique\/programme-2\/\">Programme<\/a><\/div>\n<\/div>\n\n\n\n<div class=\"wp-block-column is-layout-flow wp-block-column-is-layout-flow\">\n<div class=\"wp-block-button is-style-fill\"><a class=\"wp-block-button__link has-text-color has-very-dark-gray-color has-background has-very-light-gray-background-color no-border-radius\" href=\"https:\/\/wp.unil.ch\/culture-videoludique\/anciennes-editions\/penser-avec-la-culture-videoludique\/contributions-2\/\">Contributions<\/a><\/div>\n<\/div>\n\n\n\n<div class=\"wp-block-column is-layout-flow wp-block-column-is-layout-flow\">\n<div class=\"wp-block-button is-style-fill\"><a class=\"wp-block-button__link has-text-color has-very-dark-gray-color has-background has-very-light-gray-background-color no-border-radius\" href=\"https:\/\/wp.unil.ch\/culture-videoludique\/anciennes-editions\/penser-avec-la-culture-videoludique\/appel-2\/\">Appel<\/a><\/div>\n<\/div>\n\n\n\n<div class=\"wp-block-column is-layout-flow wp-block-column-is-layout-flow\">\n<div class=\"wp-block-button is-style-fill\"><a class=\"wp-block-button__link has-text-color has-very-light-gray-color has-background no-border-radius\" href=\"https:\/\/wp.unil.ch\/culture-videoludique\/anciennes-editions\/penser-avec-la-culture-videoludique\/soutiens\/\" style=\"background-color:#0c5b08\">Soutiens<\/a><\/div>\n<\/div>\n\n\n\n<div class=\"wp-block-column is-layout-flow wp-block-column-is-layout-flow\">\n<div class=\"wp-block-button is-style-fill\"><a class=\"wp-block-button__link has-text-color has-very-dark-gray-color has-background has-very-light-gray-background-color no-border-radius\" href=\"https:\/\/wp.unil.ch\/culture-videoludique\/anciennes-editions\/penser-avec-la-culture-videoludique\/organisation-2\/\">Organisation<\/a><\/div>\n<\/div>\n<\/div>\n\n\n\n<hr class=\"wp-block-separator has-text-color has-background has-very-dark-gray-background-color has-very-dark-gray-color\" \/>\n\n\n\n<figure class=\"wp-block-table is-style-stripes\"><table class=\"has-subtle-pale-pink-background-color has-background\"><tbody><tr><td><img alt=\"\" loading=\"lazy\" decoding=\"async\" width=\"221\" height=\"85\" src=\"https:\/\/wp.unil.ch\/culture-videoludique\/files\/2019\/12\/unilogo_bleu_iss.png\" alt=\"\" class=\"wp-image-426\"><\/td><td><a href=\"https:\/\/www.unil.ch\/interface\/home.html\">Interface sciences-soci\u00e9t\u00e9<\/a><\/td><\/tr><tr><td><img alt=\"\" loading=\"lazy\" decoding=\"async\" width=\"168\" height=\"85\" src=\"https:\/\/wp.unil.ch\/culture-videoludique\/files\/2019\/12\/unilogo_bleu_fl.png\" alt=\"\" class=\"wp-image-423\"><\/td><td><a href=\"https:\/\/www.unil.ch\/doc-digitalstudies\/home.html\">Programme doctoral en humanit\u00e9s num\u00e9rique<\/a><br> <a href=\"https:\/\/unil.ch\/lettres\/home.html\">Facult\u00e9 des lettres<\/a><\/td><\/tr><tr><td><img alt=\"\" loading=\"lazy\" decoding=\"async\" width=\"201\" height=\"85\" src=\"https:\/\/wp.unil.ch\/culture-videoludique\/files\/2019\/12\/unilogo_bleu_ip.png\" alt=\"\" class=\"wp-image-425\"><\/td><td><a href=\"https:\/\/unil.ch\/ip\/home.html\">Institut de psychologie<\/a><\/td><\/tr><tr><td><img alt=\"\" loading=\"lazy\" decoding=\"async\" width=\"217\" height=\"118\" src=\"https:\/\/wp.unil.ch\/culture-videoludique\/files\/2019\/12\/unilogo_bleu_ladhul.png\" alt=\"\" class=\"wp-image-427\"><\/td><td><a href=\"https:\/\/unil.ch\/ladhul\/home.html\">LaDHUL \u2013 Laboratoire de cultures et humanit\u00e9s digitales<\/a><\/td><\/tr><tr><td><img alt=\"\" loading=\"lazy\" decoding=\"async\" src=\"https:\/\/wp.unil.ch\/culture-videoludique\/files\/2019\/12\/CaptureLogoHEP-300x104.png\" alt=\"\" class=\"wp-image-361\" width=\"250\" height=\"125\"><\/td><td><a href=\"https:\/\/www.hepl.ch\">Haute \u00c9cole P\u00e9dagogique du canton de Vaud<\/a><\/td><\/tr><tr><td><img alt=\"\" loading=\"lazy\" decoding=\"async\" src=\"https:\/\/wp.unil.ch\/culture-videoludique\/files\/2019\/12\/unilogo_bleu_gamelab.png\" alt=\"\" class=\"wp-image-424\" width=\"250\" height=\"125\"><\/td><td><a href=\"https:\/\/wp.unil.ch\/gamelab\/\">UNIL GameLab \u2013 Groupe d\u2019\u00e9tude sur le jeu vid\u00e9o<\/a><\/td><\/tr><tr><td><img alt=\"\" loading=\"lazy\" decoding=\"async\" src=\"https:\/\/wp.unil.ch\/culture-videoludique\/files\/2019\/12\/pixels_logo_print_orange-768x126.png\" alt=\"\" class=\"wp-image-422\" width=\"250\" height=\"125\"><\/td><td><a href=\"https:\/\/www.pixels-association.ch\/\">Pixels \u2013 Association de culture vid\u00e9oludique<\/a><\/td><\/tr><tr><td><img alt=\"\" loading=\"lazy\" decoding=\"async\" width=\"300\" height=\"69\" src=\"https:\/\/wp.unil.ch\/culture-videoludique\/files\/2019\/12\/Logo-GamingFederation-300x69.png\" alt=\"\" class=\"wp-image-428\"><\/td><td><a href=\"https:\/\/gamingfederation.ch\/\">Gaming Federation<\/a><\/td><\/tr><\/tbody><\/table><\/figure>\n","protected":false},"excerpt":{"rendered":"<p>Interface sciences-soci\u00e9t\u00e9 Programme doctoral en humanit\u00e9s num\u00e9rique Facult\u00e9 des lettres Institut de psychologie LaDHUL \u2013 Laboratoire de cultures et humanit\u00e9s digitales Haute \u00c9cole P\u00e9dagogique du canton de Vaud UNIL GameLab \u2013 Groupe d\u2019\u00e9tude sur le jeu vid\u00e9o Pixels \u2013 Association<\/p>\n","protected":false},"author":108,"featured_media":0,"parent":359,"menu_order":0,"comment_status":"closed","ping_status":"closed","template":"","meta":{"_seopress_robots_primary_cat":"","_seopress_titles_title":"","_seopress_titles_desc":"","_seopress_robots_index":"","footnotes":""},"class_list":["post-406","page","type-page","status-publish"],"_links":{"self":[{"href":"https:\/\/wp.unil.ch\/culture-videoludique\/wp-json\/wp\/v2\/pages\/406","targetHints":{"allow":["GET"]}}],"collection":[{"href":"https:\/\/wp.unil.ch\/culture-videoludique\/wp-json\/wp\/v2\/pages"}],"about":[{"href":"https:\/\/wp.unil.ch\/culture-videoludique\/wp-json\/wp\/v2\/types\/page"}],"author":[{"embeddable":true,"href":"https:\/\/wp.unil.ch\/culture-videoludique\/wp-json\/wp\/v2\/users\/108"}],"replies":[{"embeddable":true,"href":"https:\/\/wp.unil.ch\/culture-videoludique\/wp-json\/wp\/v2\/comments?post=406"}],"version-history":[{"count":0,"href":"https:\/\/wp.unil.ch\/culture-videoludique\/wp-json\/wp\/v2\/pages\/406\/revisions"}],"up":[{"embeddable":true,"href":"https:\/\/wp.unil.ch\/culture-videoludique\/wp-json\/wp\/v2\/pages\/359"}],"wp:attachment":[{"href":"https:\/\/wp.unil.ch\/culture-videoludique\/wp-json\/wp\/v2\/media?parent=406"}],"curies":[{"name":"wp","href":"https:\/\/api.w.org\/{rel}","templated":true}]}}