{"id":383,"date":"2019-12-10T14:11:30","date_gmt":"2019-12-10T13:11:30","guid":{"rendered":"http:\/\/wp.unil.ch\/culture-videoludique\/?page_id=383"},"modified":"2021-02-22T01:45:39","modified_gmt":"2021-02-22T00:45:39","slug":"contributions-2","status":"publish","type":"page","link":"https:\/\/wp.unil.ch\/culture-videoludique\/anciennes-editions\/penser-avec-la-culture-videoludique\/contributions-2\/","title":{"rendered":"Contributions"},"content":{"rendered":"\n<div class=\"wp-block-columns is-layout-flex wp-container-core-columns-is-layout-9d6595d7 wp-block-columns-is-layout-flex\">\n<div class=\"wp-block-column is-layout-flow wp-block-column-is-layout-flow\">\n<div class=\"wp-block-button is-style-fill\"><a class=\"wp-block-button__link has-very-dark-gray-color has-very-light-gray-background-color has-text-color has-background no-border-radius\" href=\"https:\/\/wp.unil.ch\/culture-videoludique\/anciennes-editions\/penser-avec-la-culture-videoludique\/\">Accueil<\/a><\/div>\n<\/div>\n\n\n\n<div class=\"wp-block-column is-layout-flow wp-block-column-is-layout-flow\">\n<div class=\"wp-block-button is-style-fill\"><a class=\"wp-block-button__link has-very-dark-gray-color has-very-light-gray-background-color has-text-color has-background no-border-radius\" href=\"https:\/\/wp.unil.ch\/culture-videoludique\/anciennes-editions\/penser-avec-la-culture-videoludique\/programme-2\/\">Programme<\/a><\/div>\n<\/div>\n\n\n\n<div class=\"wp-block-column is-layout-flow wp-block-column-is-layout-flow\">\n<div class=\"wp-block-button is-style-fill\"><a class=\"wp-block-button__link has-very-light-gray-color has-text-color has-background no-border-radius\" href=\"https:\/\/wp.unil.ch\/culture-videoludique\/anciennes-editions\/penser-avec-la-culture-videoludique\/contributions-2\/\" style=\"background-color:#0c5b08\">Contributions<\/a><\/div>\n<\/div>\n\n\n\n<div class=\"wp-block-column is-layout-flow wp-block-column-is-layout-flow\">\n<div class=\"wp-block-button is-style-fill\"><a class=\"wp-block-button__link has-very-dark-gray-color has-very-light-gray-background-color has-text-color has-background no-border-radius\" href=\"https:\/\/wp.unil.ch\/culture-videoludique\/anciennes-editions\/penser-avec-la-culture-videoludique\/appel-2\/\">Appel<\/a><\/div>\n<\/div>\n\n\n\n<div class=\"wp-block-column is-layout-flow wp-block-column-is-layout-flow\">\n<div class=\"wp-block-button is-style-fill\"><a class=\"wp-block-button__link has-very-dark-gray-color has-very-light-gray-background-color has-text-color has-background no-border-radius\" href=\"https:\/\/wp.unil.ch\/culture-videoludique\/anciennes-editions\/penser-avec-la-culture-videoludique\/soutiens\/\">Soutiens<\/a><\/div>\n<\/div>\n\n\n\n<div class=\"wp-block-column is-layout-flow wp-block-column-is-layout-flow\">\n<div class=\"wp-block-button is-style-fill\"><a class=\"wp-block-button__link has-very-dark-gray-color has-very-light-gray-background-color has-text-color has-background no-border-radius\" href=\"https:\/\/wp.unil.ch\/culture-videoludique\/anciennes-editions\/penser-avec-la-culture-videoludique\/organisation-2\/\">Organisation<\/a><\/div>\n<\/div>\n<\/div>\n\n\n\n<div class=\"wp-block-columns is-layout-flex wp-container-core-columns-is-layout-9d6595d7 wp-block-columns-is-layout-flex\">\n<div class=\"wp-block-column is-layout-flow wp-block-column-is-layout-flow\">\n<div class=\"wp-block-button\"><a class=\"wp-block-button__link no-border-radius\" href=\"https:\/\/wp.unil.ch\/culture-videoludique\/anciennes-editions\/penser-avec-la-culture-videoludique\/contributions-2\/jeudi-presse-et-jeu-video-en-suisse\/\">Jeudi. Presse et jeu vid\u00e9o en Suisse<\/a><\/div>\n<\/div>\n\n\n\n<div class=\"wp-block-column is-layout-flow wp-block-column-is-layout-flow\">\n<div class=\"wp-block-button\"><a class=\"wp-block-button__link no-border-radius\" href=\"https:\/\/wp.unil.ch\/culture-videoludique\/anciennes-editions\/penser-avec-la-culture-videoludique\/contributions-2\/jeudi-ecole-et-formation\/\">Jeudi. Ecole et formation<\/a><\/div>\n<\/div>\n\n\n\n<div class=\"wp-block-column is-layout-flow wp-block-column-is-layout-flow\">\n<div class=\"wp-block-button\"><a class=\"wp-block-button__link no-border-radius\" href=\"https:\/\/wp.unil.ch\/culture-videoludique\/anciennes-editions\/penser-avec-la-culture-videoludique\/contributions-2\/vendredi-game-studies\/\">Vendredi. Game Studies<\/a><\/div>\n<\/div>\n\n\n\n<div class=\"wp-block-column is-layout-flow wp-block-column-is-layout-flow\">\n<div class=\"wp-block-button\"><a class=\"wp-block-button__link no-border-radius\" href=\"https:\/\/wp.unil.ch\/culture-videoludique\/anciennes-editions\/penser-avec-la-culture-videoludique\/contributions-2\/vendredi-textualites-videoludiques\/\">Vendredi. Textualit\u00e9s vid\u00e9oludiques<\/a><\/div>\n<\/div>\n\n\n\n<div class=\"wp-block-column is-layout-flow wp-block-column-is-layout-flow\">\n<div class=\"wp-block-button\"><a class=\"wp-block-button__link no-border-radius\" href=\"https:\/\/wp.unil.ch\/culture-videoludique\/anciennes-editions\/penser-avec-la-culture-videoludique\/contributions-2\/vendredi-pratique-du-jeu-video\/\">Vendredi. Pratiques du jeu vid\u00e9o<\/a><\/div>\n<\/div>\n\n\n\n<div class=\"wp-block-column is-layout-flow wp-block-column-is-layout-flow\">\n<div class=\"wp-block-button\"><a class=\"wp-block-button__link no-border-radius\" href=\"https:\/\/wp.unil.ch\/culture-videoludique\/anciennes-editions\/penser-avec-la-culture-videoludique\/contributions-2\/samedi-game-jams\/\">Samedi. Game jams<\/a><\/div>\n<\/div>\n<\/div>\n\n\n\n<hr class=\"wp-block-separator has-text-color has-background has-very-dark-gray-background-color has-very-dark-gray-color\" \/>\n\n\n\n<p>Les pr\u00e9sentations retenues pour ce colloque ont \u00e9t\u00e9 regroup\u00e9es en \nsix sessions th\u00e9matiques. Cliquer dessus pour acc\u00e9der aux abstracts.<\/p>\n\n\n\n<h3 class=\"wp-block-heading\">Jeudi<\/h3>\n\n\n\n<p><a href=\"https:\/\/wp.unil.ch\/culture-videoludique\/anciennes-editions\/penser-avec-la-culture-videoludique\/contributions-2\/jeudi-presse-et-jeu-video-en-suisse\/\">Presse et jeu vid\u00e9o en Suisse<\/a> (2 pr\u00e9sentations).<\/p>\n\n\n\n<p><a href=\"https:\/\/wp.unil.ch\/culture-videoludique\/anciennes-editions\/penser-avec-la-culture-videoludique\/contributions-2\/jeudi-ecole-et-formation\/\">\u00c9cole et formation<\/a> (7 pr\u00e9sentations).<\/p>\n\n\n\n<h3 class=\"wp-block-heading\">Vendredi<\/h3>\n\n\n\n<p><a href=\"https:\/\/wp.unil.ch\/culture-videoludique\/anciennes-editions\/penser-avec-la-culture-videoludique\/contributions-2\/vendredi-game-studies\/\">Game studies<\/a> (3 pr\u00e9sentations).<\/p>\n\n\n\n<p><a href=\"https:\/\/wp.unil.ch\/culture-videoludique\/anciennes-editions\/penser-avec-la-culture-videoludique\/contributions-2\/vendredi-textualites-videoludiques\/\">Textualit\u00e9s vid\u00e9oludiques<\/a> (2 pr\u00e9sentations).<\/p>\n\n\n\n<p><a href=\"https:\/\/wp.unil.ch\/culture-videoludique\/anciennes-editions\/penser-avec-la-culture-videoludique\/contributions-2\/vendredi-pratique-du-jeu-video\/\">Pratique du jeu vid\u00e9o<\/a> (4 pr\u00e9sentations).<\/p>\n\n\n\n<p><a href=\"https:\/\/wp.unil.ch\/culture-videoludique\/anciennes-editions\/penser-avec-la-culture-videoludique\/programme-2\/conferenciers-invites\/\">Keynote de Mathieu Triclot<\/a>.<\/p>\n\n\n\n<h3 class=\"wp-block-heading\">Samedi<\/h3>\n\n\n\n<p><a href=\"https:\/\/wp.unil.ch\/culture-videoludique\/anciennes-editions\/penser-avec-la-culture-videoludique\/contributions-2\/samedi-game-jams\/\">Game jams<\/a> (3 pr\u00e9sentations).<\/p>\n\n\n\n<p><a href=\"https:\/\/wp.unil.ch\/culture-videoludique\/anciennes-editions\/penser-avec-la-culture-videoludique\/programme-2\/conferenciers-invites\/\">Keynote de Bernard Perron<\/a>.<\/p>\n","protected":false},"excerpt":{"rendered":"<p>Les pr\u00e9sentations retenues pour ce colloque ont \u00e9t\u00e9 regroup\u00e9es en six sessions th\u00e9matiques. Cliquer dessus pour acc\u00e9der aux abstracts. Jeudi Presse et jeu vid\u00e9o en Suisse (2 pr\u00e9sentations). \u00c9cole et formation (7 pr\u00e9sentations). Vendredi Game studies (3 pr\u00e9sentations). Textualit\u00e9s vid\u00e9oludiques<\/p>\n","protected":false},"author":108,"featured_media":0,"parent":359,"menu_order":0,"comment_status":"closed","ping_status":"closed","template":"","meta":{"_seopress_robots_primary_cat":"","_seopress_titles_title":"","_seopress_titles_desc":"","_seopress_robots_index":"","footnotes":""},"class_list":["post-383","page","type-page","status-publish"],"_links":{"self":[{"href":"https:\/\/wp.unil.ch\/culture-videoludique\/wp-json\/wp\/v2\/pages\/383","targetHints":{"allow":["GET"]}}],"collection":[{"href":"https:\/\/wp.unil.ch\/culture-videoludique\/wp-json\/wp\/v2\/pages"}],"about":[{"href":"https:\/\/wp.unil.ch\/culture-videoludique\/wp-json\/wp\/v2\/types\/page"}],"author":[{"embeddable":true,"href":"https:\/\/wp.unil.ch\/culture-videoludique\/wp-json\/wp\/v2\/users\/108"}],"replies":[{"embeddable":true,"href":"https:\/\/wp.unil.ch\/culture-videoludique\/wp-json\/wp\/v2\/comments?post=383"}],"version-history":[{"count":0,"href":"https:\/\/wp.unil.ch\/culture-videoludique\/wp-json\/wp\/v2\/pages\/383\/revisions"}],"up":[{"embeddable":true,"href":"https:\/\/wp.unil.ch\/culture-videoludique\/wp-json\/wp\/v2\/pages\/359"}],"wp:attachment":[{"href":"https:\/\/wp.unil.ch\/culture-videoludique\/wp-json\/wp\/v2\/media?parent=383"}],"curies":[{"name":"wp","href":"https:\/\/api.w.org\/{rel}","templated":true}]}}