{"id":380,"date":"2019-12-10T14:10:31","date_gmt":"2019-12-10T13:10:31","guid":{"rendered":"http:\/\/wp.unil.ch\/culture-videoludique\/?page_id=380"},"modified":"2019-12-17T14:43:42","modified_gmt":"2019-12-17T13:43:42","slug":"espace-dexposition","status":"publish","type":"page","link":"https:\/\/wp.unil.ch\/culture-videoludique\/anciennes-editions\/penser-avec-la-culture-videoludique\/programme-2\/espace-dexposition\/","title":{"rendered":"Espace d&rsquo;exposition"},"content":{"rendered":"\n<div class=\"wp-block-columns is-layout-flex wp-container-core-columns-is-layout-9d6595d7 wp-block-columns-is-layout-flex\">\n<div class=\"wp-block-column is-layout-flow wp-block-column-is-layout-flow\">\n<div class=\"wp-block-button is-style-fill\"><a class=\"wp-block-button__link has-text-color has-very-dark-gray-color has-background has-very-light-gray-background-color no-border-radius\" href=\"https:\/\/wp.unil.ch\/culture-videoludique\/anciennes-editions\/penser-avec-la-culture-videoludique\/\">Accueil<\/a><\/div>\n<\/div>\n\n\n\n<div class=\"wp-block-column is-layout-flow wp-block-column-is-layout-flow\">\n<div class=\"wp-block-button is-style-fill\"><a class=\"wp-block-button__link has-text-color has-very-light-gray-color has-background no-border-radius\" href=\"https:\/\/wp.unil.ch\/culture-videoludique\/anciennes-editions\/penser-avec-la-culture-videoludique\/programme-2\/\" style=\"background-color:#0c5b08\">Programme<\/a><\/div>\n<\/div>\n\n\n\n<div class=\"wp-block-column is-layout-flow wp-block-column-is-layout-flow\">\n<div class=\"wp-block-button is-style-fill\"><a class=\"wp-block-button__link has-text-color has-very-dark-gray-color has-background has-very-light-gray-background-color no-border-radius\" href=\"https:\/\/wp.unil.ch\/culture-videoludique\/anciennes-editions\/penser-avec-la-culture-videoludique\/contributions-2\/\">Contributions<\/a><\/div>\n<\/div>\n\n\n\n<div class=\"wp-block-column is-layout-flow wp-block-column-is-layout-flow\">\n<div class=\"wp-block-button is-style-fill\"><a class=\"wp-block-button__link has-text-color has-very-dark-gray-color has-background has-very-light-gray-background-color no-border-radius\" href=\"https:\/\/wp.unil.ch\/culture-videoludique\/anciennes-editions\/penser-avec-la-culture-videoludique\/appel-2\/\">Appel<\/a><\/div>\n<\/div>\n\n\n\n<div class=\"wp-block-column is-layout-flow wp-block-column-is-layout-flow\">\n<div class=\"wp-block-button is-style-fill\"><a class=\"wp-block-button__link has-text-color has-very-dark-gray-color has-background has-very-light-gray-background-color no-border-radius\" href=\"https:\/\/wp.unil.ch\/culture-videoludique\/anciennes-editions\/penser-avec-la-culture-videoludique\/soutiens\/\">Soutiens<\/a><\/div>\n<\/div>\n\n\n\n<div class=\"wp-block-column is-layout-flow wp-block-column-is-layout-flow\">\n<div class=\"wp-block-button is-style-fill\"><a class=\"wp-block-button__link has-text-color has-very-dark-gray-color has-background has-very-light-gray-background-color no-border-radius\" href=\"https:\/\/wp.unil.ch\/culture-videoludique\/anciennes-editions\/penser-avec-la-culture-videoludique\/organisation-2\/\">Organisation<\/a><\/div>\n<\/div>\n<\/div>\n\n\n\n<div class=\"wp-block-columns is-layout-flex wp-container-core-columns-is-layout-9d6595d7 wp-block-columns-is-layout-flex\">\n<div class=\"wp-block-column is-layout-flow wp-block-column-is-layout-flow\">\n<div class=\"wp-block-button\"><a class=\"wp-block-button__link no-border-radius\" href=\"https:\/\/wp.unil.ch\/culture-videoludique\/anciennes-editions\/penser-avec-la-culture-videoludique\/programme-2\/conferenciers-invites\/\">Conf\u00e9renciers invit\u00e9s<\/a><\/div>\n<\/div>\n\n\n\n<div class=\"wp-block-column is-layout-flow wp-block-column-is-layout-flow\">\n<div class=\"wp-block-button\"><a class=\"wp-block-button__link has-background no-border-radius\" href=\"https:\/\/wp.unil.ch\/culture-videoludique\/anciennes-editions\/penser-avec-la-culture-videoludique\/programme-2\/espace-dexposition\/\" style=\"background-color:#0c5b08\">Espace d&rsquo;exposition<\/a><\/div>\n<\/div>\n<\/div>\n\n\n\n<hr class=\"wp-block-separator has-text-color has-background has-very-dark-gray-background-color has-very-dark-gray-color\" \/>\n\n\n\n<p>En collaboration avec l\u2019association Pixels, des sessions de  d\u00e9monstration et d\u2019essai de jeux seront organis\u00e9es en marge des sessions  de de conf\u00e9rence. Les \u00e9ventuels contributeurs sont donc pri\u00e9s d\u2019<strong>indiquer dans leur proposition des jeux, voire des machines<\/strong>  qui leur apparaissent comme des r\u00e9f\u00e9rences dans la perspective choisie  par eux et dont ils sont susceptibles de faire mention dans leur  pr\u00e9sentation, afin qu\u2019ils puissent \u00eatre int\u00e9gr\u00e9s aux sessions de  d\u00e9monstration.<\/p>\n\n\n\n<div class=\"wp-block-cover has-background-dim\" style=\"background-image:url(https:\/\/wp.unil.ch\/culture-videoludique\/files\/2019\/12\/DSC_0775.jpg)\"><div class=\"wp-block-cover__inner-container is-layout-flow wp-block-cover-is-layout-flow\">\n<p class=\"has-text-align-center has-large-font-size\"><\/p>\n<\/div><\/div>\n","protected":false},"excerpt":{"rendered":"<p>En collaboration avec l\u2019association Pixels, des sessions de d\u00e9monstration et d\u2019essai de jeux seront organis\u00e9es en marge des sessions de de conf\u00e9rence. Les \u00e9ventuels contributeurs sont donc pri\u00e9s d\u2019indiquer dans leur proposition des jeux, voire des machines qui leur apparaissent<\/p>\n","protected":false},"author":108,"featured_media":0,"parent":371,"menu_order":0,"comment_status":"closed","ping_status":"closed","template":"","meta":{"_seopress_robots_primary_cat":"","_seopress_titles_title":"","_seopress_titles_desc":"","_seopress_robots_index":"","footnotes":""},"class_list":["post-380","page","type-page","status-publish"],"_links":{"self":[{"href":"https:\/\/wp.unil.ch\/culture-videoludique\/wp-json\/wp\/v2\/pages\/380","targetHints":{"allow":["GET"]}}],"collection":[{"href":"https:\/\/wp.unil.ch\/culture-videoludique\/wp-json\/wp\/v2\/pages"}],"about":[{"href":"https:\/\/wp.unil.ch\/culture-videoludique\/wp-json\/wp\/v2\/types\/page"}],"author":[{"embeddable":true,"href":"https:\/\/wp.unil.ch\/culture-videoludique\/wp-json\/wp\/v2\/users\/108"}],"replies":[{"embeddable":true,"href":"https:\/\/wp.unil.ch\/culture-videoludique\/wp-json\/wp\/v2\/comments?post=380"}],"version-history":[{"count":0,"href":"https:\/\/wp.unil.ch\/culture-videoludique\/wp-json\/wp\/v2\/pages\/380\/revisions"}],"up":[{"embeddable":true,"href":"https:\/\/wp.unil.ch\/culture-videoludique\/wp-json\/wp\/v2\/pages\/371"}],"wp:attachment":[{"href":"https:\/\/wp.unil.ch\/culture-videoludique\/wp-json\/wp\/v2\/media?parent=380"}],"curies":[{"name":"wp","href":"https:\/\/api.w.org\/{rel}","templated":true}]}}