{"id":371,"date":"2019-12-10T13:49:25","date_gmt":"2019-12-10T12:49:25","guid":{"rendered":"http:\/\/wp.unil.ch\/culture-videoludique\/?page_id=371"},"modified":"2019-12-17T14:38:16","modified_gmt":"2019-12-17T13:38:16","slug":"programme-2","status":"publish","type":"page","link":"https:\/\/wp.unil.ch\/culture-videoludique\/anciennes-editions\/penser-avec-la-culture-videoludique\/programme-2\/","title":{"rendered":"Programme"},"content":{"rendered":"\n<div class=\"wp-block-columns is-layout-flex wp-container-core-columns-is-layout-9d6595d7 wp-block-columns-is-layout-flex\">\n<div class=\"wp-block-column is-layout-flow wp-block-column-is-layout-flow\">\n<div class=\"wp-block-button is-style-fill\"><a class=\"wp-block-button__link has-text-color has-very-dark-gray-color has-background has-very-light-gray-background-color no-border-radius\" href=\"https:\/\/wp.unil.ch\/culture-videoludique\/anciennes-editions\/penser-avec-la-culture-videoludique\/\">Accueil<\/a><\/div>\n<\/div>\n\n\n\n<div class=\"wp-block-column is-layout-flow wp-block-column-is-layout-flow\">\n<div class=\"wp-block-button is-style-fill\"><a class=\"wp-block-button__link has-text-color has-very-light-gray-color has-background no-border-radius\" href=\"https:\/\/wp.unil.ch\/culture-videoludique\/anciennes-editions\/penser-avec-la-culture-videoludique\/programme-2\/\" style=\"background-color:#0c5b08\">Programme<\/a><\/div>\n<\/div>\n\n\n\n<div class=\"wp-block-column is-layout-flow wp-block-column-is-layout-flow\">\n<div class=\"wp-block-button is-style-fill\"><a class=\"wp-block-button__link has-text-color has-very-dark-gray-color has-background has-very-light-gray-background-color no-border-radius\" href=\"https:\/\/wp.unil.ch\/culture-videoludique\/anciennes-editions\/penser-avec-la-culture-videoludique\/contributions-2\/\">Contributions<\/a><\/div>\n<\/div>\n\n\n\n<div class=\"wp-block-column is-layout-flow wp-block-column-is-layout-flow\">\n<div class=\"wp-block-button is-style-fill\"><a class=\"wp-block-button__link has-text-color has-very-dark-gray-color has-background has-very-light-gray-background-color no-border-radius\" href=\"https:\/\/wp.unil.ch\/culture-videoludique\/anciennes-editions\/penser-avec-la-culture-videoludique\/appel-2\/\">Appel<\/a><\/div>\n<\/div>\n\n\n\n<div class=\"wp-block-column is-layout-flow wp-block-column-is-layout-flow\">\n<div class=\"wp-block-button is-style-fill\"><a class=\"wp-block-button__link has-text-color has-very-dark-gray-color has-background has-very-light-gray-background-color no-border-radius\" href=\"https:\/\/wp.unil.ch\/culture-videoludique\/anciennes-editions\/penser-avec-la-culture-videoludique\/soutiens\/\">Soutiens<\/a><\/div>\n<\/div>\n\n\n\n<div class=\"wp-block-column is-layout-flow wp-block-column-is-layout-flow\">\n<div class=\"wp-block-button is-style-fill\"><a class=\"wp-block-button__link has-text-color has-very-dark-gray-color has-background has-very-light-gray-background-color no-border-radius\" href=\"https:\/\/wp.unil.ch\/culture-videoludique\/anciennes-editions\/penser-avec-la-culture-videoludique\/organisation-2\/\">Organisation<\/a><\/div>\n<\/div>\n<\/div>\n\n\n\n<div class=\"wp-block-columns is-layout-flex wp-container-core-columns-is-layout-9d6595d7 wp-block-columns-is-layout-flex\">\n<div class=\"wp-block-column is-layout-flow wp-block-column-is-layout-flow\">\n<div class=\"wp-block-button\"><a class=\"wp-block-button__link no-border-radius\" href=\"https:\/\/wp.unil.ch\/culture-videoludique\/anciennes-editions\/penser-avec-la-culture-videoludique\/programme-2\/conferenciers-invites\/\">Conf\u00e9renciers invit\u00e9s<\/a><\/div>\n<\/div>\n\n\n\n<div class=\"wp-block-column is-layout-flow wp-block-column-is-layout-flow\">\n<div class=\"wp-block-button\"><a class=\"wp-block-button__link no-border-radius\" href=\"https:\/\/wp.unil.ch\/culture-videoludique\/anciennes-editions\/penser-avec-la-culture-videoludique\/programme-2\/espace-dexposition\/\">Espace d&rsquo;exposition<\/a><\/div>\n<\/div>\n<\/div>\n\n\n\n<hr class=\"wp-block-separator has-text-color has-background has-very-dark-gray-background-color has-very-dark-gray-color\" \/>\n\n\n\n<h2 class=\"wp-block-heading\">Jeudi 5 octobre 2017<\/h2>\n\n\n\n<p>D\u00e8s 8h30, accueil et caf\u00e9.<\/p>\n\n\n\n<figure class=\"wp-block-table\"><table class=\"\"><tbody><tr><th><\/th><th>Salle de conf\u00e9rence Amphimax 414<\/th><th>Anthropos Caf\u00e9<\/th><\/tr><tr><td>9h<\/td><td>Mot de bienvenue: <strong>Alain Kaufmann<\/strong>, directeur Interface sciences-soci\u00e9t\u00e9 et <strong>Olivier Glassey<\/strong>, ma\u00eetre d\u2019enseignement et de recherche et directeur du Mus\u00e9e de la main<\/td><td><\/td><\/tr><tr><td>9h15<\/td><td>Conf\u00e9rence inaugurale par <strong>Selim Krichane<\/strong> et <strong>David Javet<\/strong> du&nbsp;UNIL GameLab<\/td><td><\/td><\/tr><tr><td><\/td><td>Session \u00ab<a href=\"https:\/\/wp.unil.ch\/culture-videoludique\/anciennes-editions\/penser-avec-la-culture-videoludique\/contributions-2\/jeudi-presse-et-jeu-video-en-suisse\/\">Presse et jeu vid\u00e9o en Suisse<\/a>\u00bb Mod\u00e9ration: <strong>Florence Quinche<\/strong><\/td><td><\/td><\/tr><tr><td>9h30<\/td><td><strong><a href=\"https:\/\/wp.unil.ch\/culture-videoludique\/anciennes-editions\/penser-avec-la-culture-videoludique\/contributions-2\/jeudi-presse-et-jeu-video-en-suisse\/\">Andy Ma\u00eetre<\/a><br> <\/strong><em>Entre d\u00e9nonciation et \u00e9loge de la \u00abNintendomanie\u00bb: les  repr\u00e9sentations des jeux vid\u00e9o dans les m\u00e9dias romands durant les ann\u00e9es  1990<\/em><\/td><td><\/td><\/tr><tr><td>10h<\/td><td><a href=\"https:\/\/wp.unil.ch\/culture-videoludique\/anciennes-editions\/penser-avec-la-culture-videoludique\/contributions-2\/jeudi-presse-et-jeu-video-en-suisse\/\"><strong>Michael Perret<br> <\/strong><\/a><em>\u00abParlons-en de ces probl\u00e8mes\u00bb: la configuration de l\u2019addiction et de la violence dans les jeux vid\u00e9o immersifs dans <\/em>Temps Pr\u00e9sent<\/td><td><\/td><\/tr><tr><td>10h30<\/td><td>Pause<\/td><td><\/td><\/tr><tr><td><\/td><td>Session \u00ab<a href=\"https:\/\/wp.unil.ch\/culture-videoludique\/anciennes-editions\/penser-avec-la-culture-videoludique\/contributions-2\/jeudi-ecole-et-formation\/\">\u00c9cole et formation<\/a>\u00bb Mod\u00e9ration: <strong>Nicolas Schaffter<\/strong><\/td><td><\/td><\/tr><tr><td>11h<\/td><td><a href=\"https:\/\/wp.unil.ch\/culture-videoludique\/anciennes-editions\/penser-avec-la-culture-videoludique\/contributions-2\/jeudi-ecole-et-formation\/\"><strong>Antonin Congy<br> <\/strong><\/a><em>Le visual novel historique comme champ d\u2019exp\u00e9rimentation du game design et de la fictionnalisation de l\u2019Histoire<\/em><\/td><td><\/td><\/tr><tr><td>11h30<\/td><td><a href=\"https:\/\/wp.unil.ch\/culture-videoludique\/anciennes-editions\/penser-avec-la-culture-videoludique\/contributions-2\/jeudi-ecole-et-formation\/\"><strong>Julien Lalu<\/strong> et <strong>Romain Vincent<br> <\/strong><\/a><em>Et si on jouait \u00e0 l\u2019Histoire, histoire de jouer?<\/em><\/td><td><\/td><\/tr><tr><td>12h<\/td><td>Pause d\u00eener (CH)\/d\u00e9jeuner (F)<\/td><td><\/td><\/tr><tr><td>14h<\/td><td><a href=\"https:\/\/wp.unil.ch\/culture-videoludique\/anciennes-editions\/penser-avec-la-culture-videoludique\/contributions-2\/jeudi-ecole-et-formation\/\"><strong>M\u00e9riem El Mansouri<\/strong> et <strong>Nicole Biagioli<br> <\/strong><\/a><em>Concevoir un jeu vid\u00e9o \u00e9ducatif: quels enjeux culturels, didactiques et ludiques?<\/em><\/td><td><\/td><\/tr><tr><td>14h30<\/td><td><a href=\"https:\/\/wp.unil.ch\/culture-videoludique\/anciennes-editions\/penser-avec-la-culture-videoludique\/contributions-2\/jeudi-ecole-et-formation\/\"><strong>Florence Quinche<br> <\/strong><\/a><em>Processus de cr\u00e9ation de serious games, recherche de crit\u00e8res de conception pour favoriser l\u2019int\u00e9gration dans l\u2019enseignement<\/em><\/td><td><\/td><\/tr><tr><td>15h<\/td><td><a href=\"https:\/\/wp.unil.ch\/culture-videoludique\/anciennes-editions\/penser-avec-la-culture-videoludique\/contributions-2\/jeudi-ecole-et-formation\/\"><strong>Vinciane Zabban<\/strong> et <strong>Nicolas Pineros<br> <\/strong><\/a><em>Ce que le jeu fait au travail et \u00e0 la relation p\u00e9dagogique: cr\u00e9er et utiliser un jeu \u00e0 l\u2019universit\u00e9. Le cas d\u2019Erasmus Hispanicus<\/em><\/td><td><\/td><\/tr><tr><td>15h30<\/td><td>Pause<\/td><td>Collectif <strong>Ludilab<br>\n<\/strong><em>Projet de dispositif interactif d\u2019initiation \u00e0 la pens\u00e9e informatique<\/em><\/td><\/tr><tr><td>16h<\/td><td><a href=\"https:\/\/wp.unil.ch\/culture-videoludique\/anciennes-editions\/penser-avec-la-culture-videoludique\/contributions-2\/jeudi-ecole-et-formation\/\"><strong>Thibault Philippette<br> <\/strong><\/a><em>Ludicisation dans l\u2019enseignement sup\u00e9rieur: travaux de groupe et \u00e9valuation continue \u00e0 travers <\/em>Classcraft<\/td><td><\/td><\/tr><tr><td>16h30<\/td><td><a href=\"https:\/\/wp.unil.ch\/culture-videoludique\/anciennes-editions\/penser-avec-la-culture-videoludique\/contributions-2\/jeudi-ecole-et-formation\/\"><strong>Florence Thiault<\/strong>, <strong>Leticia Andlauer<\/strong> et <strong>Laure Bolka-Tabary<br> <\/strong><\/a><em>Utilisation p\u00e9dagogique du jeu <\/em>Minecraft.edu<em> dans un dispositif interdisciplinaire en coll\u00e8ge<\/em><\/td><td><\/td><\/tr><tr><td>17h<\/td><td>Pause<\/td><td>Collectif<strong> Metamorphe<br>\n<\/strong><em>Le myst\u00e8re des pierres du Niton.<\/em> <em>Un serious game pour soutenir l\u2019apprentissage du FLE en Suisse<\/em><\/td><\/tr><tr><td><\/td><td><del>Table ronde sur le th\u00e8me \u00abLe jeu vid\u00e9o comme m\u00e9diateur social et culturel\u00bb<\/del>\n<del>Intervenants:<\/del><br>\n<del> <strong>Antonin Congy<br>\n<\/strong><strong>Thibault Philippette<br>\n<\/strong><strong>Florence Quinche<br>\n<\/strong><strong>Vinciane Zabban<\/strong><\/del>\n<del>Mod\u00e9ration: <strong>David Javet<\/strong><\/del><\/td><td><\/td><\/tr><\/tbody><\/table><\/figure>\n\n\n\n<p>Visite des collections du Mus\u00e9e Bolo \u00e0 19h30 (sur inscription) et repas en ville.<\/p>\n\n\n\n<h2 class=\"wp-block-heading\">Vendredi 6 octobre 2017<\/h2>\n\n\n\n<p>D\u00e8s 9h, accueil et caf\u00e9.<\/p>\n\n\n\n<figure class=\"wp-block-table\"><table class=\"\"><tbody><tr><th><\/th><th>Salle de conf\u00e9rence Amphimax 414<\/th><th>Anthropos Caf\u00e9<\/th><\/tr><tr><td><\/td><td>Session \u00ab<a href=\"https:\/\/wp.unil.ch\/culture-videoludique\/anciennes-editions\/penser-avec-la-culture-videoludique\/contributions-2\/vendredi-game-studies\/\">Game studies<\/a>\u00bb Mod\u00e9ration: <strong>Yannick Rochat<\/strong><\/td><td><\/td><\/tr><tr><td>9h30<\/td><td><a href=\"https:\/\/wp.unil.ch\/culture-videoludique\/anciennes-editions\/penser-avec-la-culture-videoludique\/contributions-2\/vendredi-game-studies\/\"><strong>Marion Coville<br> <\/strong><\/a><em>Formuler le jeu vid\u00e9o comme un \u00abbien culturel\u00bb. Politiques publiques fran\u00e7aises et reconnaissance culturelle des jeux vid\u00e9o<\/em><\/td><td><\/td><\/tr><tr><td><\/td><td><del><a href=\"https:\/\/wp.unil.ch\/culture-videoludique\/anciennes-editions\/penser-avec-la-culture-videoludique\/contributions-2\/vendredi-game-studies\/\"><strong>Benjamin Barbier<br> <\/strong><\/a><em>Le jeu vid\u00e9o comme patrimoine: quelles valeurs pour quels acteurs?<\/em><\/del><\/td><td><\/td><\/tr><tr><td>10h<\/td><td><a href=\"https:\/\/wp.unil.ch\/culture-videoludique\/anciennes-editions\/penser-avec-la-culture-videoludique\/contributions-2\/vendredi-game-studies\/\"><strong>Sarah Meunier<br> <\/strong><\/a><em>Questionner les circulations internationales des savoirs vid\u00e9oludiques<\/em><\/td><td><\/td><\/tr><tr><td>10h30<\/td><td>Pause<\/td><td><strong>Antoine Chollet<br>\n<\/strong><em>Jouer aux <\/em>MMORPG<em> pour acqu\u00e9rir des comp\u00e9tences manag\u00e9riales: vers un essor de l\u2019apprentissage par la culture vid\u00e9oludique<\/em><\/td><\/tr><tr><td><\/td><td>Session \u00ab<a href=\"https:\/\/wp.unil.ch\/culture-videoludique\/anciennes-editions\/penser-avec-la-culture-videoludique\/contributions-2\/vendredi-textualites-videoludiques\/\">Textualit\u00e9s vid\u00e9oludiques<\/a>\u00bbMod\u00e9ration: <strong>Yannick Rochat<\/strong><\/td><td><\/td><\/tr><tr><td>11h<\/td><td><a href=\"https:\/\/wp.unil.ch\/culture-videoludique\/anciennes-editions\/penser-avec-la-culture-videoludique\/contributions-2\/vendredi-textualites-videoludiques\/\"><strong>Aris Xanthos<\/strong> et<strong> J\u00e9r\u00f4me Jacquin<br> <\/strong><\/a><em>Approche de l\u2019\u00e9volution de la complexit\u00e9 linguistique dans un jeu de cartes num\u00e9rique: l\u2019exemple d\u2019<\/em>Hearthstone<\/td><td><\/td><\/tr><tr><td>11h30<\/td><td><a href=\"https:\/\/wp.unil.ch\/culture-videoludique\/anciennes-editions\/penser-avec-la-culture-videoludique\/contributions-2\/vendredi-textualites-videoludiques\/\"><strong>Bj\u00f6rn-Olav Dozo<\/strong> et <strong>Boris Krywicki<br> <\/strong><\/a><em>\u00abBeaux livres\u00bb sur les jeux vid\u00e9o et presse vid\u00e9oludique: transferts et transformations du capital ludique<\/em><\/td><td><\/td><\/tr><tr><td>12h<\/td><td>Pause d\u00eener (CH)\/d\u00e9jeuner (F)<\/td><td><\/td><\/tr><tr><td>13h30<\/td><td><a href=\"https:\/\/www.google.ch\/maps\/dir\/Amphimax,+Ecublens\/Mus%C3%A9e+Bolo,+EPFL+-+B%C3%A2timent+Inf,+Station+14,+1015+Lausanne\/@46.5202867,6.5645428,16z\/data=!4m15!4m14!1m5!1m1!1s0x478c31aabbfe695b:0x2784eb6f9a8628ae!2m2!1d6.5741924!2d46.5213881!1m5!1m1!1s0x478c30fe1ab8efd1:0xd91fc312f26b9400!2m2!1d6.56374!2d46.518705!3e2!5i1?hl=fr\">B\u00e2timent INF, EPFL<\/a>\nVisite guid\u00e9e de l\u2019exposition permanente du Mus\u00e9e Bolo<\/td><td><\/td><\/tr><tr><td><\/td><td>Session \u00ab<a href=\"https:\/\/wp.unil.ch\/culture-videoludique\/anciennes-editions\/penser-avec-la-culture-videoludique\/contributions-2\/vendredi-pratique-du-jeu-video\/\">Pratique du jeu vid\u00e9o<\/a>\u00bbMod\u00e9ration: <strong>Yannick Rochat<\/strong> et\u00a0<strong>Florence Quinche<\/strong><\/td><td><\/td><\/tr><tr><td>14h30<\/td><td><a href=\"https:\/\/wp.unil.ch\/culture-videoludique\/anciennes-editions\/penser-avec-la-culture-videoludique\/contributions-2\/vendredi-pratique-du-jeu-video\/\">\u00a0<strong>Jean-Fran\u00e7ois Lucas<br> <\/strong><\/a><em>Le \u00abbuild\u00bb, mode d\u2019engagement et m\u00e9diateur de l\u2019exp\u00e9rience narrative spatialis\u00e9e dans les univers vid\u00e9oludiques<\/em><\/td><td><\/td><\/tr><tr><td>15h<\/td><td><a href=\"https:\/\/wp.unil.ch\/culture-videoludique\/anciennes-editions\/penser-avec-la-culture-videoludique\/contributions-2\/vendredi-pratique-du-jeu-video\/\"><strong>Fanny Barnab\u00e9 et Julie Delbouille<br> <\/strong><\/a><em>Jeu, narration et r\u00e9flexivit\u00e9: le r\u00f4le de l\u2019avatar<\/em><\/td><td><\/td><\/tr><tr><td>15h30<\/td><td>Pause<\/td><td><strong>Romain Altenbach Berthod<br>\n<\/strong><em>La metagame dans les jeux vid\u00e9o comp\u00e9titifs<\/em><\/td><\/tr><tr><td>16h<\/td><td><a href=\"https:\/\/wp.unil.ch\/culture-videoludique\/anciennes-editions\/penser-avec-la-culture-videoludique\/contributions-2\/vendredi-pratique-du-jeu-video\/\"><strong>Pierre-Yves Hurel<br> <\/strong><\/a><em>L\u2019amateurisme comme processus au c\u0153ur de la culture vid\u00e9oludique<\/em><\/td><td><\/td><\/tr><tr><td>16h30<\/td><td><a href=\"https:\/\/wp.unil.ch\/culture-videoludique\/anciennes-editions\/penser-avec-la-culture-videoludique\/contributions-2\/vendredi-pratique-du-jeu-video\/\"><strong>Bruno V\u00e9tel<br> <\/strong><\/a><em>De l\u2019\u00e9mulation d\u2019un jeu en ligne au travail des g\u00e9rants de serveurs ill\u00e9gaux<\/em><\/td><td><\/td><\/tr><tr><td>17h<\/td><td>Pause<\/td><td><strong>Melissa Monnier<\/strong>, <strong>Cassandre Poirier-Simon<\/strong> et <strong>Elsa Schneider<br>\n<\/strong><em>Varietas de Bry. Un projet de la HEAD en collaboration avec le Bodmer Lab<\/em><\/td><\/tr><tr><td>17h30<\/td><td><strong>Salle Amphimax 351<\/strong>\nTable ronde \u00abSciences du jeu: quels objets de recherche?\u00bb\nIntervenants:<br>\n<strong>Fanny Barnab\u00e9<\/strong>,<br>\n<strong>Marion Coville<\/strong>,<br>\n<strong>Pierre-Yves Hurel<\/strong>,<br>\n<strong>Isaac Pante<\/strong>\nMod\u00e9ration: <strong>David Javet<\/strong><\/td><td><\/td><\/tr><tr><td>18h30<\/td><td><strong>Salle Amphimax 351<\/strong> Conf\u00e9rencier invit\u00e9: <a href=\"https:\/\/wp.unil.ch\/culture-videoludique\/anciennes-editions\/penser-avec-la-culture-videoludique\/programme-2\/conferenciers-invites\/\"><strong>Mathieu Triclot<\/strong><\/a> Titre:<em> Comprendre le jeu par le geste: essais de rythmanalyse<\/em> Introduction:\u00a0<strong>David Javet<\/strong><\/td><td><\/td><\/tr><tr><td>20h<\/td><td>Fin de la journ\u00e9e<\/td><td><\/td><\/tr><\/tbody><\/table><\/figure>\n\n\n\n<p>D\u00e8s 20h, repas en ville (facultatif).<\/p>\n\n\n\n<h2 class=\"wp-block-heading\">Samedi 7 octobre 2017 (matin)<\/h2>\n\n\n\n<p>D\u00e8s 8h30, accueil et caf\u00e9.<\/p>\n\n\n\n<figure class=\"wp-block-table\"><table class=\"\"><tbody><tr><th><\/th><th>Salle de conf\u00e9rence Amphimax 414<\/th><th>Anthropos Caf\u00e9<\/th><\/tr><tr><td><\/td><td>Session \u00ab<a href=\"https:\/\/wp.unil.ch\/culture-videoludique\/anciennes-editions\/penser-avec-la-culture-videoludique\/contributions-2\/samedi-game-jams\/\"><em>Game jams<\/em><\/a>\u00bb Mod\u00e9ration: <em>Olivier Glassey<\/em><\/td><td><\/td><\/tr><tr><td>9h30<\/td><td><a href=\"https:\/\/wp.unil.ch\/culture-videoludique\/anciennes-editions\/penser-avec-la-culture-videoludique\/contributions-2\/samedi-game-jams\/\"><strong>Antoine Chollet<br> <\/strong><\/a><em>Quand \u00ab<\/em>Game Dev Tycoon<em>\u00bb s\u2019invite \u00e0 l\u2019Universit\u00e9: retour d\u2019exp\u00e9rience sur le concours de programmation \u00ab<\/em>Code Game Jam<em>\u00bb<\/em><\/td><td><\/td><\/tr><tr><td>10h<\/td><td><a href=\"https:\/\/wp.unil.ch\/culture-videoludique\/anciennes-editions\/penser-avec-la-culture-videoludique\/contributions-2\/samedi-game-jams\/\"><strong>Maxime Verbesselt<\/strong> et <strong>Pierre-Yves Hurel<br> <\/strong><\/a><em>Ateliers de (d\u00e9)construction de jeux vid\u00e9o: une question de d\u00e9mocratie culturelle<\/em><\/td><td><\/td><\/tr><tr><td>10h30<\/td><td><a href=\"https:\/\/wp.unil.ch\/culture-videoludique\/anciennes-editions\/penser-avec-la-culture-videoludique\/contributions-2\/samedi-game-jams\/\"><strong>Fabio Balli<br> <\/strong><\/a><em>Les <\/em>game jams<em> comme m\u00e9thode d\u2019apprentissage exp\u00e9rientiel et de co-cr\u00e9ation interdisciplinaire<\/em><\/td><td><\/td><\/tr><tr><td>11h<\/td><td>Pause<\/td><td><strong>Julien Schekter<\/strong> et <strong>Bastien von Wyss<br>\n<\/strong><em>Datak, le jeu pour ma\u00eetriser ses donn\u00e9es personnelles<\/em><\/td><\/tr><tr><td>11h30<\/td><td><strong>Salle Amphimax 351<\/strong> Conf\u00e9rencier invit\u00e9: <a href=\"https:\/\/wp.unil.ch\/culture-videoludique\/anciennes-editions\/penser-avec-la-culture-videoludique\/programme-2\/conferenciers-invites\/\"><strong>Bernard Perron<\/strong><\/a> Titre:<em> Le Survival Horror: Marquer la culture vid\u00e9oludique avec un \u00e9cran de chargement<\/em> Introduction:\u00a0<strong>David Javet<\/strong><\/td><td><\/td><\/tr><tr><td>13h<\/td><td>Cl\u00f4ture du colloque<\/td><td><\/td><\/tr><\/tbody><\/table><\/figure>\n\n\n\n<h2 class=\"wp-block-heading\">Samedi 7 octobre 2017 (apr\u00e8s-midi)<\/h2>\n\n\n\n<p>Atelier pour doctorant-e-s organis\u00e9 par le programme doctoral interfacultaire en \u00e9tudes num\u00e9riques de l\u2019Universit\u00e9 de Lausanne.<\/p>\n\n\n\n<p><a href=\"https:\/\/www.unil.ch\/doc-digitalstudies\/home\/menuinst\/activites-du-programme\/penser-avec-la-culture-videoludique.html\">Page web<\/a> de l\u2019atelier.<\/p>\n","protected":false},"excerpt":{"rendered":"<p>Jeudi 5 octobre 2017 D\u00e8s 8h30, accueil et caf\u00e9. Salle de conf\u00e9rence Amphimax 414 Anthropos Caf\u00e9 9h Mot de bienvenue: Alain Kaufmann, directeur Interface sciences-soci\u00e9t\u00e9 et Olivier Glassey, ma\u00eetre d\u2019enseignement et de recherche et directeur du Mus\u00e9e de la main<\/p>\n","protected":false},"author":108,"featured_media":0,"parent":359,"menu_order":0,"comment_status":"closed","ping_status":"closed","template":"","meta":{"_seopress_robots_primary_cat":"","_seopress_titles_title":"","_seopress_titles_desc":"","_seopress_robots_index":"","footnotes":""},"class_list":["post-371","page","type-page","status-publish"],"_links":{"self":[{"href":"https:\/\/wp.unil.ch\/culture-videoludique\/wp-json\/wp\/v2\/pages\/371","targetHints":{"allow":["GET"]}}],"collection":[{"href":"https:\/\/wp.unil.ch\/culture-videoludique\/wp-json\/wp\/v2\/pages"}],"about":[{"href":"https:\/\/wp.unil.ch\/culture-videoludique\/wp-json\/wp\/v2\/types\/page"}],"author":[{"embeddable":true,"href":"https:\/\/wp.unil.ch\/culture-videoludique\/wp-json\/wp\/v2\/users\/108"}],"replies":[{"embeddable":true,"href":"https:\/\/wp.unil.ch\/culture-videoludique\/wp-json\/wp\/v2\/comments?post=371"}],"version-history":[{"count":0,"href":"https:\/\/wp.unil.ch\/culture-videoludique\/wp-json\/wp\/v2\/pages\/371\/revisions"}],"up":[{"embeddable":true,"href":"https:\/\/wp.unil.ch\/culture-videoludique\/wp-json\/wp\/v2\/pages\/359"}],"wp:attachment":[{"href":"https:\/\/wp.unil.ch\/culture-videoludique\/wp-json\/wp\/v2\/media?parent=371"}],"curies":[{"name":"wp","href":"https:\/\/api.w.org\/{rel}","templated":true}]}}