{"id":359,"date":"2019-12-10T13:53:49","date_gmt":"2019-12-10T12:53:49","guid":{"rendered":"http:\/\/wp.unil.ch\/culture-videoludique\/?page_id=359"},"modified":"2024-04-13T00:44:03","modified_gmt":"2024-04-12T22:44:03","slug":"penser-avec-la-culture-videoludique","status":"publish","type":"page","link":"https:\/\/wp.unil.ch\/culture-videoludique\/anciennes-editions\/penser-avec-la-culture-videoludique\/","title":{"rendered":"2017 &#8211; Penser (avec) la culture vid\u00e9oludique"},"content":{"rendered":"\n<div class=\"wp-block-columns is-layout-flex wp-container-core-columns-is-layout-9d6595d7 wp-block-columns-is-layout-flex\">\n<div class=\"wp-block-column is-layout-flow wp-block-column-is-layout-flow\">\n<div class=\"wp-block-button is-style-fill\"><a class=\"wp-block-button__link has-very-light-gray-color has-text-color has-background wp-element-button\" href=\"https:\/\/wp.unil.ch\/culture-videoludique\/anciennes-editions\/penser-avec-la-culture-videoludique\/\" style=\"background-color:#0c5b08\">Accueil<\/a><\/div>\n<\/div>\n\n\n\n<div class=\"wp-block-column is-layout-flow wp-block-column-is-layout-flow\">\n<div class=\"wp-block-button is-style-fill\"><a class=\"wp-block-button__link has-very-dark-gray-color has-very-light-gray-background-color has-text-color has-background wp-element-button\" href=\"https:\/\/wp.unil.ch\/culture-videoludique\/anciennes-editions\/penser-avec-la-culture-videoludique\/programme-2\/\">Programme<\/a><\/div>\n<\/div>\n\n\n\n<div class=\"wp-block-column is-layout-flow wp-block-column-is-layout-flow\">\n<div class=\"wp-block-button is-style-fill\"><a class=\"wp-block-button__link has-very-dark-gray-color has-very-light-gray-background-color has-text-color has-background wp-element-button\" href=\"https:\/\/wp.unil.ch\/culture-videoludique\/anciennes-editions\/penser-avec-la-culture-videoludique\/contributions-2\/\">Contributions<\/a><\/div>\n<\/div>\n\n\n\n<div class=\"wp-block-column is-layout-flow wp-block-column-is-layout-flow\">\n<div class=\"wp-block-button is-style-fill\"><a class=\"wp-block-button__link has-very-dark-gray-color has-very-light-gray-background-color has-text-color has-background wp-element-button\" href=\"https:\/\/wp.unil.ch\/culture-videoludique\/anciennes-editions\/penser-avec-la-culture-videoludique\/appel-2\/\">Appel<\/a><\/div>\n<\/div>\n\n\n\n<div class=\"wp-block-column is-layout-flow wp-block-column-is-layout-flow\">\n<div class=\"wp-block-button is-style-fill\"><a class=\"wp-block-button__link has-very-dark-gray-color has-very-light-gray-background-color has-text-color has-background wp-element-button\" href=\"https:\/\/wp.unil.ch\/culture-videoludique\/anciennes-editions\/penser-avec-la-culture-videoludique\/soutiens\/\">Soutiens<\/a><\/div>\n<\/div>\n\n\n\n<div class=\"wp-block-column is-layout-flow wp-block-column-is-layout-flow\">\n<div class=\"wp-block-button is-style-fill\"><a class=\"wp-block-button__link has-very-dark-gray-color has-very-light-gray-background-color has-text-color has-background wp-element-button\" href=\"https:\/\/wp.unil.ch\/culture-videoludique\/anciennes-editions\/penser-avec-la-culture-videoludique\/organisation-2\/\">Organisation<\/a><\/div>\n<\/div>\n<\/div>\n\n\n\n<hr class=\"wp-block-separator has-text-color has-black-color has-alpha-channel-opacity has-black-background-color has-background is-style-wide\" \/>\n\n\n\n<h1 class=\"wp-block-heading\">Accueil<\/h1>\n\n\n\n<p>Ce n\u2019est plus par sa nouveaut\u00e9 mais par son omnipr\u00e9sence et sa vari\u00e9t\u00e9 que le jeu vid\u00e9o se signale aujourd\u2019hui  au grand public. Devenu m\u00e9dia de masse par excellence, il a acquis un  statut de forme culturelle sp\u00e9cifique, au m\u00eame titre que le cin\u00e9ma et la  t\u00e9l\u00e9vision, en ce qu\u2019il constitue le moyen de communication le plus  influent sur les rapports sociaux des jeunes g\u00e9n\u00e9rations actuelles et  qu\u2019en outre, il s\u2019int\u00e8gre de diff\u00e9rentes mani\u00e8res dans le paysage  culturel des g\u00e9n\u00e9rations ant\u00e9rieures.<\/p>\n\n\n\n<p>Aujourd\u2019hui, le jeu vid\u00e9o a sa place dans\n l\u2019acad\u00e9mie, comme objet d\u2019\u00e9tude et de recherche, et dans l\u2019\u00e9ducation, \ncomme moyen d\u2019apprentissage et \u00e9l\u00e9ment de culture g\u00e9n\u00e9rale. Forts de \ncette double affirmation, nous visons \u00e0 ouvrir un espace de r\u00e9flexion \ncommun \u00e0 ceux qui <em>\u00e9tudient<\/em> et \u00e0 ceux qui <em>enseignent avec<\/em> le jeu vid\u00e9o et sa culture.<\/p>\n\n\n\n<p>Chercheuses et chercheurs en sciences \nhumaines et sociales (SHS), de m\u00eame qu\u2019enseignantes et enseignants de \ntous niveaux sont convi\u00e9s ici \u00e0 la rencontre les uns des autres en vue \nde mieux articuler th\u00e9ories et pratiques, et d\u2019\u00e9clairer les unes par les\n autres.<\/p>\n\n\n\n<p>Ce colloque repose sur l\u2019id\u00e9e qu\u2019\u00e9tudes vid\u00e9oludiques et apprentissages avec les jeux, <em>game studies<\/em> et <em>game-based learning<\/em>,\n ont beaucoup \u00e0 \u00e9changer pour leur profit mutuel. Il est donc destin\u00e9 \u00e0 \nun large public pour lequel il constituera un outil d\u2019information et de \nm\u00e9diation scientifique pertinent.<\/p>\n\n\n\n<p>Vous trouverez sur ce site toutes les \ninformations n\u00e9cessaires, \u00e0 mesure qu\u2019elles seront disponibles, et nous \nnous r\u00e9jouissons de vous accueillir du 5 au 7 octobre \u00e0 l\u2019Universit\u00e9 de \nLausanne, en Suisse. Pour t\u00e9l\u00e9charger le programme en pdf, cliquez <a href=\"https:\/\/wp.unil.ch\/colloquejv2017\/files\/2017\/09\/PROGRAMME_Pacv.pdf\">ici<\/a><\/p>\n\n\n\n<h2 class=\"wp-block-heading\">Formation continue pour les enseignants vaudois<\/h2>\n\n\n\n<p>Gr\u00e2ce au concours de la Haute Ecole P\u00e9dagogique du canton de Vaud \n(HEP\/VD), le colloque \u00abPenser (avec) la culture vid\u00e9oludique\u00bb pourra \n\u00eatre valid\u00e9 comme formation continue pour les enseignants de l\u2019\u00e9cole \nvaudoise. Enseignants de toutes disciplines, n\u2019h\u00e9sitez donc pas et venez\n partager connaissances et savoir-faire avec des chercheurs \nenthousiastes, des passionn\u00e9s et de simples curieux. Inscrivez-vous vite\n en r\u00e9pondant aussi aux questions qui vous sont sp\u00e9cialement adress\u00e9es, \nen vue de l\u2019\u00e9dition des attestations par la HEP.<\/p>\n\n\n<div class=\"wp-block-image\">\n<figure class=\"alignleft size-large\"><img alt=\"\" loading=\"lazy\" decoding=\"async\" width=\"300\" height=\"104\" src=\"https:\/\/wp.unil.ch\/culture-videoludique\/files\/2019\/12\/CaptureLogoHEP-300x104.png\" alt=\"\" class=\"wp-image-361\" \/><\/figure>\n<\/div>","protected":false},"excerpt":{"rendered":"<p>Accueil Ce n\u2019est plus par sa nouveaut\u00e9 mais par son omnipr\u00e9sence et sa vari\u00e9t\u00e9 que le jeu vid\u00e9o se signale aujourd\u2019hui au grand public. Devenu m\u00e9dia de masse par excellence, il a acquis un statut de forme culturelle sp\u00e9cifique, au<\/p>\n","protected":false},"author":108,"featured_media":0,"parent":452,"menu_order":0,"comment_status":"closed","ping_status":"closed","template":"","meta":{"_seopress_robots_primary_cat":"","_seopress_titles_title":"","_seopress_titles_desc":"","_seopress_robots_index":"","footnotes":""},"class_list":["post-359","page","type-page","status-publish"],"_links":{"self":[{"href":"https:\/\/wp.unil.ch\/culture-videoludique\/wp-json\/wp\/v2\/pages\/359","targetHints":{"allow":["GET"]}}],"collection":[{"href":"https:\/\/wp.unil.ch\/culture-videoludique\/wp-json\/wp\/v2\/pages"}],"about":[{"href":"https:\/\/wp.unil.ch\/culture-videoludique\/wp-json\/wp\/v2\/types\/page"}],"author":[{"embeddable":true,"href":"https:\/\/wp.unil.ch\/culture-videoludique\/wp-json\/wp\/v2\/users\/108"}],"replies":[{"embeddable":true,"href":"https:\/\/wp.unil.ch\/culture-videoludique\/wp-json\/wp\/v2\/comments?post=359"}],"version-history":[{"count":1,"href":"https:\/\/wp.unil.ch\/culture-videoludique\/wp-json\/wp\/v2\/pages\/359\/revisions"}],"predecessor-version":[{"id":798,"href":"https:\/\/wp.unil.ch\/culture-videoludique\/wp-json\/wp\/v2\/pages\/359\/revisions\/798"}],"up":[{"embeddable":true,"href":"https:\/\/wp.unil.ch\/culture-videoludique\/wp-json\/wp\/v2\/pages\/452"}],"wp:attachment":[{"href":"https:\/\/wp.unil.ch\/culture-videoludique\/wp-json\/wp\/v2\/media?parent=359"}],"curies":[{"name":"wp","href":"https:\/\/api.w.org\/{rel}","templated":true}]}}