{"id":258,"date":"2019-10-09T16:33:17","date_gmt":"2019-10-09T14:33:17","guid":{"rendered":"http:\/\/wp.unil.ch\/culture-videoludique\/?page_id=258"},"modified":"2021-02-22T01:11:45","modified_gmt":"2021-02-22T00:11:45","slug":"contributions","status":"publish","type":"page","link":"https:\/\/wp.unil.ch\/culture-videoludique\/anciennes-editions\/2019-les-langages-du-jeu-video\/contributions\/","title":{"rendered":"Communications"},"content":{"rendered":"<p>Pour rappel, <a href=\"https:\/\/wp.unil.ch\/culture-videoludique\/programme\/\">le programme avec les ordres de passage est ici<\/a>.<\/p>\n<p>&nbsp;<\/p>\n<h3>Tri par session<\/h3>\n<table class=\"tg\">\n<tbody>\n<tr>\n<th class=\"tg-0lax\"><\/th>\n<th class=\"tg-0lax\">Jeudi<\/th>\n<th class=\"tg-0lax\">Vendredi<\/th>\n<th class=\"tg-0lax\">Samedi<\/th>\n<\/tr>\n<tr>\n<td class=\"tg-0lax\">9h30<\/td>\n<td class=\"tg-0lax\"><a href=\"https:\/\/wp.unil.ch\/culture-videoludique\/session-1-jeudi-matin-10h\/\">Session 1<\/a><\/td>\n<td class=\"tg-0lax\"><a href=\"https:\/\/wp.unil.ch\/culture-videoludique\/session-4-vendredi-matin-9h30\/\">Session 4<\/a><\/td>\n<td class=\"tg-0lax\"><a href=\"https:\/\/wp.unil.ch\/culture-videoludique\/session-7-samedi-matin-9h30\/\">Session 7<\/a><\/td>\n<\/tr>\n<tr>\n<td class=\"tg-0lax\">11h30<\/td>\n<td class=\"tg-0lax\"><a href=\"https:\/\/wp.unil.ch\/culture-videoludique\/session-2-jeudi-matin-11h30\/\">Session 2<\/a><\/td>\n<td class=\"tg-0lax\"><a href=\"https:\/\/wp.unil.ch\/culture-videoludique\/session-5-vendredi-matin-11h30\/\">Session 5<\/a><\/td>\n<td class=\"tg-0lax\"><a href=\"https:\/\/wp.unil.ch\/culture-videoludique\/session-8-samedi-matin-11h30\/\">Session 8<\/a><\/td>\n<\/tr>\n<tr>\n<td class=\"tg-0lax\">14h<\/td>\n<td class=\"tg-0lax\"><a href=\"https:\/\/wp.unil.ch\/culture-videoludique\/session-3-jeudi-14h\/\">Session 3<\/a><\/td>\n<td class=\"tg-0lax\"><a href=\"https:\/\/wp.unil.ch\/culture-videoludique\/session-6-apres-midi-14h\/\">Session 6<\/a><\/td>\n<td class=\"tg-0lax\"><a href=\"https:\/\/wp.unil.ch\/culture-videoludique\/session-9-samedi-apres-midi-14h\/\">Session 9<\/a><\/td>\n<\/tr>\n<\/tbody>\n<\/table>\n<p>&nbsp;<\/p>\n<h3>Tri par nom<\/h3>\n<p><strong>I\u00f1igo Atucha<\/strong>. <a href=\"https:\/\/wp.unil.ch\/culture-videoludique\/session-2-jeudi-matin-11h30\/\">Improvisation, capital culturel et r\u00e9\u00e9criture narrative: jouer au mode libre de GTA Online<\/a><\/p>\n<p><strong>Maude Bonenfant<\/strong>. <a href=\"https:\/\/wp.unil.ch\/culture-videoludique\/session-4-vendredi-matin-9h30\/\">Le langage du jeu vid\u00e9o : concevoir les m\u00e9caniques de jeu selon leurs modes de production de sens, leurs effets rh\u00e9toriques et leurs valeurs \u00e9thiques<\/a><\/p>\n<p><strong>Samuel Coavoux<\/strong> et <strong>No\u00e9mie Roques<\/strong>. <a href=\"https:\/\/wp.unil.ch\/culture-videoludique\/session-7-samedi-matin-9h30\/\">L\u2019authenticit\u00e9 sur parole. Les discours des streamers de jeux vid\u00e9o entre r\u00e9flexivit\u00e9 et pr\u00e9sentation de soi<\/a><\/p>\n<p><strong>R\u00e9mi Cayate<\/strong>. <a href=\"https:\/\/wp.unil.ch\/culture-videoludique\/session-4-vendredi-matin-9h30\/\">L\u2019\u00e9motion comme moteur de jeu : mettre des mots sur une expressivit\u00e9 vid\u00e9oludique<\/a><\/p>\n<p><strong>Thomas Dedieu<\/strong>. <a href=\"https:\/\/wp.unil.ch\/culture-videoludique\/session-6-apres-midi-14h\/\">Indicible, injouable ? La Shoah dans les fictions vid\u00e9oludiques<\/a><\/p>\n<p><strong>Bj\u00f6rn-Olav Dozo<\/strong> et <strong>Fanny Barnab\u00e9<\/strong>. <a href=\"https:\/\/wp.unil.ch\/culture-videoludique\/session-5-vendredi-matin-11h30\/\">Transposer les grammaires vid\u00e9oludiques : Une \u00e9tude rh\u00e9torique des tutoriels en r\u00e9alit\u00e9 virtuelle<\/a><\/p>\n<p><strong>Bruno Dupont<\/strong>. <a href=\"https:\/\/wp.unil.ch\/culture-videoludique\/session-9-samedi-apres-midi-14h\/\">Quand les po\u00e8tes parlent en jeu vid\u00e9o : La Game Poetry comme continuum<\/a><\/p>\n<p><strong>Ugo Ellefsen<\/strong>. <a href=\"https:\/\/wp.unil.ch\/culture-videoludique\/session-1-jeudi-matin-10h\/\">Normalisation des voix vid\u00e9oludiques radicales en traduction : \u00e9tude de corpus sur le personnage en tant qu\u2019interface subjective dans la localisation fran\u00e7aise du jeu vid\u00e9o Tyranny<\/a><\/p>\n<p><strong>Guillaume Grandjean<\/strong>. <a href=\"https:\/\/wp.unil.ch\/culture-videoludique\/session-5-vendredi-matin-11h30\/\">Le langage du level design : un langage figuratif et figur\u00e9. L\u2019exemple de The Legend of Zelda.<\/a><\/p>\n<p><strong>Damien Hansen<\/strong>. <a href=\"https:\/\/wp.unil.ch\/culture-videoludique\/session-3-jeudi-14h\/\">Morphologie du jeu vid\u00e9o : le lud\u00e8me envisag\u00e9 comme unit\u00e9 minimale fonctionnelle du jeu<\/a><\/p>\n<p><strong>Pierre-Yves Houlmont<\/strong>. <a href=\"https:\/\/wp.unil.ch\/culture-videoludique\/session-1-jeudi-matin-10h\/\">Traduire le jeu vid\u00e9o : une ren\u00e9gociation de langages<\/a><\/p>\n<p><strong>J\u00e9r\u00f4me Jacquin<\/strong> et <strong>Aris Xanthos<\/strong>. <a href=\"https:\/\/wp.unil.ch\/culture-videoludique\/session-2-jeudi-matin-11h30\/\">L\u2019\u00e9volution de la complexit\u00e9 linguistique dans un jeu de cartes num\u00e9rique: un exemple de Linguistic Game Studies<\/a><\/p>\n<p><strong>Boris Krywicki<\/strong>. <a href=\"https:\/\/wp.unil.ch\/culture-videoludique\/session-6-apres-midi-14h\/\">Angles journalistiques originaux au sein des tests vid\u00e9oludiques : la pluralit\u00e9 discursive comme r\u00e9sistances des journalistes sp\u00e9cialis\u00e9s<\/a><\/p>\n<p><strong>Francis Lavigne<\/strong> et <strong>Bernard Perron<\/strong>. <a href=\"https:\/\/wp.unil.ch\/culture-videoludique\/session-7-samedi-matin-9h30\/\">Petit m\u00e9taguide de la critique vid\u00e9oludique<\/a><\/p>\n<p><strong>Li\u00e8ge Game Lab<\/strong>. <a href=\"https:\/\/wp.unil.ch\/culture-videoludique\/session-5-vendredi-matin-11h30\/\">Parlez-vous le Super Mario ? La m\u00e9taphore langagi\u00e8re mise \u00e0 l\u2019\u00e9preuve en recherche-jeu-cr\u00e9ation<\/a><\/p>\n<p><strong>St\u00e9phanie Mader<\/strong>. <a href=\"https:\/\/wp.unil.ch\/culture-videoludique\/session-8-samedi-matin-11h30\/\">Tetris : quelle sera la prochaine pi\u00e8ce, ou comment un espace de conception minimal peut porter de nombreux discours<\/a><\/p>\n<p><strong>Michael Perret<\/strong> et <strong>Pierre-Yves Moret<\/strong>. <a href=\"https:\/\/wp.unil.ch\/culture-videoludique\/session-7-samedi-matin-9h30\/\">\u00ab J\u2019ai trouv\u00e9 ce passage \u2018limite\u2019, mais j\u2019ai bien rigol\u00e9 \u00bb. La couverture de jeux controvers\u00e9s par une \u00e9mission sp\u00e9cialis\u00e9e dans le paysage m\u00e9diatique suisse romand.<\/a><\/p>\n<p><strong>Mathilde Savoie<\/strong>. <a href=\"https:\/\/wp.unil.ch\/culture-videoludique\/session-2-jeudi-matin-11h30\/\">Approches de rem\u00e9diatisation de l\u2019univers Star Wars: analyse comparative des jeux KOTOR (2003) et Battlefront II (2017)<\/a><\/p>\n<p><strong>H\u00e9l\u00e8ne Sellier<\/strong>. <a href=\"https:\/\/wp.unil.ch\/culture-videoludique\/session-3-jeudi-14h\/\">Jeu vid\u00e9o et litt\u00e9rature : trouver un langage commun dans le Visual Novel<\/a><\/p>\n<p><strong>R\u00e9my Sohier<\/strong>. <a href=\"https:\/\/wp.unil.ch\/culture-videoludique\/session-9-samedi-apres-midi-14h\/\">Parcours de recherche-cr\u00e9ation sur la recherche d\u2019un langage artistique de cr\u00e9ation vid\u00e9oludique : narration, comparaisons et remix de jeux<\/a><\/p>\n<p><strong>Carl Therrien<\/strong>, <strong>Isabelle Lefebvre<\/strong> et <strong>Adam Lefloic Lebel<\/strong>. <a href=\"https:\/\/wp.unil.ch\/culture-videoludique\/session-6-apres-midi-14h\/\">Le cadre publicitaire au c\u0153ur de la culture vid\u00e9oludique. \u00c9tude comparative des publicit\u00e9s imprim\u00e9es dans Computer Gaming World et Tilt.<\/a><\/p>\n<p><strong>Carl Therrien<\/strong> et <strong>Jean-Charles Ray<\/strong>. <a href=\"https:\/\/wp.unil.ch\/culture-videoludique\/session-3-jeudi-14h\/\">L\u2019\u00e9volution r\u00e9cursive du langage vid\u00e9oludique : comprendre les structures fondamentales des configurations jouables dans l\u2019histoire du jeu pour dynamiser la cr\u00e9ation future<\/a><\/p>\n<p><strong>Marine Wauquier<\/strong>. <a href=\"https:\/\/wp.unil.ch\/culture-videoludique\/session-8-samedi-matin-11h30\/\">Existe-t-il un genre de la qu\u00eate dans Skyrim ? Essai de caract\u00e9risation linguistique du contenu<\/a><\/p>\n<p><strong>Niels Weber<\/strong>. <a href=\"https:\/\/wp.unil.ch\/culture-videoludique\/session-4-vendredi-matin-9h30\/\">De l\u2019importance sociale de s\u2019entretenir de jeux vid\u00e9o. Raconte-moi Tintin au Tibet ou Fortnite.<\/a><\/p>\n<p><strong>Vinciane Zabban<\/strong>. <a href=\"https:\/\/wp.unil.ch\/culture-videoludique\/session-8-samedi-matin-11h30\/\">Les langages des ind\u00e9pendances : quels appuis sociaux, techniques et \u00e9pist\u00e9miques pour l\u2019\u00e9volution r\u00e9cente des mondes de production du jeu vid\u00e9o ?<\/a><\/p>\n","protected":false},"excerpt":{"rendered":"<p>Pour rappel, le programme avec les ordres de passage est ici. &nbsp; Tri par session Jeudi Vendredi Samedi 9h30 Session 1 Session 4 Session 7 11h30 Session 2 Session 5 Session 8 14h Session 3 Session 6 Session 9 &nbsp;<\/p>\n","protected":false},"author":1001461,"featured_media":0,"parent":522,"menu_order":0,"comment_status":"closed","ping_status":"closed","template":"","meta":{"_seopress_robots_primary_cat":"","_seopress_titles_title":"","_seopress_titles_desc":"","_seopress_robots_index":"","footnotes":""},"class_list":["post-258","page","type-page","status-publish"],"_links":{"self":[{"href":"https:\/\/wp.unil.ch\/culture-videoludique\/wp-json\/wp\/v2\/pages\/258","targetHints":{"allow":["GET"]}}],"collection":[{"href":"https:\/\/wp.unil.ch\/culture-videoludique\/wp-json\/wp\/v2\/pages"}],"about":[{"href":"https:\/\/wp.unil.ch\/culture-videoludique\/wp-json\/wp\/v2\/types\/page"}],"author":[{"embeddable":true,"href":"https:\/\/wp.unil.ch\/culture-videoludique\/wp-json\/wp\/v2\/users\/1001461"}],"replies":[{"embeddable":true,"href":"https:\/\/wp.unil.ch\/culture-videoludique\/wp-json\/wp\/v2\/comments?post=258"}],"version-history":[{"count":0,"href":"https:\/\/wp.unil.ch\/culture-videoludique\/wp-json\/wp\/v2\/pages\/258\/revisions"}],"up":[{"embeddable":true,"href":"https:\/\/wp.unil.ch\/culture-videoludique\/wp-json\/wp\/v2\/pages\/522"}],"wp:attachment":[{"href":"https:\/\/wp.unil.ch\/culture-videoludique\/wp-json\/wp\/v2\/media?parent=258"}],"curies":[{"name":"wp","href":"https:\/\/api.w.org\/{rel}","templated":true}]}}