{"id":164,"date":"2019-03-05T10:29:59","date_gmt":"2019-03-05T09:29:59","guid":{"rendered":"http:\/\/wp.unil.ch\/culture-videoludique\/?page_id=164"},"modified":"2024-03-29T10:30:28","modified_gmt":"2024-03-29T09:30:28","slug":"venir","status":"publish","type":"page","link":"https:\/\/wp.unil.ch\/culture-videoludique\/anciennes-editions\/2019-les-langages-du-jeu-video\/venir\/","title":{"rendered":"Venir"},"content":{"rendered":"<p><em>Si vous voyez qu&rsquo;il manque une information qui serait utile pour les autres personnes assistant au colloque, merci de la ou les signaler \u00e0 <a href=\"mailto:yannick.rochat@unil.ch\">yannick.rochat@unil.ch<\/a>.<\/em><\/p>\n<h2>Se rendre \u00e0 Lausanne<\/h2>\n<p>En <strong>train<\/strong> jusqu&rsquo;\u00e0 la gare de Lausanne, horaires et billets: <a href=\"https:\/\/www.cff.ch\">www.cff.ch<\/a><\/p>\n<p>En <strong>avion<\/strong> : via les a\u00e9roports de Gen\u00e8ve, Zurich ou B\u00e2le. Dans les deux premiers cas, un train direct fait la connexion au moins une fois par heure avec Lausanne. Horaires de train et billets: <a href=\"https:\/\/www.cff.ch\">www.cff.ch<\/a> Visez les billets d\u00e9griff\u00e9s (donc moins chers), disponibles pour des horaires pr\u00e9cis.<\/p>\n<p>En <strong>voiture<\/strong>, si vous souhaitez emprunter l&rsquo;autoroute, n&rsquo;oubliez pas d&rsquo;acheter la vignette \u00e0 la fronti\u00e8re.<\/p>\n<h2>Se loger \u00e0 Lausanne<\/h2>\n<p>Il est recommand\u00e9 de chercher un logement <strong>\u00e0 Lausanne<\/strong> dans un rayon de marche\/transports publics acceptable <a href=\"https:\/\/fr.wikipedia.org\/wiki\/Ligne_M1_du_m%C3%A9tro_de_Lausanne\">de la ligne de m\u00e9tro M1<\/a>, qui est le principal moyen d&rsquo;acc\u00e8s \u00e0 l&rsquo;Universit\u00e9 de Lausanne.<\/p>\n<p>Si vous avez des doutes au moment du choix sur la situation de votre h\u00f4tel ou de votre appartement, \u00e9crivez \u00e0 <a href=\"mailto:yannick.rochat@unil.ch\">yannick.rochat@unil.ch<\/a>.<\/p>\n<h3>H\u00f4tels \u00e0 tarif pr\u00e9f\u00e9rentiel<\/h3>\n<p>Voici <a href=\"https:\/\/www.unil.ch\/unibat\/files\/live\/sites\/unibat\/files\/shared\/PDF-WORD\/Liste_ho%cc%82tels.pdf\">une liste d&rsquo;h\u00f4tels<\/a> <strong>pratiquant des tarifs pr\u00e9f\u00e9rentiels<\/strong> pour des \u00e9v\u00e9nements li\u00e9s \u00e0 l&rsquo;Universit\u00e9 de Lausanne.<\/p>\n<p>Avant de proc\u00e9der \u00e0 la r\u00e9servation, <a href=\"mailto:secretariat-sli@unil.ch\">merci de contacter le secr\u00e9tariat de la section des sciences du langage et de l&rsquo;information<\/a> pour qu&rsquo;ils communiquent votre nom \u00e0 l&rsquo;h\u00f4tel de votre choix.<\/p>\n<p>L&rsquo;offre d&rsquo;Airbnb sur Lausanne n&rsquo;est pas trop mauvaise.<\/p>\n<h3>Auberge de jeunesse<\/h3>\n<p>\u00c0 une demi-heure \u00e0 pied du site du colloque, de l&rsquo;autre c\u00f4t\u00e9 de l&rsquo;autoroute mais \u00e0 proximit\u00e9 du lac. [<a href=\"https:\/\/www.youthhostel.ch\/en\/hostels\/lausanne-jeunotel\/?gclid=EAIaIQobChMI0_Hh6pq43AIVoiLTCh1Y6wn8EAEYASAAEgIrVvD_BwE\">Site<\/a>]<\/p>\n<h3>Couchsurfing<\/h3>\n<p>Finalement, pour les budgets minuscules, <a href=\"https:\/\/www.couchsurfing.com\/places\/europe\/switzerland\/lausanne\">le couchsurfing<\/a>. Nous pouvons aussi essayer de voir dans nos r\u00e9seaux si quelqu&rsquo;un peut vous h\u00e9berger.<\/p>\n<h2>Transports publics gratuits<\/h2>\n<p><strong>N&rsquo;oubliez pas de demander la carte vous rendant les transports publics gratuits au moment du check-in!<\/strong>\u00a0(<a href=\"https:\/\/www.lausanne-tourisme.ch\/fr\/P7808\/lausanne-transport-card\">plus d&rsquo;informations<\/a>)<\/p>\n<h2>Se rendre au colloque, sur le campus de l&rsquo;Universit\u00e9 de Lausanne<\/h2>\n<p style=\"text-align: justify\">Depuis le centre-ville de Lausanne, <strong>se rendre au d\u00e9part du m\u00e9tro M1<\/strong> sur la Place de l&rsquo;Europe (arr\u00eat Lausanne-Flon) ou \u00e0 la gare de Renens, sur la voie 1, \u00e0 l&rsquo;ouest \u00e0 pied (direction Gen\u00e8ve), et <strong>descendre \u00e0 l&rsquo;arr\u00eat UNIL-Mouline<\/strong>.<\/p>\n<p>Depuis l\u00e0, vous vous dirigez au nord, en direction du b\u00e2timent tr\u00e8s brillant G\u00e9opolis, avec les archives cantonales vaudoises sur votre gauche. <a href=\"https:\/\/unil.ch\/idheap\/Plan-d-acces\">Le b\u00e2timent de l&rsquo;IDHEAP<\/a> est situ\u00e9 entre les deux, et le colloque a lieu dans l&rsquo;Aula, au rez-de-chauss\u00e9e.<\/p>\n<p style=\"text-align: justify\"><a href=\"https:\/\/www.mobilis-vaud.ch\/tarifs-mobilis\/\">Le co\u00fbt d&rsquo;un trajet est de 3.70 CHF (zones 11 et 12, soit deux zones, validit\u00e9 1h, plein tarif<\/a>).<\/p>\n<p style=\"text-align: justify\">Il est possible de prendre une carte journali\u00e8re (9.30 CHF), mais celle-ci ne sera pas rentable pour deux voyages seulement. Par contre, elle permettra de se d\u00e9placer de mani\u00e8re illimit\u00e9e dans les zones 11 et 12 (<a href=\"https:\/\/www.mobilis-vaud.ch\/plans\/2017\/Lausanne.pdf\">plan<\/a>).<\/p>\n<p style=\"text-align: justify\">Si vous n&rsquo;avez pas obtenu une carte de libre circulation sur le r\u00e9seau des transports publics lausannois, les billets peuvent \u00eatre achet\u00e9s \u00e0 tous les arr\u00eats (avec de la monnaie seulement [<em>\u00e0 v\u00e9rifier<\/em>], \u00e0 l&rsquo;exception des distributeurs situ\u00e9s dans les gares), ou n&rsquo;importe o\u00f9 avec l&rsquo;application mobile des transports publics lausannois ou celle des chemins de fer f\u00e9d\u00e9raux.<\/p>\n","protected":false},"excerpt":{"rendered":"<p>Si vous voyez qu&rsquo;il manque une information qui serait utile pour les autres personnes assistant au colloque, merci de la ou les signaler \u00e0 yannick.rochat@unil.ch. Se rendre \u00e0 Lausanne En train jusqu&rsquo;\u00e0 la gare de Lausanne, horaires et billets: www.cff.ch<\/p>\n","protected":false},"author":1001472,"featured_media":0,"parent":522,"menu_order":0,"comment_status":"closed","ping_status":"closed","template":"","meta":{"_seopress_robots_primary_cat":"","_seopress_titles_title":"","_seopress_titles_desc":"","_seopress_robots_index":"","footnotes":""},"class_list":["post-164","page","type-page","status-publish"],"_links":{"self":[{"href":"https:\/\/wp.unil.ch\/culture-videoludique\/wp-json\/wp\/v2\/pages\/164","targetHints":{"allow":["GET"]}}],"collection":[{"href":"https:\/\/wp.unil.ch\/culture-videoludique\/wp-json\/wp\/v2\/pages"}],"about":[{"href":"https:\/\/wp.unil.ch\/culture-videoludique\/wp-json\/wp\/v2\/types\/page"}],"author":[{"embeddable":true,"href":"https:\/\/wp.unil.ch\/culture-videoludique\/wp-json\/wp\/v2\/users\/1001472"}],"replies":[{"embeddable":true,"href":"https:\/\/wp.unil.ch\/culture-videoludique\/wp-json\/wp\/v2\/comments?post=164"}],"version-history":[{"count":3,"href":"https:\/\/wp.unil.ch\/culture-videoludique\/wp-json\/wp\/v2\/pages\/164\/revisions"}],"predecessor-version":[{"id":581,"href":"https:\/\/wp.unil.ch\/culture-videoludique\/wp-json\/wp\/v2\/pages\/164\/revisions\/581"}],"up":[{"embeddable":true,"href":"https:\/\/wp.unil.ch\/culture-videoludique\/wp-json\/wp\/v2\/pages\/522"}],"wp:attachment":[{"href":"https:\/\/wp.unil.ch\/culture-videoludique\/wp-json\/wp\/v2\/media?parent=164"}],"curies":[{"name":"wp","href":"https:\/\/api.w.org\/{rel}","templated":true}]}}