{"id":539,"date":"2023-03-10T19:14:00","date_gmt":"2023-03-10T18:14:00","guid":{"rendered":"http:\/\/wp.unil.ch\/crag\/?page_id=539"},"modified":"2025-05-15T13:13:09","modified_gmt":"2025-05-15T11:13:09","slug":"scientific-outreach","status":"publish","type":"page","link":"https:\/\/wp.unil.ch\/crag\/scientific-outreach\/","title":{"rendered":"Outreach"},"content":{"rendered":"\n<h4 class=\"wp-block-heading\">05\/25 &#8211; Swiss Polar Class<\/h4>\n\n\n\n<div class=\"wp-block-columns is-layout-flex wp-container-core-columns-is-layout-9d6595d7 wp-block-columns-is-layout-flex\">\n<div class=\"wp-block-column is-layout-flow wp-block-column-is-layout-flow\" style=\"flex-basis:33.33%\">\n<p>In the final year of his PhD, Bastien joined an expedition to <a href=\"https:\/\/maps.app.goo.gl\/nVUsmdft5SV4Bb297\" target=\"_blank\" rel=\"noreferrer noopener\">Ward Hunt Island<\/a> in the Canadian High Arctic, where he conducted drone-based GPR measurements. The trip was partially funded by the <a href=\"https:\/\/swisspolar.ch\/\" target=\"_blank\" rel=\"noreferrer noopener\">Swiss Polar Institute<\/a>. This video, created for <a href=\"https:\/\/polar-class.ch\/premieres-expeditions-bastien\/\" target=\"_blank\" rel=\"noreferrer noopener\">Swiss Polar Class<\/a>, introduces schoolchildren to the goals of the expedition and the techniques used. English subtitles available.<\/p>\n<\/div>\n\n\n\n<div class=\"wp-block-column is-layout-flow wp-block-column-is-layout-flow\" style=\"flex-basis:66.66%\">\n<figure class=\"wp-block-embed is-type-video is-provider-youtube wp-block-embed-youtube wp-embed-aspect-16-9 wp-has-aspect-ratio\"><div class=\"wp-block-embed__wrapper\">\n<iframe loading=\"lazy\" title=\"Premi\u00e8res exp\u00e9ditions | Bastien\" width=\"735\" height=\"413\" src=\"https:\/\/www.youtube.com\/embed\/amYX0-UjRqk?feature=oembed\" frameborder=\"0\" allow=\"accelerometer; autoplay; clipboard-write; encrypted-media; gyroscope; picture-in-picture; web-share\" referrerpolicy=\"strict-origin-when-cross-origin\" allowfullscreen><\/iframe>\n<\/div><\/figure>\n<\/div>\n<\/div>\n\n\n\n<h4 class=\"wp-block-heading\">09\/24 &#8211; Un drone de cin\u00e9ma et un g\u00e9oradar pour scanner l\u2019int\u00e9rieur des glaciers<\/h4>\n\n\n\n<div class=\"wp-block-columns is-layout-flex wp-container-core-columns-is-layout-9d6595d7 wp-block-columns-is-layout-flex\">\n<div class=\"wp-block-column is-layout-flow wp-block-column-is-layout-flow\" style=\"flex-basis:66.66%\">\n<figure class=\"wp-block-embed is-type-video is-provider-youtube wp-block-embed-youtube wp-embed-aspect-16-9 wp-has-aspect-ratio\"><div class=\"wp-block-embed__wrapper\">\n<iframe loading=\"lazy\" title=\"Un drone de cin\u00e9ma et un g\u00e9oradar pour scanner l\u2019int\u00e9rieur des glaciers\" width=\"735\" height=\"413\" src=\"https:\/\/www.youtube.com\/embed\/LQZ7wJhPv0A?feature=oembed\" frameborder=\"0\" allow=\"accelerometer; autoplay; clipboard-write; encrypted-media; gyroscope; picture-in-picture; web-share\" referrerpolicy=\"strict-origin-when-cross-origin\" allowfullscreen><\/iframe>\n<\/div><\/figure>\n<\/div>\n\n\n\n<div class=\"wp-block-column is-layout-flow wp-block-column-is-layout-flow\" style=\"flex-basis:33.33%\">\n<p>Bastien was interviewed by Le Temps, a highly respected and widely read newspaper in French-speaking Switzerland, on his work with drone-based GPR for the characterization and monitoring of alpine glaciers. This YouTube video is the result.<\/p>\n<\/div>\n<\/div>\n\n\n\n<h4 class=\"wp-block-heading\">03\/24 &#8211; Ma th\u00e8se en 180 secondes<\/h4>\n\n\n\n<div class=\"wp-block-columns is-layout-flex wp-container-core-columns-is-layout-9d6595d7 wp-block-columns-is-layout-flex\">\n<div class=\"wp-block-column is-layout-flow wp-block-column-is-layout-flow\" style=\"flex-basis:33.33%\">\n<p>Bastien took part in the scientific outreach competition MT180, where he explained his PhD project in less than 3 minutes. How many liters of liquid water are contained in the Otemma glacier? The answer is in this video. English subtitles available.<\/p>\n<\/div>\n\n\n\n<div class=\"wp-block-column is-layout-flow wp-block-column-is-layout-flow\" style=\"flex-basis:66.66%\">\n<figure class=\"wp-block-embed is-type-video is-provider-youtube wp-block-embed-youtube wp-embed-aspect-16-9 wp-has-aspect-ratio\"><div class=\"wp-block-embed__wrapper\">\n<iframe loading=\"lazy\" title=\"MT180 - UNIL - 2024 : Bastien Ruols\" width=\"735\" height=\"413\" src=\"https:\/\/www.youtube.com\/embed\/ovPpzKUXUkA?feature=oembed\" frameborder=\"0\" allow=\"accelerometer; autoplay; clipboard-write; encrypted-media; gyroscope; picture-in-picture; web-share\" referrerpolicy=\"strict-origin-when-cross-origin\" allowfullscreen><\/iframe>\n<\/div><\/figure>\n<\/div>\n<\/div>\n\n\n\n<h4 class=\"wp-block-heading\">09\/23 &#8211; Impressions from the field:  Our journey to the Otemma glacier<\/h4>\n\n\n\n<div class=\"wp-block-columns is-layout-flex wp-container-core-columns-is-layout-9d6595d7 wp-block-columns-is-layout-flex\">\n<div class=\"wp-block-column is-layout-flow wp-block-column-is-layout-flow\" style=\"flex-basis:66.66%\">\n<figure class=\"wp-block-embed is-type-video is-provider-youtube wp-block-embed-youtube wp-embed-aspect-16-9 wp-has-aspect-ratio\"><div class=\"wp-block-embed__wrapper\">\n<iframe loading=\"lazy\" title=\"Impressions from the field : our journey to the Otemma glacier.\" width=\"735\" height=\"413\" src=\"https:\/\/www.youtube.com\/embed\/tqcc_Q2wwJk?start=1&#038;feature=oembed\" frameborder=\"0\" allow=\"accelerometer; autoplay; clipboard-write; encrypted-media; gyroscope; picture-in-picture; web-share\" referrerpolicy=\"strict-origin-when-cross-origin\" allowfullscreen><\/iframe>\n<\/div><\/figure>\n<\/div>\n\n\n\n<div class=\"wp-block-column is-layout-flow wp-block-column-is-layout-flow\" style=\"flex-basis:33.33%\">\n<p>First made for the Alpine Glaciology Meeting in 2023, this short outreach video created by Bastien is now available on Youtube. Click if you want to get a glimpse of what our fieldwork is like and how the drone-based GPR system works.<\/p>\n<\/div>\n<\/div>\n\n\n\n<h4 class=\"wp-block-heading\">05\/23 &#8211; Pint of Science Festival, Lausanne<\/h4>\n\n\n\n<div class=\"wp-block-columns is-layout-flex wp-container-core-columns-is-layout-9d6595d7 wp-block-columns-is-layout-flex\">\n<div class=\"wp-block-column is-layout-flow wp-block-column-is-layout-flow\" style=\"flex-basis:33.33%\">\n<p>In the scope of the Pint of Science Festival, Bastien spent an evening in a bar in Lausanne talking about our research to a broad audience. Click <a href=\"https:\/\/pintofscience.ch\/event\/alimentation-environnement-quels-perspectives-pour-le-futur\" target=\"_blank\" rel=\"noreferrer noopener\">here<\/a> for more info.<\/p>\n<\/div>\n\n\n\n<div class=\"wp-block-column is-layout-flow wp-block-column-is-layout-flow\" style=\"flex-basis:66.66%\">\n<figure class=\"wp-block-image size-large\"><img alt=\"\" loading=\"lazy\" decoding=\"async\" width=\"1024\" height=\"576\" src=\"https:\/\/wp.unil.ch\/crag\/files\/2023\/05\/POS23_Bastien_Ruols-1024x576.jpg\" alt=\"\" class=\"wp-image-1128\" srcset=\"https:\/\/wp.unil.ch\/crag\/files\/2023\/05\/POS23_Bastien_Ruols-1024x576.jpg 1024w, https:\/\/wp.unil.ch\/crag\/files\/2023\/05\/POS23_Bastien_Ruols-300x169.jpg 300w, https:\/\/wp.unil.ch\/crag\/files\/2023\/05\/POS23_Bastien_Ruols-768x432.jpg 768w, https:\/\/wp.unil.ch\/crag\/files\/2023\/05\/POS23_Bastien_Ruols-1536x864.jpg 1536w, https:\/\/wp.unil.ch\/crag\/files\/2023\/05\/POS23_Bastien_Ruols.jpg 1920w\" sizes=\"auto, (max-width: 1024px) 100vw, 1024px\" \/><\/figure>\n<\/div>\n<\/div>\n\n\n\n<h4 class=\"wp-block-heading\">08\/22 &#8211; Etudier les glaciers des Alpes avant leur disparition<\/h4>\n\n\n\n<div class=\"wp-block-columns is-layout-flex wp-container-core-columns-is-layout-9d6595d7 wp-block-columns-is-layout-flex\">\n<div class=\"wp-block-column is-layout-flow wp-block-column-is-layout-flow\" style=\"flex-basis:66.66%\">\n<figure class=\"wp-block-embed is-type-video is-provider-youtube wp-block-embed-youtube wp-embed-aspect-16-9 wp-has-aspect-ratio\"><div class=\"wp-block-embed__wrapper\">\n<iframe loading=\"lazy\" title=\"J&#039;ai accompagn\u00e9 des scientifiques sur un glacier en p\u00e9ril \/ EMBARQU\u00c9.E.X\" width=\"735\" height=\"413\" src=\"https:\/\/www.youtube.com\/embed\/voa_dzYBen8?feature=oembed\" frameborder=\"0\" allow=\"accelerometer; autoplay; clipboard-write; encrypted-media; gyroscope; picture-in-picture; web-share\" referrerpolicy=\"strict-origin-when-cross-origin\" allowfullscreen><\/iframe>\n<\/div><\/figure>\n<\/div>\n\n\n\n<div class=\"wp-block-column is-layout-flow wp-block-column-is-layout-flow\" style=\"flex-basis:33.33%\">\n<p>Marc Gagliardone is a journalist for Nouvo, a news channel part of the Radio T\u00e9l\u00e9vision Suisse (RTS). Last August he interviewed Johanna and Bastien while they were working on the Rh\u00f4ne glacier.<\/p>\n<\/div>\n<\/div>\n\n\n\n<h4 class=\"wp-block-heading\">01\/22 &#8211; La Cabane des Diablerets Scientifique<\/h4>\n\n\n\n<div class=\"wp-block-columns is-layout-flex wp-container-core-columns-is-layout-9d6595d7 wp-block-columns-is-layout-flex\">\n<div class=\"wp-block-column is-layout-flow wp-block-column-is-layout-flow\" style=\"flex-basis:33.33%\">\n<p>In January 2022, Johanna and Bastien spent a night at the Cabane des Diablerets, a mountain hut located just below the Tsanfleuron glacier. They gave a talk about their <a href=\"https:\/\/wp.unil.ch\/crag\/tsanfleuron-glacier\/\" data-type=\"page\" data-id=\"594\">work on the glacier<\/a> and the overall importance and impact of glaciers in Switzerland.<\/p>\n<\/div>\n\n\n\n<div class=\"wp-block-column is-layout-flow wp-block-column-is-layout-flow\" style=\"flex-basis:66.66%\">\n<figure class=\"wp-block-image size-large\"><img alt=\"\" loading=\"lazy\" decoding=\"async\" width=\"1024\" height=\"732\" src=\"https:\/\/wp.unil.ch\/crag\/files\/2023\/03\/Flyer-1024x732.png\" alt=\"\" class=\"wp-image-615\" srcset=\"https:\/\/wp.unil.ch\/crag\/files\/2023\/03\/Flyer-1024x732.png 1024w, https:\/\/wp.unil.ch\/crag\/files\/2023\/03\/Flyer-300x214.png 300w, https:\/\/wp.unil.ch\/crag\/files\/2023\/03\/Flyer-768x549.png 768w, https:\/\/wp.unil.ch\/crag\/files\/2023\/03\/Flyer.png 1191w\" sizes=\"auto, (max-width: 1024px) 100vw, 1024px\" \/><\/figure>\n<\/div>\n<\/div>\n\n\n\n<h4 class=\"wp-block-heading\">01\/22 &#8211; In the heart of the Swiss glaciers<\/h4>\n\n\n\n<div class=\"wp-block-columns is-layout-flex wp-container-core-columns-is-layout-9d6595d7 wp-block-columns-is-layout-flex\">\n<div class=\"wp-block-column is-layout-flow wp-block-column-is-layout-flow\" style=\"flex-basis:66.66%\">\n<figure class=\"wp-block-embed is-type-video is-provider-youtube wp-block-embed-youtube wp-embed-aspect-16-9 wp-has-aspect-ratio\"><div class=\"wp-block-embed__wrapper\">\n<iframe loading=\"lazy\" title=\"In the heart of the Swiss glaciers\" width=\"735\" height=\"413\" src=\"https:\/\/www.youtube.com\/embed\/fcnjujNXd_w?start=5&#038;feature=oembed\" frameborder=\"0\" allow=\"accelerometer; autoplay; clipboard-write; encrypted-media; gyroscope; picture-in-picture; web-share\" referrerpolicy=\"strict-origin-when-cross-origin\" allowfullscreen><\/iframe>\n<\/div><\/figure>\n<\/div>\n\n\n\n<div class=\"wp-block-column is-layout-flow wp-block-column-is-layout-flow\" style=\"flex-basis:33.33%\">\n<p>While working on the Tsanfleuron glacier, a team of young videographers from the University of Geneva interviewed Johanna and Bastien and made this video to explain their work in plain language.<\/p>\n<\/div>\n<\/div>\n\n\n\n<p><\/p>\n","protected":false},"excerpt":{"rendered":"<p>05\/25 &#8211; Swiss Polar Class In the final year of his PhD, Bastien joined an expedition to Ward Hunt Island in the Canadian High Arctic, where he conducted drone-based GPR &hellip; <\/p>\n","protected":false},"author":1002595,"featured_media":0,"parent":0,"menu_order":0,"comment_status":"closed","ping_status":"closed","template":"","meta":{"_seopress_robots_primary_cat":"","_seopress_titles_title":"","_seopress_titles_desc":"","_seopress_robots_index":"","footnotes":""},"class_list":["post-539","page","type-page","status-publish"],"_links":{"self":[{"href":"https:\/\/wp.unil.ch\/crag\/wp-json\/wp\/v2\/pages\/539","targetHints":{"allow":["GET"]}}],"collection":[{"href":"https:\/\/wp.unil.ch\/crag\/wp-json\/wp\/v2\/pages"}],"about":[{"href":"https:\/\/wp.unil.ch\/crag\/wp-json\/wp\/v2\/types\/page"}],"author":[{"embeddable":true,"href":"https:\/\/wp.unil.ch\/crag\/wp-json\/wp\/v2\/users\/1002595"}],"replies":[{"embeddable":true,"href":"https:\/\/wp.unil.ch\/crag\/wp-json\/wp\/v2\/comments?post=539"}],"version-history":[{"count":4,"href":"https:\/\/wp.unil.ch\/crag\/wp-json\/wp\/v2\/pages\/539\/revisions"}],"predecessor-version":[{"id":1545,"href":"https:\/\/wp.unil.ch\/crag\/wp-json\/wp\/v2\/pages\/539\/revisions\/1545"}],"wp:attachment":[{"href":"https:\/\/wp.unil.ch\/crag\/wp-json\/wp\/v2\/media?parent=539"}],"curies":[{"name":"wp","href":"https:\/\/api.w.org\/{rel}","templated":true}]}}