{"id":444,"date":"2021-02-05T22:22:36","date_gmt":"2021-02-05T21:22:36","guid":{"rendered":"http:\/\/wp.unil.ch\/crag\/?page_id=444"},"modified":"2024-11-22T18:25:23","modified_gmt":"2024-11-22T17:25:23","slug":"johanna-klahold","status":"publish","type":"page","link":"https:\/\/wp.unil.ch\/crag\/johanna-klahold\/","title":{"rendered":"Johanna Klahold"},"content":{"rendered":"\n<div class=\"wp-block-columns is-layout-flex wp-container-core-columns-is-layout-9d6595d7 wp-block-columns-is-layout-flex\">\n<div class=\"wp-block-column is-layout-flow wp-block-column-is-layout-flow\">\n<p><strong>PhD Student<\/strong><br><br>Office: G\u00e9opolis 3123<br>Phone: +41 21 692 44 09 <br>E-mail: <a rel=\"noreferrer noopener\" href=\"mailto:johanna.klahold@unil.ch\" target=\"_blank\">johanna.klahold@unil.ch<\/a><\/p>\n\n\n\n<ul class=\"wp-block-list\">\n<li>BSc, Geophysics, University of Cologne, Germany, 2018<\/li>\n\n\n\n<li>MSc, Applied Geophysics, ETH Z\u00fcrich, Switzerland, 2020<\/li>\n\n\n\n<li>MSc, Applied Geophysics, TU Delft, Netherlands, 2020<\/li>\n\n\n\n<li>MSc, Applied Geophysics, RWTH Aachen, Germany, 2020<\/li>\n<\/ul>\n<\/div>\n\n\n\n<div class=\"wp-block-column is-layout-flow wp-block-column-is-layout-flow\">\n<figure class=\"wp-block-image size-large\"><a href=\"https:\/\/wp.unil.ch\/crag\/files\/2021\/02\/Johanna_Klahold.jpg\"><img alt=\"\" loading=\"lazy\" decoding=\"async\" width=\"1024\" height=\"715\" src=\"https:\/\/wp.unil.ch\/crag\/files\/2021\/02\/Johanna_Klahold.jpg\" alt=\"\" class=\"wp-image-445\" srcset=\"https:\/\/wp.unil.ch\/crag\/files\/2021\/02\/Johanna_Klahold.jpg 1024w, https:\/\/wp.unil.ch\/crag\/files\/2021\/02\/Johanna_Klahold-300x209.jpg 300w, https:\/\/wp.unil.ch\/crag\/files\/2021\/02\/Johanna_Klahold-768x536.jpg 768w, https:\/\/wp.unil.ch\/crag\/files\/2021\/02\/Johanna_Klahold-334x233.jpg 334w, https:\/\/wp.unil.ch\/crag\/files\/2021\/02\/Johanna_Klahold-315x220.jpg 315w\" sizes=\"auto, (max-width: 1024px) 100vw, 1024px\" \/><\/a><\/figure>\n<\/div>\n<\/div>\n\n\n\n<p>Johanna is from Marienm\u00fcnster-V\u00f6rden, a small village in central Germany.&nbsp;She did her Bachelor\u2019s studies in Geophysics at the University of Cologne (Germany), and completed the IDEA League Joint Master\u2019s Programme in Applied Geophysics at ETH Zurich, Delft University of Technology (the Netherlands), and RWTH Aachen University (Germany). Johanna is working on the development of novel processing techniques for high-resolution 3D and 4D GPR data in order to learn about the distribution and dynamics of englacial and subglacial channels. Outside of her PhD, she&nbsp;enjoys spending time in the mountains, and she is passionate about environmentalism.<\/p>\n","protected":false},"excerpt":{"rendered":"<p>PhD Student Office: G\u00e9opolis 3123Phone: +41 21 692 44 09 E-mail: johanna.klahold@unil.ch Johanna is from Marienm\u00fcnster-V\u00f6rden, a small village in central Germany.&nbsp;She did her Bachelor\u2019s studies in Geophysics at the &hellip; <\/p>\n","protected":false},"author":1001672,"featured_media":0,"parent":0,"menu_order":0,"comment_status":"closed","ping_status":"closed","template":"","meta":{"_seopress_robots_primary_cat":"","_seopress_titles_title":"","_seopress_titles_desc":"","_seopress_robots_index":"","footnotes":""},"class_list":["post-444","page","type-page","status-publish"],"_links":{"self":[{"href":"https:\/\/wp.unil.ch\/crag\/wp-json\/wp\/v2\/pages\/444","targetHints":{"allow":["GET"]}}],"collection":[{"href":"https:\/\/wp.unil.ch\/crag\/wp-json\/wp\/v2\/pages"}],"about":[{"href":"https:\/\/wp.unil.ch\/crag\/wp-json\/wp\/v2\/types\/page"}],"author":[{"embeddable":true,"href":"https:\/\/wp.unil.ch\/crag\/wp-json\/wp\/v2\/users\/1001672"}],"replies":[{"embeddable":true,"href":"https:\/\/wp.unil.ch\/crag\/wp-json\/wp\/v2\/comments?post=444"}],"version-history":[{"count":1,"href":"https:\/\/wp.unil.ch\/crag\/wp-json\/wp\/v2\/pages\/444\/revisions"}],"predecessor-version":[{"id":1219,"href":"https:\/\/wp.unil.ch\/crag\/wp-json\/wp\/v2\/pages\/444\/revisions\/1219"}],"wp:attachment":[{"href":"https:\/\/wp.unil.ch\/crag\/wp-json\/wp\/v2\/media?parent=444"}],"curies":[{"name":"wp","href":"https:\/\/api.w.org\/{rel}","templated":true}]}}