{"id":147,"date":"2020-12-28T14:42:06","date_gmt":"2020-12-28T13:42:06","guid":{"rendered":"http:\/\/wp.unil.ch\/crag\/?page_id=147"},"modified":"2025-10-12T12:05:02","modified_gmt":"2025-10-12T10:05:02","slug":"people","status":"publish","type":"page","link":"https:\/\/wp.unil.ch\/crag\/people\/","title":{"rendered":"People"},"content":{"rendered":"\n<div class=\"wp-block-columns is-layout-flex wp-container-core-columns-is-layout-9d6595d7 wp-block-columns-is-layout-flex\">\n<div class=\"wp-block-column is-layout-flow wp-block-column-is-layout-flow\">\n<p><strong>Group Leader<\/strong><br><a href=\"https:\/\/wp.unil.ch\/crag\/james-irving\/\">James Irving<\/a><\/p>\n\n\n\n<p><strong>Scientific Collaborators<\/strong><br>Ludovic Baron<\/p>\n\n\n\n<p><strong>Postdocs<\/strong><br><a href=\"https:\/\/wp.unil.ch\/crag\/gabriela-clara-racz\/\" data-type=\"page\" data-id=\"1245\">Gabriela Clara Racz<\/a><br><a href=\"https:\/\/wp.unil.ch\/crag\/linan-xu\/\">Linan Xu<\/a><\/p>\n\n\n\n<p><strong>PhD Students<\/strong><br><a href=\"https:\/\/wp.unil.ch\/crag\/melissa-francey\/\" data-type=\"page\" data-id=\"1005\">M\u00e9lissa Francey<\/a><br><a href=\"https:\/\/wp.unil.ch\/crag\/johanna-klahold\/\" data-type=\"page\" data-id=\"444\">Johanna Klahold<\/a><br><a href=\"https:\/\/wp.unil.ch\/crag\/jonathan-kolar\/\" data-type=\"page\" data-id=\"1576\">Jonathan Kolar<\/a><\/p>\n<\/div>\n\n\n\n<div class=\"wp-block-column is-layout-flow wp-block-column-is-layout-flow\">\n<p><strong>Master&#8217;s Students<\/strong><br>Alexandre Armada Aladid<br>Jo\u00eblle Steiner<\/p>\n\n\n\n<p><strong>Bachelor&#8217;s Students<\/strong><br>-none at the moment-<\/p>\n\n\n\n<p><strong>Visiting Researchers<\/strong><br>Rong Hu<\/p>\n<\/div>\n<\/div>\n\n\n\n<hr class=\"wp-block-separator has-css-opacity is-style-wide\" \/>\n\n\n\n<p><strong>Former Irving Group Members<\/strong><\/p>\n\n\n\n<div class=\"wp-block-columns is-layout-flex wp-container-core-columns-is-layout-9d6595d7 wp-block-columns-is-layout-flex\">\n<div class=\"wp-block-column is-layout-flow wp-block-column-is-layout-flow\">\n<p><strong>Former Postdocs<\/strong><br>J\u00fcrg Hunziker (2020-2021)<br>Emily Voytek (2017-2020)<br><a href=\"https:\/\/sites.google.com\/site\/delphineroubinet\/\" target=\"_blank\" rel=\"noreferrer noopener\">Delphine Roubinet<\/a> (2013-2016)<br><a href=\"https:\/\/sudret.ibk.ethz.ch\/the-chair\/people\/dr-stefano-marelli.html\" target=\"_blank\" rel=\"noreferrer noopener\">Stefano Marelli<\/a> (2011-2012)<\/p>\n\n\n\n<p><strong>Former PhD Students<\/strong><br>Bastien Ruols (2020-2024)<br>Chongmin Zhang (2020-2024)<br>Yu Liu (2019-2022)<br><a href=\"https:\/\/www.ntnu.edu\/employees\/pascal.e.egli\">Pascal Egli<\/a> (2017-2022)<br>Serdar Demirel (2013-2018)<br>Corinna K\u00f6pke (2013-2018)<br><a href=\"https:\/\/applicationspub.unil.ch\/interpub\/noauth\/php\/Un\/UnPers.php?PerNum=1109178&amp;LanCode=8\" target=\"_blank\" rel=\"noreferrer noopener\">Paolo Ruggeri<\/a> (2012-2014)<br>Marie Scholer (2009-2012)<\/p>\n<\/div>\n\n\n\n<div class=\"wp-block-column is-layout-flow wp-block-column-is-layout-flow\">\n<p><strong>Former Master&#8217;s Students<\/strong><br>Yanis Fernandez (2024-2025)<br><a href=\"https:\/\/wp.unil.ch\/crag\/melissa-francey\/\" data-type=\"page\" data-id=\"1005\">M\u00e9lissa Francey<\/a> (2024-2025)<br>Th\u00e9o Gonin (2022-2023)<br>Ben Robson (2022-2023)<br>Boris Ouvry (2019-2021)<br>Cl\u00e9ment Gaspoz (2018-2020)<br>Giulia Murgia (2018-2020)<br>Lo\u00efc Perez (2018-2020)<br>Giulia Bovo (2017-2019)<br>Alexis Neven (2017-2019)<br>Martino Sala (2017-2019)<br>Mattia Ceschi (2016-2017)<br><a href=\"https:\/\/sr-prod.ch\/sr-prod\/\" data-type=\"URL\" data-id=\"https:\/\/sr-prod.ch\/sr-prod\/\" target=\"_blank\" rel=\"noreferrer noopener\">S\u00e9bastien Ruttimann <\/a>(2014-2016)<\/p>\n<\/div>\n<\/div>\n\n\n\n<p><strong>Former Visiting Researchers<\/strong><br>Yue He (2024; PhD student from Central South University)<br>Alexi Morin (2022-2023; Master&#8217;s student from INRS Qu\u00e9bec)<br>Siyuan Ding (2022-2023; PhD student from Central South University)<br>Zhiwei Xu (2017-2019; PhD student from China University of Geosciences)<br>Luis Moscoso Lembcke (2014; Master&#8217;s student from University of Madrid)<br>Victor Caballero Sanz (2014; Master&#8217;s student from University of Madrid)<br>Floriane Gidel (2013; Master&#8217;s student from INSA Toulouse)<\/p>\n","protected":false},"excerpt":{"rendered":"<p>Group LeaderJames Irving Scientific CollaboratorsLudovic Baron PostdocsGabriela Clara RaczLinan Xu PhD StudentsM\u00e9lissa FranceyJohanna KlaholdJonathan Kolar Master&#8217;s StudentsAlexandre Armada AladidJo\u00eblle Steiner Bachelor&#8217;s Students-none at the moment- Visiting ResearchersRong Hu Former Irving &hellip; <\/p>\n","protected":false},"author":1001672,"featured_media":0,"parent":0,"menu_order":0,"comment_status":"closed","ping_status":"closed","template":"","meta":{"_seopress_robots_primary_cat":"","_seopress_titles_title":"","_seopress_titles_desc":"","_seopress_robots_index":"","footnotes":""},"class_list":["post-147","page","type-page","status-publish"],"_links":{"self":[{"href":"https:\/\/wp.unil.ch\/crag\/wp-json\/wp\/v2\/pages\/147","targetHints":{"allow":["GET"]}}],"collection":[{"href":"https:\/\/wp.unil.ch\/crag\/wp-json\/wp\/v2\/pages"}],"about":[{"href":"https:\/\/wp.unil.ch\/crag\/wp-json\/wp\/v2\/types\/page"}],"author":[{"embeddable":true,"href":"https:\/\/wp.unil.ch\/crag\/wp-json\/wp\/v2\/users\/1001672"}],"replies":[{"embeddable":true,"href":"https:\/\/wp.unil.ch\/crag\/wp-json\/wp\/v2\/comments?post=147"}],"version-history":[{"count":5,"href":"https:\/\/wp.unil.ch\/crag\/wp-json\/wp\/v2\/pages\/147\/revisions"}],"predecessor-version":[{"id":1581,"href":"https:\/\/wp.unil.ch\/crag\/wp-json\/wp\/v2\/pages\/147\/revisions\/1581"}],"wp:attachment":[{"href":"https:\/\/wp.unil.ch\/crag\/wp-json\/wp\/v2\/media?parent=147"}],"curies":[{"name":"wp","href":"https:\/\/api.w.org\/{rel}","templated":true}]}}