{"id":513,"date":"2021-11-15T21:11:58","date_gmt":"2021-11-15T20:11:58","guid":{"rendered":"https:\/\/wp.unil.ch\/covid-crime-workingroup\/?page_id=513"},"modified":"2021-12-06T08:12:09","modified_gmt":"2021-12-06T07:12:09","slug":"david-buil-gil","status":"publish","type":"page","link":"https:\/\/wp.unil.ch\/covid-crime-workingroup\/david-buil-gil\/","title":{"rendered":"David Buil-Gil"},"content":{"rendered":"\n<div class=\"wp-block-media-text alignwide is-stacked-on-mobile is-vertically-aligned-top\" style=\"grid-template-columns:26% auto\"><figure class=\"wp-block-media-text__media\"><img alt=\"\" loading=\"lazy\" decoding=\"async\" width=\"428\" height=\"571\" src=\"https:\/\/wp.unil.ch\/covid-crime-workingroup\/files\/2021\/11\/Picture2.jpg\" alt=\"\" class=\"wp-image-514 size-full\" srcset=\"https:\/\/wp.unil.ch\/covid-crime-workingroup\/files\/2021\/11\/Picture2.jpg 428w, https:\/\/wp.unil.ch\/covid-crime-workingroup\/files\/2021\/11\/Picture2-225x300.jpg 225w\" sizes=\"auto, (max-width: 428px) 100vw, 428px\" \/><\/figure><div class=\"wp-block-media-text__content\">\n<p class=\"has-normal-font-size\">David Buil-Gil is a Lecturer in Quantitative Criminology at the Department of Criminology of the University of Manchester, and a member of the Manchester Centre for Digital Trust and Society. His research interests include geographic criminology, small area estimation applications in criminology, quantitative research methods, and cybercrime.<\/p>\n\n\n\n<p>  <strong>Scientific articles on COVID-19 and crime<\/strong><\/p>\n\n\n\n<ul class=\"wp-block-list\"><li>Buil-Gil, D., Zeng, Y., &amp; Kemp, S. (2021). Offline crime bounces back to pre-COVID levels, cyber stays high: interrupted time-series analysis in Northern Ireland.\u00a0<em>Crime Science<\/em>, 10(26).\u00a0<a rel=\"noreferrer noopener\" href=\"https:\/\/doi.org\/10.1186\/s40163-021-00162-9\" target=\"_blank\">https:\/\/doi.org\/10.1186\/s40163-021-00162-9<\/a><\/li><li>Buil-Gil, D., Mir\u00f3-Llinares, F., Moneva, A., Kemp, S., &amp; D\u00edaz-Casta\u00f1o, N. (2021). Cybercrime and shifts in opportunities during COVID-19: a preliminary analysis in the UK.\u00a0<em>European Societies<\/em>, 23(sup1), S47-S59.\u00a0<a rel=\"noreferrer noopener\" href=\"https:\/\/doi.org\/10.1080\/14616696.2020.1804973\" target=\"_blank\">https:\/\/doi.org\/10.1080\/14616696.2020.1804973<\/a><\/li><li>Kemp, S., Buil-Gil, D., Moneva, A., Mir\u00f3-Llinares, F., &amp; D\u00edaz-Casta\u00f1o, N. (2021). Empty streets, busy internet: A time-series analysis of cybercrime and fraud trends during COVID-19.\u00a0<em>Journal of Contemporary Criminal Justice.<\/em>\u00a0<a rel=\"noreferrer noopener\" href=\"https:\/\/doi.org\/10.1177\/10439862211027986\" target=\"_blank\">https:\/\/doi.org\/10.1177\/10439862211027986<\/a><\/li><li>Buil-Gil, D., &amp; Zeng, Y. (2021). Meeting you was a fake: Investigating the increase in romance fraud during COVID-19.\u00a0<em>Journal of Financial Crime<\/em>.\u00a0<a rel=\"noreferrer noopener\" href=\"https:\/\/doi.org\/10.1108\/JFC-02-2021-0042\" target=\"_blank\">https:\/\/doi.org\/10.1108\/JFC-02-2021-0042<\/a> <\/li><\/ul>\n\n\n\n<p>  <strong>Blog posts on COVID-19 and crime<\/strong><\/p>\n\n\n\n<ul class=\"wp-block-list\"><li>Buil-Gil, D., Lord, N., Barrett, E., Dresner, D., &amp; Higgins, B. (2020, March). Profiting from pandemics: COVID-19, changing routines and cyber crimes. Policy@Manchester Blog. <a href=\"https:\/\/blog.policy.manchester.ac.uk\/digital-futures\/2020\/03\/profiting-from-pandemics-covid-19-changing-routines-and-cyber-crimes\/\">https:\/\/blog.policy.manchester.ac.uk\/digital-futures\/2020\/03\/profiting-from-pandemics-covid-19-changing-routines-and-cyber-crimes\/<\/a><\/li><li>Kemp, S., Buil-Gil, D., &amp; Zeng, Y. (2021, September). Hands, face, cyber space: How the pandemic is accelerating the growth of cybercrime. N8 Policing Research Partnership Blog. <a href=\"https:\/\/n8prp.org.uk\/hands-face-cyber-space-how-the-pandemic-is-accelerating-the-growth-of-cybercrime\/\">https:\/\/n8prp.org.uk\/hands-face-cyber-space-how-the-pandemic-is-accelerating-the-growth-of-cybercrime\/<\/a><\/li><\/ul>\n<\/div><\/div>\n\n\n\n<p><\/p>\n","protected":false},"excerpt":{"rendered":"<p>David Buil-Gil is a Lecturer in Quantitative Criminology at the Department of Criminology of the University of Manchester, and a member of the Manchester Centre for Digital Trust and Society. His research interests include geographic criminology, small area estimation applications in criminology, quantitative research methods, and cybercrime. Scientific articles on COVID-19 and crime Buil-Gil, D., [&hellip;]<\/p>\n","protected":false},"author":1001848,"featured_media":0,"parent":0,"menu_order":0,"comment_status":"closed","ping_status":"closed","template":"","meta":{"_seopress_robots_primary_cat":"","_seopress_titles_title":"","_seopress_titles_desc":"","_seopress_robots_index":"","footnotes":""},"class_list":["post-513","page","type-page","status-publish"],"_links":{"self":[{"href":"https:\/\/wp.unil.ch\/covid-crime-workingroup\/wp-json\/wp\/v2\/pages\/513","targetHints":{"allow":["GET"]}}],"collection":[{"href":"https:\/\/wp.unil.ch\/covid-crime-workingroup\/wp-json\/wp\/v2\/pages"}],"about":[{"href":"https:\/\/wp.unil.ch\/covid-crime-workingroup\/wp-json\/wp\/v2\/types\/page"}],"author":[{"embeddable":true,"href":"https:\/\/wp.unil.ch\/covid-crime-workingroup\/wp-json\/wp\/v2\/users\/1001848"}],"replies":[{"embeddable":true,"href":"https:\/\/wp.unil.ch\/covid-crime-workingroup\/wp-json\/wp\/v2\/comments?post=513"}],"version-history":[{"count":0,"href":"https:\/\/wp.unil.ch\/covid-crime-workingroup\/wp-json\/wp\/v2\/pages\/513\/revisions"}],"wp:attachment":[{"href":"https:\/\/wp.unil.ch\/covid-crime-workingroup\/wp-json\/wp\/v2\/media?parent=513"}],"curies":[{"name":"wp","href":"https:\/\/api.w.org\/{rel}","templated":true}]}}