{"id":368,"date":"2021-05-03T08:17:54","date_gmt":"2021-05-03T06:17:54","guid":{"rendered":"https:\/\/wp.unil.ch\/covid-crime-workingroup\/?page_id=368"},"modified":"2021-12-06T08:18:46","modified_gmt":"2021-12-06T07:18:46","slug":"steven-kemp","status":"publish","type":"page","link":"https:\/\/wp.unil.ch\/covid-crime-workingroup\/steven-kemp\/","title":{"rendered":"Steven Kemp"},"content":{"rendered":"\n<div class=\"wp-block-media-text alignwide is-stacked-on-mobile is-vertically-aligned-top\" style=\"grid-template-columns:21% auto\"><figure class=\"wp-block-media-text__media\"><img alt=\"\" loading=\"lazy\" decoding=\"async\" width=\"531\" height=\"617\" src=\"https:\/\/wp.unil.ch\/covid-crime-workingroup\/files\/2021\/05\/SK2-original.png\" alt=\"\" class=\"wp-image-374 size-full\" srcset=\"https:\/\/wp.unil.ch\/covid-crime-workingroup\/files\/2021\/05\/SK2-original.png 531w, https:\/\/wp.unil.ch\/covid-crime-workingroup\/files\/2021\/05\/SK2-original-258x300.png 258w\" sizes=\"auto, (max-width: 531px) 100vw, 531px\" \/><\/figure><div class=\"wp-block-media-text__content\">\n<p class=\"has-normal-font-size\">Steven Kemp is assistant lecturer in criminology at the University of Girona and the Centre Cr\u00edmina for the Study and Prevention of Crime at Miguel Hern\u00e1ndez University, Spain. His main lines of research focus on fraud and cybercrime against both individuals and organisations. His research has analysed the factors associated with victimisation, impact and reporting of fraud and cybercrime, as well as the effectiveness of prevention strategies. Since the start of the pandemic, he has been studying the effects on fraud and cybercrime of the wide-ranging social changes brought about by COVID-19 and the associated lockdown measures. <\/p>\n\n\n\n<p class=\"has-normal-font-size\"><strong>Scientific articles on COVID-19 and crime<\/strong><br>\u2022 Buil-Gil, D., Mir\u00f3-Llinares, F., Moneva, A., Kemp, S., &amp; D\u00edaz-Casta\u00f1o, N. (2021). Cybercrime and shifts in opportunities during COVID-19: a preliminary analysis in the UK. European Societies, 23:sup1, S47-S59. <a href=\"https:\/\/doi.org\/10.1080\/14616696.2020.1804973\">https:\/\/doi.org\/10.1080\/14616696.2020.1804973<\/a><br>\u2022 Kemp, S., Buil-Gil, D., Moneva, A., Mir\u00f3-Llinares, F., &amp; D\u00edaz-Casta\u00f1o, N. (2021). Empty streets, busy internet: A time-series analysis of cybercrime and fraud trends during COVID-19.\u00a0Journal of Contemporary Criminal Justice.\u00a0<a href=\"https:\/\/doi.org\/10.1177\/10439862211027986\">https:\/\/doi.org\/10.1177\/10439862211027986<\/a><\/p>\n<\/div><\/div>\n","protected":false},"excerpt":{"rendered":"<p>Steven Kemp is assistant lecturer in criminology at the University of Girona and the Centre Cr\u00edmina for the Study and Prevention of Crime at Miguel Hern\u00e1ndez University, Spain. His main lines of research focus on fraud and cybercrime against both individuals and organisations. His research has analysed the factors associated with victimisation, impact and reporting [&hellip;]<\/p>\n","protected":false},"author":1001848,"featured_media":0,"parent":0,"menu_order":0,"comment_status":"closed","ping_status":"closed","template":"","meta":{"_seopress_robots_primary_cat":"","_seopress_titles_title":"","_seopress_titles_desc":"","_seopress_robots_index":"","footnotes":""},"class_list":["post-368","page","type-page","status-publish"],"_links":{"self":[{"href":"https:\/\/wp.unil.ch\/covid-crime-workingroup\/wp-json\/wp\/v2\/pages\/368","targetHints":{"allow":["GET"]}}],"collection":[{"href":"https:\/\/wp.unil.ch\/covid-crime-workingroup\/wp-json\/wp\/v2\/pages"}],"about":[{"href":"https:\/\/wp.unil.ch\/covid-crime-workingroup\/wp-json\/wp\/v2\/types\/page"}],"author":[{"embeddable":true,"href":"https:\/\/wp.unil.ch\/covid-crime-workingroup\/wp-json\/wp\/v2\/users\/1001848"}],"replies":[{"embeddable":true,"href":"https:\/\/wp.unil.ch\/covid-crime-workingroup\/wp-json\/wp\/v2\/comments?post=368"}],"version-history":[{"count":0,"href":"https:\/\/wp.unil.ch\/covid-crime-workingroup\/wp-json\/wp\/v2\/pages\/368\/revisions"}],"wp:attachment":[{"href":"https:\/\/wp.unil.ch\/covid-crime-workingroup\/wp-json\/wp\/v2\/media?parent=368"}],"curies":[{"name":"wp","href":"https:\/\/api.w.org\/{rel}","templated":true}]}}