{"id":358,"date":"2021-04-26T16:09:01","date_gmt":"2021-04-26T14:09:01","guid":{"rendered":"https:\/\/wp.unil.ch\/covid-crime-workingroup\/?page_id=358"},"modified":"2021-12-06T08:13:26","modified_gmt":"2021-12-06T07:13:26","slug":"fernando-miro-llinares","status":"publish","type":"page","link":"https:\/\/wp.unil.ch\/covid-crime-workingroup\/fernando-miro-llinares\/","title":{"rendered":"Fernando Mir\u00f3-Llinares"},"content":{"rendered":"\n<div class=\"wp-block-media-text alignwide is-stacked-on-mobile is-vertically-aligned-top\" style=\"grid-template-columns:23% auto\"><figure class=\"wp-block-media-text__media\"><img alt=\"\" loading=\"lazy\" decoding=\"async\" width=\"287\" height=\"376\" src=\"https:\/\/wp.unil.ch\/covid-crime-workingroup\/files\/2021\/04\/Fernando-Miro-Llinares.jpg\" alt=\"\" class=\"wp-image-359 size-full\" srcset=\"https:\/\/wp.unil.ch\/covid-crime-workingroup\/files\/2021\/04\/Fernando-Miro-Llinares.jpg 287w, https:\/\/wp.unil.ch\/covid-crime-workingroup\/files\/2021\/04\/Fernando-Miro-Llinares-229x300.jpg 229w\" sizes=\"auto, (max-width: 287px) 100vw, 287px\" \/><\/figure><div class=\"wp-block-media-text__content\">\n<p class=\"has-normal-font-size\">Fernando Mir\u00f3-Llinares is Full Professor of Criminal Law and Criminology at the Miguel Hern\u00e1ndez University of Elche (Spain) and head of the CR\u00cdMINA research Centre for the study and prevention of crime at the same university. His lines of research are cybercrime, environmental criminology, artificial intelligence, fake news, radicalization on the Internet, among others. <\/p>\n\n\n\n<p class=\"has-normal-font-size\"><strong>Scientific article on COVID-19 and crime<\/strong><br>\u2022 Buil-Gil, D., Mir\u00f3-Llinares, F., Moneva, A., Kemp, S., &amp; D\u00edaz-Casta\u00f1o, I. (2020). Cybercrime and shifts in opportunities during Covid-19: a preliminary analysis in the UK. European Societies.  <a href=\"https:\/\/doi.org\/10.1080\/14616696.2020.1804973\">https:\/\/doi.org\/10.1080\/14616696.2020.1804973<\/a><\/p>\n<\/div><\/div>\n\n\n\n<p><\/p>\n","protected":false},"excerpt":{"rendered":"<p>Fernando Mir\u00f3-Llinares is Full Professor of Criminal Law and Criminology at the Miguel Hern\u00e1ndez University of Elche (Spain) and head of the CR\u00cdMINA research Centre for the study and prevention of crime at the same university. His lines of research are cybercrime, environmental criminology, artificial intelligence, fake news, radicalization on the Internet, among others. Scientific [&hellip;]<\/p>\n","protected":false},"author":1001848,"featured_media":0,"parent":0,"menu_order":0,"comment_status":"closed","ping_status":"closed","template":"","meta":{"_seopress_robots_primary_cat":"","_seopress_titles_title":"","_seopress_titles_desc":"","_seopress_robots_index":"","footnotes":""},"class_list":["post-358","page","type-page","status-publish"],"_links":{"self":[{"href":"https:\/\/wp.unil.ch\/covid-crime-workingroup\/wp-json\/wp\/v2\/pages\/358","targetHints":{"allow":["GET"]}}],"collection":[{"href":"https:\/\/wp.unil.ch\/covid-crime-workingroup\/wp-json\/wp\/v2\/pages"}],"about":[{"href":"https:\/\/wp.unil.ch\/covid-crime-workingroup\/wp-json\/wp\/v2\/types\/page"}],"author":[{"embeddable":true,"href":"https:\/\/wp.unil.ch\/covid-crime-workingroup\/wp-json\/wp\/v2\/users\/1001848"}],"replies":[{"embeddable":true,"href":"https:\/\/wp.unil.ch\/covid-crime-workingroup\/wp-json\/wp\/v2\/comments?post=358"}],"version-history":[{"count":0,"href":"https:\/\/wp.unil.ch\/covid-crime-workingroup\/wp-json\/wp\/v2\/pages\/358\/revisions"}],"wp:attachment":[{"href":"https:\/\/wp.unil.ch\/covid-crime-workingroup\/wp-json\/wp\/v2\/media?parent=358"}],"curies":[{"name":"wp","href":"https:\/\/api.w.org\/{rel}","templated":true}]}}