{"id":298,"date":"2021-04-20T17:10:03","date_gmt":"2021-04-20T15:10:03","guid":{"rendered":"https:\/\/wp.unil.ch\/covid-crime-workingroup\/?page_id=298"},"modified":"2022-06-09T09:59:33","modified_gmt":"2022-06-09T07:59:33","slug":"lorena-molnar","status":"publish","type":"page","link":"https:\/\/wp.unil.ch\/covid-crime-workingroup\/lorena-molnar\/","title":{"rendered":"Lorena Molnar"},"content":{"rendered":"\n<div class=\"wp-block-media-text alignwide is-stacked-on-mobile\" style=\"grid-template-columns:20% auto\"><figure class=\"wp-block-media-text__media\"><img alt=\"\" loading=\"lazy\" decoding=\"async\" width=\"684\" height=\"1024\" src=\"https:\/\/wp.unil.ch\/covid-crime-workingroup\/files\/2021\/04\/DSC8825-684x1024.jpg\" alt=\"\" class=\"wp-image-299 size-full\" srcset=\"https:\/\/wp.unil.ch\/covid-crime-workingroup\/files\/2021\/04\/DSC8825-684x1024.jpg 684w, https:\/\/wp.unil.ch\/covid-crime-workingroup\/files\/2021\/04\/DSC8825-200x300.jpg 200w, https:\/\/wp.unil.ch\/covid-crime-workingroup\/files\/2021\/04\/DSC8825-768x1151.jpg 768w, https:\/\/wp.unil.ch\/covid-crime-workingroup\/files\/2021\/04\/DSC8825.jpg 801w\" sizes=\"auto, (max-width: 684px) 100vw, 684px\" \/><\/figure><div class=\"wp-block-media-text__content\">\n<p class=\"has-normal-font-size\">Lorena Molnar is a PhD candidate and research assistant at the University of Lausanne. Her main domains of interest are comparative criminology, innovation in methods and hard-to-reach populations. She is co-author of the European Sourcebook of Crime and Criminal Justice Statistics, which has been published in 2021 and currently she is studying the impact of the pandemic on hard-to-reach populations such as sex workers, migrants and homeless people.<\/p>\n\n\n\n<p><strong>Scientific articles on COVID-19<\/strong><br>\u2022 Molnar, L., &amp; Hashimoto, Y. Z. (2022).\u00a0Homelessness during the Coronavirus Pandemic. Exploratory Study in Switzerland. <em>Deviant Behavior<\/em>, 0(0), 1\u201316. <a rel=\"noreferrer noopener\" href=\"https:\/\/doi.org\/10.1080\/01639625.2022.2039045\" target=\"_blank\">https:\/\/doi.org\/10.1080\/01639625.2022.2039045<\/a><\/p>\n\n\n\n<p>\u2022 Molnar, L., &amp; Ros, J. (2022). Sex Workers\u2019 Work-Related Victimisation and Drug Use During the First Year of the COVID-19 Pandemic in Switzerland. <em>International Criminology<\/em>.&nbsp; <a rel=\"noreferrer noopener\" href=\"https:\/\/doi.org\/10.1007\/s43576-022-00045-2\" target=\"_blank\">https:\/\/doi.org\/10.1007\/s43576-022-00045-2<\/a><\/p>\n\n\n\n<p>\u2022 Aebi, M. F. Molnar, L. &amp; Baquerizas, F. (2022) Contra todo pron\u00f3stico, el femicidio no aument\u00f3 durante el primer a\u00f1o de la pandemia de COVID-19: Evidencia emp\u00edrica de Argentina, Chile, Espa\u00f1a, M\u00e9xico, Panam\u00e1 y Paraguay. La Ley, 98. <a href=\"https:\/\/www.researchgate.net\/publication\/360965079_Contra_todo_pronostico_el_femicidio_no_aumento_durante_el_primer_ano_de_la_pandemia_de_COVID-19_Evidencia_empirica_de_Argentina_Chile_Espana_Mexico_Panama_y_Paraguay\">https:\/\/www.researchgate.net\/publication\/360965079_Contra_todo_pronostico_el_femicidio_no_aumento_durante_el_primer_ano_de_la_pandemia_de_COVID-19_Evidencia_empirica_de_Argentina_Chile_Espana_Mexico_Panama_y_Paraguay<\/a><\/p>\n\n\n\n<p>\u2022 Aebi, M. F., Molnar, L., &amp; Baquerizas, F. (2021). Against All Odds, Femicide Did Not Increase During the First Year of the COVID-19 Pandemic: Evidence From Six Spanish-Speaking Countries. <em>Journal of Contemporary Criminal Justice<\/em>, <em>37<\/em>(4), 615\u2013644. <a href=\"https:\/\/doi.org\/10.1177\/10439862211054237\">https:\/\/doi.org\/10.1177\/10439862211054237<\/a><\/p>\n<\/div><\/div>\n","protected":false},"excerpt":{"rendered":"<p>Lorena Molnar is a PhD candidate and research assistant at the University of Lausanne. Her main domains of interest are comparative criminology, innovation in methods and hard-to-reach populations. She is co-author of the European Sourcebook of Crime and Criminal Justice Statistics, which has been published in 2021 and currently she is studying the impact of [&hellip;]<\/p>\n","protected":false},"author":1001848,"featured_media":0,"parent":0,"menu_order":0,"comment_status":"closed","ping_status":"closed","template":"","meta":{"_seopress_robots_primary_cat":"","_seopress_titles_title":"","_seopress_titles_desc":"","_seopress_robots_index":"","footnotes":""},"class_list":["post-298","page","type-page","status-publish"],"_links":{"self":[{"href":"https:\/\/wp.unil.ch\/covid-crime-workingroup\/wp-json\/wp\/v2\/pages\/298","targetHints":{"allow":["GET"]}}],"collection":[{"href":"https:\/\/wp.unil.ch\/covid-crime-workingroup\/wp-json\/wp\/v2\/pages"}],"about":[{"href":"https:\/\/wp.unil.ch\/covid-crime-workingroup\/wp-json\/wp\/v2\/types\/page"}],"author":[{"embeddable":true,"href":"https:\/\/wp.unil.ch\/covid-crime-workingroup\/wp-json\/wp\/v2\/users\/1001848"}],"replies":[{"embeddable":true,"href":"https:\/\/wp.unil.ch\/covid-crime-workingroup\/wp-json\/wp\/v2\/comments?post=298"}],"version-history":[{"count":0,"href":"https:\/\/wp.unil.ch\/covid-crime-workingroup\/wp-json\/wp\/v2\/pages\/298\/revisions"}],"wp:attachment":[{"href":"https:\/\/wp.unil.ch\/covid-crime-workingroup\/wp-json\/wp\/v2\/media?parent=298"}],"curies":[{"name":"wp","href":"https:\/\/api.w.org\/{rel}","templated":true}]}}