{"id":6,"date":"2017-10-11T10:32:19","date_gmt":"2017-10-11T08:32:19","guid":{"rendered":"http:\/\/wp.unil.ch\/conservationday\/?page_id=6"},"modified":"2026-02-18T17:15:06","modified_gmt":"2026-02-18T16:15:06","slug":"home","status":"publish","type":"page","link":"https:\/\/wp.unil.ch\/conservationday\/","title":{"rendered":"Bienvenue"},"content":{"rendered":"<p>Chaque ann\u00e9e depuis 2008, le D\u00e9partement d\u2019\u00c9cologie et \u00c9volution de l\u2019Universit\u00e9 de Lausanne, soutenu par l\u2019\u00c9cole de biologie, organise la <strong>Journ\u00e9e des Carri\u00e8res en Conservation<\/strong>.<\/p>\n<p>Cette journ\u00e9e s\u2019adresse aux \u00e9tudiant\u00b7e\u00b7s et aux employ\u00e9\u00b7e\u00b7s des universit\u00e9s romandes et Hautes \u00e9coles int\u00e9ress\u00e9\u00b7e\u00b7s \u00e0 orienter leur carri\u00e8re dans le domaine de la conservation. \u00c0 Lausanne, cet \u00e9v\u00e9nement est int\u00e9gr\u00e9 dans les cursus du Bachelor en biologie (module \u00ab \u00c9cologie et comportement \u00bb en 3<sup>\u00e8me<\/sup> ann\u00e9e), du Master BEC (Behaviour, Evolution and Conservation), ainsi que du Master en Science environnementales et des Master en g\u00e9ographie (\u00ab D\u00e9veloppement et Environnement \u00bb et \u00ab Territoire et Environnement de Montagne \u00bb).<\/p>\n<p>Cette journ\u00e9e permet aux participant\u00b7e\u00b7s de:<\/p>\n<ul>\n<li>Conna\u00eetre les diff\u00e9rentes <em><strong>organisations<\/strong><\/em> (locales et internationales), <em><strong>associations<\/strong><\/em>, <strong><em>parcs naturels<\/em><\/strong> et <strong><em>bureaux d&rsquo;\u00e9cologie appliqu\u00e9e<\/em> <\/strong>actifs dans la protection de l\u2019environnement et la conservation des esp\u00e8ces et milieux naturels en Suisse<\/li>\n<li>D\u00e9couvrir le <strong><em>parcours professionnel<\/em><\/strong> des repr\u00e9sentant\u00b7e\u00b7s\u00a0de ces organisations et comment ils-elles en sont arriv\u00e9\u00b7e\u00b7s \u00e0 leur poste actuel<\/li>\n<li>D\u00e9couvrir quelles sont les <strong><em>comp\u00e9tences requises<\/em><\/strong> pour d\u00e9crocher un poste ou un stage dans ces institutions<\/li>\n<li><em><strong>Interagir<\/strong><\/em>\u00a0avec les repr\u00e9sentant\u00b7e\u00b7s de ces diverses organisations.<\/li>\n<\/ul>\n<p>Lien pour participer \u00e0 l&rsquo;\u00e9dition 2026 en ligne :<a href=\"https:\/\/rec.unil.ch\/lives\/live_80807\/\"> https:\/\/rec.unil.ch\/lives\/live_80807\/<\/a><\/p>\n<p><strong>Personnes en ligne, envoyez vos questions<\/strong> \u00e0: jeanne.brulhart@unil.ch<\/p>\n<p><a href=\"https:\/\/wp.unil.ch\/conservationday\/files\/2020\/12\/hp-central-aerenne.jpg\"><img alt=\"\" loading=\"lazy\" decoding=\"async\" class=\"aligncenter wp-image-556 size-full\" src=\"https:\/\/wp.unil.ch\/conservationday\/files\/2020\/12\/hp-central-aerenne.jpg\" alt=\"\" width=\"1200\" height=\"400\" srcset=\"https:\/\/wp.unil.ch\/conservationday\/files\/2020\/12\/hp-central-aerenne.jpg 1200w, https:\/\/wp.unil.ch\/conservationday\/files\/2020\/12\/hp-central-aerenne-300x100.jpg 300w, https:\/\/wp.unil.ch\/conservationday\/files\/2020\/12\/hp-central-aerenne-1024x341.jpg 1024w, https:\/\/wp.unil.ch\/conservationday\/files\/2020\/12\/hp-central-aerenne-768x256.jpg 768w\" sizes=\"auto, (max-width: 706px) 89vw, (max-width: 767px) 82vw, 740px\" \/><\/a><\/p>\n\n\n<p><\/p>\n","protected":false},"excerpt":{"rendered":"<p>Chaque ann\u00e9e depuis 2008, le D\u00e9partement d\u2019\u00c9cologie et \u00c9volution de l\u2019Universit\u00e9 de Lausanne, soutenu par l\u2019\u00c9cole de biologie, organise la Journ\u00e9e des Carri\u00e8res en Conservation. Cette journ\u00e9e s\u2019adresse aux \u00e9tudiant\u00b7e\u00b7s et aux employ\u00e9\u00b7e\u00b7s des universit\u00e9s romandes et Hautes \u00e9coles int\u00e9ress\u00e9\u00b7e\u00b7s \u00e0 orienter leur carri\u00e8re dans le domaine de la conservation. \u00c0 Lausanne, cet \u00e9v\u00e9nement est &hellip; <\/p>\n<p class=\"link-more\"><a href=\"https:\/\/wp.unil.ch\/conservationday\/\" class=\"more-link\">Continuer la lecture<span class=\"screen-reader-text\"> de &laquo;&nbsp;Bienvenue&nbsp;&raquo;<\/span><\/a><\/p>\n","protected":false},"author":108,"featured_media":0,"parent":0,"menu_order":0,"comment_status":"closed","ping_status":"closed","template":"","meta":{"_seopress_robots_primary_cat":"","_seopress_titles_title":"","_seopress_titles_desc":"","_seopress_robots_index":"","footnotes":""},"class_list":["post-6","page","type-page","status-publish"],"_links":{"self":[{"href":"https:\/\/wp.unil.ch\/conservationday\/wp-json\/wp\/v2\/pages\/6","targetHints":{"allow":["GET"]}}],"collection":[{"href":"https:\/\/wp.unil.ch\/conservationday\/wp-json\/wp\/v2\/pages"}],"about":[{"href":"https:\/\/wp.unil.ch\/conservationday\/wp-json\/wp\/v2\/types\/page"}],"author":[{"embeddable":true,"href":"https:\/\/wp.unil.ch\/conservationday\/wp-json\/wp\/v2\/users\/108"}],"replies":[{"embeddable":true,"href":"https:\/\/wp.unil.ch\/conservationday\/wp-json\/wp\/v2\/comments?post=6"}],"version-history":[{"count":5,"href":"https:\/\/wp.unil.ch\/conservationday\/wp-json\/wp\/v2\/pages\/6\/revisions"}],"predecessor-version":[{"id":1079,"href":"https:\/\/wp.unil.ch\/conservationday\/wp-json\/wp\/v2\/pages\/6\/revisions\/1079"}],"wp:attachment":[{"href":"https:\/\/wp.unil.ch\/conservationday\/wp-json\/wp\/v2\/media?parent=6"}],"curies":[{"name":"wp","href":"https:\/\/api.w.org\/{rel}","templated":true}]}}