{"id":480,"date":"2020-01-17T12:44:04","date_gmt":"2020-01-17T11:44:04","guid":{"rendered":"http:\/\/wp.unil.ch\/conservationday\/?page_id=480"},"modified":"2024-10-08T14:04:38","modified_gmt":"2024-10-08T12:04:38","slug":"archives-stages","status":"publish","type":"page","link":"https:\/\/wp.unil.ch\/conservationday\/archives-stages\/","title":{"rendered":"Archives stages"},"content":{"rendered":"<p><a href=\"https:\/\/docs.google.com\/spreadsheets\/d\/1uonB-_foN9Jy-wx-bt65ULQGBH4FzXKGJVzVl0qjfRE\/edit?gid=0#gid=0\" target=\"_blank\" rel=\"noopener\">Possibilit\u00e9s de stage &#8211; service civil &#8211; b\u00e9n\u00e9volat<\/a> 2024<\/p>\n<p><a href=\"https:\/\/docs.google.com\/spreadsheets\/d\/17y9BOpRAFBhqTRuGkDXibmo1Dc0RqY7rFkHXN3D1LL4\/edit#gid=0\" target=\"_blank\" rel=\"noopener\">Possibilit\u00e9s de stage &#8211; service civil &#8211; b\u00e9n\u00e9volat<\/a> 2023<\/p>\n<p><a href=\"https:\/\/docs.google.com\/spreadsheets\/d\/1WtDfpUtD6UHCPxeYG1yyAUji2GFGxbTPaiC3KHci8FM\/edit#gid=1504106779\" target=\"_blank\" rel=\"noopener\">Possibilit\u00e9s de stage &#8211; service civil &#8211; b\u00e9n\u00e9volat<\/a> 2022<\/p>\n","protected":false},"excerpt":{"rendered":"<p>Possibilit\u00e9s de stage &#8211; service civil &#8211; b\u00e9n\u00e9volat 2024 Possibilit\u00e9s de stage &#8211; service civil &#8211; b\u00e9n\u00e9volat 2023 Possibilit\u00e9s de stage &#8211; service civil &#8211; b\u00e9n\u00e9volat 2022<\/p>\n","protected":false},"author":1001849,"featured_media":0,"parent":0,"menu_order":0,"comment_status":"closed","ping_status":"closed","template":"","meta":{"_seopress_robots_primary_cat":"","_seopress_titles_title":"","_seopress_titles_desc":"","_seopress_robots_index":"","footnotes":""},"class_list":["post-480","page","type-page","status-publish"],"_links":{"self":[{"href":"https:\/\/wp.unil.ch\/conservationday\/wp-json\/wp\/v2\/pages\/480","targetHints":{"allow":["GET"]}}],"collection":[{"href":"https:\/\/wp.unil.ch\/conservationday\/wp-json\/wp\/v2\/pages"}],"about":[{"href":"https:\/\/wp.unil.ch\/conservationday\/wp-json\/wp\/v2\/types\/page"}],"author":[{"embeddable":true,"href":"https:\/\/wp.unil.ch\/conservationday\/wp-json\/wp\/v2\/users\/1001849"}],"replies":[{"embeddable":true,"href":"https:\/\/wp.unil.ch\/conservationday\/wp-json\/wp\/v2\/comments?post=480"}],"version-history":[{"count":5,"href":"https:\/\/wp.unil.ch\/conservationday\/wp-json\/wp\/v2\/pages\/480\/revisions"}],"predecessor-version":[{"id":954,"href":"https:\/\/wp.unil.ch\/conservationday\/wp-json\/wp\/v2\/pages\/480\/revisions\/954"}],"wp:attachment":[{"href":"https:\/\/wp.unil.ch\/conservationday\/wp-json\/wp\/v2\/media?parent=480"}],"curies":[{"name":"wp","href":"https:\/\/api.w.org\/{rel}","templated":true}]}}