{"id":319,"date":"2019-01-13T22:17:18","date_gmt":"2019-01-13T21:17:18","guid":{"rendered":"http:\/\/wp.unil.ch\/conservationday\/?page_id=319"},"modified":"2025-02-04T16:15:44","modified_gmt":"2025-02-04T15:15:44","slug":"qui-sommes-nous","status":"publish","type":"page","link":"https:\/\/wp.unil.ch\/conservationday\/qui-sommes-nous\/","title":{"rendered":""},"content":{"rendered":"\n<h4 class=\"wp-block-heading\">Le comit\u00e9 d&rsquo;organisation est compos\u00e9 des personnes suivantes:<\/h4>\n\n\n\n<div class=\"wp-block-columns is-layout-flex wp-container-core-columns-is-layout-9d6595d7 wp-block-columns-is-layout-flex\">\n<div class=\"wp-block-column is-layout-flow wp-block-column-is-layout-flow\" style=\"flex-basis:100%\">\n<div class=\"wp-block-columns is-layout-flex wp-container-core-columns-is-layout-9d6595d7 wp-block-columns-is-layout-flex\">\n<div class=\"wp-block-column is-layout-flow wp-block-column-is-layout-flow\" style=\"flex-basis:33.33%\">\n<figure class=\"wp-block-image size-full is-resized\"><img alt=\"\" loading=\"lazy\" decoding=\"async\" width=\"462\" height=\"560\" src=\"https:\/\/wp.unil.ch\/conservationday\/files\/2020\/12\/guisan-e1608134838899.jpg\" alt=\"\" class=\"wp-image-615\" style=\"width:131px;height:auto\" srcset=\"https:\/\/wp.unil.ch\/conservationday\/files\/2020\/12\/guisan-e1608134838899.jpg 462w, https:\/\/wp.unil.ch\/conservationday\/files\/2020\/12\/guisan-e1608134838899-248x300.jpg 248w\" sizes=\"auto, (max-width: 462px) 100vw, 462px\" \/><\/figure>\n<\/div>\n\n\n\n<div class=\"wp-block-column is-layout-flow wp-block-column-is-layout-flow\" style=\"flex-basis:66.66%\">\n<p><strong>Antoine Guisan<\/strong><\/p>\n\n\n\n<p>Professeur ordinaire en <a href=\"https:\/\/www.unil.ch\/ecospat\/home.html\">Ecologie spatiale<\/a> au d\u00e9partement d&rsquo;Ecologie et Evolution ainsi qu&rsquo;\u00e0&nbsp;facult\u00e9 des Geosciences et Environnement<\/p>\n<\/div>\n<\/div>\n<\/div>\n<\/div>\n\n\n\n<div class=\"wp-block-columns is-layout-flex wp-container-core-columns-is-layout-9d6595d7 wp-block-columns-is-layout-flex\">\n<div class=\"wp-block-column is-layout-flow wp-block-column-is-layout-flow\" style=\"flex-basis:33.33%\">\n<figure class=\"wp-block-image size-large is-resized\"><img alt=\"\" loading=\"lazy\" decoding=\"async\" width=\"768\" height=\"1024\" src=\"https:\/\/wp.unil.ch\/conservationday\/files\/2019\/01\/IMG_1350-768x1024.jpg\" alt=\"\" class=\"wp-image-377\" style=\"width:130px;height:auto\" \/><\/figure>\n<\/div>\n\n\n\n<div class=\"wp-block-column is-layout-flow wp-block-column-is-layout-flow\" style=\"flex-basis:66.66%\">\n<p><strong>Luca Fumagalli<\/strong><\/p>\n\n\n\n<p>Professeur associ\u00e9\u00a0au d\u00e9partement d&rsquo;Ecologie et Evolution et responsable du\u00a0<a href=\"https:\/\/www.unil.ch\/lbc\/home.html\">Laboratoire de Biologie de la Conservation<\/a><\/p>\n<\/div>\n<\/div>\n\n\n\n<div class=\"wp-block-columns is-layout-flex wp-container-core-columns-is-layout-9d6595d7 wp-block-columns-is-layout-flex\">\n<div class=\"wp-block-column is-layout-flow wp-block-column-is-layout-flow\" style=\"flex-basis:33.33%\">\n<figure class=\"wp-block-image size-full is-resized\"><img alt=\"\" loading=\"lazy\" decoding=\"async\" width=\"298\" height=\"357\" src=\"https:\/\/wp.unil.ch\/conservationday\/files\/2020\/01\/walters-e1579020255995.jpg\" alt=\"\" class=\"wp-image-447\" style=\"width:131px;height:auto\" srcset=\"https:\/\/wp.unil.ch\/conservationday\/files\/2020\/01\/walters-e1579020255995.jpg 298w, https:\/\/wp.unil.ch\/conservationday\/files\/2020\/01\/walters-e1579020255995-250x300.jpg 250w\" sizes=\"auto, (max-width: 298px) 100vw, 298px\" \/><\/figure>\n<\/div>\n\n\n\n<div class=\"wp-block-column is-layout-flow wp-block-column-is-layout-flow\" style=\"flex-basis:66.66%\">\n<p><strong>Gretchen Walters<\/strong><\/p>\n\n\n\n<p>Professeure associ\u00e9e \u00e0 l&rsquo;Institut de G\u00e9ographie et Durabilit\u00e9 \u00e0 la facult\u00e9 des Geosciences et Environnement.\u00a0<a href=\"https:\/\/www.unil.ch\/gse\/fr\/home\/menuinst\/vie-facultaire\/promotions--nominations\/walters-gretchen.html\">Ses recherches<\/a> sont orient\u00e9es sur la biodiversit\u00e9, la mise en \u0153uvre et les dimensions culturelles, historiques et paysag\u00e8res de la conservation<\/p>\n<\/div>\n<\/div>\n\n\n\n<div class=\"wp-block-columns is-layout-flex wp-container-core-columns-is-layout-9d6595d7 wp-block-columns-is-layout-flex\">\n<div class=\"wp-block-column is-layout-flow wp-block-column-is-layout-flow\" style=\"flex-basis:33.33%\">\n<figure class=\"wp-block-image size-full is-resized\"><img alt=\"\" loading=\"lazy\" decoding=\"async\" width=\"494\" height=\"646\" src=\"https:\/\/wp.unil.ch\/conservationday\/files\/2025\/02\/rosaelle-perreault.jpg\" alt=\"\" class=\"wp-image-996\" style=\"width:134px;height:auto\" srcset=\"https:\/\/wp.unil.ch\/conservationday\/files\/2025\/02\/rosaelle-perreault.jpg 494w, https:\/\/wp.unil.ch\/conservationday\/files\/2025\/02\/rosaelle-perreault-229x300.jpg 229w\" sizes=\"auto, (max-width: 494px) 100vw, 494px\" \/><\/figure>\n<\/div>\n\n\n\n<div class=\"wp-block-column is-layout-flow wp-block-column-is-layout-flow\" style=\"flex-basis:66.66%\">\n<p><strong>Rosa\u00eblle Perrault<\/strong><\/p>\n\n\n\n<p>Doctorante dans le groupe Bertelsmeier au D\u00e9partement d&rsquo;Ecologie et d&rsquo;Evolution<\/p>\n<\/div>\n<\/div>\n\n\n\n<div class=\"wp-block-columns is-layout-flex wp-container-core-columns-is-layout-9d6595d7 wp-block-columns-is-layout-flex\">\n<div class=\"wp-block-column is-layout-flow wp-block-column-is-layout-flow\">\n<div class=\"wp-block-columns is-layout-flex wp-container-core-columns-is-layout-9d6595d7 wp-block-columns-is-layout-flex\">\n<div class=\"wp-block-column is-layout-flow wp-block-column-is-layout-flow\" style=\"flex-basis:33.33%\">\n<figure class=\"wp-block-image size-full is-resized\"><img alt=\"\" loading=\"lazy\" decoding=\"async\" width=\"500\" height=\"660\" src=\"https:\/\/wp.unil.ch\/conservationday\/files\/2025\/02\/jeanne-brulhart-1.jpg\" alt=\"\" class=\"wp-image-997\" style=\"width:136px;height:auto\" srcset=\"https:\/\/wp.unil.ch\/conservationday\/files\/2025\/02\/jeanne-brulhart-1.jpg 500w, https:\/\/wp.unil.ch\/conservationday\/files\/2025\/02\/jeanne-brulhart-1-227x300.jpg 227w\" sizes=\"auto, (max-width: 500px) 100vw, 500px\" \/><\/figure>\n<\/div>\n\n\n\n<div class=\"wp-block-column is-layout-flow wp-block-column-is-layout-flow\" style=\"flex-basis:66.66%\">\n<p><strong>Jeanne Br\u00fclhart<\/strong><\/p>\n\n\n\n<p>Doctorante dans le groupe Chapuisat au D\u00e9partement d&rsquo;Ecologie et d&rsquo;Evolution <\/p>\n\n\n\n<div class=\"wp-block-columns is-layout-flex wp-container-core-columns-is-layout-9d6595d7 wp-block-columns-is-layout-flex\">\n<div class=\"wp-block-column is-layout-flow wp-block-column-is-layout-flow\" style=\"flex-basis:33.33%\"><\/div>\n\n\n\n<div class=\"wp-block-column is-layout-flow wp-block-column-is-layout-flow\" style=\"flex-basis:66.66%\"><\/div>\n<\/div>\n<\/div>\n<\/div>\n\n\n\n<div class=\"wp-block-columns is-layout-flex wp-container-core-columns-is-layout-9d6595d7 wp-block-columns-is-layout-flex\">\n<div class=\"wp-block-column is-layout-flow wp-block-column-is-layout-flow\" style=\"flex-basis:33.33%\">\n<figure class=\"wp-block-image size-large is-resized\"><img alt=\"\" loading=\"lazy\" decoding=\"async\" width=\"745\" height=\"1024\" src=\"https:\/\/wp.unil.ch\/conservationday\/files\/2025\/02\/IMG_20250204_153340-745x1024.jpg\" alt=\"\" class=\"wp-image-998\" style=\"width:136px;height:auto\" srcset=\"https:\/\/wp.unil.ch\/conservationday\/files\/2025\/02\/IMG_20250204_153340-745x1024.jpg 745w, https:\/\/wp.unil.ch\/conservationday\/files\/2025\/02\/IMG_20250204_153340-218x300.jpg 218w, https:\/\/wp.unil.ch\/conservationday\/files\/2025\/02\/IMG_20250204_153340-768x1056.jpg 768w, https:\/\/wp.unil.ch\/conservationday\/files\/2025\/02\/IMG_20250204_153340.jpg 873w\" sizes=\"auto, (max-width: 706px) 89vw, (max-width: 767px) 82vw, 740px\" \/><\/figure>\n<\/div>\n\n\n\n<div class=\"wp-block-column is-layout-flow wp-block-column-is-layout-flow\" style=\"flex-basis:66.66%\">\n<p><strong>Morgane Massy<\/strong><\/p>\n\n\n\n<p>Doctorante dans le groupe Schwander au D\u00e9partement d&rsquo;Ecologie et d&rsquo;Evolution <\/p>\n<\/div>\n<\/div>\n<\/div>\n<\/div>\n\n\n\n<div class=\"wp-block-columns is-layout-flex wp-container-core-columns-is-layout-9d6595d7 wp-block-columns-is-layout-flex\">\n<div class=\"wp-block-column is-layout-flow wp-block-column-is-layout-flow\" style=\"flex-basis:33.33%\">\n<figure class=\"wp-block-image size-full is-resized\"><img alt=\"\" loading=\"lazy\" decoding=\"async\" width=\"277\" height=\"277\" src=\"https:\/\/wp.unil.ch\/conservationday\/files\/2023\/02\/LF-copie.png\" alt=\"\" class=\"wp-image-855\" style=\"width:145px;height:auto\" srcset=\"https:\/\/wp.unil.ch\/conservationday\/files\/2023\/02\/LF-copie.png 277w, https:\/\/wp.unil.ch\/conservationday\/files\/2023\/02\/LF-copie-150x150.png 150w, https:\/\/wp.unil.ch\/conservationday\/files\/2023\/02\/LF-copie-230x230.png 230w\" sizes=\"auto, (max-width: 277px) 100vw, 277px\" \/><\/figure>\n<\/div>\n\n\n\n<div class=\"wp-block-column is-layout-flow wp-block-column-is-layout-flow\" style=\"flex-basis:66.66%\">\n<p><strong>Laurence Fl\u00fcckiger<\/strong><\/p>\n\n\n\n<p>\u00c9cole de biologie, soutien administratif<\/p>\n<\/div>\n<\/div>\n\n\n\n<div class=\"wp-block-columns is-layout-flex wp-container-core-columns-is-layout-9d6595d7 wp-block-columns-is-layout-flex\">\n<div class=\"wp-block-column is-layout-flow wp-block-column-is-layout-flow\" style=\"flex-basis:100%\"><\/div>\n<\/div>\n","protected":false},"excerpt":{"rendered":"<p>Le comit\u00e9 d&rsquo;organisation est compos\u00e9 des personnes suivantes: Antoine Guisan Professeur ordinaire en Ecologie spatiale au d\u00e9partement d&rsquo;Ecologie et Evolution ainsi qu&rsquo;\u00e0&nbsp;facult\u00e9 des Geosciences et Environnement Luca Fumagalli Professeur associ\u00e9\u00a0au d\u00e9partement d&rsquo;Ecologie et Evolution et responsable du\u00a0Laboratoire de Biologie de la Conservation Gretchen Walters Professeure associ\u00e9e \u00e0 l&rsquo;Institut de G\u00e9ographie et Durabilit\u00e9 \u00e0 la facult\u00e9 &hellip; <\/p>\n<p class=\"link-more\"><a href=\"https:\/\/wp.unil.ch\/conservationday\/qui-sommes-nous\/\" class=\"more-link\">Continuer la lecture<span class=\"screen-reader-text\"> de &laquo;&nbsp;&nbsp;&raquo;<\/span><\/a><\/p>\n","protected":false},"author":1001849,"featured_media":0,"parent":0,"menu_order":0,"comment_status":"closed","ping_status":"closed","template":"","meta":{"_seopress_robots_primary_cat":"","_seopress_titles_title":"","_seopress_titles_desc":"","_seopress_robots_index":"","footnotes":""},"class_list":["post-319","page","type-page","status-publish"],"_links":{"self":[{"href":"https:\/\/wp.unil.ch\/conservationday\/wp-json\/wp\/v2\/pages\/319","targetHints":{"allow":["GET"]}}],"collection":[{"href":"https:\/\/wp.unil.ch\/conservationday\/wp-json\/wp\/v2\/pages"}],"about":[{"href":"https:\/\/wp.unil.ch\/conservationday\/wp-json\/wp\/v2\/types\/page"}],"author":[{"embeddable":true,"href":"https:\/\/wp.unil.ch\/conservationday\/wp-json\/wp\/v2\/users\/1001849"}],"replies":[{"embeddable":true,"href":"https:\/\/wp.unil.ch\/conservationday\/wp-json\/wp\/v2\/comments?post=319"}],"version-history":[{"count":5,"href":"https:\/\/wp.unil.ch\/conservationday\/wp-json\/wp\/v2\/pages\/319\/revisions"}],"predecessor-version":[{"id":1002,"href":"https:\/\/wp.unil.ch\/conservationday\/wp-json\/wp\/v2\/pages\/319\/revisions\/1002"}],"wp:attachment":[{"href":"https:\/\/wp.unil.ch\/conservationday\/wp-json\/wp\/v2\/media?parent=319"}],"curies":[{"name":"wp","href":"https:\/\/api.w.org\/{rel}","templated":true}]}}