{"id":316,"date":"2019-01-13T21:26:09","date_gmt":"2019-01-13T20:26:09","guid":{"rendered":"http:\/\/wp.unil.ch\/conservationday\/?page_id=316"},"modified":"2025-04-09T14:44:31","modified_gmt":"2025-04-09T12:44:31","slug":"stages","status":"publish","type":"page","link":"https:\/\/wp.unil.ch\/conservationday\/stages\/","title":{"rendered":"Stages"},"content":{"rendered":"<p>La liste avec les <strong>possibilit\u00e9s de stage &#8211; service civil &#8211; b\u00e9n\u00e9volat<\/strong> et personne de contact pour chaque organisation repr\u00e9sent\u00e9e lors de la Journ\u00e9e des Carri\u00e8res en Conservation 2025 est disponible <a href=\"https:\/\/docs.google.com\/spreadsheets\/d\/1XU-u1CxxuZWWNeqn27OdugmoiQKWDxrva5S-lkhySJE\/edit?gid=0#gid=0\"><strong>ici<\/strong><\/a> !<\/p>\n<p>De plus, la liste pour l&rsquo;\u00e9dition 2022 \u00e0 2024 sont consultables sous l&rsquo;onglet archives stages.<\/p>\n\n\n\n\n<p><\/p>\n","protected":false},"excerpt":{"rendered":"<p>La liste avec les possibilit\u00e9s de stage &#8211; service civil &#8211; b\u00e9n\u00e9volat et personne de contact pour chaque organisation repr\u00e9sent\u00e9e lors de la Journ\u00e9e des Carri\u00e8res en Conservation 2025 est disponible ici ! De plus, la liste pour l&rsquo;\u00e9dition 2022 \u00e0 2024 sont consultables sous l&rsquo;onglet archives stages.<\/p>\n","protected":false},"author":1001849,"featured_media":0,"parent":0,"menu_order":0,"comment_status":"closed","ping_status":"closed","template":"","meta":{"_seopress_robots_primary_cat":"","_seopress_titles_title":"","_seopress_titles_desc":"","_seopress_robots_index":"","footnotes":""},"class_list":["post-316","page","type-page","status-publish"],"_links":{"self":[{"href":"https:\/\/wp.unil.ch\/conservationday\/wp-json\/wp\/v2\/pages\/316","targetHints":{"allow":["GET"]}}],"collection":[{"href":"https:\/\/wp.unil.ch\/conservationday\/wp-json\/wp\/v2\/pages"}],"about":[{"href":"https:\/\/wp.unil.ch\/conservationday\/wp-json\/wp\/v2\/types\/page"}],"author":[{"embeddable":true,"href":"https:\/\/wp.unil.ch\/conservationday\/wp-json\/wp\/v2\/users\/1001849"}],"replies":[{"embeddable":true,"href":"https:\/\/wp.unil.ch\/conservationday\/wp-json\/wp\/v2\/comments?post=316"}],"version-history":[{"count":4,"href":"https:\/\/wp.unil.ch\/conservationday\/wp-json\/wp\/v2\/pages\/316\/revisions"}],"predecessor-version":[{"id":1025,"href":"https:\/\/wp.unil.ch\/conservationday\/wp-json\/wp\/v2\/pages\/316\/revisions\/1025"}],"wp:attachment":[{"href":"https:\/\/wp.unil.ch\/conservationday\/wp-json\/wp\/v2\/media?parent=316"}],"curies":[{"name":"wp","href":"https:\/\/api.w.org\/{rel}","templated":true}]}}