{"id":121,"date":"2018-09-07T17:24:53","date_gmt":"2018-09-07T15:24:53","guid":{"rendered":"http:\/\/wp.unil.ch\/conservationday\/?page_id=121"},"modified":"2025-02-26T11:27:09","modified_gmt":"2025-02-26T10:27:09","slug":"lieu-acces","status":"publish","type":"page","link":"https:\/\/wp.unil.ch\/conservationday\/lieu-acces\/","title":{"rendered":""},"content":{"rendered":"<p>L\u2019\u00e9dition 2025 aura lieu en <strong>pr\u00e9sentiel <\/strong>et sera diffus\u00e9e en direct sur recunil.<\/p>\n<p>Acc\u00e8s \u00e0 l\u2019\u00e9v\u00e9nement en pr\u00e9sentiel :<\/p>\n<p><strong>Universit\u00e9 de Lausanne<\/strong><\/p>\n<p><strong>B\u00e2timent Biophore, Amphith\u00e9\u00e2tre du biophore (Bio-Amphi)<\/strong><\/p>\n<p><strong>1015 Lausanne<\/strong><\/p>\n<p>Acc\u00e8s par transport public\u00a0:<\/p>\n<p><em>Depuis la gare CFF de Lausanne<\/em><\/p>\n<p>Prendre le m\u00e9tro m2 direction \u00ab Croisettes \u00bb , descendre \u00e0 l\u2019arr\u00eat \u00ab Lausanne Flon \u00bb (1er arr\u00eat depuis Lausanne gare). Prendre le m\u00e9tro m1 direction Renens et descendre \u00e0 l\u2019arr\u00eat \u00ab UNIL-Sorge \u00bb. Suivre le plan ci-dessous pour acc\u00e9der au Biophore.<\/p>\n<p><em>Depuis la gare CFF de Renens<\/em><\/p>\n<p>Prendre le m\u00e9tro m1 jusqu\u2019\u00e0 l\u2019arr\u00eat \u00ab UNIL-Sorge \u00bb. Suivre le plan ci-dessous pour acc\u00e9der au Biophore.<\/p>\n\n\n<figure class=\"wp-block-image size-full is-resized\"><img alt=\"\" loading=\"lazy\" decoding=\"async\" width=\"768\" height=\"580\" src=\"https:\/\/wp.unil.ch\/conservationday\/files\/2025\/02\/Capture-decran-2025-02-26-112423.png\" alt=\"\" class=\"wp-image-1015\" style=\"width:598px;height:auto\" srcset=\"https:\/\/wp.unil.ch\/conservationday\/files\/2025\/02\/Capture-decran-2025-02-26-112423.png 768w, https:\/\/wp.unil.ch\/conservationday\/files\/2025\/02\/Capture-decran-2025-02-26-112423-300x227.png 300w\" sizes=\"auto, (max-width: 706px) 89vw, (max-width: 767px) 82vw, 740px\" \/><\/figure>\n\n\n\n<p>Acc\u00e8s en voiture \u2013 depuis l\u2019autoroute<\/p>\n\n\n\n<p>Sur l\u2019autoroute de contournement de Lausanne, suivre Lausanne-Sud jusqu\u2019\u00e0 la sortie \u00ab Universit\u00e9-EPFL \u00bb. Suivre la route cantonale en direction de St-Sulpice-Morges. Apr\u00e8s env. 500m (apr\u00e8s la petite mont\u00e9e), tourner \u00e0 droite au rond-point (Avenue Forel). A la fin de l\u2019Avenue Forel, tourner \u00e0 droite, le parking Sorge se trouve \u00e0 50m (situ\u00e9 au nord du b\u00e2timent Amphimax)<\/p>\n\n\n\n<p>Parking payant (zones blanches payantes; CHF 1.00 la 1\u00e8re heure, CHF 2.00 chaque heure suivante)<\/p>\n","protected":false},"excerpt":{"rendered":"<p>L\u2019\u00e9dition 2025 aura lieu en pr\u00e9sentiel et sera diffus\u00e9e en direct sur recunil. Acc\u00e8s \u00e0 l\u2019\u00e9v\u00e9nement en pr\u00e9sentiel : Universit\u00e9 de Lausanne B\u00e2timent Biophore, Amphith\u00e9\u00e2tre du biophore (Bio-Amphi) 1015 Lausanne Acc\u00e8s par transport public\u00a0: Depuis la gare CFF de Lausanne Prendre le m\u00e9tro m2 direction \u00ab Croisettes \u00bb , descendre \u00e0 l\u2019arr\u00eat \u00ab Lausanne Flon &hellip; <\/p>\n<p class=\"link-more\"><a href=\"https:\/\/wp.unil.ch\/conservationday\/lieu-acces\/\" class=\"more-link\">Continuer la lecture<span class=\"screen-reader-text\"> de &laquo;&nbsp;&nbsp;&raquo;<\/span><\/a><\/p>\n","protected":false},"author":1001431,"featured_media":0,"parent":0,"menu_order":0,"comment_status":"closed","ping_status":"closed","template":"","meta":{"_seopress_robots_primary_cat":"","_seopress_titles_title":"","_seopress_titles_desc":"","_seopress_robots_index":"","footnotes":""},"class_list":["post-121","page","type-page","status-publish"],"_links":{"self":[{"href":"https:\/\/wp.unil.ch\/conservationday\/wp-json\/wp\/v2\/pages\/121","targetHints":{"allow":["GET"]}}],"collection":[{"href":"https:\/\/wp.unil.ch\/conservationday\/wp-json\/wp\/v2\/pages"}],"about":[{"href":"https:\/\/wp.unil.ch\/conservationday\/wp-json\/wp\/v2\/types\/page"}],"author":[{"embeddable":true,"href":"https:\/\/wp.unil.ch\/conservationday\/wp-json\/wp\/v2\/users\/1001431"}],"replies":[{"embeddable":true,"href":"https:\/\/wp.unil.ch\/conservationday\/wp-json\/wp\/v2\/comments?post=121"}],"version-history":[{"count":2,"href":"https:\/\/wp.unil.ch\/conservationday\/wp-json\/wp\/v2\/pages\/121\/revisions"}],"predecessor-version":[{"id":1016,"href":"https:\/\/wp.unil.ch\/conservationday\/wp-json\/wp\/v2\/pages\/121\/revisions\/1016"}],"wp:attachment":[{"href":"https:\/\/wp.unil.ch\/conservationday\/wp-json\/wp\/v2\/media?parent=121"}],"curies":[{"name":"wp","href":"https:\/\/api.w.org\/{rel}","templated":true}]}}