{"id":119,"date":"2018-09-07T17:24:53","date_gmt":"2018-09-07T15:24:53","guid":{"rendered":"http:\/\/wp.unil.ch\/conservationday\/?page_id=119"},"modified":"2026-02-16T16:56:00","modified_gmt":"2026-02-16T15:56:00","slug":"programme-2024","status":"publish","type":"page","link":"https:\/\/wp.unil.ch\/conservationday\/programme-2024\/","title":{"rendered":"Programme 2026"},"content":{"rendered":"\n<p class=\"has-text-align-center\">L&rsquo;\u00e9dition 2026 aura lieu le 9 mars, de 9h00 \u00e0 16h00. Voici le programme d\u00e9taill\u00e9:<\/p>\n\n\n\n<figure class=\"wp-block-image size-large\"><img loading=\"lazy\" decoding=\"async\" width=\"724\" height=\"1024\" src=\"https:\/\/wp.unil.ch\/conservationday\/files\/2026\/02\/affiche_finale_web-724x1024.jpg\" alt=\"affiche finale web\" class=\"wp-image-1076\" srcset=\"https:\/\/wp.unil.ch\/conservationday\/files\/2026\/02\/affiche_finale_web-724x1024.jpg 724w, https:\/\/wp.unil.ch\/conservationday\/files\/2026\/02\/affiche_finale_web-212x300.jpg 212w, https:\/\/wp.unil.ch\/conservationday\/files\/2026\/02\/affiche_finale_web-768x1087.jpg 768w, https:\/\/wp.unil.ch\/conservationday\/files\/2026\/02\/affiche_finale_web.jpg 848w\" sizes=\"auto, (max-width: 724px) 100vw, 724px\" \/><\/figure>\n\n\n\n<p class=\"has-text-align-center\">Cette \u00e9dition est pr\u00e9vue en <strong>pr\u00e9sentiel<\/strong> et sera \u00e9galement diffus\u00e9e en direct via <strong>live REC-UNIL<\/strong> : <a href=\"https:\/\/rec.unil.ch\/lives\/live_80807\/\" target=\"_blank\" rel=\"noreferrer noopener\">https:\/\/rec.unil.ch\/lives\/live_80807\/<\/a>.<\/p>\n\n\n\n<p class=\"has-text-align-center\"> Les sessions questions se feront en revanche uniquement en pr\u00e9sentiel.<\/p>\n\n\n\n<p class=\"has-text-align-center\"><\/p>\n\n\n\n<p class=\"has-text-align-center\">Cette ann\u00e9e, des actrices et acteurs de la conservation viendront repr\u00e9senter leur organisation lors de pr\u00e9sentations de 15 minutes, organis\u00e9es en 5 blocs, chacun suivi d&rsquo;une <em>session question<\/em> de 10 minutes pendant lesquelles vous pourrez \u00e9changer avec les intervenant\u00b7e\u00b7s la pr\u00e9c\u00e9dant. <\/p>\n\n\n\n<p class=\"has-text-align-center\">N&rsquo;h\u00e9sitez&nbsp;pas nous <a href=\"https:\/\/wp.unil.ch\/conservationday\/demande-de-renseignement\/\"><strong>contacter<\/strong><\/a>&nbsp;en cas de question.<\/p>\n\n\n\n<p><\/p>\n","protected":false},"excerpt":{"rendered":"<p>L&rsquo;\u00e9dition 2026 aura lieu le 9 mars, de 9h00 \u00e0 16h00. Voici le programme d\u00e9taill\u00e9: Cette \u00e9dition est pr\u00e9vue en pr\u00e9sentiel et sera \u00e9galement diffus\u00e9e en direct via live REC-UNIL : https:\/\/rec.unil.ch\/lives\/live_80807\/. Les sessions questions se feront en revanche uniquement en pr\u00e9sentiel. Cette ann\u00e9e, des actrices et acteurs de la conservation viendront repr\u00e9senter leur organisation &hellip; <\/p>\n<p class=\"link-more\"><a href=\"https:\/\/wp.unil.ch\/conservationday\/programme-2024\/\" class=\"more-link\">Continuer la lecture<span class=\"screen-reader-text\"> de &laquo;&nbsp;Programme 2026&nbsp;&raquo;<\/span><\/a><\/p>\n","protected":false},"author":1001431,"featured_media":0,"parent":0,"menu_order":0,"comment_status":"closed","ping_status":"closed","template":"","meta":{"_seopress_robots_primary_cat":"","_seopress_titles_title":"","_seopress_titles_desc":"","_seopress_robots_index":"","footnotes":""},"class_list":["post-119","page","type-page","status-publish"],"_links":{"self":[{"href":"https:\/\/wp.unil.ch\/conservationday\/wp-json\/wp\/v2\/pages\/119","targetHints":{"allow":["GET"]}}],"collection":[{"href":"https:\/\/wp.unil.ch\/conservationday\/wp-json\/wp\/v2\/pages"}],"about":[{"href":"https:\/\/wp.unil.ch\/conservationday\/wp-json\/wp\/v2\/types\/page"}],"author":[{"embeddable":true,"href":"https:\/\/wp.unil.ch\/conservationday\/wp-json\/wp\/v2\/users\/1001431"}],"replies":[{"embeddable":true,"href":"https:\/\/wp.unil.ch\/conservationday\/wp-json\/wp\/v2\/comments?post=119"}],"version-history":[{"count":5,"href":"https:\/\/wp.unil.ch\/conservationday\/wp-json\/wp\/v2\/pages\/119\/revisions"}],"predecessor-version":[{"id":1077,"href":"https:\/\/wp.unil.ch\/conservationday\/wp-json\/wp\/v2\/pages\/119\/revisions\/1077"}],"wp:attachment":[{"href":"https:\/\/wp.unil.ch\/conservationday\/wp-json\/wp\/v2\/media?parent=119"}],"curies":[{"name":"wp","href":"https:\/\/api.w.org\/{rel}","templated":true}]}}