{"id":595,"date":"2024-02-05T17:58:05","date_gmt":"2024-02-05T16:58:05","guid":{"rendered":"https:\/\/wp.unil.ch\/connectomics\/?page_id=595"},"modified":"2024-03-12T12:18:44","modified_gmt":"2024-03-12T11:18:44","slug":"mr-nino-herve-ph-d-student","status":"publish","type":"page","link":"https:\/\/wp.unil.ch\/connectomics\/mr-nino-herve-ph-d-student\/","title":{"rendered":"Mr. Nino Herv\u00e9 (Ph.D. Student)"},"content":{"rendered":"\n<div class=\"wp-block-columns is-layout-flex wp-container-core-columns-is-layout-9d6595d7 wp-block-columns-is-layout-flex\">\n<div class=\"wp-block-column is-layout-flow wp-block-column-is-layout-flow\">\n<figure class=\"wp-block-image size-full is-resized\"><img alt=\"\" loading=\"lazy\" decoding=\"async\" width=\"801\" height=\"1200\" src=\"https:\/\/wp.unil.ch\/connectomics\/files\/2024\/03\/LausannePhoto_Nino_Herve_PRO_01_Portrait.jpg\" alt=\"\" class=\"wp-image-652\" style=\"width:141px;height:auto\" srcset=\"https:\/\/wp.unil.ch\/connectomics\/files\/2024\/03\/LausannePhoto_Nino_Herve_PRO_01_Portrait.jpg 801w, https:\/\/wp.unil.ch\/connectomics\/files\/2024\/03\/LausannePhoto_Nino_Herve_PRO_01_Portrait-200x300.jpg 200w, https:\/\/wp.unil.ch\/connectomics\/files\/2024\/03\/LausannePhoto_Nino_Herve_PRO_01_Portrait-684x1024.jpg 684w, https:\/\/wp.unil.ch\/connectomics\/files\/2024\/03\/LausannePhoto_Nino_Herve_PRO_01_Portrait-768x1151.jpg 768w\" sizes=\"auto, (max-width: 801px) 100vw, 801px\" \/><\/figure>\n<\/div>\n\n\n\n<div class=\"wp-block-column is-layout-flow wp-block-column-is-layout-flow\">\n<p>I am currently immersed in a Ph.D. journey within the Connectomics lab, where my focus is on integrating connectomes into [electroencephalogram](<a href=\"https:\/\/www.mayoclinic.org\/tests-procedures\/eeg\/about\/pac-20393875\" target=\"_blank\" rel=\"noreferrer noopener\">https:\/\/www.mayoclinic.org\/tests-procedures\/eeg\/about\/pac-20393875<\/a>) (EEG) source reconstruction. Essentially, our goal is to decode real-time brain activity using EEG data and leveraging our understanding of the brain&#8217;s structural connections provided by connectomics.<\/p>\n\n\n\n<p>My fascination with Neuroscience dates back to my high school years. Driven by a desire for understanding rather than mere memorization, I pursued a Bioengineering education at \u00c9cole polytechnique f\u00e9d\u00e9rale de Lausanne (EPFL).<\/p>\n\n\n\n<p>I am deeply passionate about applying rigorous mathematics and physics to tackle complex problems in Neuroscience, while also embracing the advancements in fields like Machine Learning.<\/p>\n\n\n\n<p>In my research, I am utilizing new hospital data with a particular focus on individuals living with epilepsy. This fills my work with purpose, motivating me every day to make meaningful contributions.<\/p>\n<\/div>\n<\/div>\n\n\n\n<p><\/p>\n\n\n\n<p><\/p>\n\n\n\n<p><\/p>\n","protected":false},"excerpt":{"rendered":"<p>I am currently immersed in a Ph.D. journey within the Connectomics lab, where my focus is on integrating connectomes into [electroencephalogram](https:\/\/www.mayoclinic.org\/tests-procedures\/eeg\/about\/pac-20393875) (EEG) source reconstruction. Essentially, our goal is to decode &hellip; <\/p>\n","protected":false},"author":1002723,"featured_media":0,"parent":0,"menu_order":0,"comment_status":"closed","ping_status":"closed","template":"","meta":{"_seopress_robots_primary_cat":"","_seopress_titles_title":"","_seopress_titles_desc":"","_seopress_robots_index":"","footnotes":""},"class_list":["post-595","page","type-page","status-publish"],"_links":{"self":[{"href":"https:\/\/wp.unil.ch\/connectomics\/wp-json\/wp\/v2\/pages\/595","targetHints":{"allow":["GET"]}}],"collection":[{"href":"https:\/\/wp.unil.ch\/connectomics\/wp-json\/wp\/v2\/pages"}],"about":[{"href":"https:\/\/wp.unil.ch\/connectomics\/wp-json\/wp\/v2\/types\/page"}],"author":[{"embeddable":true,"href":"https:\/\/wp.unil.ch\/connectomics\/wp-json\/wp\/v2\/users\/1002723"}],"replies":[{"embeddable":true,"href":"https:\/\/wp.unil.ch\/connectomics\/wp-json\/wp\/v2\/comments?post=595"}],"version-history":[{"count":3,"href":"https:\/\/wp.unil.ch\/connectomics\/wp-json\/wp\/v2\/pages\/595\/revisions"}],"predecessor-version":[{"id":654,"href":"https:\/\/wp.unil.ch\/connectomics\/wp-json\/wp\/v2\/pages\/595\/revisions\/654"}],"wp:attachment":[{"href":"https:\/\/wp.unil.ch\/connectomics\/wp-json\/wp\/v2\/media?parent=595"}],"curies":[{"name":"wp","href":"https:\/\/api.w.org\/{rel}","templated":true}]}}