{"id":8864,"date":"2016-08-02T10:45:08","date_gmt":"2016-08-02T08:45:08","guid":{"rendered":"http:\/\/wp.unil.ch\/connaissance3\/?page_id=8864"},"modified":"2026-02-24T11:42:19","modified_gmt":"2026-02-24T10:42:19","slug":"devenir-benevole","status":"publish","type":"page","link":"https:\/\/wp.unil.ch\/connaissance3\/espace-des-benevoles\/devenir-benevole\/","title":{"rendered":"Devenir b\u00e9n\u00e9vole"},"content":{"rendered":"\n<div class=\"wp-block-columns is-layout-flex wp-container-core-columns-is-layout-9d6595d7 wp-block-columns-is-layout-flex\">\n<div class=\"wp-block-column is-layout-flow wp-block-column-is-layout-flow\">\n<h2 class=\"wp-block-heading\">Pour une retraite active et f\u00e9conde<\/h2>\n\n\n\n<p>Connaissance 3 repose sur une centaine de seniors b\u00e9n\u00e9voles, engag\u00e9s, \u00e0 la fois d\u00e9positaires et passeurs de savoirs acquis au gr\u00e9 de leurs exp\u00e9riences. Ces derniers organisent et programment les activit\u00e9s. Le secr\u00e9tariat central, salari\u00e9, assure la gestion op\u00e9rationnelle, l\u2019administration, la recherche de fonds et la communication. Voir: <a href=\"https:\/\/wp.unil.ch\/connaissance3\/qui-sommes-nous\/structure\/\">Structure<\/a>.<\/p>\n\n\n\n<p>Connaissance 3 a choisi de travailler de fa\u00e7on d\u00e9centralis\u00e9e avec des comit\u00e9s actifs dans onze r\u00e9gions du canton: une sp\u00e9cificit\u00e9 qui permet de proposer des activit\u00e9s \u2013 en particulier des conf\u00e9rences \u2013 \u00e0 l\u2019ensemble des Vaudoises et des Vaudois.<\/p>\n\n\n\n<div class=\"wp-block-columns is-layout-flex wp-container-core-columns-is-layout-9d6595d7 wp-block-columns-is-layout-flex\">\n<div class=\"wp-block-column is-layout-flow wp-block-column-is-layout-flow\">\n<p>D\u00e9couvrez: <a href=\"https:\/\/wp.unil.ch\/connaissance3\/files\/2026\/02\/carnet-benevoles_2026-verion-def.pdf\">Le Carnet des b\u00e9n\u00e9voles<\/a><\/p>\n\n\n<div class=\"wp-block-image\">\n<figure class=\"alignleft size-large is-resized\"><img loading=\"lazy\" decoding=\"async\" width=\"1024\" height=\"1024\" src=\"https:\/\/wp.unil.ch\/connaissance3\/files\/2026\/02\/carnet-des-benevoles-1024x1024.png\" alt=\"carnet des b\u00e9n\u00e9voles\" class=\"wp-image-31697\" style=\"width:271px;height:auto\" srcset=\"https:\/\/wp.unil.ch\/connaissance3\/files\/2026\/02\/carnet-des-benevoles-1024x1024.png 1024w, https:\/\/wp.unil.ch\/connaissance3\/files\/2026\/02\/carnet-des-benevoles-300x300.png 300w, https:\/\/wp.unil.ch\/connaissance3\/files\/2026\/02\/carnet-des-benevoles-180x180.png 180w, https:\/\/wp.unil.ch\/connaissance3\/files\/2026\/02\/carnet-des-benevoles-768x768.png 768w, https:\/\/wp.unil.ch\/connaissance3\/files\/2026\/02\/carnet-des-benevoles-230x230.png 230w, https:\/\/wp.unil.ch\/connaissance3\/files\/2026\/02\/carnet-des-benevoles-365x365.png 365w, https:\/\/wp.unil.ch\/connaissance3\/files\/2026\/02\/carnet-des-benevoles.png 1080w\" sizes=\"auto, (max-width: 1024px) 100vw, 1024px\" \/><\/figure>\n<\/div><\/div>\n<\/div>\n<\/div>\n<\/div>\n\n\n<h3 style=\"text-align: justify\">Les diff\u00e9rents groupes b\u00e9n\u00e9voles sont:<\/h3>\n<ul style=\"text-align: justify\">\n<li>Les comit\u00e9s de r\u00e9gion \u2013 programmation et accueil aux conf\u00e9rences dans les r\u00e9gions<\/li>\n<li>Les responsable de pupitre \u2013 programmation des conf\u00e9rences de Lausanne<\/li>\n<li>Le groupe d&rsquo;accueil aux conf\u00e9rences de Lausanne<\/li>\n<li>La commission des cours<\/li>\n<li>La commission des visites culturelles ou scientifiques\u00a0<\/li>\n<li>La commission de la recherche<\/li>\n<li>Le Conseil de fondation<\/li>\n<\/ul>\n<h4 style=\"text-align: justify\">T\u00e9moignages de deux b\u00e9n\u00e9voles<\/h4>\n<p style=\"text-align: justify\">\u00ab\u00a0Au sein du comit\u00e9 r\u00e9gional de Connaissance 3, je peux contribuer \u00e0 l&rsquo;\u00e9laboration du programme des conf\u00e9rences offertes dans ma r\u00e9gion et participer \u00e0 leur mise en \u0153uvre.\u00a0 Notre groupe est compos\u00e9 de personnes retrait\u00e9es aux formations et aux parcours professionnels tr\u00e8s diff\u00e9rents, ce qui stimule la r\u00e9flexion et l\u2019\u00e9change, le tout dans une ambiance conviviale.\u00a0\u00bb \u2013 O.D., comit\u00e9 Nord vaudois<\/p>\n<p>\u00ab\u00a0Proposer des d\u00e9couvertes \u00e0 des adultes m\u2019a longtemps int\u00e9ress\u00e9e, en compl\u00e9ment \u00e0 mon travail d\u2019enseignante. Je suis donc \u00abtomb\u00e9e dans la marmite\u00bb\u00a0 de Connaissance 3 une ann\u00e9e\u00a0 avant de prendre ma retraite. (&#8230;) Comme celle d\u2019Ob\u00e9lix, cette \u00abmarmite\u00bb s\u2019est r\u00e9v\u00e9l\u00e9e contenir une potion magique, qui nous a stimul\u00e9s \u00e0 ouvrir nos yeux et nos oreilles, \u00e0 \u00eatre attentifs au monde pour proposer au public chablaisan des saisons de conf\u00e9rences attractives et en phase avec notre \u00e9poque. (&#8230;) Le contact, tant avec le public qu\u2019avec les conf\u00e9renci\u00e8res et conf\u00e9renciers ou qu\u2019avec le secr\u00e9tariat et les b\u00e9n\u00e9voles des autres r\u00e9gions, s\u2019est r\u00e9v\u00e9l\u00e9 un bain de jouvence. (&#8230;) Aussi, je ne me suis pas sentie vieillir durant les bient\u00f4t quatorze ann\u00e9es que j\u2019ai v\u00e9cu avec Connaissance 3!\u00a0\u00bb \u2013 F.T., comit\u00e9 Chablais<\/p>\n<blockquote>\n<p style=\"text-align: justify\">Nous recherchons r\u00e9guli\u00e8rement des personnes pr\u00eates \u00e0 s&rsquo;engager dans les r\u00e9gions. Si vous \u00eates int\u00e9ress\u00e9-e \u00e0 rejoindre nos \u00e9quipes, n\u2019h\u00e9sitez pas \u00e0 contacter <a href=\"mailto:m.gindroz@connaissance3.ch\">Maxime Gindroz<\/a> au secr\u00e9tariat central.<\/p>\n<\/blockquote>","protected":false},"excerpt":{"rendered":"<p>Pour une retraite active et f\u00e9conde Connaissance 3 repose sur une centaine de seniors b\u00e9n\u00e9voles, engag\u00e9s, \u00e0 la fois d\u00e9positaires et passeurs de savoirs acquis au gr\u00e9 de leurs exp\u00e9riences. Ces derniers organisent et programment les activit\u00e9s. Le secr\u00e9tariat central,<\/p>\n","protected":false},"author":1136,"featured_media":0,"parent":14,"menu_order":0,"comment_status":"closed","ping_status":"closed","template":"","meta":{"_seopress_robots_primary_cat":"","_seopress_titles_title":"","_seopress_titles_desc":"","_seopress_robots_index":"","footnotes":""},"class_list":["post-8864","page","type-page","status-publish"],"_links":{"self":[{"href":"https:\/\/wp.unil.ch\/connaissance3\/wp-json\/wp\/v2\/pages\/8864","targetHints":{"allow":["GET"]}}],"collection":[{"href":"https:\/\/wp.unil.ch\/connaissance3\/wp-json\/wp\/v2\/pages"}],"about":[{"href":"https:\/\/wp.unil.ch\/connaissance3\/wp-json\/wp\/v2\/types\/page"}],"author":[{"embeddable":true,"href":"https:\/\/wp.unil.ch\/connaissance3\/wp-json\/wp\/v2\/users\/1136"}],"replies":[{"embeddable":true,"href":"https:\/\/wp.unil.ch\/connaissance3\/wp-json\/wp\/v2\/comments?post=8864"}],"version-history":[{"count":5,"href":"https:\/\/wp.unil.ch\/connaissance3\/wp-json\/wp\/v2\/pages\/8864\/revisions"}],"predecessor-version":[{"id":31702,"href":"https:\/\/wp.unil.ch\/connaissance3\/wp-json\/wp\/v2\/pages\/8864\/revisions\/31702"}],"up":[{"embeddable":true,"href":"https:\/\/wp.unil.ch\/connaissance3\/wp-json\/wp\/v2\/pages\/14"}],"wp:attachment":[{"href":"https:\/\/wp.unil.ch\/connaissance3\/wp-json\/wp\/v2\/media?parent=8864"}],"curies":[{"name":"wp","href":"https:\/\/api.w.org\/{rel}","templated":true}]}}