{"id":8679,"date":"2016-07-25T15:04:18","date_gmt":"2016-07-25T13:04:18","guid":{"rendered":"http:\/\/wp.unil.ch\/connaissance3\/?page_id=8679"},"modified":"2025-08-06T15:12:01","modified_gmt":"2025-08-06T13:12:01","slug":"saisons-regionales","status":"publish","type":"page","link":"https:\/\/wp.unil.ch\/connaissance3\/conferences\/saisons-regionales\/","title":{"rendered":"Saisons r\u00e9gionales"},"content":{"rendered":"\n<h2 class=\"wp-block-heading\">Des conf\u00e9rences pr\u00e8s de chez vous!<\/h2>\n\n\n\n<p>Connaissance 3 est active dans onze r\u00e9gions du canton de Vaud.<\/p>\n\n\n\n<div style=\"height:27px\" aria-hidden=\"true\" class=\"wp-block-spacer\"><\/div>\n\n\n\n<div class=\"wp-block-columns is-layout-flex wp-container-core-columns-is-layout-9d6595d7 wp-block-columns-is-layout-flex\">\n<div class=\"wp-block-column is-layout-flow wp-block-column-is-layout-flow\" style=\"flex-basis:33.33%\">\n<p style=\"font-size:16px\"><strong>Consultez les programmes r\u00e9gionaux d\u2019un simple clic:<\/strong><\/p>\n\n\n\n<ul class=\"wp-block-list\">\n<li style=\"font-size:15px\"><a href=\"https:\/\/wp.unil.ch\/connaissance3\/conferences\/conferences-de-la-broye\/\">Broye<\/a> (Payerne)<\/li>\n\n\n\n<li style=\"font-size:15px\"><a href=\"https:\/\/wp.unil.ch\/connaissance3\/conferences\/conferences-du-chablais\/\">Chablais<\/a> (Aigle)<\/li>\n\n\n\n<li style=\"font-size:15px\"><a href=\"https:\/\/wp.unil.ch\/connaissance3\/conferences\/conferences-du-gros-de-vaud\/\">Gros-de-Vaud<\/a> (Echallens)<\/li>\n\n\n\n<li style=\"font-size:15px\"><a href=\"https:\/\/wp.unil.ch\/connaissance3\/conferences\/conferences-de-lausanne\/\">Lausanne<\/a><\/li>\n\n\n\n<li style=\"font-size:15px\"><a href=\"https:\/\/wp.unil.ch\/connaissance3\/conferences\/conferences-de-morges\/\">Morges<\/a><\/li>\n\n\n\n<li style=\"font-size:15px\"><a href=\"https:\/\/wp.unil.ch\/connaissance3\/conferences\/conferences-dans-le-nord-vaudois\/\">Nord vaudois<\/a> (Yverdon-les-Bains)<\/li>\n\n\n\n<li style=\"font-size:15px\"><a href=\"https:\/\/wp.unil.ch\/connaissance3\/conferences\/conferences-de-nyon\/\">Nyon<\/a><\/li>\n\n\n\n<li style=\"font-size:15px\"><a href=\"https:\/\/wp.unil.ch\/connaissance3\/conferences\/conferences-des-ormonts-leysin\/\">Ormonts-Leysin<\/a> (Le S\u00e9pey et Leysin)<\/li>\n\n\n\n<li style=\"font-size:15px\"><a href=\"https:\/\/wp.unil.ch\/connaissance3\/conferences\/conferences-au-pied-du-jura\/\">Pied du Jura<\/a> (Cossonay, Penthalaz et Orbe)<\/li>\n\n\n\n<li style=\"font-size:15px\"><a href=\"https:\/\/wp.unil.ch\/connaissance3\/conferences\/saisons-regionales\/conferences-de-la-riviera\/\">Riviera<\/a> (Clarens)<\/li>\n\n\n\n<li style=\"font-size:15px\"><a href=\"https:\/\/wp.unil.ch\/connaissance3\/conferences\/conferences-dans-la-vallee-de-joux\/\">Vall\u00e9e de Joux<\/a>&nbsp; (Le Sentier)<\/li>\n<\/ul>\n\n\n\n<div style=\"height:23px\" aria-hidden=\"true\" class=\"wp-block-spacer\"><\/div>\n\n\n\n<div class=\"wp-block-buttons is-content-justification-center is-layout-flex wp-container-core-buttons-is-layout-16018d1d wp-block-buttons-is-layout-flex\">\n<div class=\"wp-block-button\"><a class=\"wp-block-button__link has-background has-custom-font-size wp-element-button\" href=\"https:\/\/wp.unil.ch\/connaissance3\/portrait\/structure-et-instances\/#responsables-regions\" style=\"background-color:#00acc8;font-size:15px\" target=\"_blank\" rel=\"noreferrer noopener\">Responsables des comit\u00e9s<\/a><\/div>\n<\/div>\n<\/div>\n\n\n\n<div class=\"wp-block-column is-layout-flow wp-block-column-is-layout-flow\" style=\"flex-basis:66.66%\"><div class=\"wp-block-image\">\n<figure class=\"aligncenter size-large is-resized\"><img loading=\"lazy\" decoding=\"async\" width=\"1024\" height=\"947\" src=\"https:\/\/wp.unil.ch\/connaissance3\/files\/2025\/08\/carte-regions_clarens-1024x947.jpg\" alt=\"carte r\u00e9gions clarens\" class=\"wp-image-30914\" style=\"aspect-ratio:0.9875195007800313;width:518px;height:auto\" srcset=\"https:\/\/wp.unil.ch\/connaissance3\/files\/2025\/08\/carte-regions_clarens-1024x947.jpg 1024w, https:\/\/wp.unil.ch\/connaissance3\/files\/2025\/08\/carte-regions_clarens-300x277.jpg 300w, https:\/\/wp.unil.ch\/connaissance3\/files\/2025\/08\/carte-regions_clarens-180x166.jpg 180w, https:\/\/wp.unil.ch\/connaissance3\/files\/2025\/08\/carte-regions_clarens-768x710.jpg 768w, https:\/\/wp.unil.ch\/connaissance3\/files\/2025\/08\/carte-regions_clarens.jpg 1298w\" sizes=\"auto, (max-width: 1024px) 100vw, 1024px\" \/><\/figure>\n<\/div>\n\n\n<p class=\"has-text-align-center\"><a href=\"https:\/\/wp.unil.ch\/connaissance3\/conferences\/lieux-et-acces\/\" data-type=\"URL\" data-id=\"https:\/\/wp.unil.ch\/connaissance3\/conferences\/lieux-et-acces\/\">Lieux et acc\u00e8s<\/a><\/p>\n\n\n\n<div class=\"wp-block-buttons is-content-justification-center is-layout-flex wp-container-core-buttons-is-layout-16018d1d wp-block-buttons-is-layout-flex\"><\/div>\n<\/div>\n<\/div>\n","protected":false},"excerpt":{"rendered":"<p>Des conf\u00e9rences pr\u00e8s de chez vous! Connaissance 3 est active dans onze r\u00e9gions du canton de Vaud. Consultez les programmes r\u00e9gionaux d\u2019un simple clic: Lieux et acc\u00e8s<\/p>\n","protected":false},"author":1136,"featured_media":0,"parent":4180,"menu_order":0,"comment_status":"closed","ping_status":"closed","template":"","meta":{"_seopress_robots_primary_cat":"","_seopress_titles_title":"","_seopress_titles_desc":"","_seopress_robots_index":"","footnotes":""},"class_list":["post-8679","page","type-page","status-publish"],"_links":{"self":[{"href":"https:\/\/wp.unil.ch\/connaissance3\/wp-json\/wp\/v2\/pages\/8679","targetHints":{"allow":["GET"]}}],"collection":[{"href":"https:\/\/wp.unil.ch\/connaissance3\/wp-json\/wp\/v2\/pages"}],"about":[{"href":"https:\/\/wp.unil.ch\/connaissance3\/wp-json\/wp\/v2\/types\/page"}],"author":[{"embeddable":true,"href":"https:\/\/wp.unil.ch\/connaissance3\/wp-json\/wp\/v2\/users\/1136"}],"replies":[{"embeddable":true,"href":"https:\/\/wp.unil.ch\/connaissance3\/wp-json\/wp\/v2\/comments?post=8679"}],"version-history":[{"count":3,"href":"https:\/\/wp.unil.ch\/connaissance3\/wp-json\/wp\/v2\/pages\/8679\/revisions"}],"predecessor-version":[{"id":30918,"href":"https:\/\/wp.unil.ch\/connaissance3\/wp-json\/wp\/v2\/pages\/8679\/revisions\/30918"}],"up":[{"embeddable":true,"href":"https:\/\/wp.unil.ch\/connaissance3\/wp-json\/wp\/v2\/pages\/4180"}],"wp:attachment":[{"href":"https:\/\/wp.unil.ch\/connaissance3\/wp-json\/wp\/v2\/media?parent=8679"}],"curies":[{"name":"wp","href":"https:\/\/api.w.org\/{rel}","templated":true}]}}