{"id":7857,"date":"2016-01-26T16:03:37","date_gmt":"2016-01-26T15:03:37","guid":{"rendered":"http:\/\/wp.unil.ch\/connaissance3\/?page_id=7857"},"modified":"2025-06-13T15:51:53","modified_gmt":"2025-06-13T13:51:53","slug":"tarifs-et-conditions-generales","status":"publish","type":"page","link":"https:\/\/wp.unil.ch\/connaissance3\/adherer\/tarifs-et-conditions-generales\/","title":{"rendered":"Tarifs et conditions g\u00e9n\u00e9rales"},"content":{"rendered":"\n<div style=\"height:45px\" aria-hidden=\"true\" class=\"wp-block-spacer\"><\/div>\n\n\n\n<h2 class=\"wp-block-heading has-text-color\" style=\"color:#00acc8;text-transform:uppercase\">1. Prix des activit\u00e9s<\/h2>\n\n\n\n<div class=\"wp-block-columns is-layout-flex wp-container-core-columns-is-layout-9d6595d7 wp-block-columns-is-layout-flex\">\n<div class=\"wp-block-column is-layout-flow wp-block-column-is-layout-flow\" style=\"flex-basis:20%\">\n<h3 class=\"wp-block-heading\"><span style=\"color: #000000\">Conf\u00e9rences<\/span><\/h3>\n<\/div>\n\n\n\n<div class=\"wp-block-column is-layout-flow wp-block-column-is-layout-flow\" style=\"flex-basis:66.66%\">\n<p><em>Sans inscription. Paiement sur place.<\/em><\/p>\n\n\n\n<figure class=\"wp-block-table\"><table><tbody><tr><td>Tarif sans adh\u00e9sion<\/td><td>15 fr.<\/td><\/tr><tr><td>Tarif avec <a href=\"https:\/\/wp.unil.ch\/connaissance3\/adhesion-et-avantages\/\" target=\"_blank\" rel=\"noreferrer noopener\">adh\u00e9sion<\/a><\/td><td>10 fr.<\/td><\/tr><tr><td>Tarif avec <a href=\"https:\/\/wp.unil.ch\/connaissance3\/adhesion-et-avantages\/\" target=\"_blank\" rel=\"noreferrer noopener\">abonnement \/ sponsor<\/a><\/td><td>Entr\u00e9e libre<\/td><\/tr><tr><td>Communaut\u00e9 universitaire UNIL-EPFL et \u00e9tudiant\u00b7es HES<\/td><td>Entr\u00e9e libre<\/td><\/tr><tr><td>Membre des Uni3 suisses *<\/td><td>Entr\u00e9e libre<\/td><\/tr><\/tbody><\/table><\/figure>\n\n\n\n<p><span style=\"color: #333333\"><span style=\"color: #808080\">*<\/span><em><span style=\"color: #808080\"> Par convention, les adh\u00e9rents \u00e0 Connaissance 3 b\u00e9n\u00e9ficient \u00e9galement de la gratuit\u00e9 aux conf\u00e9rences organis\u00e9es dans les autres UNI3 suisses (sauf \u00e0 Lucerne).<\/span><\/em><\/span><\/p>\n<\/div>\n<\/div>\n\n\n\n<p><span style=\"text-decoration: underline\">Carnets d&rsquo;entr\u00e9es<\/span><br>Les <a href=\"https:\/\/wp.unil.ch\/connaissance3\/adhesion-et-avantages\/\">adh\u00e9rent\u00b7es<\/a> peuvent acheter des carnets de six entr\u00e9es pour 50 fr. (= une entr\u00e9e gratuite), \u00e0 faire valoir aux conf\u00e9rences uniquement. Ils ne sont <strong>ni repris, ni \u00e9chang\u00e9s<\/strong>. Ces \u00abbons-valeur\u00bb sont utilisables exclusivement par les adh\u00e9rent\u00b7es qui peuvent \u00e9galement inviter une personne \u00e0 les accompagner afin de d\u00e9couvrir les conf\u00e9rences de Connaissance 3. Ces carnets sont valables pour l&rsquo;ann\u00e9e acad\u00e9mique (de septembre \u00e0 ao\u00fbt).<\/p>\n\n\n\n<p><a href=\"https:\/\/wp.unil.ch\/connaissance3\/adherer\/\">Remplir le formulaire d&rsquo;adh\u00e9sion ou commander des carnets de bons<\/a>.<\/p>\n\n\n\n<hr class=\"wp-block-separator has-alpha-channel-opacity is-style-wide\" \/>\n\n\n\n<div class=\"wp-block-columns is-layout-flex wp-container-core-columns-is-layout-9d6595d7 wp-block-columns-is-layout-flex\">\n<div class=\"wp-block-column is-layout-flow wp-block-column-is-layout-flow\" style=\"flex-basis:20%\">\n<h3 class=\"wp-block-heading\"><span style=\"color: #000000\">Cours et visites culturelles<\/span><\/h3>\n<\/div>\n\n\n\n<div class=\"wp-block-column is-layout-flow wp-block-column-is-layout-flow\" style=\"flex-basis:66.66%\">\n<p><em>Inscription obligatoire. Paiement sur facture. <\/em><\/p>\n\n\n\n<p><em><span style=\"text-decoration: underline\">L&rsquo;annulation d&rsquo;une inscription sans raison m\u00e9dicale entra\u00eene des frais de dossier.<\/span> Voir conditions ci-dessous.<br><\/em><\/p>\n\n\n\n<figure class=\"wp-block-table\"><table><tbody><tr><td>Sans adh\u00e9sion<\/td><td>Tarif normal<\/td><\/tr><tr><td><a href=\"https:\/\/wp.unil.ch\/connaissance3\/adhesion-et-avantages\/\">Avec adh\u00e9sion ou abonnement<\/a><\/td><td>Tarif r\u00e9duit<\/td><\/tr><tr><td>Communaut\u00e9 universitaire UNIL-EPFL<\/td><td>Tarif r\u00e9duit<\/td><\/tr><\/tbody><\/table><\/figure>\n\n\n\n<p>Les tarifs varient en fonction des activit\u00e9s et de leur dur\u00e9e. Pour conna\u00eetre le prix d&rsquo;un cours ou d&rsquo;une visite, consulter la page de l&rsquo;activit\u00e9.<\/p>\n<\/div>\n<\/div>\n\n\n\n<p>La participation aux cours et aux visites culturelles se fait uniquement sur inscription. <strong>Les cours et visites n&rsquo;ont lieu qu&rsquo;\u00e0 partir d&rsquo;un nombre minimum de participant\u00b7es.<\/strong> La d\u00e9cision est prise au plus tard une semaine avant le d\u00e9but de l&rsquo;activit\u00e9. Les cours sont factur\u00e9s au forfait et non \u00ab\u00a0\u00e0 la carte\u00a0\u00bb; sauf exception pr\u00e9vue dans les conditions d&rsquo;annulation (ci-dessous), tous les cours se paient pour l&rsquo;int\u00e9gralit\u00e9 de la dur\u00e9e pr\u00e9vue.<\/p>\n\n\n\n<hr class=\"wp-block-separator has-alpha-channel-opacity is-style-wide\" \/>\n\n\n\n<div class=\"wp-block-columns is-layout-flex wp-container-core-columns-is-layout-9d6595d7 wp-block-columns-is-layout-flex\">\n<div class=\"wp-block-column is-layout-flow wp-block-column-is-layout-flow\" style=\"flex-basis:15%\">\n<div style=\"height:18px\" aria-hidden=\"true\" class=\"wp-block-spacer\"><\/div>\n\n\n\n<figure class=\"wp-block-image size-full is-resized is-style-default\"><a href=\"https:\/\/wp.unil.ch\/connaissance3\/culture-pour-tous\/\"><img alt=\"\" loading=\"lazy\" decoding=\"async\" width=\"929\" height=\"928\" src=\"https:\/\/wp.unil.ch\/connaissance3\/files\/2023\/02\/CPT_web-1.png\" alt=\"\" class=\"wp-image-24281\" style=\"aspect-ratio:1;object-fit:cover;width:137px;height:undefinedpx\" srcset=\"https:\/\/wp.unil.ch\/connaissance3\/files\/2023\/02\/CPT_web-1.png 929w, https:\/\/wp.unil.ch\/connaissance3\/files\/2023\/02\/CPT_web-1-300x300.png 300w, https:\/\/wp.unil.ch\/connaissance3\/files\/2023\/02\/CPT_web-1-150x150.png 150w, https:\/\/wp.unil.ch\/connaissance3\/files\/2023\/02\/CPT_web-1-768x767.png 768w, https:\/\/wp.unil.ch\/connaissance3\/files\/2023\/02\/CPT_web-1-230x230.png 230w, https:\/\/wp.unil.ch\/connaissance3\/files\/2023\/02\/CPT_web-1-365x365.png 365w\" sizes=\"auto, (max-width: 929px) 100vw, 929px\" \/><\/a><\/figure>\n<\/div>\n\n\n\n<div class=\"wp-block-column is-layout-flow wp-block-column-is-layout-flow\" style=\"flex-basis:66.66%\">\n<h3 class=\"wp-block-heading\">B\u00e9n\u00e9ficiaires de prestations compl\u00e9mentaires ou de subside<\/h3>\n\n\n\n<p>Les personnes retrait\u00e9es au b\u00e9n\u00e9fice de prestations compl\u00e9mentaires <strong>AVS-PC<\/strong> ou du <strong>subside \u00e0 l&rsquo;assurance maladie<\/strong> peuvent obtenir, gr\u00e2ce \u00e0 un fonds d\u00e9di\u00e9, une carte d&rsquo;abonnement \u00e0 tout petit prix (25 fr. au lieu de 300 fr.). Elles peuvent \u00e9galement profiter d&rsquo;une r\u00e9duction d&rsquo;environ 80% du prix sur les activit\u00e9s cours et visites labellis\u00e9s <em><a href=\"https:\/\/wp.unil.ch\/connaissance3\/culture-pour-tous\/\">Culture pour tous<\/a><\/em>.<br>Renseignements aupr\u00e8s du secr\u00e9tariat.<\/p>\n<\/div>\n<\/div>\n\n\n\n<div style=\"height:63px\" aria-hidden=\"true\" class=\"wp-block-spacer\"><\/div>\n\n\n\n<h2 class=\"wp-block-heading has-text-color\" id=\"conditions\" style=\"color:#00acc8;text-transform:uppercase\">2. Conditions d&rsquo;annulation<\/h2>\n\n\n\n<ul class=\"wp-block-list\">\n<li><span style=\"color: #000000\"><strong>Annulation compl\u00e8te d&rsquo;un cours ou d&rsquo;une visite culturelle<\/strong><\/span><\/li>\n<\/ul>\n\n\n\n<p><strong>La personne renonce \u00e0 participer \u00e0 une s\u00e9rie de cours ou \u00e0 une visite avant le d\u00e9but de l\u2019activit\u00e9.<\/strong><br>&#8211; Plus de 10 jours ouvrables avant le d\u00e9but de l&rsquo;activit\u00e9: frais de dossier de 20 fr. (sauf sur pr\u00e9sentation d&rsquo;un certificat m\u00e9dical remis dans les 2 semaines).<br>&#8211; Moins de 10 jours ouvrables avant le d\u00e9but de l&rsquo;activit\u00e9 (au plus tard 24h avant le d\u00e9but): frais de 30% du montant de la facture, minimum 30 fr. (sans frais sur pr\u00e9sentation d&rsquo;un certificat m\u00e9dical remis dans les 2 semaines).<\/p>\n\n\n\n<ul class=\"wp-block-list\">\n<li><span style=\"color: #000000\"><mark style=\"background-color:#ffffff\" class=\"has-inline-color\"><strong>Non-pr\u00e9sentation \u00e0 l&rsquo;activit\u00e9 choisie ou annulatio<\/strong><\/mark><\/span><strong><mark style=\"background-color:#ffffff\" class=\"has-inline-color\"><span style=\"color: #000000\">n <\/span>de derni\u00e8re minu<\/mark><mark style=\"background-color:#ffffff\" class=\"has-inline-color has-black-color\">te<\/mark><\/strong><\/li>\n<\/ul>\n\n\n\n<p><strong>La personne n\u2019a pas annul\u00e9 sa participation et ne se pr\u00e9sente pas \u00e0 l\u2019activit\u00e9 choisie ou renonce \u00e0 participer moins de 24 heures avant le d\u00e9but de l\u2019activit\u00e9.<\/strong><br>La totalit\u00e9 de la facture est due, sauf sur pr\u00e9sentation d&rsquo;un certificat m\u00e9dical remis dans les 2 semaines ou pour d&rsquo;autres raisons majeures.<\/p>\n\n\n\n<ul class=\"wp-block-list\">\n<li><span style=\"color: #000000\"><strong>Annulation partielle d&rsquo;un cours<\/strong><\/span><\/li>\n<\/ul>\n\n\n\n<p><strong>La personne renonce \u00e0 suivre une ou plusieurs s\u00e9ances d\u2019une s\u00e9rie de cours.<\/strong><br>Les s\u00e9ances manqu\u00e9es ne sont rembours\u00e9es que sur pr\u00e9sentation d&rsquo;un certificat m\u00e9dical remis dans les 2 semaines, sans quoi la totalit\u00e9 de la facture est due.<\/p>\n\n\n\n<ul class=\"wp-block-list\">\n<li><strong><span style=\"color: #000000\">Annulation avec tarif \u00ab\u00a0Culture pour tous\u00a0\u00bb<\/span><\/strong><\/li>\n<\/ul>\n\n\n\n<p><strong>Pour les personnes inscrites avec le tarif \u00ab&nbsp;Culture pour tous&nbsp;\u00bb, les frais administratifs sont factur\u00e9s comme suit<\/strong><br>&#8211; Activit\u00e9 ayant un tarif inf\u00e9rieur \u00e0 20 fr., des frais de 10 fr. sont per\u00e7us<br>&#8211; Activit\u00e9 ayant un tarif \u00e9gal ou sup\u00e9rieur \u00e0 20 fr., des frais de 15 fr. sont appliqu\u00e9s<br>&#8211; Sans frais sur pr\u00e9sentation d\u2019un certificat m\u00e9dical remis dans les 2 semaines suivant l\u2019annulation<\/p>\n\n\n\n<p>Conditions (juin 2025): <a href=\"https:\/\/wp.unil.ch\/connaissance3\/files\/2025\/06\/conditions-2025.pdf\">t\u00e9l\u00e9charger le PDF<\/a><\/p>\n","protected":false},"excerpt":{"rendered":"<p>1. Prix des activit\u00e9s Conf\u00e9rences Sans inscription. Paiement sur place. Tarif sans adh\u00e9sion 15 fr. Tarif avec adh\u00e9sion 10 fr. Tarif avec abonnement \/ sponsor Entr\u00e9e libre Communaut\u00e9 universitaire UNIL-EPFL et \u00e9tudiant\u00b7es HES Entr\u00e9e libre Membre des Uni3 suisses *<\/p>\n","protected":false},"author":1136,"featured_media":0,"parent":1145,"menu_order":0,"comment_status":"closed","ping_status":"closed","template":"","meta":{"_seopress_robots_primary_cat":"","_seopress_titles_title":"","_seopress_titles_desc":"","_seopress_robots_index":"","footnotes":""},"class_list":["post-7857","page","type-page","status-publish"],"_links":{"self":[{"href":"https:\/\/wp.unil.ch\/connaissance3\/wp-json\/wp\/v2\/pages\/7857","targetHints":{"allow":["GET"]}}],"collection":[{"href":"https:\/\/wp.unil.ch\/connaissance3\/wp-json\/wp\/v2\/pages"}],"about":[{"href":"https:\/\/wp.unil.ch\/connaissance3\/wp-json\/wp\/v2\/types\/page"}],"author":[{"embeddable":true,"href":"https:\/\/wp.unil.ch\/connaissance3\/wp-json\/wp\/v2\/users\/1136"}],"replies":[{"embeddable":true,"href":"https:\/\/wp.unil.ch\/connaissance3\/wp-json\/wp\/v2\/comments?post=7857"}],"version-history":[{"count":5,"href":"https:\/\/wp.unil.ch\/connaissance3\/wp-json\/wp\/v2\/pages\/7857\/revisions"}],"predecessor-version":[{"id":30677,"href":"https:\/\/wp.unil.ch\/connaissance3\/wp-json\/wp\/v2\/pages\/7857\/revisions\/30677"}],"up":[{"embeddable":true,"href":"https:\/\/wp.unil.ch\/connaissance3\/wp-json\/wp\/v2\/pages\/1145"}],"wp:attachment":[{"href":"https:\/\/wp.unil.ch\/connaissance3\/wp-json\/wp\/v2\/media?parent=7857"}],"curies":[{"name":"wp","href":"https:\/\/api.w.org\/{rel}","templated":true}]}}