{"id":6473,"date":"2015-08-17T08:50:25","date_gmt":"2015-08-17T06:50:25","guid":{"rendered":"http:\/\/wp.unil.ch\/connaissance3\/?page_id=6473"},"modified":"2024-07-23T09:51:50","modified_gmt":"2024-07-23T07:51:50","slug":"conferences-dans-le-nord-vaudois","status":"publish","type":"page","link":"https:\/\/wp.unil.ch\/connaissance3\/conferences\/saisons-regionales\/conferences-dans-le-nord-vaudois\/","title":{"rendered":"Conf\u00e9rences dans le Nord vaudois"},"content":{"rendered":"\n<p>Le comit\u00e9 r\u00e9gional de Connaissance 3 \u2013 Nord vaudois vous propose des conf\u00e9rences \u00e0 Yverdon-les-Bains.<br>Adresse des salles, voir: <a href=\"https:\/\/wp.unil.ch\/connaissance3\/conferences\/lieux-et-acces\/\">Lieux et acc\u00e8s<\/a><\/p>\n\n\n\n<h2 class=\"wp-block-heading\">Saison 2025-2026<\/h2>\n\n\n<div class=\"simcal-calendar simcal-default-calendar simcal-default-calendar-list simcal-default-calendar-light\" data-calendar-id=\"6474\" data-timezone=\"Europe\/Paris\" data-offset=\"7200\" data-week-start=\"1\" data-calendar-start=\"1756072800\" data-calendar-end=\"1774879200\" data-events-first=\"1761571800\" data-events-last=\"1774879200\"><div class=\"simcal-calendar-list \"><dl class=\"simcal-events-list-container\" data-prev=\"1730156400\" data-next=\"1781992800\" data-heading-small=\"2025 - 2026\" data-heading-large=\"2025 - 2026\">\t<dt class=\"simcal-day-label\" style=\"border-bottom: 1px solid #00acc8;\" ><span style=\"background-color: #00acc8; color: #ffffff;\"><span class=\"simcal-date-format\" data-date-format=\"j F Y\">27 octobre 2025<\/span> <\/span><\/dt>\n<dd class=\"simcal-weekday-1 simcal-past simcal-day simcal-day-has-events simcal-day-has-1-events simcal-events-calendar-6474\" data-events-count=\"1\">\n\t<ul class=\"simcal-events\">\n\t<li class=\"simcal-event simcal-event-has-location simcal-events-calendar-6474\" style=\"\" itemscope itemtype=\"http:\/\/schema.org\/Event\" data-start=\"1761571800\">\n\t\t<div class=\"simcal-event-details\"><p class=\"gce-list-event event-title\"><span style=\"color: #00acc8\"><em><span class=\"simcal-event-start simcal-event-start-time\" data-event-start=\"1761571800\" data-event-format=\"H:i\" itemprop=\"startDate\" content=\"2025-10-27T14:30:00+01:00\">14:30<\/span> - <span class=\"simcal-event-address simcal-event-start-location\" itemprop=\"location\" itemscope itemtype=\"http:\/\/schema.org\/Place\"><meta itemprop=\"name\" content=\"Yverdon-les-Bains - Aula Magna du ch\u00e2teau, place Pestalozzi\" \/><meta itemprop=\"address\" content=\"Yverdon-les-Bains - Aula Magna du ch\u00e2teau, place Pestalozzi\" \/>Yverdon-les-Bains - Aula Magna du ch\u00e2teau, place Pestalozzi<\/span><\/em><\/span><\/p>\r\n<p class=\"gce-list-event event-title\"><strong><span class=\"simcal-event-title\" itemprop=\"name\">Le fran\u00e7ais de Suisse romande : une langue bien de chez nous ?<\/span><\/strong><\/p>\r\n<div class=\"simcal-event-description\" itemprop=\"description\"><p>Mathieu Avanzi, dialectologue, professeur en science du langage, Unine<\/p>\n<\/div>\r\n\r\n&nbsp;\r\n<div><\/div><\/div>\n\t<\/li>\n<\/ul>\n\n<\/dd>\n\t<dt class=\"simcal-day-label\" style=\"border-bottom: 1px solid #00acc8;\" ><span style=\"background-color: #00acc8; color: #ffffff;\"><span class=\"simcal-date-format\" data-date-format=\"j F Y\">10 novembre 2025<\/span> <\/span><\/dt>\n<dd class=\"simcal-weekday-1 simcal-past simcal-day simcal-day-has-events simcal-day-has-1-events simcal-events-calendar-6474\" data-events-count=\"1\">\n\t<ul class=\"simcal-events\">\n\t<li class=\"simcal-event simcal-event-has-location simcal-events-calendar-6474\" style=\"\" itemscope itemtype=\"http:\/\/schema.org\/Event\" data-start=\"1762781400\">\n\t\t<div class=\"simcal-event-details\"><p class=\"gce-list-event event-title\"><span style=\"color: #00acc8\"><em><span class=\"simcal-event-start simcal-event-start-time\" data-event-start=\"1762781400\" data-event-format=\"H:i\" itemprop=\"startDate\" content=\"2025-11-10T14:30:00+01:00\">14:30<\/span> - <span class=\"simcal-event-address simcal-event-start-location\" itemprop=\"location\" itemscope itemtype=\"http:\/\/schema.org\/Place\"><meta itemprop=\"name\" content=\"Yverdon-les-Bains - Aula Magna du ch\u00e2teau, place Pestalozzi\" \/><meta itemprop=\"address\" content=\"Yverdon-les-Bains - Aula Magna du ch\u00e2teau, place Pestalozzi\" \/>Yverdon-les-Bains - Aula Magna du ch\u00e2teau, place Pestalozzi<\/span><\/em><\/span><\/p>\r\n<p class=\"gce-list-event event-title\"><strong><span class=\"simcal-event-title\" itemprop=\"name\">La France a-t-elle cr\u00e9\u00e9 la Suisse ?<\/span><\/strong><\/p>\r\n<div class=\"simcal-event-description\" itemprop=\"description\"><p>Alain-Jacques Tornare, docteur \u00e8s lettres, ancien charg\u00e9 de cours \u00e9m\u00e9rite, Unifr<\/p>\n<\/div>\r\n\r\n&nbsp;\r\n<div><\/div><\/div>\n\t<\/li>\n<\/ul>\n\n<\/dd>\n\t<dt class=\"simcal-day-label\" style=\"border-bottom: 1px solid #00acc8;\" ><span style=\"background-color: #00acc8; color: #ffffff;\"><span class=\"simcal-date-format\" data-date-format=\"j F Y\">5 janvier 2026<\/span> <\/span><\/dt>\n<dd class=\"simcal-weekday-1 simcal-past simcal-day simcal-day-has-events simcal-day-has-1-events simcal-events-calendar-6474\" data-events-count=\"1\">\n\t<ul class=\"simcal-events\">\n\t<li class=\"simcal-event simcal-event-has-location simcal-events-calendar-6474\" style=\"\" itemscope itemtype=\"http:\/\/schema.org\/Event\" data-start=\"1767619800\">\n\t\t<div class=\"simcal-event-details\"><p class=\"gce-list-event event-title\"><span style=\"color: #00acc8\"><em><span class=\"simcal-event-start simcal-event-start-time\" data-event-start=\"1767619800\" data-event-format=\"H:i\" itemprop=\"startDate\" content=\"2026-01-05T14:30:00+01:00\">14:30<\/span> - <span class=\"simcal-event-address simcal-event-start-location\" itemprop=\"location\" itemscope itemtype=\"http:\/\/schema.org\/Place\"><meta itemprop=\"name\" content=\"Yverdon-les-Bains - Aula Magna du ch\u00e2teau, place Pestalozzi\" \/><meta itemprop=\"address\" content=\"Yverdon-les-Bains - Aula Magna du ch\u00e2teau, place Pestalozzi\" \/>Yverdon-les-Bains - Aula Magna du ch\u00e2teau, place Pestalozzi<\/span><\/em><\/span><\/p>\r\n<p class=\"gce-list-event event-title\"><strong><span class=\"simcal-event-title\" itemprop=\"name\">Mozart, de l\u2019enfant prodige au g\u00e9nie<\/span><\/strong><\/p>\r\n<div class=\"simcal-event-description\" itemprop=\"description\"><p>Luc Baghdassarian, musicien et chef d\u2019orchestre<\/p>\n<\/div>\r\n\r\n&nbsp;\r\n<div><\/div><\/div>\n\t<\/li>\n<\/ul>\n\n<\/dd>\n\t<dt class=\"simcal-day-label\" style=\"border-bottom: 1px solid #00acc8;\" ><span style=\"background-color: #00acc8; color: #ffffff;\"><span class=\"simcal-date-format\" data-date-format=\"j F Y\">19 janvier 2026<\/span> <\/span><\/dt>\n<dd class=\"simcal-weekday-1 simcal-past simcal-day simcal-day-has-events simcal-day-has-1-events simcal-events-calendar-6474\" data-events-count=\"1\">\n\t<ul class=\"simcal-events\">\n\t<li class=\"simcal-event simcal-event-has-location simcal-events-calendar-6474\" style=\"\" itemscope itemtype=\"http:\/\/schema.org\/Event\" data-start=\"1768829400\">\n\t\t<div class=\"simcal-event-details\"><p class=\"gce-list-event event-title\"><span style=\"color: #00acc8\"><em><span class=\"simcal-event-start simcal-event-start-time\" data-event-start=\"1768829400\" data-event-format=\"H:i\" itemprop=\"startDate\" content=\"2026-01-19T14:30:00+01:00\">14:30<\/span> - <span class=\"simcal-event-address simcal-event-start-location\" itemprop=\"location\" itemscope itemtype=\"http:\/\/schema.org\/Place\"><meta itemprop=\"name\" content=\"Yverdon-les-Bains - Aula Magna du ch\u00e2teau, place Pestalozzi\" \/><meta itemprop=\"address\" content=\"Yverdon-les-Bains - Aula Magna du ch\u00e2teau, place Pestalozzi\" \/>Yverdon-les-Bains - Aula Magna du ch\u00e2teau, place Pestalozzi<\/span><\/em><\/span><\/p>\r\n<p class=\"gce-list-event event-title\"><strong><span class=\"simcal-event-title\" itemprop=\"name\">Alexander von Humboldt et l\u2019invention de l\u2019environnement<\/span><\/strong><\/p>\r\n<div class=\"simcal-event-description\" itemprop=\"description\"><p>Francesco Panese, professeur d\u2019\u00e9tudes sociales de la m\u00e9decine et des sciences, UNIL<\/p>\n<\/div>\r\n\r\n&nbsp;\r\n<div><\/div><\/div>\n\t<\/li>\n<\/ul>\n\n<\/dd>\n\t<dt class=\"simcal-day-label\" style=\"border-bottom: 1px solid #00acc8;\" ><span style=\"background-color: #00acc8; color: #ffffff;\"><span class=\"simcal-date-format\" data-date-format=\"j F Y\">2 f\u00e9vrier 2026<\/span> <\/span><\/dt>\n<dd class=\"simcal-weekday-1 simcal-past simcal-day simcal-day-has-events simcal-day-has-1-events simcal-events-calendar-6474\" data-events-count=\"1\">\n\t<ul class=\"simcal-events\">\n\t<li class=\"simcal-event simcal-event-has-location simcal-events-calendar-6474\" style=\"\" itemscope itemtype=\"http:\/\/schema.org\/Event\" data-start=\"1770039000\">\n\t\t<div class=\"simcal-event-details\"><p class=\"gce-list-event event-title\"><span style=\"color: #00acc8\"><em><span class=\"simcal-event-start simcal-event-start-time\" data-event-start=\"1770039000\" data-event-format=\"H:i\" itemprop=\"startDate\" content=\"2026-02-02T14:30:00+01:00\">14:30<\/span> - <span class=\"simcal-event-address simcal-event-start-location\" itemprop=\"location\" itemscope itemtype=\"http:\/\/schema.org\/Place\"><meta itemprop=\"name\" content=\"Yverdon-les-Bains - Aula Magna du ch\u00e2teau, place Pestalozzi\" \/><meta itemprop=\"address\" content=\"Yverdon-les-Bains - Aula Magna du ch\u00e2teau, place Pestalozzi\" \/>Yverdon-les-Bains - Aula Magna du ch\u00e2teau, place Pestalozzi<\/span><\/em><\/span><\/p>\r\n<p class=\"gce-list-event event-title\"><strong><span class=\"simcal-event-title\" itemprop=\"name\">M\u00e9decine int\u00e9grative pour tous les \u00e2ges<\/span><\/strong><\/p>\r\n<div class=\"simcal-event-description\" itemprop=\"description\"><p>Pierre-Yves\u00a0Rodondi,\u00a0professeur, directeur de l\u2019Institut de m\u00e9decine de famille, Unifr<\/p>\n<\/div>\r\n\r\n&nbsp;\r\n<div><\/div><\/div>\n\t<\/li>\n<\/ul>\n\n<\/dd>\n\t<dt class=\"simcal-day-label\" style=\"border-bottom: 1px solid #00acc8;\" ><span style=\"background-color: #00acc8; color: #ffffff;\"><span class=\"simcal-date-format\" data-date-format=\"j F Y\">16 f\u00e9vrier 2026<\/span> <\/span><\/dt>\n<dd class=\"simcal-weekday-1 simcal-past simcal-day simcal-day-has-events simcal-day-has-1-events simcal-events-calendar-6474\" data-events-count=\"1\">\n\t<ul class=\"simcal-events\">\n\t<li class=\"simcal-event simcal-event-has-location simcal-events-calendar-6474\" style=\"\" itemscope itemtype=\"http:\/\/schema.org\/Event\" data-start=\"1771248600\">\n\t\t<div class=\"simcal-event-details\"><p class=\"gce-list-event event-title\"><span style=\"color: #00acc8\"><em><span class=\"simcal-event-start simcal-event-start-time\" data-event-start=\"1771248600\" data-event-format=\"H:i\" itemprop=\"startDate\" content=\"2026-02-16T14:30:00+01:00\">14:30<\/span> - <span class=\"simcal-event-address simcal-event-start-location\" itemprop=\"location\" itemscope itemtype=\"http:\/\/schema.org\/Place\"><meta itemprop=\"name\" content=\"Yverdon-les-Bains - Aula Magna du ch\u00e2teau, place Pestalozzi\" \/><meta itemprop=\"address\" content=\"Yverdon-les-Bains - Aula Magna du ch\u00e2teau, place Pestalozzi\" \/>Yverdon-les-Bains - Aula Magna du ch\u00e2teau, place Pestalozzi<\/span><\/em><\/span><\/p>\r\n<p class=\"gce-list-event event-title\"><strong><span class=\"simcal-event-title\" itemprop=\"name\">Les origines du vin<\/span><\/strong><\/p>\r\n<div class=\"simcal-event-description\" itemprop=\"description\"><p>Philippe\u00a0Dupraz,\u00a0professeur retrait\u00e9 de viticulture, Changins<\/p>\n<\/div>\r\n\r\n&nbsp;\r\n<div><\/div><\/div>\n\t<\/li>\n<\/ul>\n\n<\/dd>\n\t<dt class=\"simcal-day-label\" style=\"border-bottom: 1px solid #00acc8;\" ><span style=\"background-color: #00acc8; color: #ffffff;\"><span class=\"simcal-date-format\" data-date-format=\"j F Y\">2 mars 2026<\/span> <\/span><\/dt>\n<dd class=\"simcal-weekday-1 simcal-past simcal-day simcal-day-has-events simcal-day-has-1-events simcal-events-calendar-6474\" data-events-count=\"1\">\n\t<ul class=\"simcal-events\">\n\t<li class=\"simcal-event simcal-event-has-location simcal-events-calendar-6474\" style=\"\" itemscope itemtype=\"http:\/\/schema.org\/Event\" data-start=\"1772458200\">\n\t\t<div class=\"simcal-event-details\"><p class=\"gce-list-event event-title\"><span style=\"color: #00acc8\"><em><span class=\"simcal-event-start simcal-event-start-time\" data-event-start=\"1772458200\" data-event-format=\"H:i\" itemprop=\"startDate\" content=\"2026-03-02T14:30:00+01:00\">14:30<\/span> - <span class=\"simcal-event-address simcal-event-start-location\" itemprop=\"location\" itemscope itemtype=\"http:\/\/schema.org\/Place\"><meta itemprop=\"name\" content=\"Yverdon-les-Bains - Aula Magna du ch\u00e2teau, place Pestalozzi\" \/><meta itemprop=\"address\" content=\"Yverdon-les-Bains - Aula Magna du ch\u00e2teau, place Pestalozzi\" \/>Yverdon-les-Bains - Aula Magna du ch\u00e2teau, place Pestalozzi<\/span><\/em><\/span><\/p>\r\n<p class=\"gce-list-event event-title\"><strong><span class=\"simcal-event-title\" itemprop=\"name\">La th\u00e9orie du donut, ou comment une p\u00e2tisserie am\u00e9ricaine pourrait r\u00e9volutionner notre \u00e9conomie<\/span><\/strong><\/p>\r\n<div class=\"simcal-event-description\" itemprop=\"description\"><p>Ad\u00e8le\u00a0Thorens Goumaz,\u00a0professeure, HEIG-VD, ancienne conseill\u00e8re nationale et aux \u00c9tats<\/p>\n<\/div>\r\n\r\n&nbsp;\r\n<div><\/div><\/div>\n\t<\/li>\n<\/ul>\n\n<\/dd>\n\t<dt class=\"simcal-day-label\" style=\"border-bottom: 1px solid #00acc8;\" ><span style=\"background-color: #00acc8; color: #ffffff;\"><span class=\"simcal-date-format\" data-date-format=\"j F Y\">16 mars 2026<\/span> <\/span><\/dt>\n<dd class=\"simcal-weekday-1 simcal-past simcal-day simcal-day-has-events simcal-day-has-1-events simcal-events-calendar-6474\" data-events-count=\"1\">\n\t<ul class=\"simcal-events\">\n\t<li class=\"simcal-event simcal-event-has-location simcal-events-calendar-6474\" style=\"\" itemscope itemtype=\"http:\/\/schema.org\/Event\" data-start=\"1773667800\">\n\t\t<div class=\"simcal-event-details\"><p class=\"gce-list-event event-title\"><span style=\"color: #00acc8\"><em><span class=\"simcal-event-start simcal-event-start-time\" data-event-start=\"1773667800\" data-event-format=\"H:i\" itemprop=\"startDate\" content=\"2026-03-16T14:30:00+01:00\">14:30<\/span> - <span class=\"simcal-event-address simcal-event-start-location\" itemprop=\"location\" itemscope itemtype=\"http:\/\/schema.org\/Place\"><meta itemprop=\"name\" content=\"Yverdon-les-Bains - Aula Magna du ch\u00e2teau, place Pestalozzi\" \/><meta itemprop=\"address\" content=\"Yverdon-les-Bains - Aula Magna du ch\u00e2teau, place Pestalozzi\" \/>Yverdon-les-Bains - Aula Magna du ch\u00e2teau, place Pestalozzi<\/span><\/em><\/span><\/p>\r\n<p class=\"gce-list-event event-title\"><strong><span class=\"simcal-event-title\" itemprop=\"name\">Du voyage au terroir, de la fourchette \u00e0 la fourche<\/span><\/strong><\/p>\r\n<div class=\"simcal-event-description\" itemprop=\"description\"><p>Blaise\u00a0Hofmann,\u00a0\u00e9crivain et vigneron<\/p>\n<\/div>\r\n\r\n&nbsp;\r\n<div><\/div><\/div>\n\t<\/li>\n<\/ul>\n\n<\/dd>\n\t<dt class=\"simcal-day-label\" style=\"border-bottom: 1px solid #00acc8;\" ><span style=\"background-color: #00acc8; color: #ffffff;\"><span class=\"simcal-date-format\" data-date-format=\"j F Y\">30 mars 2026<\/span> <\/span><\/dt>\n<dd class=\"simcal-weekday-1 simcal-past simcal-day simcal-day-has-events simcal-day-has-1-events simcal-events-calendar-6474\" data-events-count=\"1\">\n\t<ul class=\"simcal-events\">\n\t<li class=\"simcal-event simcal-event-has-location simcal-events-calendar-6474\" style=\"\" itemscope itemtype=\"http:\/\/schema.org\/Event\" data-start=\"1774873800\">\n\t\t<div class=\"simcal-event-details\"><p class=\"gce-list-event event-title\"><span style=\"color: #00acc8\"><em><span class=\"simcal-event-start simcal-event-start-time\" data-event-start=\"1774873800\" data-event-format=\"H:i\" itemprop=\"startDate\" content=\"2026-03-30T14:30:00+02:00\">14:30<\/span> - <span class=\"simcal-event-address simcal-event-start-location\" itemprop=\"location\" itemscope itemtype=\"http:\/\/schema.org\/Place\"><meta itemprop=\"name\" content=\"Yverdon-les-Bains - Aula Magna du ch\u00e2teau, place Pestalozzi\" \/><meta itemprop=\"address\" content=\"Yverdon-les-Bains - Aula Magna du ch\u00e2teau, place Pestalozzi\" \/>Yverdon-les-Bains - Aula Magna du ch\u00e2teau, place Pestalozzi<\/span><\/em><\/span><\/p>\r\n<p class=\"gce-list-event event-title\"><strong><span class=\"simcal-event-title\" itemprop=\"name\">Les routes romaines d&#039;Yverdon \u00e0 Avenches et de Moudon \u00e0 Avenches<\/span><\/strong><\/p>\r\n<div class=\"simcal-event-description\" itemprop=\"description\"><p>Michel\u00a0Fuchs,\u00a0arch\u00e9ologue, professeur honoraire, UNIL<\/p>\n<\/div>\r\n\r\n&nbsp;\r\n<div><\/div><\/div>\n\t<\/li>\n<\/ul>\n\n<\/dd>\n<\/dl><div class=\"simcal-ajax-loader simcal-spinner-top\" style=\"display: none;\"><i class=\"simcal-icon-spinner simcal-icon-spin\"><\/i><\/div><\/div><\/div>\n\n\n\n<hr class=\"wp-block-separator has-alpha-channel-opacity is-style-wide\" \/>\n\n\n\n<p class=\"has-text-align-left is-style-default has-white-color has-text-color has-background has-link-color wp-elements-edadd0922c15ce805ea91927bd3cc4a1\" style=\"background-color:#00acc8;font-size:16px\"><strong><a href=\"https:\/\/wp.unil.ch\/connaissance3\/tarifs-et-conditions\/\">Prix des entr\u00e9es:<\/a>&nbsp; 15 fr. | avec adh\u00e9sion: 10 fr. | avec abonnement: entr\u00e9e libre<br>\u00c0 r\u00e9gler sur place. Pas d\u2019inscription.<\/strong><br><br>Entr\u00e9e libre pour les membres de l\u2019UNIL, de l\u2019EPFL, de la HEIG-VD et de la HES-La Source ainsi que des autres Universit\u00e9s des seniors, sur pr\u00e9sentation d\u2019une carte de l\u00e9gitimation (<a href=\"https:\/\/wp.unil.ch\/connaissance3\/adherer\/tarifs-et-conditions-generales\/\" data-type=\"link\" data-id=\"https:\/\/wp.unil.ch\/connaissance3\/adherer\/tarifs-et-conditions-generales\/\" target=\"_blank\" rel=\"noreferrer noopener\">voir conditions<\/a>).<\/p>\n","protected":false},"excerpt":{"rendered":"<p>Le comit\u00e9 r\u00e9gional de Connaissance 3 \u2013 Nord vaudois vous propose des conf\u00e9rences \u00e0 Yverdon-les-Bains.Adresse des salles, voir: Lieux et acc\u00e8s<\/p>\n","protected":false},"author":1136,"featured_media":0,"parent":8679,"menu_order":0,"comment_status":"closed","ping_status":"closed","template":"","meta":{"_seopress_robots_primary_cat":"","_seopress_titles_title":"","_seopress_titles_desc":"","_seopress_robots_index":"","footnotes":""},"class_list":["post-6473","page","type-page","status-publish"],"_links":{"self":[{"href":"https:\/\/wp.unil.ch\/connaissance3\/wp-json\/wp\/v2\/pages\/6473","targetHints":{"allow":["GET"]}}],"collection":[{"href":"https:\/\/wp.unil.ch\/connaissance3\/wp-json\/wp\/v2\/pages"}],"about":[{"href":"https:\/\/wp.unil.ch\/connaissance3\/wp-json\/wp\/v2\/types\/page"}],"author":[{"embeddable":true,"href":"https:\/\/wp.unil.ch\/connaissance3\/wp-json\/wp\/v2\/users\/1136"}],"replies":[{"embeddable":true,"href":"https:\/\/wp.unil.ch\/connaissance3\/wp-json\/wp\/v2\/comments?post=6473"}],"version-history":[{"count":5,"href":"https:\/\/wp.unil.ch\/connaissance3\/wp-json\/wp\/v2\/pages\/6473\/revisions"}],"predecessor-version":[{"id":28779,"href":"https:\/\/wp.unil.ch\/connaissance3\/wp-json\/wp\/v2\/pages\/6473\/revisions\/28779"}],"up":[{"embeddable":true,"href":"https:\/\/wp.unil.ch\/connaissance3\/wp-json\/wp\/v2\/pages\/8679"}],"wp:attachment":[{"href":"https:\/\/wp.unil.ch\/connaissance3\/wp-json\/wp\/v2\/media?parent=6473"}],"curies":[{"name":"wp","href":"https:\/\/api.w.org\/{rel}","templated":true}]}}