{"id":6459,"date":"2015-08-17T08:51:22","date_gmt":"2015-08-17T06:51:22","guid":{"rendered":"http:\/\/wp.unil.ch\/connaissance3\/?page_id=6459"},"modified":"2024-07-23T09:52:43","modified_gmt":"2024-07-23T07:52:43","slug":"conferences-au-pied-du-jura","status":"publish","type":"page","link":"https:\/\/wp.unil.ch\/connaissance3\/conferences\/saisons-regionales\/conferences-au-pied-du-jura\/","title":{"rendered":"Conf\u00e9rences au Pied du Jura"},"content":{"rendered":"\n<p>Le comit\u00e9 r\u00e9gional de Connaissance 3 \u2013 Pied du Jura vous propose des conf\u00e9rences \u00e0 Cossonay, \u00e0 Penthalaz et \u00e0 Orbe.<br>Adresse des salles, voir: <a href=\"https:\/\/wp.unil.ch\/connaissance3\/conferences\/lieux-et-acces\/\">Lieux et acc\u00e8s<\/a><\/p>\n\n\n\n<h2 class=\"wp-block-heading\">Saison 2025-2026<\/h2>\n\n\n<div class=\"simcal-calendar simcal-default-calendar simcal-default-calendar-list simcal-default-calendar-light\" data-calendar-id=\"6460\" data-timezone=\"Europe\/Paris\" data-offset=\"7200\" data-week-start=\"1\" data-calendar-start=\"1756072800\" data-calendar-end=\"1774537200\" data-events-first=\"1759408200\" data-events-last=\"1774537200\"><div class=\"simcal-calendar-list \"><dl class=\"simcal-events-list-container\" data-prev=\"1730156400\" data-next=\"1781992800\" data-heading-small=\"2025 - 2026\" data-heading-large=\"2025 - 2026\">\t<dt class=\"simcal-day-label\" style=\"border-bottom: 1px solid #00acc8;\" ><span style=\"background-color: #00acc8; color: #ffffff;\"><span class=\"simcal-date-format\" data-date-format=\"j F Y\">2 octobre 2025<\/span> <\/span><\/dt>\n<dd class=\"simcal-weekday-4 simcal-past simcal-day simcal-day-has-events simcal-day-has-1-events simcal-events-calendar-6460\" data-events-count=\"1\">\n\t<ul class=\"simcal-events\">\n\t<li class=\"simcal-event simcal-event-has-location simcal-events-calendar-6460\" style=\"\" itemscope itemtype=\"http:\/\/schema.org\/Event\" data-start=\"1759408200\">\n\t\t<div class=\"simcal-event-details\"><p class=\"gce-list-event event-title\"><span style=\"color: #00acc8\"><em><span class=\"simcal-event-start simcal-event-start-time\" data-event-start=\"1759408200\" data-event-format=\"H:i\" itemprop=\"startDate\" content=\"2025-10-02T14:30:00+02:00\">14:30<\/span> - <span class=\"simcal-event-address simcal-event-start-location\" itemprop=\"location\" itemscope itemtype=\"http:\/\/schema.org\/Place\"><meta itemprop=\"name\" content=\"Penthalaz - Grande Salle, Centre communal du Verger, place Centrale 4\" \/><meta itemprop=\"address\" content=\"Penthalaz - Grande Salle, Centre communal du Verger, place Centrale 4\" \/>Penthalaz - Grande Salle, Centre communal du Verger, place Centrale 4<\/span><\/em><\/span><\/p>\r\n<p class=\"gce-list-event event-title\"><strong><span class=\"simcal-event-title\" itemprop=\"name\">Pourquoi parle-t-on fran\u00e7ais en Suisse Romande ?<\/span><\/strong><\/p>\r\n<div class=\"simcal-event-description\" itemprop=\"description\"><p>Julie Rothenb\u00fchler, collaboratrice scientifique au Glossaire des patois de la Suisse romande, Unine<\/p>\n<\/div><\/div>\n\t<\/li>\n<\/ul>\n\n<\/dd>\n\t<dt class=\"simcal-day-label\" style=\"border-bottom: 1px solid #00acc8;\" ><span style=\"background-color: #00acc8; color: #ffffff;\"><span class=\"simcal-date-format\" data-date-format=\"j F Y\">6 novembre 2025<\/span> <\/span><\/dt>\n<dd class=\"simcal-weekday-4 simcal-past simcal-day simcal-day-has-events simcal-day-has-1-events simcal-events-calendar-6460\" data-events-count=\"1\">\n\t<ul class=\"simcal-events\">\n\t<li class=\"simcal-event simcal-event-has-location simcal-events-calendar-6460\" style=\"\" itemscope itemtype=\"http:\/\/schema.org\/Event\" data-start=\"1762435800\">\n\t\t<div class=\"simcal-event-details\"><p class=\"gce-list-event event-title\"><span style=\"color: #00acc8\"><em><span class=\"simcal-event-start simcal-event-start-time\" data-event-start=\"1762435800\" data-event-format=\"H:i\" itemprop=\"startDate\" content=\"2025-11-06T14:30:00+01:00\">14:30<\/span> - <span class=\"simcal-event-address simcal-event-start-location\" itemprop=\"location\" itemscope itemtype=\"http:\/\/schema.org\/Place\"><meta itemprop=\"name\" content=\"Cossonay - Salle du Conseil communal, place du Temple 9\" \/><meta itemprop=\"address\" content=\"Cossonay - Salle du Conseil communal, place du Temple 9\" \/>Cossonay - Salle du Conseil communal, place du Temple 9<\/span><\/em><\/span><\/p>\r\n<p class=\"gce-list-event event-title\"><strong><span class=\"simcal-event-title\" itemprop=\"name\">La musique comme m\u00e9decine ?<\/span><\/strong><\/p>\r\n<div class=\"simcal-event-description\" itemprop=\"description\"><p>Olivier Bettens, m\u00e9decin et historien<\/p>\n<p><\/p>\n<p>Depuis toujours, on a attribu\u00e9 \u00e0 la musique des pouvoirs myst\u00e9rieux allant du simple bien-\u00eatre jusqu\u2019\u00e0 la gu\u00e9rison des maladies. En puisant dans les acquis de la science moderne et dans l\u2019histoire de la musique et de la po\u00e9sie, Olivier Bettens, m\u00e9decin \u00e0 Cossonay, explorera les pouvoirs de la musique sur notre sant\u00e9.\u00a0<\/p>\n<p>Cette conf\u00e9rence est en lien avec le concert No 2, \u00abLa Prose du Transsib\u00e9rien\u00bb de l\u2019Ecole de musique de Cossonay. Ce voyage po\u00e9tico-musical, le dimanche suivant 9 novembre \u00e0 17 h au Th\u00e9\u00e2tre du PAM \u00e0 Cossonay, sera anim\u00e9 par le Dr. Olivier Bettens comme r\u00e9citant, accompagn\u00e9 musicalement au chant par Rapha\u00eblle Brochet, aux claviers par M. Guy-Fran\u00e7ois Leuenberger et \u00e0 l\u2019oud par le Dr. psychiatre Amine Mrhaihi .\u00a0<\/p>\n<p>Informations compl\u00e9mentaires sur le site partenaire de l\u2019Ecole de Musique de Cossonay\u00a0:\u00a0<a href=\"http:\/\/www.musicoss.ch\/\"><u>www.musicoss.ch<\/u><\/a><\/p>\n<\/div><\/div>\n\t<\/li>\n<\/ul>\n\n<\/dd>\n\t<dt class=\"simcal-day-label\" style=\"border-bottom: 1px solid #00acc8;\" ><span style=\"background-color: #00acc8; color: #ffffff;\"><span class=\"simcal-date-format\" data-date-format=\"j F Y\">27 novembre 2025<\/span> <\/span><\/dt>\n<dd class=\"simcal-weekday-4 simcal-past simcal-day simcal-day-has-events simcal-day-has-1-events simcal-events-calendar-6460\" data-events-count=\"1\">\n\t<ul class=\"simcal-events\">\n\t<li class=\"simcal-event simcal-event-has-location simcal-events-calendar-6460\" style=\"\" itemscope itemtype=\"http:\/\/schema.org\/Event\" data-start=\"1764250200\">\n\t\t<div class=\"simcal-event-details\"><p class=\"gce-list-event event-title\"><span style=\"color: #00acc8\"><em><span class=\"simcal-event-start simcal-event-start-time\" data-event-start=\"1764250200\" data-event-format=\"H:i\" itemprop=\"startDate\" content=\"2025-11-27T14:30:00+01:00\">14:30<\/span> - <span class=\"simcal-event-address simcal-event-start-location\" itemprop=\"location\" itemscope itemtype=\"http:\/\/schema.org\/Place\"><meta itemprop=\"name\" content=\"Orbe \u2013 Salle de paroisse, rue Davall 5\" \/><meta itemprop=\"address\" content=\"Orbe \u2013 Salle de paroisse, rue Davall 5\" \/>Orbe \u2013 Salle de paroisse, rue Davall 5<\/span><\/em><\/span><\/p>\r\n<p class=\"gce-list-event event-title\"><strong><span class=\"simcal-event-title\" itemprop=\"name\">La sant\u00e9 mentale se d\u00e9grade-t-elle ? Que font les psys ?<\/span><\/strong><\/p>\r\n<div class=\"simcal-event-description\" itemprop=\"description\"><p>Nicolas Duruz, psychologue-psychoth\u00e9rapeute, professeur honoraire, UNIL<\/p>\n<\/div><\/div>\n\t<\/li>\n<\/ul>\n\n<\/dd>\n\t<dt class=\"simcal-day-label\" style=\"border-bottom: 1px solid #00acc8;\" ><span style=\"background-color: #00acc8; color: #ffffff;\"><span class=\"simcal-date-format\" data-date-format=\"j F Y\">11 d\u00e9cembre 2025<\/span> <\/span><\/dt>\n<dd class=\"simcal-weekday-4 simcal-past simcal-day simcal-day-has-events simcal-day-has-1-events simcal-events-calendar-6460\" data-events-count=\"1\">\n\t<ul class=\"simcal-events\">\n\t<li class=\"simcal-event simcal-event-has-location simcal-events-calendar-6460\" style=\"\" itemscope itemtype=\"http:\/\/schema.org\/Event\" data-start=\"1765459800\">\n\t\t<div class=\"simcal-event-details\"><p class=\"gce-list-event event-title\"><span style=\"color: #00acc8\"><em><span class=\"simcal-event-start simcal-event-start-time\" data-event-start=\"1765459800\" data-event-format=\"H:i\" itemprop=\"startDate\" content=\"2025-12-11T14:30:00+01:00\">14:30<\/span> - <span class=\"simcal-event-address simcal-event-start-location\" itemprop=\"location\" itemscope itemtype=\"http:\/\/schema.org\/Place\"><meta itemprop=\"name\" content=\"Penthalaz - Grande Salle, Centre communal du Verger, place Centrale 4\" \/><meta itemprop=\"address\" content=\"Penthalaz - Grande Salle, Centre communal du Verger, place Centrale 4\" \/>Penthalaz - Grande Salle, Centre communal du Verger, place Centrale 4<\/span><\/em><\/span><\/p>\r\n<p class=\"gce-list-event event-title\"><strong><span class=\"simcal-event-title\" itemprop=\"name\">La th\u00e9orie du big bang \u00e0 la lumi\u00e8re des derni\u00e8res d\u00e9couvertes<\/span><\/strong><\/p>\r\n<div class=\"simcal-event-description\" itemprop=\"description\"><p>Georges Meynet, professeur honoraire, Unige<\/p>\n<\/div><\/div>\n\t<\/li>\n<\/ul>\n\n<\/dd>\n\t<dt class=\"simcal-day-label\" style=\"border-bottom: 1px solid #00acc8;\" ><span style=\"background-color: #00acc8; color: #ffffff;\"><span class=\"simcal-date-format\" data-date-format=\"j F Y\">8 janvier 2026<\/span> <\/span><\/dt>\n<dd class=\"simcal-weekday-4 simcal-past simcal-day simcal-day-has-events simcal-day-has-1-events simcal-events-calendar-6460\" data-events-count=\"1\">\n\t<ul class=\"simcal-events\">\n\t<li class=\"simcal-event simcal-event-has-location simcal-events-calendar-6460\" style=\"\" itemscope itemtype=\"http:\/\/schema.org\/Event\" data-start=\"1767879000\">\n\t\t<div class=\"simcal-event-details\"><p class=\"gce-list-event event-title\"><span style=\"color: #00acc8\"><em><span class=\"simcal-event-start simcal-event-start-time\" data-event-start=\"1767879000\" data-event-format=\"H:i\" itemprop=\"startDate\" content=\"2026-01-08T14:30:00+01:00\">14:30<\/span> - <span class=\"simcal-event-address simcal-event-start-location\" itemprop=\"location\" itemscope itemtype=\"http:\/\/schema.org\/Place\"><meta itemprop=\"name\" content=\"Cossonay - Salle du Conseil communal, place du Temple 9\" \/><meta itemprop=\"address\" content=\"Cossonay - Salle du Conseil communal, place du Temple 9\" \/>Cossonay - Salle du Conseil communal, place du Temple 9<\/span><\/em><\/span><\/p>\r\n<p class=\"gce-list-event event-title\"><strong><span class=\"simcal-event-title\" itemprop=\"name\">Renaturation des rivi\u00e8res : quel b\u00e9n\u00e9fice ?<\/span><\/strong><\/p>\r\n<div class=\"simcal-event-description\" itemprop=\"description\"><p>Alberto Mocchi, secr\u00e9taire g\u00e9n\u00e9ral de Pro Natura Vaud et d\u00e9put\u00e9<\/p>\n<\/div><\/div>\n\t<\/li>\n<\/ul>\n\n<\/dd>\n\t<dt class=\"simcal-day-label\" style=\"border-bottom: 1px solid #00acc8;\" ><span style=\"background-color: #00acc8; color: #ffffff;\"><span class=\"simcal-date-format\" data-date-format=\"j F Y\">22 janvier 2026<\/span> <\/span><\/dt>\n<dd class=\"simcal-weekday-4 simcal-past simcal-day simcal-day-has-events simcal-day-has-1-events simcal-events-calendar-6460\" data-events-count=\"1\">\n\t<ul class=\"simcal-events\">\n\t<li class=\"simcal-event simcal-event-has-location simcal-events-calendar-6460\" style=\"\" itemscope itemtype=\"http:\/\/schema.org\/Event\" data-start=\"1769088600\">\n\t\t<div class=\"simcal-event-details\"><p class=\"gce-list-event event-title\"><span style=\"color: #00acc8\"><em><span class=\"simcal-event-start simcal-event-start-time\" data-event-start=\"1769088600\" data-event-format=\"H:i\" itemprop=\"startDate\" content=\"2026-01-22T14:30:00+01:00\">14:30<\/span> - <span class=\"simcal-event-address simcal-event-start-location\" itemprop=\"location\" itemscope itemtype=\"http:\/\/schema.org\/Place\"><meta itemprop=\"name\" content=\"Orbe \u2013 Salle de paroisse, rue Davall 5\" \/><meta itemprop=\"address\" content=\"Orbe \u2013 Salle de paroisse, rue Davall 5\" \/>Orbe \u2013 Salle de paroisse, rue Davall 5<\/span><\/em><\/span><\/p>\r\n<p class=\"gce-list-event event-title\"><strong><span class=\"simcal-event-title\" itemprop=\"name\">La Justice de Paix, hier et aujourd\u2019hui<\/span><\/strong><\/p>\r\n<div class=\"simcal-event-description\" itemprop=\"description\"><p>Virginie Chapuisat, juge de paix<\/p>\n<\/div><\/div>\n\t<\/li>\n<\/ul>\n\n<\/dd>\n\t<dt class=\"simcal-day-label\" style=\"border-bottom: 1px solid #00acc8;\" ><span style=\"background-color: #00acc8; color: #ffffff;\"><span class=\"simcal-date-format\" data-date-format=\"j F Y\">12 f\u00e9vrier 2026<\/span> <\/span><\/dt>\n<dd class=\"simcal-weekday-4 simcal-past simcal-day simcal-day-has-events simcal-day-has-1-events simcal-events-calendar-6460\" data-events-count=\"1\">\n\t<ul class=\"simcal-events\">\n\t<li class=\"simcal-event simcal-event-has-location simcal-events-calendar-6460\" style=\"\" itemscope itemtype=\"http:\/\/schema.org\/Event\" data-start=\"1770903000\">\n\t\t<div class=\"simcal-event-details\"><p class=\"gce-list-event event-title\"><span style=\"color: #00acc8\"><em><span class=\"simcal-event-start simcal-event-start-time\" data-event-start=\"1770903000\" data-event-format=\"H:i\" itemprop=\"startDate\" content=\"2026-02-12T14:30:00+01:00\">14:30<\/span> - <span class=\"simcal-event-address simcal-event-start-location\" itemprop=\"location\" itemscope itemtype=\"http:\/\/schema.org\/Place\"><meta itemprop=\"name\" content=\"Penthalaz - Grande Salle, Centre communal du Verger, place Centrale 4\" \/><meta itemprop=\"address\" content=\"Penthalaz - Grande Salle, Centre communal du Verger, place Centrale 4\" \/>Penthalaz - Grande Salle, Centre communal du Verger, place Centrale 4<\/span><\/em><\/span><\/p>\r\n<p class=\"gce-list-event event-title\"><strong><span class=\"simcal-event-title\" itemprop=\"name\">De la beaut\u00e9 dans la science<\/span><\/strong><\/p>\r\n<div class=\"simcal-event-description\" itemprop=\"description\"><p>Thierry\u00a0Courvoisier,\u00a0professeur honoraire, Unige<\/p>\n<\/div><\/div>\n\t<\/li>\n<\/ul>\n\n<\/dd>\n\t<dt class=\"simcal-day-label\" style=\"border-bottom: 1px solid #00acc8;\" ><span style=\"background-color: #00acc8; color: #ffffff;\"><span class=\"simcal-date-format\" data-date-format=\"j F Y\">5 mars 2026<\/span> <\/span><\/dt>\n<dd class=\"simcal-weekday-4 simcal-past simcal-day simcal-day-has-events simcal-day-has-1-events simcal-events-calendar-6460\" data-events-count=\"1\">\n\t<ul class=\"simcal-events\">\n\t<li class=\"simcal-event simcal-event-has-location simcal-events-calendar-6460\" style=\"\" itemscope itemtype=\"http:\/\/schema.org\/Event\" data-start=\"1772717400\">\n\t\t<div class=\"simcal-event-details\"><p class=\"gce-list-event event-title\"><span style=\"color: #00acc8\"><em><span class=\"simcal-event-start simcal-event-start-time\" data-event-start=\"1772717400\" data-event-format=\"H:i\" itemprop=\"startDate\" content=\"2026-03-05T14:30:00+01:00\">14:30<\/span> - <span class=\"simcal-event-address simcal-event-start-location\" itemprop=\"location\" itemscope itemtype=\"http:\/\/schema.org\/Place\"><meta itemprop=\"name\" content=\"Cossonay - Salle du Conseil communal, place du Temple 9\" \/><meta itemprop=\"address\" content=\"Cossonay - Salle du Conseil communal, place du Temple 9\" \/>Cossonay - Salle du Conseil communal, place du Temple 9<\/span><\/em><\/span><\/p>\r\n<p class=\"gce-list-event event-title\"><strong><span class=\"simcal-event-title\" itemprop=\"name\">Les jardins du XVIIIe si\u00e8cle<\/span><\/strong><\/p>\r\n<div class=\"simcal-event-description\" itemprop=\"description\"><p>Bernard\u00a0Messerli,\u00a0conservateur retrait\u00e9 des jardins historiques du Ch\u00e2teau de Prangins-Mus\u00e9e national suisse<\/p>\n<\/div><\/div>\n\t<\/li>\n<\/ul>\n\n<\/dd>\n\t<dt class=\"simcal-day-label\" style=\"border-bottom: 1px solid #00acc8;\" ><span style=\"background-color: #00acc8; color: #ffffff;\"><span class=\"simcal-date-format\" data-date-format=\"j F Y\">26 mars 2026<\/span> <\/span><\/dt>\n<dd class=\"simcal-weekday-4 simcal-past simcal-day simcal-day-has-events simcal-day-has-1-events simcal-events-calendar-6460\" data-events-count=\"1\">\n\t<ul class=\"simcal-events\">\n\t<li class=\"simcal-event simcal-event-has-location simcal-events-calendar-6460\" style=\"\" itemscope itemtype=\"http:\/\/schema.org\/Event\" data-start=\"1774531800\">\n\t\t<div class=\"simcal-event-details\"><p class=\"gce-list-event event-title\"><span style=\"color: #00acc8\"><em><span class=\"simcal-event-start simcal-event-start-time\" data-event-start=\"1774531800\" data-event-format=\"H:i\" itemprop=\"startDate\" content=\"2026-03-26T14:30:00+01:00\">14:30<\/span> - <span class=\"simcal-event-address simcal-event-start-location\" itemprop=\"location\" itemscope itemtype=\"http:\/\/schema.org\/Place\"><meta itemprop=\"name\" content=\"Orbe \u2013 Salle de paroisse, rue Davall 5\" \/><meta itemprop=\"address\" content=\"Orbe \u2013 Salle de paroisse, rue Davall 5\" \/>Orbe \u2013 Salle de paroisse, rue Davall 5<\/span><\/em><\/span><\/p>\r\n<p class=\"gce-list-event event-title\"><strong><span class=\"simcal-event-title\" itemprop=\"name\">Vieillir 2030: projet de politique cantonale pour et avec les seniors<\/span><\/strong><\/p>\r\n<div class=\"simcal-event-description\" itemprop=\"description\"><p>Caroline\u00a0Knupfer,\u00a0responsable de la politique vieillesse cantonale Vieillir 2030<\/p>\n<\/div><\/div>\n\t<\/li>\n<\/ul>\n\n<\/dd>\n<\/dl><div class=\"simcal-ajax-loader simcal-spinner-top\" style=\"display: none;\"><i class=\"simcal-icon-spinner simcal-icon-spin\"><\/i><\/div><\/div><\/div>\n\n\n\n<hr class=\"wp-block-separator has-alpha-channel-opacity is-style-wide\" \/>\n\n\n\n<p class=\"has-text-align-left is-style-default has-white-color has-text-color has-background has-link-color wp-elements-edadd0922c15ce805ea91927bd3cc4a1\" style=\"background-color:#00acc8;font-size:16px\"><strong><a href=\"https:\/\/wp.unil.ch\/connaissance3\/tarifs-et-conditions\/\">Prix des entr\u00e9es:<\/a>&nbsp; 15 fr. | avec adh\u00e9sion: 10 fr. | avec abonnement: entr\u00e9e libre<br>\u00c0 r\u00e9gler sur place. Pas d\u2019inscription.<\/strong><br><br>Entr\u00e9e libre pour les membres de l\u2019UNIL, de l\u2019EPFL, de la HEIG-VD et de la HES-La Source ainsi que des autres Universit\u00e9s des seniors, sur pr\u00e9sentation d\u2019une carte de l\u00e9gitimation (<a href=\"https:\/\/wp.unil.ch\/connaissance3\/adherer\/tarifs-et-conditions-generales\/\" data-type=\"link\" data-id=\"https:\/\/wp.unil.ch\/connaissance3\/adherer\/tarifs-et-conditions-generales\/\" target=\"_blank\" rel=\"noreferrer noopener\">voir conditions<\/a>).<\/p>\n\n\n\n<p><\/p>\n","protected":false},"excerpt":{"rendered":"<p>Le comit\u00e9 r\u00e9gional de Connaissance 3 \u2013 Pied du Jura vous propose des conf\u00e9rences \u00e0 Cossonay, \u00e0 Penthalaz et \u00e0 Orbe.Adresse des salles, voir: Lieux et acc\u00e8s<\/p>\n","protected":false},"author":1136,"featured_media":0,"parent":8679,"menu_order":0,"comment_status":"closed","ping_status":"closed","template":"","meta":{"_seopress_robots_primary_cat":"","_seopress_titles_title":"","_seopress_titles_desc":"","_seopress_robots_index":"","footnotes":""},"class_list":["post-6459","page","type-page","status-publish"],"_links":{"self":[{"href":"https:\/\/wp.unil.ch\/connaissance3\/wp-json\/wp\/v2\/pages\/6459","targetHints":{"allow":["GET"]}}],"collection":[{"href":"https:\/\/wp.unil.ch\/connaissance3\/wp-json\/wp\/v2\/pages"}],"about":[{"href":"https:\/\/wp.unil.ch\/connaissance3\/wp-json\/wp\/v2\/types\/page"}],"author":[{"embeddable":true,"href":"https:\/\/wp.unil.ch\/connaissance3\/wp-json\/wp\/v2\/users\/1136"}],"replies":[{"embeddable":true,"href":"https:\/\/wp.unil.ch\/connaissance3\/wp-json\/wp\/v2\/comments?post=6459"}],"version-history":[{"count":5,"href":"https:\/\/wp.unil.ch\/connaissance3\/wp-json\/wp\/v2\/pages\/6459\/revisions"}],"predecessor-version":[{"id":28782,"href":"https:\/\/wp.unil.ch\/connaissance3\/wp-json\/wp\/v2\/pages\/6459\/revisions\/28782"}],"up":[{"embeddable":true,"href":"https:\/\/wp.unil.ch\/connaissance3\/wp-json\/wp\/v2\/pages\/8679"}],"wp:attachment":[{"href":"https:\/\/wp.unil.ch\/connaissance3\/wp-json\/wp\/v2\/media?parent=6459"}],"curies":[{"name":"wp","href":"https:\/\/api.w.org\/{rel}","templated":true}]}}