{"id":6453,"date":"2015-08-17T08:49:22","date_gmt":"2015-08-17T06:49:22","guid":{"rendered":"http:\/\/wp.unil.ch\/connaissance3\/?page_id=6453"},"modified":"2024-07-30T11:47:47","modified_gmt":"2024-07-30T09:47:47","slug":"conferences-des-ormonts-leysin","status":"publish","type":"page","link":"https:\/\/wp.unil.ch\/connaissance3\/conferences\/saisons-regionales\/conferences-des-ormonts-leysin\/","title":{"rendered":"Conf\u00e9rences des Ormonts \/ Leysin"},"content":{"rendered":"\n<p>Le comit\u00e9 r\u00e9gional de Connaissance 3 \u2013 Ormonts et Leysin vous propose des conf\u00e9rences au S\u00e9pey.<br>Adresse des salles, voir: <a href=\"https:\/\/wp.unil.ch\/connaissance3\/conferences\/lieux-et-acces\/\">Lieux et acc\u00e8s<\/a><\/p>\n\n\n\n<h2 class=\"wp-block-heading\">Saison 2025-2026<\/h2>\n\n\n<div class=\"simcal-calendar simcal-default-calendar simcal-default-calendar-list simcal-default-calendar-light\" data-calendar-id=\"6452\" data-timezone=\"Europe\/Paris\" data-offset=\"7200\" data-week-start=\"1\" data-calendar-start=\"1756072800\" data-calendar-end=\"1773932400\" data-events-first=\"1764250200\" data-events-last=\"1773932400\"><div class=\"simcal-calendar-list \"><dl class=\"simcal-events-list-container\" data-prev=\"1730156400\" data-next=\"1781992800\" data-heading-small=\"2025 - 2026\" data-heading-large=\"2025 - 2026\">\t<dt class=\"simcal-day-label\" style=\"border-bottom: 1px solid #00acc8;\" ><span style=\"background-color: #00acc8; color: #ffffff;\"><span class=\"simcal-date-format\" data-date-format=\"j F Y\">27 novembre 2025<\/span> <\/span><\/dt>\n<dd class=\"simcal-weekday-4 simcal-past simcal-day simcal-day-has-events simcal-day-has-1-events simcal-events-calendar-6452\" data-events-count=\"1\">\n\t<ul class=\"simcal-events\">\n\t<li class=\"simcal-event simcal-event-has-location simcal-events-calendar-6452\" style=\"\" itemscope itemtype=\"http:\/\/schema.org\/Event\" data-start=\"1764250200\">\n\t\t<div class=\"simcal-event-details\"><p class=\"gce-list-event event-title\"><span style=\"color: #00acc8\"><em><span class=\"simcal-event-start simcal-event-start-time\" data-event-start=\"1764250200\" data-event-format=\"H:i\" itemprop=\"startDate\" content=\"2025-11-27T14:30:00+01:00\">14:30<\/span> - <span class=\"simcal-event-address simcal-event-start-location\" itemprop=\"location\" itemscope itemtype=\"http:\/\/schema.org\/Place\"><meta itemprop=\"name\" content=\"Le S\u00e9pey - Maison de commune, rue du Planchamp\" \/><meta itemprop=\"address\" content=\"Le S\u00e9pey - Maison de commune, rue du Planchamp\" \/>Le S\u00e9pey - Maison de commune, rue du Planchamp<\/span><\/em><\/span><\/p>\r\n<p class=\"gce-list-event event-title\"><strong><span class=\"simcal-event-title\" itemprop=\"name\">Ouin-Ouin existe, je l\u2019ai rencontr\u00e9<\/span><\/strong><\/p>\r\n<div class=\"simcal-event-description\" itemprop=\"description\"><p>Gr\u00e9goire Montangero, journaliste, photographe, \u00e9diteur<\/p>\n<\/div>\r\n\r\n&nbsp;\r\n<div><\/div><\/div>\n\t<\/li>\n<\/ul>\n\n<\/dd>\n\t<dt class=\"simcal-day-label\" style=\"border-bottom: 1px solid #00acc8;\" ><span style=\"background-color: #00acc8; color: #ffffff;\"><span class=\"simcal-date-format\" data-date-format=\"j F Y\">4 d\u00e9cembre 2025<\/span> <\/span><\/dt>\n<dd class=\"simcal-weekday-4 simcal-past simcal-day simcal-day-has-events simcal-day-has-1-events simcal-events-calendar-6452\" data-events-count=\"1\">\n\t<ul class=\"simcal-events\">\n\t<li class=\"simcal-event simcal-event-has-location simcal-events-calendar-6452\" style=\"\" itemscope itemtype=\"http:\/\/schema.org\/Event\" data-start=\"1764855000\">\n\t\t<div class=\"simcal-event-details\"><p class=\"gce-list-event event-title\"><span style=\"color: #00acc8\"><em><span class=\"simcal-event-start simcal-event-start-time\" data-event-start=\"1764855000\" data-event-format=\"H:i\" itemprop=\"startDate\" content=\"2025-12-04T14:30:00+01:00\">14:30<\/span> - <span class=\"simcal-event-address simcal-event-start-location\" itemprop=\"location\" itemscope itemtype=\"http:\/\/schema.org\/Place\"><meta itemprop=\"name\" content=\"Leysin - Salle du Nord, rue Louis Favez 17\" \/><meta itemprop=\"address\" content=\"Leysin - Salle du Nord, rue Louis Favez 17\" \/>Leysin - Salle du Nord, rue Louis Favez 17<\/span><\/em><\/span><\/p>\r\n<p class=\"gce-list-event event-title\"><strong><span class=\"simcal-event-title\" itemprop=\"name\">Des plantes pour la pr\u00e9vention des maladies cardiovasculaires<\/span><\/strong><\/p>\r\n<div class=\"simcal-event-description\" itemprop=\"description\"><p>Kurt Hostettmann, professeur honoraire, Unige et UNIL<\/p>\n<\/div>\r\n\r\n&nbsp;\r\n<div><\/div><\/div>\n\t<\/li>\n<\/ul>\n\n<\/dd>\n\t<dt class=\"simcal-day-label\" style=\"border-bottom: 1px solid #00acc8;\" ><span style=\"background-color: #00acc8; color: #ffffff;\"><span class=\"simcal-date-format\" data-date-format=\"j F Y\">7 janvier 2026<\/span> <\/span><\/dt>\n<dd class=\"simcal-weekday-3 simcal-past simcal-day simcal-day-has-events simcal-day-has-1-events simcal-events-calendar-6452\" data-events-count=\"1\">\n\t<ul class=\"simcal-events\">\n\t<li class=\"simcal-event simcal-event-has-location simcal-events-calendar-6452\" style=\"\" itemscope itemtype=\"http:\/\/schema.org\/Event\" data-start=\"1767792600\">\n\t\t<div class=\"simcal-event-details\"><p class=\"gce-list-event event-title\"><span style=\"color: #00acc8\"><em><span class=\"simcal-event-start simcal-event-start-time\" data-event-start=\"1767792600\" data-event-format=\"H:i\" itemprop=\"startDate\" content=\"2026-01-07T14:30:00+01:00\">14:30<\/span> - <span class=\"simcal-event-address simcal-event-start-location\" itemprop=\"location\" itemscope itemtype=\"http:\/\/schema.org\/Place\"><meta itemprop=\"name\" content=\"Le S\u00e9pey - Maison de commune, rue du Planchamp\" \/><meta itemprop=\"address\" content=\"Le S\u00e9pey - Maison de commune, rue du Planchamp\" \/>Le S\u00e9pey - Maison de commune, rue du Planchamp<\/span><\/em><\/span><\/p>\r\n<p class=\"gce-list-event event-title\"><strong><span class=\"simcal-event-title\" itemprop=\"name\">Les effets du changement climatique sur les for\u00eats et les r\u00e9gions de montagne<\/span><\/strong><\/p>\r\n<div class=\"simcal-event-description\" itemprop=\"description\"><p>Valentine Python, climatologue, g\u00e9ographe, ancienne conseill\u00e8re nationale<\/p>\n<\/div>\r\n\r\n&nbsp;\r\n<div><\/div><\/div>\n\t<\/li>\n<\/ul>\n\n<\/dd>\n\t<dt class=\"simcal-day-label\" style=\"border-bottom: 1px solid #00acc8;\" ><span style=\"background-color: #00acc8; color: #ffffff;\"><span class=\"simcal-date-format\" data-date-format=\"j F Y\">22 janvier 2026<\/span> <\/span><\/dt>\n<dd class=\"simcal-weekday-4 simcal-past simcal-day simcal-day-has-events simcal-day-has-1-events simcal-events-calendar-6452\" data-events-count=\"1\">\n\t<ul class=\"simcal-events\">\n\t<li class=\"simcal-event simcal-event-has-location simcal-events-calendar-6452\" style=\"\" itemscope itemtype=\"http:\/\/schema.org\/Event\" data-start=\"1769088600\">\n\t\t<div class=\"simcal-event-details\"><p class=\"gce-list-event event-title\"><span style=\"color: #00acc8\"><em><span class=\"simcal-event-start simcal-event-start-time\" data-event-start=\"1769088600\" data-event-format=\"H:i\" itemprop=\"startDate\" content=\"2026-01-22T14:30:00+01:00\">14:30<\/span> - <span class=\"simcal-event-address simcal-event-start-location\" itemprop=\"location\" itemscope itemtype=\"http:\/\/schema.org\/Place\"><meta itemprop=\"name\" content=\"Leysin - Salle du Nord, rue Louis Favez 17\" \/><meta itemprop=\"address\" content=\"Leysin - Salle du Nord, rue Louis Favez 17\" \/>Leysin - Salle du Nord, rue Louis Favez 17<\/span><\/em><\/span><\/p>\r\n<p class=\"gce-list-event event-title\"><strong><span class=\"simcal-event-title\" itemprop=\"name\">Moli\u00e8re \u2013 \u00c9clats de rire et batailles coriaces<\/span><\/strong><\/p>\r\n<div class=\"simcal-event-description\" itemprop=\"description\"><p>Pierre-Henri B\u00e9guin, enseignant retrait\u00e9 de langue et de litt\u00e9rature fran\u00e7aise<\/p>\n<\/div>\r\n\r\n&nbsp;\r\n<div><\/div><\/div>\n\t<\/li>\n<\/ul>\n\n<\/dd>\n\t<dt class=\"simcal-day-label\" style=\"border-bottom: 1px solid #00acc8;\" ><span style=\"background-color: #00acc8; color: #ffffff;\"><span class=\"simcal-date-format\" data-date-format=\"j F Y\">5 f\u00e9vrier 2026<\/span> <\/span><\/dt>\n<dd class=\"simcal-weekday-4 simcal-past simcal-day simcal-day-has-events simcal-day-has-1-events simcal-events-calendar-6452\" data-events-count=\"1\">\n\t<ul class=\"simcal-events\">\n\t<li class=\"simcal-event simcal-event-has-location simcal-events-calendar-6452\" style=\"\" itemscope itemtype=\"http:\/\/schema.org\/Event\" data-start=\"1770298200\">\n\t\t<div class=\"simcal-event-details\"><p class=\"gce-list-event event-title\"><span style=\"color: #00acc8\"><em><span class=\"simcal-event-start simcal-event-start-time\" data-event-start=\"1770298200\" data-event-format=\"H:i\" itemprop=\"startDate\" content=\"2026-02-05T14:30:00+01:00\">14:30<\/span> - <span class=\"simcal-event-address simcal-event-start-location\" itemprop=\"location\" itemscope itemtype=\"http:\/\/schema.org\/Place\"><meta itemprop=\"name\" content=\"Le S\u00e9pey - Maison de commune, rue du Planchamp\" \/><meta itemprop=\"address\" content=\"Le S\u00e9pey - Maison de commune, rue du Planchamp\" \/>Le S\u00e9pey - Maison de commune, rue du Planchamp<\/span><\/em><\/span><\/p>\r\n<p class=\"gce-list-event event-title\"><strong><span class=\"simcal-event-title\" itemprop=\"name\">Ce qui contribue au bonheur<\/span><\/strong><\/p>\r\n<div class=\"simcal-event-description\" itemprop=\"description\"><p>Samuel\u00a0Bendahan,\u00a0ma\u00eetre d\u2019enseignement et de recherche HEC, UNIL, charg\u00e9 de cours, EPFL, conseiller national<\/p>\n<\/div>\r\n\r\n&nbsp;\r\n<div><\/div><\/div>\n\t<\/li>\n<\/ul>\n\n<\/dd>\n\t<dt class=\"simcal-day-label\" style=\"border-bottom: 1px solid #00acc8;\" ><span style=\"background-color: #00acc8; color: #ffffff;\"><span class=\"simcal-date-format\" data-date-format=\"j F Y\">19 f\u00e9vrier 2026<\/span> <\/span><\/dt>\n<dd class=\"simcal-weekday-4 simcal-past simcal-day simcal-day-has-events simcal-day-has-1-events simcal-events-calendar-6452\" data-events-count=\"1\">\n\t<ul class=\"simcal-events\">\n\t<li class=\"simcal-event simcal-event-has-location simcal-events-calendar-6452\" style=\"\" itemscope itemtype=\"http:\/\/schema.org\/Event\" data-start=\"1771507800\">\n\t\t<div class=\"simcal-event-details\"><p class=\"gce-list-event event-title\"><span style=\"color: #00acc8\"><em><span class=\"simcal-event-start simcal-event-start-time\" data-event-start=\"1771507800\" data-event-format=\"H:i\" itemprop=\"startDate\" content=\"2026-02-19T14:30:00+01:00\">14:30<\/span> - <span class=\"simcal-event-address simcal-event-start-location\" itemprop=\"location\" itemscope itemtype=\"http:\/\/schema.org\/Place\"><meta itemprop=\"name\" content=\"Leysin - Salle du Nord, rue Louis Favez 17\" \/><meta itemprop=\"address\" content=\"Leysin - Salle du Nord, rue Louis Favez 17\" \/>Leysin - Salle du Nord, rue Louis Favez 17<\/span><\/em><\/span><\/p>\r\n<p class=\"gce-list-event event-title\"><strong><span class=\"simcal-event-title\" itemprop=\"name\">L\u2019aviation mondiale face \u00e0 ses d\u00e9fis<\/span><\/strong><\/p>\r\n<div class=\"simcal-event-description\" itemprop=\"description\"><p>Philippe\u00a0Rochat,\u00a0expert en aviation<\/p>\n<\/div>\r\n\r\n&nbsp;\r\n<div><\/div><\/div>\n\t<\/li>\n<\/ul>\n\n<\/dd>\n\t<dt class=\"simcal-day-label\" style=\"border-bottom: 1px solid #00acc8;\" ><span style=\"background-color: #00acc8; color: #ffffff;\"><span class=\"simcal-date-format\" data-date-format=\"j F Y\">5 mars 2026<\/span> <\/span><\/dt>\n<dd class=\"simcal-weekday-4 simcal-past simcal-day simcal-day-has-events simcal-day-has-1-events simcal-events-calendar-6452\" data-events-count=\"1\">\n\t<ul class=\"simcal-events\">\n\t<li class=\"simcal-event simcal-event-has-location simcal-events-calendar-6452\" style=\"\" itemscope itemtype=\"http:\/\/schema.org\/Event\" data-start=\"1772717400\">\n\t\t<div class=\"simcal-event-details\"><p class=\"gce-list-event event-title\"><span style=\"color: #00acc8\"><em><span class=\"simcal-event-start simcal-event-start-time\" data-event-start=\"1772717400\" data-event-format=\"H:i\" itemprop=\"startDate\" content=\"2026-03-05T14:30:00+01:00\">14:30<\/span> - <span class=\"simcal-event-address simcal-event-start-location\" itemprop=\"location\" itemscope itemtype=\"http:\/\/schema.org\/Place\"><meta itemprop=\"name\" content=\"Le S\u00e9pey - Maison de commune, rue du Planchamp\" \/><meta itemprop=\"address\" content=\"Le S\u00e9pey - Maison de commune, rue du Planchamp\" \/>Le S\u00e9pey - Maison de commune, rue du Planchamp<\/span><\/em><\/span><\/p>\r\n<p class=\"gce-list-event event-title\"><strong><span class=\"simcal-event-title\" itemprop=\"name\">Les Impressionnistes<\/span><\/strong><\/p>\r\n<div class=\"simcal-event-description\" itemprop=\"description\"><p>Gr\u00e9goire\u00a0Montangero,\u00a0journaliste, photographe, \u00e9diteur<\/p>\n<\/div>\r\n\r\n&nbsp;\r\n<div><\/div><\/div>\n\t<\/li>\n<\/ul>\n\n<\/dd>\n\t<dt class=\"simcal-day-label\" style=\"border-bottom: 1px solid #00acc8;\" ><span style=\"background-color: #00acc8; color: #ffffff;\"><span class=\"simcal-date-format\" data-date-format=\"j F Y\">19 mars 2026<\/span> <\/span><\/dt>\n<dd class=\"simcal-weekday-4 simcal-past simcal-day simcal-day-has-events simcal-day-has-1-events simcal-events-calendar-6452\" data-events-count=\"1\">\n\t<ul class=\"simcal-events\">\n\t<li class=\"simcal-event simcal-event-has-location simcal-events-calendar-6452\" style=\"\" itemscope itemtype=\"http:\/\/schema.org\/Event\" data-start=\"1773927000\">\n\t\t<div class=\"simcal-event-details\"><p class=\"gce-list-event event-title\"><span style=\"color: #00acc8\"><em><span class=\"simcal-event-start simcal-event-start-time\" data-event-start=\"1773927000\" data-event-format=\"H:i\" itemprop=\"startDate\" content=\"2026-03-19T14:30:00+01:00\">14:30<\/span> - <span class=\"simcal-event-address simcal-event-start-location\" itemprop=\"location\" itemscope itemtype=\"http:\/\/schema.org\/Place\"><meta itemprop=\"name\" content=\"Leysin - Salle du Nord, rue Louis Favez 17\" \/><meta itemprop=\"address\" content=\"Leysin - Salle du Nord, rue Louis Favez 17\" \/>Leysin - Salle du Nord, rue Louis Favez 17<\/span><\/em><\/span><\/p>\r\n<p class=\"gce-list-event event-title\"><strong><span class=\"simcal-event-title\" itemprop=\"name\">Du voyage au terroir, de la fourchette \u00e0 la fourche<\/span><\/strong><\/p>\r\n<div class=\"simcal-event-description\" itemprop=\"description\"><p>Blaise\u00a0Hofmann,\u00a0\u00e9crivain et vigneron<\/p>\n<\/div>\r\n\r\n&nbsp;\r\n<div><\/div><\/div>\n\t<\/li>\n<\/ul>\n\n<\/dd>\n<\/dl><div class=\"simcal-ajax-loader simcal-spinner-top\" style=\"display: none;\"><i class=\"simcal-icon-spinner simcal-icon-spin\"><\/i><\/div><\/div><\/div>\n\n\n\n<hr class=\"wp-block-separator has-alpha-channel-opacity is-style-wide\" \/>\n\n\n\n<div class=\"wp-block-group\"><div class=\"wp-block-group__inner-container is-layout-constrained wp-block-group-is-layout-constrained\">\n<p class=\"has-text-align-left is-style-default has-white-color has-text-color has-background has-link-color wp-elements-437637c736d705d642ee13f3b2c9abd1\" style=\"background-color:#00acc8;font-size:16px\"><strong><a href=\"https:\/\/wp.unil.ch\/connaissance3\/tarifs-et-conditions\/\">Prix des entr\u00e9es:<\/a>\u00a0 tarifs pr\u00e9f\u00e9rentiels sp\u00e9cifiques \u00e0 cette r\u00e9gion (renseignements aupr\u00e8s du comit\u00e9)<br>\u00c0 r\u00e9gler sur place. Pas d\u2019inscription.<\/strong><br><br>Entr\u00e9e libre pour les membres de l\u2019UNIL, de l\u2019EPFL, de la HEIG-VD et de la HES-La Source ainsi que des autres Universit\u00e9s des seniors, sur pr\u00e9sentation d\u2019une carte de l\u00e9gitimation (<a href=\"https:\/\/wp.unil.ch\/connaissance3\/adherer\/tarifs-et-conditions-generales\/\" data-type=\"link\" data-id=\"https:\/\/wp.unil.ch\/connaissance3\/adherer\/tarifs-et-conditions-generales\/\" target=\"_blank\" rel=\"noreferrer noopener\">voir conditions<\/a>).<\/p>\n<\/div><\/div>\n","protected":false},"excerpt":{"rendered":"<p>Le comit\u00e9 r\u00e9gional de Connaissance 3 \u2013 Ormonts et Leysin vous propose des conf\u00e9rences au S\u00e9pey.Adresse des salles, voir: Lieux et acc\u00e8s Prix des entr\u00e9es:\u00a0 tarifs pr\u00e9f\u00e9rentiels sp\u00e9cifiques \u00e0 cette r\u00e9gion (renseignements aupr\u00e8s du comit\u00e9)\u00c0 r\u00e9gler sur place. Pas d\u2019inscription.<\/p>\n","protected":false},"author":1136,"featured_media":0,"parent":8679,"menu_order":0,"comment_status":"closed","ping_status":"closed","template":"","meta":{"_seopress_robots_primary_cat":"","_seopress_titles_title":"","_seopress_titles_desc":"","_seopress_robots_index":"","footnotes":""},"class_list":["post-6453","page","type-page","status-publish"],"_links":{"self":[{"href":"https:\/\/wp.unil.ch\/connaissance3\/wp-json\/wp\/v2\/pages\/6453","targetHints":{"allow":["GET"]}}],"collection":[{"href":"https:\/\/wp.unil.ch\/connaissance3\/wp-json\/wp\/v2\/pages"}],"about":[{"href":"https:\/\/wp.unil.ch\/connaissance3\/wp-json\/wp\/v2\/types\/page"}],"author":[{"embeddable":true,"href":"https:\/\/wp.unil.ch\/connaissance3\/wp-json\/wp\/v2\/users\/1136"}],"replies":[{"embeddable":true,"href":"https:\/\/wp.unil.ch\/connaissance3\/wp-json\/wp\/v2\/comments?post=6453"}],"version-history":[{"count":5,"href":"https:\/\/wp.unil.ch\/connaissance3\/wp-json\/wp\/v2\/pages\/6453\/revisions"}],"predecessor-version":[{"id":28967,"href":"https:\/\/wp.unil.ch\/connaissance3\/wp-json\/wp\/v2\/pages\/6453\/revisions\/28967"}],"up":[{"embeddable":true,"href":"https:\/\/wp.unil.ch\/connaissance3\/wp-json\/wp\/v2\/pages\/8679"}],"wp:attachment":[{"href":"https:\/\/wp.unil.ch\/connaissance3\/wp-json\/wp\/v2\/media?parent=6453"}],"curies":[{"name":"wp","href":"https:\/\/api.w.org\/{rel}","templated":true}]}}